{"id":10165,"date":"2018-12-18T23:54:18","date_gmt":"2018-12-18T23:54:18","guid":{"rendered":"https:\/\/eiriu-eolas.org\/?page_id=10165"},"modified":"2021-11-28T20:20:26","modified_gmt":"2021-11-28T19:20:26","slug":"ruckmeldungen","status":"publish","type":"page","link":"https:\/\/eiriu-eolas.org\/de\/ruckmeldungen\/","title":{"rendered":"R\u00fcckmeldungen"},"content":{"rendered":"<figure class=\"text-center py-20\">\n\t<blockquote class=\"italic font-bold\"><p>Das Einleitungs-Video ist toll. Alle diese 3D-Illustrationen sind mir im Ged\u00e4chtnis geblieben. Jedes Mal, wenn ich auf die falsche Art atme, erinnere ich mich daran. Die Information ist mir gemeinsam mit der bildlichen Darstellung im Kopf geblieben.<\/p><\/blockquote>\n\t<figcaption>\u2014 Frank, Computerfachmann \u2014 Kalifornien<\/figcaption>\n<\/figure><figure class=\"text-center py-20\">\n\t<blockquote class=\"italic font-bold\"><p>\u00c9iri\u00fa Eolas hat mir geholfen, meine emotionale Last zu durchleben und aufzul\u00f6sen.<\/p><\/blockquote>\n\t<figcaption>\u2014 Brent, Genetiker \u2014 New York<\/figcaption>\n<\/figure><figure class=\"text-center py-20\">\n\t<blockquote class=\"italic font-bold\"><p>Ich \u00e4rgere mich KAUM noch. JUHU! Ich h\u00f6re auch besser und habe gr\u00f6\u00dferen Appetit, aber ohne dabei zuzunehmen (ein weiteres JUHU).<\/p><\/blockquote>\n\t<figcaption>\u2014 Margaret, Sekret\u00e4rin \u2014 Texas<\/figcaption>\n<\/figure><figure class=\"text-center py-20\">\n\t<blockquote class=\"italic font-bold\"><p>Es ist, als ob ich mich \u2018reiner\u2019 f\u00fchle. Das beschreibt es am ehesten.<\/p><\/blockquote>\n\t<figcaption>\u2014 Amokrane, Astronom \u2014 Chile<\/figcaption>\n<\/figure><figure class=\"text-center py-20\">\n\t<blockquote class=\"italic font-bold\"><p>Heute hat der Prozess reinigende Tr\u00e4nen bewirkt, weil meine Muster von Verlust und Verlassenheit hochkamen. Alles an der Erfahrung war \u00e4u\u00dferst gnadenreich. Ich f\u00fchle mich durch das Geschenk von \u00c9iri\u00fa Eolas gesegnet.<\/p><\/blockquote>\n\t<figcaption>\u2014 Elizabeth, Studentin \u2014 Missouri<\/figcaption>\n<\/figure><figure class=\"text-center py-20\">\n\t<blockquote class=\"italic font-bold\"><p>Die Atemtechnik ist ein gro\u00dfartiges Hilfsmittel f\u00fcr die Kinder, weil sie es \u00fcberall anwenden k\u00f6nnen und es wirklich zu funktionieren scheint.<\/p><\/blockquote>\n\t<figcaption>\u2014 Jane, Lehrerin f\u00fcr die zweite Klasse &#8211; North Carolina<\/figcaption>\n<\/figure><figure class=\"text-center py-20\">\n\t<blockquote class=\"italic font-bold\"><p>Ich bin die meiste Zeit sowohl wachsam als auch entspannt.<\/p><\/blockquote>\n\t<figcaption>\u2014 Mike, Filmemacher \u2014 Armenien<\/figcaption>\n<\/figure><figure class=\"text-center py-20\">\n\t<blockquote class=\"italic font-bold\"><p>W\u00e4hrend \u00c9iri\u00fa Eolas f\u00fchle ich mich immer gl\u00fcckselig, besonders bei der Rundatmung; damit komme ich in einen tiefen meditativen Zustand. Ich leitete viele Jahre lang Gruppenmeditationen und Kirtans (Singen von Mantras). \u00c9iri\u00fa Eolas erzeugt in wenigen Minuten sp\u00fcrbare Ergebnisse, und das auch alleine; etwas, das ich sonst bei Gruppenmeditationen erst nach einer Stunde oder l\u00e4nger versp\u00fcrte. Es ist solch eine sch\u00f6ne Erfahrung.<\/p><\/blockquote>\n\t<figcaption>\u2014 Chris, Programmierer \u2014 New Jersey<\/figcaption>\n<\/figure><figure class=\"text-center py-20\">\n\t<blockquote class=\"italic font-bold\"><p>TDie tiefste Heilpraxis, der ich jemals begegnete. Keine andere Praxis hat eine so positive und dauerhafte Wirkung auf meinen Geist, meinen K\u00f6rper und meine Seele gehabt.<\/p><\/blockquote>\n\t<figcaption>\u2014 Tom, UK<\/figcaption>\n<\/figure><figure class=\"text-center py-20\">\n\t<blockquote class=\"italic font-bold\"><p>Ich habe mich zuvor in Yoga versucht, aber irgendwie hatte das nicht die gleiche \u2018Kraft\u2019 wie \u00c9iri\u00fa Eolas. Die Stimulation des Vagusnervs und die effektiven, fundierten Atemtechniken machen wirklich den Unterschied!<\/p><\/blockquote>\n\t<figcaption>\u2014 Ken, USA<\/figcaption>\n<\/figure><figure class=\"text-center py-20\">\n\t<blockquote class=\"italic font-bold\"><p>Ich mache auch Yoga und meditiere, aber \u00c9iri\u00fa Eolas ist ganz einfach einzigartig.<\/p><\/blockquote>\n\t<figcaption>\u2014 Elaine, Assistentin \u2014 Arizona<\/figcaption>\n<\/figure><figure class=\"text-center py-20\">\n\t<blockquote class=\"italic font-bold\"><p>Seit ich mit \u00c9iri\u00fa Eolas begonnen habe, gab es in meinem Leben viele Verbesserungen: Zum ersten Mal w\u00fcnsche ich mir nicht mehr, jemand anderer zu sein oder etwas anderes zu tun. Ich f\u00fchle mich so stark und optimistisch, es ist ein wunderbares Gef\u00fchl. Hier ist ein toller Slogan f\u00fcr euch: \u201eBraucht Ihre Seele Urlaub? Dann ist \u00c9iri\u00fa Eolas die L\u00f6sung.<\/p><\/blockquote>\n\t<figcaption>\u2014 Aude, Kinesiologin \u2014 Belgien<\/figcaption>\n<\/figure><figure class=\"text-center py-20\">\n\t<blockquote class=\"italic font-bold\"><p>Ich nehme seit Juni 2010 an dem Programm teil. Bevor ich auf spezifische Gesundheitserfahrungen eingehe, m\u00f6chte ich zun\u00e4chst meinen Ausbildern ein gro\u00dfes Lob aussprechen, denn sie haben mich in dem lohnenden und anstrengenden Prozess der Ver\u00e4nderung meiner mentalen, k\u00f6rperlichen und emotionalen Lebenseinstellung und meines Seins ma\u00dfgeblich unterst\u00fctzt. Gemeinsam sind Ingrid und Elan ein hervorragendes Team und bauen E.E. New York zu einer Oase des Lernens, Wachsens und Entwickelns aus.<\/p>\r\n<p>\u00a0<\/p>\r\n<p>Eines meiner offensichtlichen und anhaltenden Ergebnisse war, dass ich \u00fcber zwanzig Pfund \u00dcbergewicht verloren habe, und zwar nicht nur irgendeine Art von Gewicht. Es schien, dass das Gewicht, das ich mit mir herumtrug, buchst\u00e4blich mit Giften und geistiger Schwere beladen war, dank eines bereits ungesunden modernen Lebensstils, anhaltender emotionaler Probleme in der Kindheit und der Tatsache, dass die sch\u00e4dlichen D\u00e4mpfe des World Trade Centers mehrere Monate lang \u00fcber meiner Wohnung in der Innenstadt von Brooklyn waberten. Nach dem WTC entwickelte ich innerhalb von sechs Monaten verschiedene schwere Immunprobleme und war zunehmend frustriert \u00fcber die Methoden, mit denen ich versuchte, mit meinen Gesundheitsproblemen fertig zu werden. Zum Gl\u00fcck wei\u00df ich jetzt, dass ich nicht aufgeben muss und ehrlich mit einer Gruppe von Menschen zusammenarbeiten kann, die sich in \u00e4hnlicher Weise f\u00fcr eine bessere Gesundheit und ein besseres Leben einsetzen.<\/p>\r\n<p>\u00a0<\/p>\r\n<p>Ein weiteres wichtiges Ergebnis war eine deutliche Verringerung der s\u00fcchtig machenden Gedankenmuster und der Angst, die durch ungesunde Lebensentscheidungen hervorgerufen werden. Der Sirenengesang von Zucker und ungesunden Lebensmitteln ist jetzt nicht mehr so verlockend oder notwendig. Oh, und es ist mir etwas peinlich, aber ich habe aufgeh\u00f6rt, meine Fingern\u00e4gel zu kauen. Seit meiner Kindheit habe ich immer an meinen Fingern\u00e4geln gekaut, aber jetzt tue ich es nicht mehr.<\/p>\r\n<p> <\/p>\r\n<p>Im Gegensatz zu anderen Programmen gibt es bei Eiriu Eolas keine vorgegebenen Ziele, die auf Schuldgef\u00fchlen, metaphorischen Schamgef\u00fchlen oder unrealistischen Erwartungen beruhen, und dennoch stellen sich in kurzer Zeit zahlreiche positive Ver\u00e4nderungen ein. Wie Gore Vidal schrieb, und ich werde es in den v\u00f6llig anderen Kontext von Eiriu Eolas stellen, &lt;em&gt;Es gibt keine Ziele, Joe, nur Mittel&lt;\/em&gt;<\/p><\/blockquote>\n\t<figcaption>\u2014 Joe, NYC<\/figcaption>\n<\/figure><figure class=\"text-center py-20\">\n\t<blockquote class=\"italic font-bold\"><p>Ich mache EE jetzt seit \u00fcber 6 Monaten und habe gro\u00dfartige Ergebnisse erzielt! Ein &#8222;moderner&#8220; Lebensstil hat mich schnell total gestresst&#8230; eine hektische Arbeitsumgebung mit langen Arbeitszeiten und kurzen Fristen, drei Kinder im Teenageralter und allgemein der Versuch, im Leben voranzukommen. Ich war \u00fcbergewichtig und konnte nicht mehr als 4 Stunden am St\u00fcck schlafen.<\/p>\r\n<p>\u00a0<\/p>\r\n<p>Nachdem ich EE f\u00fcr eine kurze Zeit praktiziert hatte, stellte ich fest, dass ich entspannter und ruhiger war. Es war viel einfacher f\u00fcr mich, das Leben sozusagen ins rechte Licht zu r\u00fccken. Ich fand den Willen, die Ultra-Mind-Di\u00e4t zu machen und verlor schnell 6 Kilo! Ich schlafe jetzt viel besser und bin in der Lage, 6-7 Stunden zu schlafen, ohne aufzuwachen. Als ich mich k\u00fcrzlich mit einer Gruppe von neuen Freunden unterhielt, bat ich sie, mein Alter zu sch\u00e4tzen. Ich war \u00fcberrascht, als die n\u00e4chste Sch\u00e4tzung mich 5 Jahre j\u00fcnger sch\u00e4tzte. Ich denke, das muss die Verj\u00fcngung sein!!<\/p>\r\n<p>\u00a0<\/p>\r\n<p>Der bei weitem gr\u00f6\u00dfte Nutzen der EE war die M\u00f6glichkeit, mein Leben in eine neue Perspektive zu r\u00fccken. Ich habe das Gef\u00fchl, dass ich jetzt wieder auf dem richtigen Weg bin und besser in der Lage, herauszufinden, was im Leben wirklich wichtig ist. Ich m\u00f6chte all jenen danken, die dieses erstaunliche Programm entwickelt haben und dabei helfen, es weiterzugeben.<\/p><\/blockquote>\n\t<figcaption>\u2014 Kinyash, Kenia<\/figcaption>\n<\/figure><figure class=\"text-center py-20\">\n\t<blockquote class=\"italic font-bold\"><p>Ich kann Ihnen gar nicht sagen, wie dankbar ich daf\u00fcr bin. Es ist erstaunlich &#8211; ich kann es wirklich nicht beschreiben. Was ich hier in der Hand halte, ist ein Wunder!<\/p><\/blockquote>\n\t<figcaption>\u2014 Jim, mit dem DVD-Set in der Hand \u2014 UK<\/figcaption>\n<\/figure>","protected":false},"excerpt":{"rendered":"","protected":false},"author":1,"featured_media":0,"parent":0,"menu_order":0,"comment_status":"closed","ping_status":"closed","template":"","meta":{"footnotes":""},"class_list":["post-10165","page","type-page","status-publish","hentry"],"_links":{"self":[{"href":"https:\/\/eiriu-eolas.org\/de\/wp-json\/wp\/v2\/pages\/10165","targetHints":{"allow":["GET"]}}],"collection":[{"href":"https:\/\/eiriu-eolas.org\/de\/wp-json\/wp\/v2\/pages"}],"about":[{"href":"https:\/\/eiriu-eolas.org\/de\/wp-json\/wp\/v2\/types\/page"}],"author":[{"embeddable":true,"href":"https:\/\/eiriu-eolas.org\/de\/wp-json\/wp\/v2\/users\/1"}],"replies":[{"embeddable":true,"href":"https:\/\/eiriu-eolas.org\/de\/wp-json\/wp\/v2\/comments?post=10165"}],"version-history":[{"count":2,"href":"https:\/\/eiriu-eolas.org\/de\/wp-json\/wp\/v2\/pages\/10165\/revisions"}],"predecessor-version":[{"id":59074,"href":"https:\/\/eiriu-eolas.org\/de\/wp-json\/wp\/v2\/pages\/10165\/revisions\/59074"}],"wp:attachment":[{"href":"https:\/\/eiriu-eolas.org\/de\/wp-json\/wp\/v2\/media?parent=10165"}],"curies":[{"name":"wp","href":"https:\/\/api.w.org\/{rel}","templated":true}]}}