{"id":14139,"date":"2019-01-03T19:40:33","date_gmt":"2019-01-03T19:40:33","guid":{"rendered":"https:\/\/eiriu-eolas.org\/?page_id=14139"},"modified":"2019-01-03T19:40:34","modified_gmt":"2019-01-03T19:40:34","slug":"bezahlen","status":"publish","type":"page","link":"https:\/\/eiriu-eolas.org\/de\/bezahlen\/","title":{"rendered":"Bezahlen"},"content":{"rendered":"\n<p>Abh\u00e4ngig von Ihrem Wohnort gibt es mehrere Bezahlm\u00f6glichkeiten. \nMeistens ist PayPal die beste Option, da es die einfachste und \nflexibelste Zahlm\u00f6glichkeit ist.<\/p>\n\n\n\n<p>Beachten Sie, dass PayPal Ihnen in vielen F\u00e4llen erm\u00f6glicht, Eink\u00e4ufe im Rahmen von ein paar Hundert Euro zu t\u00e4tigen, <em>ohne<\/em> dass ein PayPal Konto er\u00f6ffnet werden muss. Sie ben\u00f6tigen lediglich eine Kreditkarte dazu.<\/p>\n\n\n\n<p>PayPal rechnet automatisch von Euro auf Ihre W\u00e4hrung um.<\/p>\n\n\n\n<p>Falls Sie ein PayPal Konto anlegen wollen, ben\u00f6tigen Sie \nnormalerweise nur einen Benutzernamen, eine Adresse und eine \nKreditkarte. Wenn Ihr PayPal Konto eingerichtet ist, k\u00f6nnen Sie so viele\n Eink\u00e4ufe t\u00e4tigen, wie Sie wollen.<\/p>\n\n\n\n<p>Europ\u00e4ische B\u00fcrger haben folgende M\u00f6glichkeiten:<\/p>\n\n\n\n<ul class=\"wp-block-list\"><li>PayPal<\/li><\/ul>\n\n\n\n<p>Kunden aus anderen Regionen, die PayPal nicht benutzen k\u00f6nnen, <a href=\"http:\/\/de.eiriu-eolas.org\/contact\">kontaktieren uns bitte.<\/a><\/p>\n\n\n\n<p>Dieselben Bezahlm\u00f6glichkeiten k\u00f6nnen auch verwendet werden, um eine \nSpende zu \u00fcberweisen. Spenden werden verwendet, um \u00c9iri\u00fa Eolas so weit \nwie m\u00f6glich zu verbreiten. Um zu spenden oder zu kaufen, besuchen Sie \nbitte unseren <a href=\"http:\/\/de.eiriu-eolas.org\/store\">Online-Shop.<\/a><\/p>\n\n\n\n<p>Vielen Dank!<\/p>\n","protected":false},"excerpt":{"rendered":"<p>Abh\u00e4ngig von Ihrem Wohnort gibt es mehrere Bezahlm\u00f6glichkeiten. Meistens ist PayPal die beste Option, da es die einfachste und flexibelste Zahlm\u00f6glichkeit ist. Beachten Sie, dass PayPal Ihnen in vielen F\u00e4llen erm\u00f6glicht, Eink\u00e4ufe im Rahmen von ein paar Hundert Euro zu t\u00e4tigen, ohne dass ein PayPal Konto er\u00f6ffnet werden muss. Sie ben\u00f6tigen lediglich eine Kreditkarte dazu. [&hellip;]<\/p>\n","protected":false},"author":1,"featured_media":0,"parent":0,"menu_order":0,"comment_status":"closed","ping_status":"closed","template":"","meta":{"footnotes":""},"class_list":["post-14139","page","type-page","status-publish","hentry"],"_links":{"self":[{"href":"https:\/\/eiriu-eolas.org\/de\/wp-json\/wp\/v2\/pages\/14139","targetHints":{"allow":["GET"]}}],"collection":[{"href":"https:\/\/eiriu-eolas.org\/de\/wp-json\/wp\/v2\/pages"}],"about":[{"href":"https:\/\/eiriu-eolas.org\/de\/wp-json\/wp\/v2\/types\/page"}],"author":[{"embeddable":true,"href":"https:\/\/eiriu-eolas.org\/de\/wp-json\/wp\/v2\/users\/1"}],"replies":[{"embeddable":true,"href":"https:\/\/eiriu-eolas.org\/de\/wp-json\/wp\/v2\/comments?post=14139"}],"version-history":[{"count":0,"href":"https:\/\/eiriu-eolas.org\/de\/wp-json\/wp\/v2\/pages\/14139\/revisions"}],"wp:attachment":[{"href":"https:\/\/eiriu-eolas.org\/de\/wp-json\/wp\/v2\/media?parent=14139"}],"curies":[{"name":"wp","href":"https:\/\/api.w.org\/{rel}","templated":true}]}}