{"id":14159,"date":"2019-01-03T20:28:38","date_gmt":"2019-01-03T20:28:38","guid":{"rendered":"https:\/\/eiriu-eolas.org\/?page_id=14159"},"modified":"2019-01-03T20:28:38","modified_gmt":"2019-01-03T20:28:38","slug":"versand","status":"publish","type":"page","link":"https:\/\/eiriu-eolas.org\/de\/versand\/","title":{"rendered":"Versand"},"content":{"rendered":"\n<p>Um zu gew\u00e4hrleisten, dass Sie Ihre Kopie von  \u00c9iri\u00fa Eolas prompt \ngeliefert bekommen, haben wir zwei Verteilzentren eingerichtet \u2013 weitere\n sind geplant!<\/p>\n\n\n\n<p>Unsere Verteilzentren befinden sich in:<\/p>\n\n\n\n<ul class=\"wp-block-list\"><li>Massachusetts, USA<\/li><li>Frankreich<\/li><\/ul>\n\n\n\n<p>Alle nordamerikanischen Bestellungen werden aus den USA versandt. Alle anderen Bestellungen werden aus Frankreich versandt.<\/p>\n\n\n\n<p>Bestellungen werden innerhalb von 48 Stunden aufgegeben. Zumeist \nwerden Bestellungen innerhalb weniger Tage zugestellt. Nichstdestotrotz \nk\u00f6nnen schlechtes Wetter, Post-Streiks, die Feriensaison und eine Reihe \nanderer Probleme die Lieferzeit deutlich erh\u00f6hen. Erlauben Sie uns \ndeshalb bitte 14 Tage Lieferzeit.<\/p>\n\n\n\n<p>In der Zwischenzeit k\u00f6nnen Sie die <a href=\"http:\/\/de.eiriu-eolas.org\/about\">online-Version von \u00c9iri\u00fa Eolas<\/a> so oft Sie wollen benutzen.<\/p>\n\n\n\n<p>Wir arbeiten intensiv, um die Verteilung und Verf\u00fcgbarkeit von  \u00c9iri\u00fa Eolas zu verbessern.<br>\nAlle neuen Informationen finden Sie auf dieser Seite. Schauen Sie deshalb \u00f6fter vorbei!<\/p>\n","protected":false},"excerpt":{"rendered":"<p>Um zu gew\u00e4hrleisten, dass Sie Ihre Kopie von \u00c9iri\u00fa Eolas prompt geliefert bekommen, haben wir zwei Verteilzentren eingerichtet \u2013 weitere sind geplant! Unsere Verteilzentren befinden sich in: Massachusetts, USA Frankreich Alle nordamerikanischen Bestellungen werden aus den USA versandt. Alle anderen Bestellungen werden aus Frankreich versandt. Bestellungen werden innerhalb von 48 Stunden aufgegeben. Zumeist werden Bestellungen [&hellip;]<\/p>\n","protected":false},"author":1,"featured_media":0,"parent":0,"menu_order":0,"comment_status":"closed","ping_status":"closed","template":"","meta":{"footnotes":""},"class_list":["post-14159","page","type-page","status-publish","hentry"],"_links":{"self":[{"href":"https:\/\/eiriu-eolas.org\/de\/wp-json\/wp\/v2\/pages\/14159","targetHints":{"allow":["GET"]}}],"collection":[{"href":"https:\/\/eiriu-eolas.org\/de\/wp-json\/wp\/v2\/pages"}],"about":[{"href":"https:\/\/eiriu-eolas.org\/de\/wp-json\/wp\/v2\/types\/page"}],"author":[{"embeddable":true,"href":"https:\/\/eiriu-eolas.org\/de\/wp-json\/wp\/v2\/users\/1"}],"replies":[{"embeddable":true,"href":"https:\/\/eiriu-eolas.org\/de\/wp-json\/wp\/v2\/comments?post=14159"}],"version-history":[{"count":0,"href":"https:\/\/eiriu-eolas.org\/de\/wp-json\/wp\/v2\/pages\/14159\/revisions"}],"wp:attachment":[{"href":"https:\/\/eiriu-eolas.org\/de\/wp-json\/wp\/v2\/media?parent=14159"}],"curies":[{"name":"wp","href":"https:\/\/api.w.org\/{rel}","templated":true}]}}