{"id":664,"date":"2018-11-01T03:05:38","date_gmt":"2018-11-01T03:05:38","guid":{"rendered":"https:\/\/eiriu-eolas.org\/?page_id=664"},"modified":"2021-11-28T20:40:47","modified_gmt":"2021-11-28T19:40:47","slug":"ueber","status":"publish","type":"page","link":"https:\/\/eiriu-eolas.org\/de\/ueber\/","title":{"rendered":"Wachstum des Wissens"},"content":{"rendered":"\n<p>\u00c9iri\u00fa Eolas: Irisch-G\u00e4lisch f\u00fcr \u201eWachstum des Wissens\u201c<\/p>\n\n<div style=\"height:40px\" aria-hidden=\"true\" class=\"wp-block-spacer\"><\/div>\n\n<p>Das \u00c9iri\u00fa Eolas Stressabbau-, Atmungs- und Meditationsprogramm ist die Wiederbelebung einer uralten Technik. Es wird bereits weltweit als ein effektives Werkzeug gesehen, das Ihnen hilft:<\/p>\n\n<div style=\"height:40px\" aria-hidden=\"true\" class=\"wp-block-spacer\"><\/div>\n\n<ul class=\"wp-block-list\"><li>sich vom allt\u00e4glichen Stress zu befreien<\/li><li>sich sanft durch vergangenes emotionales und psychologisches Trauma zu arbeiten<\/li><li>unterdr\u00fcckte Emotionen und mentale Blockaden zu l\u00f6sen<\/li><li>den K\u00f6rper und Geist zu verj\u00fcngen<\/li><\/ul>\n\n<div style=\"height:40px\" aria-hidden=\"true\" class=\"wp-block-spacer\"><\/div>\n\n<p>\u00c9iri\u00fa Eolas entfernt die Barrieren, die zwischen Ihnen und wahrem Frieden, Freude und einem erfolgreichen, erf\u00fcllten Leben stehen.<\/p>\n\n<div style=\"height:40px\" aria-hidden=\"true\" class=\"wp-block-spacer\"><\/div>\n\n<p>The \u00c9iri\u00fa Eolas technique is available right here for free. Once you start practicing \u00c9iri\u00fa Eolas, you will want to have your own hardcopy of the program. In addition, please consider donating whatever you can afford via our <a title=\"Buy Eiriu Eolas\" href=\"https:\/\/eiriu-eolas.org\/de\/shop\/\" target=\"_self\" rel=\"noopener\">Store<\/a> page. If you would like a hardcopy of the program but you cannot afford it, just use the <a title=\"Contact Us\" href=\"https:\/\/eiriu-eolas.org\/de\/kontakt\/\">Contact<\/a> form and we will see what we can do to help you. We\u2019re all in this together!&#13;\n&#13;\nDie Techniken von \u00c9iri\u00fa Eolas sind hier gratis verf\u00fcgbar. Wenn Sie einmal begonnen haben, \u00c9iri\u00fa Eolas zu praktizieren, werden Sie Ihre eigene Kopie des Programms haben wollen. Zus\u00e4tzlich dazu k\u00f6nnen Sie in unserem <a title=\"Buy Eiriu Eolas\" href=\"https:\/\/eiriu-eolas.org\/de\/shop\/\" target=\"_self\" rel=\"noopener\">Online-Shop<\/a> spenden \u2013 so viel, wie Sie zu geben bereit sind. Wenn Sie gerne eine eigene Kopie des Programms h\u00e4tten, aber sich diese nicht leisten k\u00f6nnen, <a title=\"Kontakt\" href=\"https:\/\/eiriu-eolas.org\/de\/kontakt\/\">dann schreiben<\/a> Sie uns, und wir werden sehen, wie wir Ihnen helfen k\u00f6nnen. Wir helfen alle zusammen!<\/p>\n\n<div style=\"height:52px\" aria-hidden=\"true\" class=\"wp-block-spacer\"><\/div>\n\n\n<h2 class=\"text-center text-primary-default heading-medium pb-24\">Einleitungs-Video<\/h2>\n<div style=\"height:20px\" aria-hidden=\"true\" class=\"wp-block-spacer\"><\/div>\n\n<p>Eine detaillierte \u00dcbersicht \u00fcber die wissenschaftlichen und philosophischen Theorien der Atmung und deren Wirkung, sowie deren Stellenwert f\u00fcr unser k\u00f6rperliches, emotionales und geistiges Wohlbefinden. Am Ende dieser Einf\u00fchrung werden Sie die grundlegende Atemtechnik kennenlernen, die so einfach und schnell zu einem entspannten Geisteszustand f\u00fchren kann, dass sie jedermann aus\u00fcben kann \u2013 jeder, von Flugzeugpiloten und Konzernchefs bis hin zu KindergartenlehrerInnen \u2013 immer, \u00fcberall. Diese Atemtechnik ist der \u2018magische\u2019 Schl\u00fcssel f\u00fcr sofortige Stressreduktion und -kontrolle.<\/p>\n\n<div style=\"height:40px\" aria-hidden=\"true\" class=\"wp-block-spacer\"><\/div>\n\n\n<h2 class=\"text-center text-primary-default heading-medium pb-24\">Anleitungs-Video<\/h2>\n<p>Dies ist eine Video-Demonstration der \u00c9iri\u00fa Eolas-Aufw\u00e4rm\u00fcbungen und Atemtechniken. Sie lernen, wie man die Drei-Stufen-Atmung und das Gebet der Seele durchf\u00fchrt. Jahrzehntelang waren diese Techniken Geheimnisse von Yogis und Therapeuten \u2013 zwei unterschiedliche Bef\u00fcrworter von Methoden, die sich in der Praxis bewiesen haben. Dies ist ein Programm f\u00fcr alle: es ist bew\u00e4hrt und es funktioniert!<\/p>\n\n<div style=\"height:40px\" aria-hidden=\"true\" class=\"wp-block-spacer\"><\/div>\n\n\n<h2 class=\"text-center text-primary-default heading-medium pb-24\">Audio<\/h2>\n<p>Mit dieser Aufnahme k\u00f6nnen Sie das gesamte \u00c9iri\u00fa Eolas-Atemprogramm alleine praktizieren. Sie endet mit dem bewegenden \u201eGebet der Seele\u201d \u2013 einem nicht-konfessionellen, nicht-religi\u00f6sen, wissenschaftlichen Gebet \u2013 eine au\u00dferordentliche Errungenschaft in unserer Zeit.&#13;\n<\/p>\n\n<div style=\"height:40px\" aria-hidden=\"true\" class=\"wp-block-spacer\"><\/div>\n\n<p class=\"has-text-align-center\"><a href=\"https:\/\/eiriu-eolas.org\/de\/online-version\/\">Klicken Sie hier, um die Online-Version von \u00c9iri\u00fa Eolas anzusehen!<\/a><\/p>\n\n<div style=\"height:40px\" aria-hidden=\"true\" class=\"wp-block-spacer\"><\/div>\n\n<p>Sie sind eingeladen, dieses Programm und diese Atemtechniken mit allen zu teilen, die Ihnen wichtig sind!<\/p>\n\n<div style=\"height:40px\" aria-hidden=\"true\" class=\"wp-block-spacer\"><\/div>\n","protected":false},"excerpt":{"rendered":"<p>\u00c9iri\u00fa Eolas: Irisch-G\u00e4lisch f\u00fcr \u201eWachstum des Wissens\u201c Das \u00c9iri\u00fa Eolas Stressabbau-, Atmungs- und Meditationsprogramm ist die Wiederbelebung einer uralten Technik. Es wird bereits weltweit als ein effektives Werkzeug gesehen, das Ihnen hilft: sich vom allt\u00e4glichen Stress zu befreien sich sanft durch vergangenes emotionales und psychologisches Trauma zu arbeiten unterdr\u00fcckte Emotionen und mentale Blockaden zu l\u00f6sen [&hellip;]<\/p>\n","protected":false},"author":1,"featured_media":0,"parent":0,"menu_order":0,"comment_status":"closed","ping_status":"closed","template":"","meta":{"footnotes":""},"class_list":["post-664","page","type-page","status-publish","hentry"],"_links":{"self":[{"href":"https:\/\/eiriu-eolas.org\/de\/wp-json\/wp\/v2\/pages\/664","targetHints":{"allow":["GET"]}}],"collection":[{"href":"https:\/\/eiriu-eolas.org\/de\/wp-json\/wp\/v2\/pages"}],"about":[{"href":"https:\/\/eiriu-eolas.org\/de\/wp-json\/wp\/v2\/types\/page"}],"author":[{"embeddable":true,"href":"https:\/\/eiriu-eolas.org\/de\/wp-json\/wp\/v2\/users\/1"}],"replies":[{"embeddable":true,"href":"https:\/\/eiriu-eolas.org\/de\/wp-json\/wp\/v2\/comments?post=664"}],"version-history":[{"count":2,"href":"https:\/\/eiriu-eolas.org\/de\/wp-json\/wp\/v2\/pages\/664\/revisions"}],"predecessor-version":[{"id":59076,"href":"https:\/\/eiriu-eolas.org\/de\/wp-json\/wp\/v2\/pages\/664\/revisions\/59076"}],"wp:attachment":[{"href":"https:\/\/eiriu-eolas.org\/de\/wp-json\/wp\/v2\/media?parent=664"}],"curies":[{"name":"wp","href":"https:\/\/api.w.org\/{rel}","templated":true}]}}