{"id":699,"date":"2018-11-02T20:24:02","date_gmt":"2018-11-02T20:24:02","guid":{"rendered":"https:\/\/eiriu-eolas.org\/?page_id=699"},"modified":"2021-10-26T05:18:40","modified_gmt":"2021-10-26T03:18:40","slug":"homepage-2","status":"publish","type":"page","link":"https:\/\/eiriu-eolas.org\/de\/","title":{"rendered":"Homepage"},"content":{"rendered":"\n\n\n<section id=\"ee-container-28tq6d\" class=\"bg-homepage-hero h-screen  flex flex-col\">\n\n\n    \n<header id=\"masthead\" class=\"site-header flex flex-col justify-start max-w-full m-0 tablet:pt-16\">\n\t<section class=\"grid grid-cols-mobile tablet:grid-cols-tablet desktop:grid-cols-desktop max-w-full\">\n\t\t<div class=\"col-span-one tablet:col-span-three w-full flex justify-between w-full items-center p-8\">\n\t\t\t<div class=\"site-branding flex flex-col z-20\">\n\t\t\t\t<a href=\"https:\/\/eiriu-eolas.org\/de\/\" class=\"custom-logo-link\" rel=\"home\"><img decoding=\"async\" src=\"https:\/\/eiriu-eolas.org\/wp-content\/uploads\/2021\/05\/eiriu-eolas-logo.svg\" class=\"custom-logo\" alt=\"\u00c9iri\u00fa Eolas\" \/><\/a>\t\t\t\t\t<p class=\"site-title\"><a href=\"https:\/\/eiriu-eolas.org\/de\/\" rel=\"home\">\u00c9iri\u00fa Eolas<\/a><\/p>\n\t\t\t\t\t\t\t\t\t\t<p class=\"site-description\">Growth of Knowledge<\/p>\n\t\t\t\t\t\t\t<\/div><!-- .site-branding -->\n\n\t\t\t<nav id=\"site-navigation\" class=\"main-navigation\">\n\t\t\t\t<button class=\"menu-toggle block tablet:hidden text-primary-default text-6xl z-50 relative\" aria-controls=\"primary-menu\" aria-expanded=\"false\"><i class=\"icon-segment\"><\/i><\/button>\n\t\t\t\t\n\t\t\t\t<div class=\"menu-kopfmenue-container\"><ul id=\"primary-menu\" class=\"menu fixed top-0 h-screen w-full bg-white tablet:bg-transparent pt-36 tablet:pt-0 max-w-3xl right-0 p-12 transform translate-x-full tablet:max-w-full tablet:p-0 tablet:translate-x-0 tablet:mt-0 tablet:p-0 tablet:relative tablet:flex tablet:h-auto z-10\"><li id=\"menu-item-1591\" class=\"menu-item menu-item-type-post_type menu-item-object-page menu-item-1591\"><a href=\"https:\/\/eiriu-eolas.org\/de\/ueber\/\">Wachstum des Wissens<\/a><\/li>\n<li id=\"menu-item-1589\" class=\"menu-item menu-item-type-post_type menu-item-object-page menu-item-1589\"><a href=\"https:\/\/eiriu-eolas.org\/de\/online-version\/\">Online Version<\/a><\/li>\n<li id=\"menu-item-13843\" class=\"menu-item menu-item-type-post_type menu-item-object-page menu-item-13843\"><a href=\"https:\/\/eiriu-eolas.org\/de\/ruckmeldungen\/\">R\u00fcckmeldungen<\/a><\/li>\n<li id=\"menu-item-5894\" class=\"menu-item menu-item-type-post_type menu-item-object-page menu-item-5894\"><a href=\"https:\/\/eiriu-eolas.org\/de\/shop\/\">Shop<\/a><\/li>\n<hr class=\"h-px my-8 overflow-auto tablet:hidden\" \/><li class=\"my-account-link menu-item menu-item-type-post_type menu-item-object-page\"><a href=\"https:\/\/eiriu-eolas.org\/my-account-2\/\"><i class=\"icon-user-circle-o\"><\/i><span class=\"tablet:hidden\">   Mein Konto Seite<\/span><\/a><\/li>\n                    <hr class=\"h-px my-8 overflow-auto tablet:hidden\" \/>\n                        <div class=\"flex flex-wrap mr-8 tablet:hidden\">\n\n                <li><a class=\"text-heading-100 p-2 m-1\" href=\"https:\/\/eiriu-eolas.org\/\">English<\/a><\/li><li><a class=\"text-heading-100 p-2 m-1\" href=\"https:\/\/eiriu-eolas.org\/es\/\">Espa\u00f1ol<\/a><\/li><li><a class=\"text-heading-100 p-2 m-1\" href=\"https:\/\/eiriu-eolas.org\/fr\/\">Fran\u00e7ais<\/a><\/li><li><a class=\"text-heading-100 p-2 m-1\" href=\"https:\/\/eiriu-eolas.org\/hr\/\">Hrvatski<\/a><\/li><\/div><\/ul><\/div>\n\t\t\t<\/nav><!-- #site-navigation -->\n\t\t<\/div>\n\t<\/section>\n<\/header><!-- #masthead -->\n\n\n<div id=\"ee-feature-21CjTd\" class=\"ee-feature flex flex-col justify-center flex-grow\">\n\t<section class=\"grid-container\">\n\t\t<div class=\"grid-section-wide grid-item\">\n\t\t\t<figure class=\"flex tablet:justify-between flex-row \">\n\n\t\t\t\t<section class=\"w-full tablet:w-2\/5 flex flex-col justify-center\">\n\t\t\t\t\t<header class=\"mb-4\">\n\n\t\t\t\t\t\t<h1 class=\"text-primary-default heading-big\">\u00c9iri\u00fa Eolas<\/h1>\n\t\t\t\t\t\t<h2 class=\"text-primary-default heading-small\">Wachstum des Wissens<\/h2>\t\t\t\t\t<\/header>\n\n\n\t\t\t\t\t<main><p>Das erstaunliche wissenschaftliche Stresskontroll-, Heilungs-, Entgiftungs- und Verj\u00fcngungsprogramm, das <span class=\"highlighter-red\">DER SCHL\u00dcSSEL<\/span> ist, der Ihnen helfen wird, Ihr Leben auf ECHTE und sofort sp\u00fcrbare Weise zu ver\u00e4ndern.<\/p><\/main>\n\n\t\t\t\t\t\t\t\t\t\t<footer class=\"mt-16 flex flex-col tablet:flex-row items-center\">\n\t\t\t\t\t\t\t\t\t\t\t\t<a href=\"https:\/\/eiriu-eolas.org\/de\/online-version\/\" class=\"button px-20 py-4 bg-secondary-default text-white rounded-2xl\">Programm beobachten<\/a>\n\t\t\t\t\t\t\n\t\t\t\t\t\t\t\t\t\t\t<\/footer>\n\t\t\t\t\t\t\t\t\t<\/section>\n\t\t\t\t<figure class=\"hidden tablet:flex flex-col justify-center\">\n\t\t\t\t\t<img decoding=\"async\" src=\"https:\/\/eiriu-eolas.org\/wp-content\/uploads\/2021\/05\/eiriu-eolas-hero-image.png\" \/>\n\t\t\t\t<\/figure>\n\t\t\t<\/figure>\n\t\t<\/div>\n\t<\/section>\n<\/div>\n<\/section>\n\n\n<section id=\"ee-container-ZKRS9a\" class=\"bg-transparent  py-32 flex flex-col\">\n\n\n    \n\n<div id=\"ee-feature-Ulitv\" class=\"ee-feature flex flex-col justify-center flex-grow\">\n\t<section class=\"grid-container\">\n\t\t<div class=\"grid-section-x-wide grid-item\">\n\t\t\t<figure class=\"flex tablet:justify-between flex-row \">\n\n\t\t\t\t<section class=\"w-full tablet:w-1\/2 flex flex-col justify-center\">\n\t\t\t\t\t<header class=\"mb-4\">\n\n\t\t\t\t\t\t<h2 class=\"text-primary-default heading-medium\">F\u00fchlen Sie sich gestresst?<\/h2>\n\t\t\t\t\t\t\t\t\t\t\t<\/header>\n\n\n\t\t\t\t\t<main><p>Leiden Sie unter chronischer M\u00fcdigkeit oder unter Symptomen, von denen Ihr Arzt meint, dass sich das nur \u201cin Ihrem Kopf\u201d abspielt? Haben Sie die meiste Zeit \u00fcber k\u00f6rperliche Schmerzen? Ist Ihr System durch das Leben in unserer heutigen toxischen Umwelt vergiftet? W\u00fcrden Sie gerne den Herausforderungen Ihres Lebens mit gr\u00f6\u00dferer Ruhe und Frieden begegnen? <span class=\"highlighter-red\">M\u00f6chten Sie sich eigentlich jeden Tag gesund, gl\u00fccklich, und schmerzfrei f\u00fchlen?<\/span><\/p><\/main>\n\n\t\t\t\t\t\t\t\t\t<\/section>\n\t\t\t\t<figure class=\"hidden tablet:flex flex-col justify-center\">\n\t\t\t\t\t<img decoding=\"async\" src=\"https:\/\/eiriu-eolas.org\/wp-content\/uploads\/2021\/05\/eiriu-eolas-are-you-stressed-image.png\" \/>\n\t\t\t\t<\/figure>\n\t\t\t<\/figure>\n\t\t<\/div>\n\t<\/section>\n<\/div>\n<\/section>\n\n\n<section id=\"ee-container-1UcyGp\" class=\"bg-introduction  py-32 flex flex-col\">\n\n\n            <div class=\"grid-container\">\n            <div class=\"grid-section-wide grid-item\">\n\n        \n\n<div class=\"wp-block-image\"><figure class=\"aligncenter size-large\"><img loading=\"lazy\" decoding=\"async\" width=\"144\" height=\"141\" src=\"https:\/\/eiriu-eolas.org\/wp-content\/uploads\/2021\/05\/eiriu-eolas-rounded-logo.png\" alt=\"\" class=\"wp-image-58677\" srcset=\"https:\/\/eiriu-eolas.org\/wp-content\/uploads\/2021\/05\/eiriu-eolas-rounded-logo.png 144w, https:\/\/eiriu-eolas.org\/wp-content\/uploads\/2021\/05\/eiriu-eolas-rounded-logo-61x60.png 61w, https:\/\/eiriu-eolas.org\/wp-content\/uploads\/2021\/05\/eiriu-eolas-rounded-logo-92x90.png 92w\" sizes=\"auto, (max-width: 144px) 100vw, 144px\" \/><\/figure><\/div>\n\n\n\n\n<h2 class=\"text-center text-primary-default heading-medium pb-24\">Pr\u00e4sentation von \u00c9iri\u00fa Eolas <\/h2>\n\n\n<p class=\"has-text-align-center\">\u00c9iri\u00fa Eolas erm\u00f6glicht Ihnen einen schnellen und sanften Zugang zu den Schichten mentaler, emotionaler und physischer Toxizit\u00e4t, die zwischen Ihnen und einem gesunden, sich j\u00fcnger f\u00fchlenden und j\u00fcnger aussehenden K\u00f6rper stehen, und l\u00e4sst diese los!<\/p>\n\n\n\n<p><\/p>\n\n\n\n<p class=\"has-text-align-center\">Sofortige Kontrolle von Stress und Situationen mit hoher Energie<br\/>Entgiften Sie Ihren K\u00f6rper, was zu einer Schmerzlinderung f\u00fchrt<br\/>Entspannen Sie sich und verarbeiten Sie sanft vergangene emotionale und psychologische Traumata<br\/>Regenerieren und verj\u00fcngen Sie Ihren K\u00f6rper\/Geist<\/p>\n\n\n            <\/div>\n        <\/div>\n    \n\n    <\/section>\n\n\n<section id=\"ee-container-2p9WlJ\" class=\"bg-transparent  py-32 flex flex-col\">\n\n\n    \n\n<div id=\"ee-feature-ZMLUVa\" class=\"ee-feature flex flex-col justify-center flex-grow\">\n\t<section class=\"grid-container\">\n\t\t<div class=\"grid-section-x-wide grid-item\">\n\t\t\t<figure class=\"flex tablet:justify-between flex-row-reverse \">\n\n\t\t\t\t<section class=\"w-full tablet:w-1\/2 flex flex-col justify-center\">\n\t\t\t\t\t<header class=\"mb-4\">\n\n\t\t\t\t\t\t<h2 class=\"text-primary-default heading-medium\">Das Programm<\/h2>\n\t\t\t\t\t\t\t\t\t\t\t<\/header>\n\n\n\t\t\t\t\t<main><p>Das Programm besteht aus:<\/p>\r\n<p>\u00a0<\/p>\r\n<ul>\r\n<li>Einleitungs-Video<\/li>\r\n<\/ul>\r\n<p style=\"padding-left: 40px;\">Eine detaillierte \u00dcbersicht \u00fcber die wissenschaftlichen und philosophischen Theorien der Atmung und deren Wirkung, sowie deren Stellenwert f\u00fcr unser k\u00f6rperliches, emotionales und geistiges Wohlbefinden. Am Ende dieser Einf\u00fchrung werden Sie die grundlegende Atemtechnik kennenlernen, die so einfach und schnell zu einem entspannten Geisteszustand f\u00fchren kann, dass sie jedermann aus\u00fcben kann \u2013 jeder, von Flugzeugpiloten und Konzernchefs bis hin zu KindergartenlehrerInnen \u2013 immer, \u00fcberall. Diese Atemtechnik ist der \u2018magische\u2019 Schl\u00fcssel f\u00fcr sofortige Stressreduktion und -kontrolle.<\/p>\r\n<p>\u00a0<\/p>\r\n<ul>\r\n<li>Anleitungs-Video:<\/li>\r\n<\/ul>\r\n<p style=\"padding-left: 40px;\">Dies ist eine Video-Demonstration der \u00c9iri\u00fa Eolas-Aufw\u00e4rm\u00fcbungen und Atemtechniken. Sie lernen, wie man die Drei-Stufen-Atmung und das Gebet der Seele durchf\u00fchrt. Jahrzehntelang waren diese Techniken Geheimnisse von Yogis und Therapeuten \u2013 zwei unterschiedliche Bef\u00fcrworter von Methoden, die sich in der Praxis bewiesen haben. Dies ist ein Programm f\u00fcr alle: es ist bew\u00e4hrt und es funktioniert!<\/p><\/main>\n\n\t\t\t\t\t\t\t\t\t\t<footer class=\"mt-16 flex flex-col tablet:flex-row items-center\">\n\t\t\t\t\t\t\t\t\t\t\t\t<a href=\"https:\/\/eiriu-eolas.org\/de\/online-version\/\" class=\"button px-20 py-4 bg-secondary-default text-white rounded-2xl\">Programm beobachten<\/a>\n\t\t\t\t\t\t\n\t\t\t\t\t\t\t\t\t\t\t\t\t<a class=\"flex-grow text-center pt-8 tablet:p-0\" href=\"\/de\/about-us\">Mehr erfahren<\/a>\n\t\t\t\t\t\t\t\t\t\t\t<\/footer>\n\t\t\t\t\t\t\t\t\t<\/section>\n\t\t\t\t<figure class=\"hidden tablet:flex flex-col justify-center\">\n\t\t\t\t\t<img decoding=\"async\" src=\"https:\/\/eiriu-eolas.org\/wp-content\/uploads\/2021\/05\/eiriu-eolas-the-program.png\" \/>\n\t\t\t\t<\/figure>\n\t\t\t<\/figure>\n\t\t<\/div>\n\t<\/section>\n<\/div>\n<\/section>\n\n\n<section id=\"ee-container-22lIws\" class=\"bg-secondary-light  py-32 flex flex-col\">\n\n\n            <div class=\"grid-container\">\n            <div class=\"grid-section-wide grid-item\">\n\n        \n\n\n<h2 class=\"text-center text-secondary-default heading-medium pb-24\">Unsere Ausbilder<\/h2>\n\n<section id=\"ee-instructors-container-YJE6X\" class=\"grid grid-cols-1 tablet:grid-cols-3 gap-16\">\n\n\n<figure class=\"text-center\">\n    <header class=\"flex flex-col items-center\">\n        <img decoding=\"async\" class=\"w-36 rounded-2xl\" src=\"https:\/\/eiriu-eolas.org\/wp-content\/uploads\/2018\/11\/juliana-barembuem-80x80-1.png\" \/>\n        <p class=\"font-bold mt-4\">Juliana Barembuem<\/p>\n    <\/header>\n    <main class=\"mt-8\">\n        <p>Argentinisch-Italienisch, Master in Linguistik, mehrsprachige \u00dcbersetzerin und Dolmetscherin. Juliana praktizierte mehrere Jahre lang Yoga-, Atem- und Meditationstechniken, bevor sie 2009 \u00c9iri\u00fa Eolas-Lehrerin wurde.<\/p>    <\/main>\n<\/figure>\n\n\n<figure class=\"text-center\">\n    <header class=\"flex flex-col items-center\">\n        <img decoding=\"async\" class=\"w-36 rounded-2xl\" src=\"https:\/\/eiriu-eolas.org\/wp-content\/uploads\/2018\/11\/gabriela-segura-80x80-1.png\" \/>\n        <p class=\"font-bold mt-4\">Gabriela Segura<\/p>\n    <\/header>\n    <main class=\"mt-8\">\n        <p>Dr. Gaby wurde in einer Familie mit gemischt \u00f6stlich-westlichen Wurzeln in Costa Rica geboren und ist eine Land-Haus\u00e4rztin und ehemalige Herzchirurgin. Ihre Forschungen im medizinischen Bereich, \u00fcber die wahre Natur unserer Welt und alles, was mit Heilung zu tun hat, haben sie nach Italien, Kanada, Frankreich und Spanien gef\u00fchrt.<\/p>    <\/main>\n<\/figure>\n\n\n<figure class=\"text-center\">\n    <header class=\"flex flex-col items-center\">\n        <img decoding=\"async\" class=\"w-36 rounded-2xl\" src=\"https:\/\/eiriu-eolas.org\/wp-content\/uploads\/2018\/11\/irini-gregoriou-80x80-1.png\" \/>\n        <p class=\"font-bold mt-4\">Irini Gregoriu<\/p>\n    <\/header>\n    <main class=\"mt-8\">\n        <p>Mit einem Master-Abschluss in Kunsttherapie verf\u00fcgt Irini \u00fcber umfangreiche klinische Erfahrung im Bereich der psychischen Gesundheit. Dadurch ist sie ideal daf\u00fcr geeignet, die Vorteile von EE mit anderen zu teilen. Seit 2010 ist sie Lehrerin f\u00fcr EE, hat das Programm einer gro\u00dfen Anzahl von Sch\u00fclern vermittelt und ist derzeit f\u00fcr die Ausbildung neuer Lehrer zust\u00e4ndig.<\/p>    <\/main>\n<\/figure>\n\n\n<\/section>\n\n\n<p class=\"has-text-align-center\"><a href=\"https:\/\/eiriu-eolas.org\/de\/instruktoren\/\" data-type=\"page\" data-id=\"116\">Alle Ausbilder treffen<\/a><\/p>\n\n\n            <\/div>\n        <\/div>\n    \n\n    <\/section>\n\n\n<section id=\"ee-container-25mjmG\" class=\"bg-secondary-default  py-32 flex flex-col\">\n\n\n            <div class=\"grid-container\">\n            <div class=\"grid-section-wide grid-item\">\n\n        \n\n\n<h2 class=\"text-center text-white heading-medium pb-24\">Einen Termin buchen<\/h2>\n\n<div class=\"text-center w-full\">\n<a href=\"https:\/\/eiriu-eolas.org\/contact\/\" class=\"button px-20 py-4 bg-secondary-default text-white rounded-2xl secondary\">Kontaktieren Sie uns!<\/a>\n<\/div>\n\n            <\/div>\n        <\/div>\n    \n\n    <\/section>\n\n\n<section id=\"ee-container-Z26uDV\" class=\"bg-transparent  py-32 flex flex-col\">\n\n\n            <div class=\"grid-container\">\n            <div class=\"grid-section-x-wide grid-item\">\n\n        \n\n\n<h2 class=\"text-center text-primary-default heading-medium \">Testimonials<\/h2>\n\n<figure class=\"text-center py-20\">\n\t<blockquote class=\"italic font-bold\"><p>\u00c9iri\u00fa Eolas hat mein Leben ver\u00e4ndert. Ich f\u00fchle mich entspannter und kontrollierter, motivierter und inspirierter. Mein Schlaf hat sich stark verbessert. Dieses Programm ist heute ein wesentlicher Bestandteil meines Lebens.<\/p><\/blockquote>\n\t<figcaption>\u2014 David Ditka<\/figcaption>\n<\/figure>\n\n<figure class=\"text-center py-20\">\n\t<blockquote class=\"italic font-bold\"><p>Das Einleitungs-Video ist toll. Alle diese 3D-Illustrationen sind mir im Ged\u00e4chtnis geblieben. Jedes Mal, wenn ich auf die falsche Art atme, erinnere ich mich daran. Die Information ist mir gemeinsam mit der bildlichen Darstellung im Kopf geblieben.<\/p><\/blockquote>\n\t<figcaption>\u2014 Frank, Computerfachmann \u2014 Kalifornien<\/figcaption>\n<\/figure>\n\n<figure class=\"text-center py-20\">\n\t<blockquote class=\"italic font-bold\"><p>\u00c9iri\u00fa Eolas hat mir geholfen, <span class=\"highlighter-red\">meine emotionale Last zu durchleben und aufzul\u00f6sen.<\/span><\/p><\/blockquote>\n\t<figcaption>\u2014 Brent, Genetiker \u2014 New York<\/figcaption>\n<\/figure>\n\n\n<div style=\"height:35px\" aria-hidden=\"true\" class=\"wp-block-spacer\"><\/div>\n\n\n\n<p class=\"has-text-align-center\"><a href=\"https:\/\/eiriu-eolas.org\/de\/ruckmeldungen\/\" data-type=\"URL\" data-id=\"https:\/\/eiriu-eolas.org\/testimonials\/\">Alle Testimonials anzeigen<\/a><\/p>\n\n\n            <\/div>\n        <\/div>\n    \n\n    <\/section>\n\n\n<section id=\"ee-container-2e8DAo\" class=\"bg-primary-lightest  py-32 flex flex-col\">\n\n\n            <div class=\"grid-container\">\n            <div class=\"grid-section-x-wide grid-item\">\n\n        \n\n\n<h2 class=\"text-center text-primary-default heading-medium \">H\u00e4ufig gestellte Fragen<\/h2>\n\n<figure class=\"text-center py-24\">\n    <div class=\"font-bold heading-x-small\">Wie oft sollte ich \u00c9iri\u00fa Eolas praktizieren?<\/div>\n    <div class=\"mt-10\"><p>Wir empfehlen, \u00c9iri\u00fa Eolas zwei Mal pro Woche durchzuf\u00fchren. Die Meditation sollte t\u00e4glich, am besten vor dem Einschlafen, praktiziert werden. Das erm\u00f6glicht Ihrem Unterbewusstsein weiterzuarbeiten, w\u00e4hrend Sie schlafen. Sie k\u00f6nnen nach Wunsch auch die R\u00f6hrenatmung einsetzen.<\/p><\/div>\n<\/figure>\n\n<figure class=\"text-center py-24\">\n    <div class=\"font-bold heading-x-small\">Ich komme mit dem Z\u00e4hlen nicht mit, was soll ich tun?<\/div>\n    <div class=\"mt-10\"><p>Wenn die Z\u00e4hlzeiten zu lange oder zu kurz f\u00fcr Sie sind, dann passen Sie diese so an, damit sie Ihnen angenehm sind. W\u00e4hrend Sie mit dem Programm mehr Erfahrung sammeln, wird es auch mit dem Z\u00e4hlen immer einfacher. Wichtig beim R\u00f6hrenatmen ist, die Ausatmung l\u00e4nger zu gestalten als die Einatmung, um die Lungen so gut wie m\u00f6glich zu entleeren. Die kurzen Pausen zwischen Ein- und Ausatmung sind ebenso wichtig, damit in den Lungen ein vollst\u00e4ndiger Gas-Austausch stattfinden kann.<\/p><\/div>\n<\/figure>\n\n<figure class=\"text-center py-24\">\n    <div class=\"font-bold heading-x-small\">Kann ich mich w\u00e4hrend der Atem\u00fcbungen hinlegen?<\/div>\n    <div class=\"mt-10\"><p>Hinlegen ist in Ordnung. Sie sollten es sich so bequem wie m\u00f6glich machen.<\/p><\/div>\n<\/figure>\n\n\n<div style=\"height:41px\" aria-hidden=\"true\" class=\"wp-block-spacer\"><\/div>\n\n\n\n<p class=\"has-text-align-center\"><a href=\"https:\/\/eiriu-eolas.org\/de\/fragen-und-antworten\/\" data-type=\"page\" data-id=\"265\">Kurzanleitung anzeigen<\/a><\/p>\n\n\n            <\/div>\n        <\/div>\n    \n\n    <\/section>","protected":false},"excerpt":{"rendered":"","protected":false},"author":1,"featured_media":0,"parent":0,"menu_order":0,"comment_status":"closed","ping_status":"open","template":"homepage-page.php","meta":{"footnotes":""},"class_list":["post-699","page","type-page","status-publish","hentry"],"_links":{"self":[{"href":"https:\/\/eiriu-eolas.org\/de\/wp-json\/wp\/v2\/pages\/699","targetHints":{"allow":["GET"]}}],"collection":[{"href":"https:\/\/eiriu-eolas.org\/de\/wp-json\/wp\/v2\/pages"}],"about":[{"href":"https:\/\/eiriu-eolas.org\/de\/wp-json\/wp\/v2\/types\/page"}],"author":[{"embeddable":true,"href":"https:\/\/eiriu-eolas.org\/de\/wp-json\/wp\/v2\/users\/1"}],"replies":[{"embeddable":true,"href":"https:\/\/eiriu-eolas.org\/de\/wp-json\/wp\/v2\/comments?post=699"}],"version-history":[{"count":2,"href":"https:\/\/eiriu-eolas.org\/de\/wp-json\/wp\/v2\/pages\/699\/revisions"}],"predecessor-version":[{"id":59064,"href":"https:\/\/eiriu-eolas.org\/de\/wp-json\/wp\/v2\/pages\/699\/revisions\/59064"}],"wp:attachment":[{"href":"https:\/\/eiriu-eolas.org\/de\/wp-json\/wp\/v2\/media?parent=699"}],"curies":[{"name":"wp","href":"https:\/\/api.w.org\/{rel}","templated":true}]}}