{"id":750,"date":"2018-11-02T22:14:04","date_gmt":"2018-11-02T22:14:04","guid":{"rendered":"https:\/\/eiriu-eolas.org\/?page_id=750"},"modified":"2018-11-02T22:20:54","modified_gmt":"2018-11-02T22:20:54","slug":"fragen-und-antworten","status":"publish","type":"page","link":"https:\/\/eiriu-eolas.org\/de\/fragen-und-antworten\/","title":{"rendered":"Fragen und Antworten"},"content":{"rendered":"<p>[dt_sc_blockquote type=&#8220;type1&#8243;]<\/p>\n<p><strong>Kontraindikationen<\/strong><\/p>\n<p>Bioenergetisches Atmen (\u201eRundatmen\u201c) ist bei Schwangerschaft, Epilepsie, manisch-depressiven Krankheitsbildern (auch bekannt als bipolare affektive St\u00f6rung) und chemischem Ungleichgewicht des Gehirns kontraindiziert. Alle anderen Teile des \u00c9iri\u00fa Eolas Atmungs- und Meditationssystems k\u00f6nnen mit diesen Zust\u00e4nden ausge\u00fcbt werden.<\/p>\n<p>[\/dt_sc_blockquote]<\/p>\n<p>&nbsp;<\/p>\n<h3>Allgemeines<\/h3>\n<p>Willkommen zum \u00c9iri\u00fa Eolas Atmungs- und Meditationssystem. Durch Nutzung dieser Wiederentdeckung einer uralten Atmungs- und Meditationstechnik begeben Sie sich auf eine aufregende Entdeckungsreise. \u00c9iri\u00fa Eolas ist ein wunderbares Werkzeug, um sich zu entspannen, sanft emotionale und psychologische Traumen der Vergangenheit aufzuarbeiten und unterdr\u00fcckte Emotionen und mentale Blockaden zu l\u00f6sen, die zwischen Ihnen und wahrem Frieden, Freude und letztendlich einem erfolgreichen, erf\u00fcllten Leben stehen.<\/p>\n<p>Es ist wichtig, die Aufw\u00e4rm\u00fcbungen durchzuf\u00fchren, die auf Disk 2 gezeigt werden. Diese erh\u00f6hen die Lungenkapazit\u00e4t, verbessern den Kreislauf und sorgen daf\u00fcr, Ihre Erfahrung mit \u00c9iri\u00fa Eolas positiv zu gestalten. Falls Sie bereits ein anderes System der k\u00f6rperlichen Bet\u00e4tigung kennen, das ebenfalls Dehnung und Fexibilit\u00e4t f\u00f6rdert, so wie Yoga, dann k\u00f6nnen Sie diesen Teil nach Ihren eigenen W\u00fcnschen anpassen oder auch auslassen.<\/p>\n<p>&nbsp;<\/p>\n<h3>R\u00f6hrenatmung<\/h3>\n<p>R\u00f6hrenatmung wird eingesetzt, um den Vagusnerv zu stimulieren. Sie wird in drei Stufen angewendet, um die gesamten Lungen zu benutzen. Wenn der Vagusnerv stimuliert wird, ist es, als ob der \u201eAus-Knopf\u201c Ihrer Stressreaktionen gedr\u00fcckt wird. Der Aufbau eines leichten Widerstandes in der Glottis (der Stimmapparat bzw. die Stimmb\u00e4nder) \u2013 so, dass gerade noch kein Ton erzeugt wird \u2013 stimuliert jenen Teil des Vagusnervs, der zwischen der Luft- und Speiser\u00f6hre verl\u00e4uft. \u00dcben Sie, diesen Widerstand zwischen den Stimmb\u00e4ndern auch beim Einatmen zu halten, um zu einer gr\u00f6\u00dferen Entspannung zu gelangen. Die gr\u00f6\u00dfte Stimulation des Vagusnervs passiert haupts\u00e4chlich w\u00e4hrend der Ausatmung \u2013 deshalb wird bei \u00c9iri\u00fa Eolas lange ausgeatmet.<\/p>\n<p>&nbsp;<\/p>\n<h3>Atmung des Kriegers<\/h3>\n<p>Die Atmung des Kriegers soll die Lungen von alter, abgestandener Luft befreien. Es st\u00e4rkt die Muskeln, die f\u00fcr eine gute Ausatmung n\u00f6tig sind. Dies ist im n\u00e4chsten Teil des Programms von Vorteil. Es kann sein, dass Sie von dieser \u00dcbung einen leichten Muskelkater bekommen, aber die Muskeln werden schnell gest\u00e4rkt \u2013 und ein Muskelkater geht vorbei. Wenn Sie \u201eHaa!\u201c sagen macht das die Ausatmung kompletter. Mit der Atmung des Kriegers kann auch vorz\u00fcglich Frust abgebaut werden. Kinder lieben die Atmung des Kriegers!<\/p>\n<h3><\/h3>\n<h3>Bioenergetisches Atmen<\/h3>\n<p>Bioenergetisches Atmen, oder auch \u201eRundatmen\u201c genannt, versorgt auf physischer Ebene den K\u00f6rper mit Sauerstoff, um k\u00f6rperliche Toxine besser loszuwerden. Auf der emotionalen Ebene wird der Prozess des langsamen Aufarbeitens von emotionalen Vergiftungen angeregt. W\u00e4hrend sich diese Schichten l\u00f6sen, werden Sie bemerken, dass Sie klarer Denken und in stressigen Situationen ruhig bleiben k\u00f6nnen. Sie werden deshalb effizienter und harmonischer auf Situationen reagieren.<\/p>\n<p>&nbsp;<\/p>\n<h3>Meditation (Das Gebet der Seele)<\/h3>\n<p>Die Atem\u00fcbungen sind als Vorbereitung auf die Meditation \u2013 das Herz des \u00c9iri\u00fa Eolas Systems \u2013 gedacht. Die Meditation wird mit einer \u201eSaat\u201c durchgef\u00fchrt, das hei\u00dft, sie ist weder geist- noch ziellos. Die Saat, \u201eGebet der Seele\u201c genannt, wurde sorgf\u00e4ltig verfasst, damit Sie es in Ihrem Leben f\u00fcr jede Lage anwenden k\u00f6nnen. Es erzeugt ein unterbewusstes Fundament von positiven, lebenszustimmenden Gedanken, und einen ruhigen Geist. Das Gebet spricht direkt den g\u00f6ttlichen kosmischen Geist an, der die Existenz in und aus sich selbst ist. Wenn Sie den g\u00f6ttlichen kosmischen Geist in vertrauteren Begriffen ansprechen wollen (wie z.B. Jesus, Buddha, Allah, Krishna, etc.), dann ist das auch in Ordnung. Sollte eine g\u00f6ttliche Personifikation nicht Teil Ihrer Vorstellungen sein, dann k\u00f6nnten Sie auch Ihr \u201ebesseres Selbst\u201c als Betrachtungspunkt w\u00e4hlen. Das Gebet der Seele ist absichtlich so gestaltet worden, damit es sich auf alle pers\u00f6nlichen Philosophien universal anwenden l\u00e4sst.<\/p>\n<p>Es ist gut, wenn Sie die R\u00f6hrenatmung zun\u00e4chst mit Ihrem Zwerchfell \u00fcben. Dann f\u00fcgen Sie je nach Ihrem Bedarf dem Programm mehr hinzu. Denken Sie daran, dass Sie durch die Nase einatmen und durch den Mund ausatmen. Das gilt f\u00fcr das ganze Programm!<\/p>\n<p>&nbsp;<\/p>\n<h3>H\u00e4ufige Fragen<\/h3>\n<p><em>F: Wie oft sollte ich \u00c9iri\u00fa Eolas praktizieren?<\/em><\/p>\n<p>A: Wir empfehlen, \u00c9iri\u00fa Eolas zwei Mal pro Woche durchzuf\u00fchren. Die Meditation sollte t\u00e4glich, am besten vor dem Einschlafen, praktiziert werden. Das erm\u00f6glicht Ihrem Unterbewusstsein weiterzuarbeiten, w\u00e4hrend Sie schlafen. Sie k\u00f6nnen nach Wunsch auch die R\u00f6hrenatmung einsetzen.<\/p>\n<p>Die weltweite \u00c9iri\u00fa Eolas-Gemeinschaft hat Montag- und Donnerstag f\u00fcr das gesamte Programm vorgesehen, wobei sich jeder an seiner Zeitzone orientiert. Wenn Sie krank sind oder von einem speziellen Problem betroffen sind, k\u00f6nnen Sie \u00c9iri\u00fa Eolas t\u00e4glich praktizieren.<\/p>\n<p>&nbsp;<\/p>\n<p><em>F: Ich komme mit dem Z\u00e4hlen nicht mit, was soll ich tun?<\/em><\/p>\n<p>A: Wenn die Z\u00e4hlzeiten zu lange oder zu kurz f\u00fcr Sie sind, dann passen Sie diese so an, damit sie Ihnen angenehm sind. W\u00e4hrend Sie mit dem Programm mehr Erfahrung sammeln, wird es auch mit dem Z\u00e4hlen immer einfacher. Wichtig beim R\u00f6hrenatmen ist, die Ausatmung l\u00e4nger zu gestalten als die Einatmung, um die Lungen so gut wie m\u00f6glich zu entleeren. Die kurzen Pausen zwischen Ein- und Ausatmung sind ebenso wichtig, damit in den Lungen ein vollst\u00e4ndiger Gas-Austausch stattfinden kann.<\/p>\n<p>&nbsp;<\/p>\n<p><em>F: Kann ich mich w\u00e4hrend der Atem\u00fcbungen hinlegen?<\/em><\/p>\n<p>A: Hinlegen ist in Ordnung. Sie sollten es sich so bequem wie m\u00f6glich machen.<\/p>\n<p>&nbsp;<\/p>\n<p><em>F: Kann die Drei-Stufen-Atmung auch ohne die Arm-Positionen durchgef\u00fchrt werden?<\/em><\/p>\n<p>A: Die Arm-Positionen bei der R\u00f6hrenatmung helfen Ihnen, schrittweise Ihre ganzen Lungen zu benutzen.<\/p>\n<p>&nbsp;<\/p>\n<p><em>F: Ich habe Probleme beim Sitzen mit \u00fcberkreuzten Beinen. Meine Beine schlafen ein und es wird unangenehm. Kann ich das Programm in einer anderen Position machen?<\/em><\/p>\n<p>A: Sicher. Sie k\u00f6nnen es z.B. in einem Sessel machen. Wichtig ist, dass Sie eine Position finden, die bequem ist. Die Damen, die im zweiten Video zu sehen sind, praktizieren alle Yoga und sogar sie \u00fcben das Programm manchmal in einem Sessel oder im Liegen aus.<\/p>\n<p>&nbsp;<\/p>\n<p><em>F: Ich habe Schwierigkeiten, mit meinem Bauch zu atmen, er hebt sich nicht korrekt. Irgendwelche Vorschl\u00e4ge?<\/em><\/p>\n<p>A: \u00dcberpr\u00fcfen Sie, ob Sie das Zwerchfell korrekt einsetzen. Es muss nach unten dr\u00fccken, w\u00e4hrend Sie einatmen und w\u00e4hrend sich der Brustkorb hebt. Und dann muss es sich wieder in eine hoch gew\u00f6lbte Form zur\u00fcckbewegen, w\u00e4hrend Sie die verbrauchte Luft ausatmen. Sobald Sie die Atmung und diese Bewegung ein wenig ge\u00fcbt haben, sollte es sich nat\u00fcrlich anf\u00fchlen. Sehen Sie sich die Illustrationen im Einf\u00fchrungsvideo an, und versuchen Sie, ein Gef\u00fchl f\u00fcr die Position und Rolle des Zwerchfells zu bekommen. Nach ein wenig \u00dcbung sollten Sie das Zwerchfell f\u00fchlen k\u00f6nnen, wenn es sich nach unten und oben bewegt.<\/p>\n<p>Ein anderes Problem k\u00f6nnte Ihre Haltung sein. Versuchen Sie, im Stehen einfache Atem\u00fcbungen zu machen. Ihre Schultern sollten entspannt sein.<\/p>\n<p>Wenn Sie sich in Ihrem Brustkorb, Nacken, R\u00fccken oder anderen Gegenden beengt f\u00fchlen, dann bedeutet das wahrscheinlich, dass Sie mehr tun, als Ihr K\u00f6per im Moment handhaben kann. Wenn Sie diese Art von Atmung noch nie zuvor praktiziert haben, dann sollten Sie es langsam angehen und sich erst einmal damit vertraut machen.<\/p>\n<p>&nbsp;<\/p>\n<p><em>F: Ich habe Probleme, auf die volle Z\u00e4hlzeit einzuatmen. Muss ich das dennoch tun?<\/em><\/p>\n<p>A: Wenn sie sich irgendwie vorstellen k\u00f6nnen, die volle Z\u00e4hlzeit einzuatmen, dann versuchen sie es. Anderenfalls tun Sie Ihr Bestes, sodass Sie mit der Zeit sich schrittweise auf die volle Z\u00e4hlzeit vorarbeiten. Kinder zum Beispiel haben ein kleineres Lungenvolumen und es kann sein, dass sie nicht die volle Zeit einatmen k\u00f6nnen.<\/p>\n<p>&nbsp;<\/p>\n<p><em>F: Warum ist es wichtig, das ganze Programm hindurch durch die Nase einzuatmen und durch den Mund auszuatmen?<\/em><\/p>\n<p>A: Es gibt Nervenenden im oberen Pharynx, die, wenn sie mit Luft \u00fcberstr\u00f6mt werden, in die gleiche Richtung zeigen und beide Gehirnh\u00e4lften synchronisieren. Wenn Sie dann ausatmen und die Luftstr\u00f6mung durch diese Nervenenden sich umkehrt, dann unterbricht es diese Synchronisierung. Das ist eine Technik, die in der Hypnotherapie verwendet wird, um tiefe Entspannung zu erreichen.<\/p>\n<p>&nbsp;<\/p>\n<p><em>F: Nichts scheint zu passieren. Mache ich alles richtig?<\/em><\/p>\n<p>A: Der Nutzen des \u00c9iri\u00fa Eolas-Programms kann eine Zeit lang unter der Oberfl\u00e4che verbleiben, bis einige Dinge aufgearbeitet wurden, auch ohne unser Gewahrsein. Wenn Sie jedoch eine andere \u201eAbsicht\u201c haben als einfach nur die Konzepte des Gebets der Seele aufzunehmen und Ihre eigenen \u201eKunstgriffe\u201c einbauen, dann k\u00f6nnten Sie die positiven Effekte von \u00c9iri\u00fa Eolas kurzschlie\u00dfen. Das Gebet der Seele ist so gestaltet, dass es die Aktivit\u00e4t des Unterbewussten nicht einschr\u00e4nkt.<\/p>\n<p>Bekannte Wirkungen und Erfahrungswerte:<\/p>\n<ul>\n<li>Linderung von Gelenkschmerzen<\/li>\n<li>Verminderung von Muskelkr\u00e4mpfen<\/li>\n<li>Erfrischung und\/oder tiefer Schlaf<\/li>\n<li>sich energetisiert f\u00fchlen<\/li>\n<li>gr\u00f6\u00dfere Entspannung<\/li>\n<li>Hitzegef\u00fchl<\/li>\n<li>Ein Gef\u00fchl, als ob man von wei\u00dfem Licht umgeben ist<\/li>\n<li>Verringerte Herzschlagfrequenz<\/li>\n<li>Intensive und detaillierte Tr\u00e4ume (siehe auch weiter unten)<\/li>\n<li>\u201eAbtauchen\u201c und Schwierigkeiten, w\u00e4hrend der Atem\u00fcbungen und Meditation wach zu bleiben (siehe auch weiter unten)<\/li>\n<li>Sp\u00fcren des Solar Plexus<\/li>\n<li>L\u00e4uten in den Ohren<\/li>\n<li>Kribbelndes Gef\u00fchl in den Armen, Beinen, Lippen (durch die vergr\u00f6\u00dferte Sauerstoffaufnahmne)<\/li>\n<li>Gef\u00fchl von Freude und Erhebung<\/li>\n<li>Ver\u00e4nderung des Appetits (ein verringertes Verlangen nach Nahrungmittel, die mit dem K\u00f6rper unkompatibel sind<\/li>\n<li>Hunger nach der Atem\u00fcbung und Meditation<\/li>\n<li>Ausbr\u00fcche von unerwartetem Lachen<\/li>\n<li>Unterleibsschmerzen, scharfer Schmerz im K\u00f6rper (symptomatisch f\u00fcr Organe, die wieder besser zu funktionieren beginnen)<\/li>\n<li>Gesteigerte Herzschlagfrequenz<\/li>\n<li>\u00c4u\u00dfere und innere St\u00f6rungen w\u00e4hrend des Atmens und der Meditationen<\/li>\n<li>Schwitzen<\/li>\n<li>w\u00e4ssrige Augen<\/li>\n<li>Ein Wunsch, zu weinen (siehe weiter unten f\u00fcr Details)<\/li>\n<li>Depression (kann mehrere Wochen anhalten, geht aber vor\u00fcber)<\/li>\n<li>\u00c4rger, unverh\u00e4ltnism\u00e4\u00dfig f\u00fcr Situationen (siehe weiter unten f\u00fcr Details)<\/li>\n<li>Gef\u00fchl, sich von der Welt zu entfernen (vor\u00fcbergehend)<\/li>\n<li>Verwirrung, Irritation (vor\u00fcbergehend)<\/li>\n<li>Bilder, die w\u00e4hrend der Meditation erscheinen (seien Sie nicht allzu abgelenkt davon, das ist ihr Geist, der symbolisch das ausdr\u00fcckt, was im Unterbewussten verdr\u00e4ngt wurde)<\/li>\n<li>Sch\u00e4rferes Gewahrsein, Sinne, Gedanken; die Wahrnehmung, wirklich in der Gegenwart zu leben<\/li>\n<\/ul>\n<p>&nbsp;<\/p>\n<h3>Fragen \u00fcber Symptome und Erfahrungen<\/h3>\n<p><em>F: Warum bin ich so hungrig?<\/em><\/p>\n<p>A: R\u00f6hrenatmung stimuliert den Vagusnerv, der in weiterer Folge Hunger stimuliert. Siehe auch Artikel: \u201cHow the brain knows when eating must stop\u201d von <a href=\"http:\/\/findarticles.com\/p\/articles\/mi_m1200\/is_n22_v150\/ai_18947098\">Janet Raloff, Science News, 1996<\/a><\/p>\n<p>Wie das Gehirn wei\u00df, wann man aufh\u00f6ren muss zu essen: Der Vagusnerv reagiert auf jedes Nahrungsmittel unterschiedlich, um zu entschl\u00fcsseln, was und wie viel gegessen wurde.<\/p>\n<p>Gary J. Schwartz von den John Hopkins Medical Institutions in Baltimore hat herausgefunden, dass der Vagusnerv \u2013 Kommunikationstr\u00e4ger in beiden Richtungen zwischen dem Gehirn und den Ged\u00e4rmen \u2013 verschiedene Muster von elektrischen Signalen \u00fcbermittelt \u2013 als Antwort darauf, ob Kohlenhydrate oder Eiwei\u00df ins Verdauungssystem aufgenommen wurden.<br \/>\nEs gibt eine weitere Komponente der Reaktion des Vagusnervs auf Protein. Schwartz vermutet, dass hormon\u00e4hnliche Peptide, die vom Verdauungssystem als Antwort auf Nahrung erzeugt werden, f\u00fcr die Steigerung der Signale verantwortlich sind, die durch die Bewegung des Magens und des D\u00fcnndarms ausgel\u00f6st werden.<\/p>\n<p>&nbsp;<\/p>\n<p><em>F: W\u00e4hrend der Atmung und Meditation falle ich in eine Art Traumzustand, wo ich die Tonaufnahme nicht l\u00e4nger h\u00f6ren kann. Sobald ich das bemerke, komme ich aus diesem Zustand wieder heraus. Soll ich das Programm von vorne beginnen, wenn das passiert?<\/em><\/p>\n<p>A: Sie m\u00fcssen das Programm nicht von vorne beginnen. Dies wird \u201eAbdriften\u201c (zoning im Englischen) genannt. Es ist absolut normal und ein gutes Zeichen, dass etwas vor sich geht. Es ist ein positives Zeichen, dass Ihr Unterbewusstsein den Aufarbeitungsprozess beginnt.<\/p>\n<p>&nbsp;<\/p>\n<p><em>F: Ich bekomme von \u00c9iri\u00fa Eolas Erk\u00e4ltungs- und grippeartige Symptome (Fieber, K\u00e4lteschauer, Gelenkschmerzen, Schl\u00e4frigkeit). Warum ist das so?<\/em><\/p>\n<p>A: \u00c9iri\u00fa Eolas entgiftet nicht nur emotionell, sondern auch k\u00f6rperlich. Wenn Sie den Vagusnerv erstmals \u2018starten\u2019 und nach Jahren des k\u00f6rperlichen Missbrauchs die Dinge wieder in Schwung bringen, kann das wie ein Loch im Damm sein, das sehr schnell sehr gro\u00df wird. Wenn Sie k\u00f6rperliche Symptome versp\u00fcren, ist es wahrscheinlich eine Herxheimer-Reaktion. Sie tritt auf, wenn der K\u00f6per schneller Gifte mobilisiert, als er ausscheiden kann.<\/p>\n<p>Wenn die Symptome schlimmer sind, als Sie aushalten k\u00f6nnen, dann empfehlen wir Ihnen, das Programm nicht \u00f6fter als zwei Mal pro Woche durchzuf\u00fchren und sich nur auf die R\u00f6hrenatmung und Meditation zu konzentrieren. Lassen Sie die Atmung des Kriegers und das bioenergetische Atmen (\u201eBa-Ha\u201c) aus.<\/p>\n<p>Nachdem die Ern\u00e4hrung und Nahrungsmittelerg\u00e4nzung dem Prozess helfen k\u00f6nnen, empfehlen wir Ihnen, die folgenden Ern\u00e4hrungs- und Gesundheitsb\u00fccher zu lesen:<\/p>\n<ul>\n<li><em>The Ultra Mind Solution<\/em>, Mark Hyman<\/li>\n<li><em>The Ultra Simple Diet<\/em>, Mark Hyman<\/li>\n<li><em>Detoxify or Die,<\/em> Sherry Rogers<\/li>\n<li><em>What Your Doctor May Not Tell You About Autoimmune Disorders<\/em>, Stephen B. Edelson and Deborah Mitchell<\/li>\n<li><em>Treating and Beating Fibromyalgia and Chronic Fatigue Syndrome,<\/em> Rodger Murphree<\/li>\n<\/ul>\n<p><em>F: Warum bin ich immer so \u00e4rgerlich und traurig?<\/em><br \/>\nA: Das ist durchaus normal und ein Zeichen, dass das Programm funktioniert. Wenn Sie \u00c4rger versp\u00fcren, legen Sie sich ein Kissen zurecht, worauf Sie einschlagen k\u00f6nnen, wenn Sie sich danach f\u00fchlen. Denken Sie daran: Sie bringen alte Emotionen an die Oberfl\u00e4che, die bisher nur im Unterbewusstsein und dem K\u00f6rpergewebe versteckt waren, und Sie verarbeiten sie. Wenn sie einmal befreit sind, k\u00f6nnen sie nicht mehr das eigene Denken und\/oder die Entscheidungen unseres Lebens beeinflussen. Bedenken Sie auch, dass das \u00c9iri\u00fa Eolas Atmungs- und Meditationssystem der effektivste, wirksamste und am wenigsten schmerzhafteste Weg ist, mit diesen Dingen umzugehen, weil retroaktiv der k\u00f6rpereigene Mechanismus zur Stressbew\u00e4ltigung aktiviert wird. Sie k\u00f6nnnen Jahre in Psychotherapie verbringen und doch niemals die Resultate erlangen, die Sie mit nur ein paar Monaten an \u00c9iri\u00fa Eolas-Praxis erreichen k\u00f6nnen.<\/p>\n<p>&nbsp;<\/p>\n<p><em>F: Wie soll ich das Programm weitermachen, wenn ich zu weinen beginne? Meine normale Reaktion ist, den Atem anzuhalten.<\/em><\/p>\n<p>A: Sie k\u00f6nnen so viel weinen, wie Sie m\u00fcssen. Setzen Sie einfach das Programm fort, wenn Sie damit aufgeh\u00f6rt haben.<\/p>\n<p>&nbsp;<\/p>\n<p><em>F: Warum habe ich nach der Praxis dieses Programms immer diese schrecklichen Tr\u00e4ume?<\/em><\/p>\n<p>A: Es ist Ihr emotionales Zentrum, das tr\u00e4umt. Unangenehme oder erschreckende Tr\u00e4ume sind eigentlich Ihre eigenen, unterdr\u00fcckten negativen Emotionen, die an die Oberfl\u00e4che kommen. Sehr oft k\u00f6nnen diese aufgearbeitet werden, indem man sie \u201etr\u00e4umt\u201c, aber das ist nur eine M\u00f6glichkeit, wie sie verarbeitet werden k\u00f6nnen. Die beste Methode ist vom jeweiligen Menschen abh\u00e4ngig und kann sehr unterschiedlich sein. Jeder ist anders und tr\u00e4gt andere Dinge mit sich herum.<\/p>\n<p>&nbsp;<\/p>\n<h3>Langzeitnutzen<\/h3>\n<p>W\u00e4hrend Sie \u00c9iri\u00fa Eolas aus\u00fcben, werden Sie in eine neue Qualit\u00e4t der Energie, Weite und Initiative eintreten. Sie werden in jenen Bereichen stark werden, in denen Sie fr\u00fcher einmal schwach waren. Sie werden die andauernde Begleitung Ihres h\u00f6heren Selbst versp\u00fcren. Diese Begleitung wird durch die Werke Ihrer H\u00e4nde und die Worte Ihres Mundes sichtbar werden. Sie werden diese Begleitung in Form von Schutz erfahren, weil Sie f\u00e4hig sein werden, mehr noch als zuvor Gefahren zu erkennen. Ihr h\u00f6heres Selbst wird Sie f\u00fchren, das ben\u00f6tigte Wissen auf praktischer Ebene zu erlangen, das Sie vor unn\u00f6tigen Gefahren sch\u00fctzt.<\/p>\n<p>Besuchen Sie auch unser Diskussionsforum, um andere Menschen, die sich auf demselben Pfad befinden, zu treffen und sich auszutauschen. \u00c9iri\u00fa Eolas-Lehrer sind immer anwesend, um Ihre Fragen zu beantworten \u2013 entweder in Ihrer N\u00e4he, oder im Internet.<\/p>\n","protected":false},"excerpt":{"rendered":"<p>[dt_sc_blockquote type=&#8220;type1&#8243;] Kontraindikationen Bioenergetisches Atmen (\u201eRundatmen\u201c) ist bei Schwangerschaft, Epilepsie, manisch-depressiven Krankheitsbildern (auch bekannt als bipolare affektive St\u00f6rung) und chemischem Ungleichgewicht des Gehirns kontraindiziert. Alle anderen Teile des \u00c9iri\u00fa Eolas Atmungs- und Meditationssystems k\u00f6nnen mit diesen Zust\u00e4nden ausge\u00fcbt werden. [\/dt_sc_blockquote] &nbsp; Allgemeines Willkommen zum \u00c9iri\u00fa Eolas Atmungs- und Meditationssystem. Durch Nutzung dieser Wiederentdeckung einer uralten [&hellip;]<\/p>\n","protected":false},"author":1,"featured_media":0,"parent":0,"menu_order":0,"comment_status":"closed","ping_status":"closed","template":"","meta":{"footnotes":""},"class_list":["post-750","page","type-page","status-publish","hentry"],"_links":{"self":[{"href":"https:\/\/eiriu-eolas.org\/de\/wp-json\/wp\/v2\/pages\/750","targetHints":{"allow":["GET"]}}],"collection":[{"href":"https:\/\/eiriu-eolas.org\/de\/wp-json\/wp\/v2\/pages"}],"about":[{"href":"https:\/\/eiriu-eolas.org\/de\/wp-json\/wp\/v2\/types\/page"}],"author":[{"embeddable":true,"href":"https:\/\/eiriu-eolas.org\/de\/wp-json\/wp\/v2\/users\/1"}],"replies":[{"embeddable":true,"href":"https:\/\/eiriu-eolas.org\/de\/wp-json\/wp\/v2\/comments?post=750"}],"version-history":[{"count":0,"href":"https:\/\/eiriu-eolas.org\/de\/wp-json\/wp\/v2\/pages\/750\/revisions"}],"wp:attachment":[{"href":"https:\/\/eiriu-eolas.org\/de\/wp-json\/wp\/v2\/media?parent=750"}],"curies":[{"name":"wp","href":"https:\/\/api.w.org\/{rel}","templated":true}]}}