{"id":57574,"date":"2018-08-17T02:09:38","date_gmt":"2020-12-28T18:16:32","guid":{"rendered":"https:\/\/eiriu-eolas.org\/product\/eiriu-eolas-2-dvd-cd-set\/"},"modified":"2020-12-28T18:16:38","modified_gmt":"2020-12-28T18:16:38","slug":"eiriu-eolas-2-dvd-cd-set","status":"publish","type":"product","link":"https:\/\/eiriu-eolas.org\/de\/produkt\/eiriu-eolas-2-dvd-cd-set\/","title":{"rendered":"\u00c9iri\u00fa Eolas 2 DVD + CD Set"},"content":{"rendered":"<p>\u00c9iri\u00fa Eolas ist die moderne Wiederbelebung eines uralten Stresskontroll-, Heil- und Verj\u00fcngungsprogramms. Dies ist DAS WERKZEUG, das Ihnen helfen wird, auf sanfte Weise vergangene emotionale und psychologische Traumata aufzuarbeiten und verdr\u00e4ngte Emotionen loszulassen, die zwischen Ihnen und wahrem Frieden, Gl\u00fcck und letztendlich einem erfolgreichen, erf\u00fcllten Leben stehen.<\/p>\n<p>Dieses Programm ist ein Auswuchs der Arbeit der Historikerin und Autorin Laura Knight-Jadczyk und ihres Mannes, des Physikers Arkadiusz Jadczyk. Die Praxis wurde gr\u00fcndlich wissenschaftlich erforscht und Tausende profitieren bereits von dieser einzigartigen Offenbarung in unserer Zeit. Aber verlassen Sie sich nicht auf unser Wort: <a href=\"\/testimonials\">Lesen Sie die Bewertungen!<\/a><\/p>\n<p>In dieser 3-Disc-Serie erkl\u00e4rt Laura diese geheimen Techniken auf eine klare und zug\u00e4ngliche Weise. Das \u00c9iri\u00fa Eolas-Programm besteht aus 2 regionsfreien DVDs im Breitbildformat und 1 Audio-CD.<\/p>\n<p>Dies ist ein Programm f\u00fcr alle: Es ist wissenschaftlich und es funktioniert!<\/p>\n","protected":false},"excerpt":{"rendered":"<p>\u00c9iri\u00fa Eolas ist die moderne Wiederbelebung eines uralten Stresskontroll-, Heil- und Verj\u00fcngungsprogramms. Dies ist DAS WERKZEUG, das Ihnen helfen wird, auf sanfte Weise vergangene emotionale und psychologische Traumata aufzuarbeiten und verdr\u00e4ngte Emotionen loszulassen, die zwischen Ihnen und wahrem Frieden, Gl\u00fcck und letztendlich einem erfolgreichen, erf\u00fcllten Leben stehen. Dieses Programm ist ein Auswuchs der Arbeit der [&hellip;]<\/p>\n","protected":false},"featured_media":17924,"comment_status":"open","ping_status":"closed","template":"","meta":[],"product_brand":[],"product_cat":[154,155,156],"product_tag":[],"class_list":{"0":"post-57574","1":"product","2":"type-product","3":"status-publish","4":"has-post-thumbnail","6":"product_cat-audio-de","7":"product_cat-eiriu-eolas-de","8":"product_cat-video-de","10":"first","11":"instock","12":"shipping-taxable","13":"purchasable","14":"product-type-simple"},"_links":{"self":[{"href":"https:\/\/eiriu-eolas.org\/de\/wp-json\/wp\/v2\/product\/57574","targetHints":{"allow":["GET"]}}],"collection":[{"href":"https:\/\/eiriu-eolas.org\/de\/wp-json\/wp\/v2\/product"}],"about":[{"href":"https:\/\/eiriu-eolas.org\/de\/wp-json\/wp\/v2\/types\/product"}],"replies":[{"embeddable":true,"href":"https:\/\/eiriu-eolas.org\/de\/wp-json\/wp\/v2\/comments?post=57574"}],"wp:featuredmedia":[{"embeddable":true,"href":"https:\/\/eiriu-eolas.org\/de\/wp-json\/wp\/v2\/media\/17924"}],"wp:attachment":[{"href":"https:\/\/eiriu-eolas.org\/de\/wp-json\/wp\/v2\/media?parent=57574"}],"wp:term":[{"taxonomy":"product_brand","embeddable":true,"href":"https:\/\/eiriu-eolas.org\/de\/wp-json\/wp\/v2\/product_brand?post=57574"},{"taxonomy":"product_cat","embeddable":true,"href":"https:\/\/eiriu-eolas.org\/de\/wp-json\/wp\/v2\/product_cat?post=57574"},{"taxonomy":"product_tag","embeddable":true,"href":"https:\/\/eiriu-eolas.org\/de\/wp-json\/wp\/v2\/product_tag?post=57574"}],"curies":[{"name":"wp","href":"https:\/\/api.w.org\/{rel}","templated":true}]}}