{"id":57980,"date":"2021-01-08T02:29:55","date_gmt":"2021-01-08T01:29:55","guid":{"rendered":"https:\/\/eiriu-eolas.org\/?post_type=product&#038;p=57980"},"modified":"2021-01-08T02:40:57","modified_gmt":"2021-01-08T01:40:57","slug":"mousepad-eiriu-eolas","status":"publish","type":"product","link":"https:\/\/eiriu-eolas.org\/de\/produkt\/mousepad-eiriu-eolas\/","title":{"rendered":"Mousepad \u2013 \u00c9iri\u00fa Eolas"},"content":{"rendered":"<p>Eine pinke Rose in einem roten Kreis ist das zentrale Element dieses sch\u00f6nen Designs. Mit einem warmen, pfirsichfarbenen Hintergrund schwebt das \u00c9iri\u00fa Eolas-Logo sanft \u00fcber einen Teich mit Wellen und erf\u00fcllt den Betrachter mit einem Gef\u00fchl des Friedens und der Ruhe.<\/p>\n<p>\u00c9iri\u00fa Eolas ist ein g\u00e4lisches Wort, das \u201eWachstum des Wissens\u201c bedeutet. Es bezieht sich auf ein Tiefenatmungs- und Meditationsprogramm, das bereits tausenden Menschen half zu lernen, wie sie ihre Atmung benutzen, um zu entspannen, Stress abzubauen und den K\u00f6rper zu heilen.<\/p>\n","protected":false},"excerpt":{"rendered":"<p>Eine pinke Rose in einem roten Kreis ist das zentrale Element dieses sch\u00f6nen Designs. Mit einem warmen, pfirsichfarbenen Hintergrund schwebt das \u00c9iri\u00fa Eolas-Logo sanft \u00fcber einen Teich mit Wellen und erf\u00fcllt den Betrachter mit einem Gef\u00fchl des Friedens und der Ruhe. \u00c9iri\u00fa Eolas ist ein g\u00e4lisches Wort, das \u201eWachstum des Wissens\u201c bedeutet. Es bezieht sich [&hellip;]<\/p>\n","protected":false},"featured_media":57982,"comment_status":"open","ping_status":"closed","template":"","meta":[],"product_brand":[],"product_cat":[183],"product_tag":[],"class_list":{"0":"post-57980","1":"product","2":"type-product","3":"status-publish","4":"has-post-thumbnail","6":"product_cat-bedruckte-artikel","8":"first","9":"instock","10":"shipping-taxable","11":"purchasable","12":"product-type-simple"},"_links":{"self":[{"href":"https:\/\/eiriu-eolas.org\/de\/wp-json\/wp\/v2\/product\/57980","targetHints":{"allow":["GET"]}}],"collection":[{"href":"https:\/\/eiriu-eolas.org\/de\/wp-json\/wp\/v2\/product"}],"about":[{"href":"https:\/\/eiriu-eolas.org\/de\/wp-json\/wp\/v2\/types\/product"}],"replies":[{"embeddable":true,"href":"https:\/\/eiriu-eolas.org\/de\/wp-json\/wp\/v2\/comments?post=57980"}],"wp:featuredmedia":[{"embeddable":true,"href":"https:\/\/eiriu-eolas.org\/de\/wp-json\/wp\/v2\/media\/57982"}],"wp:attachment":[{"href":"https:\/\/eiriu-eolas.org\/de\/wp-json\/wp\/v2\/media?parent=57980"}],"wp:term":[{"taxonomy":"product_brand","embeddable":true,"href":"https:\/\/eiriu-eolas.org\/de\/wp-json\/wp\/v2\/product_brand?post=57980"},{"taxonomy":"product_cat","embeddable":true,"href":"https:\/\/eiriu-eolas.org\/de\/wp-json\/wp\/v2\/product_cat?post=57980"},{"taxonomy":"product_tag","embeddable":true,"href":"https:\/\/eiriu-eolas.org\/de\/wp-json\/wp\/v2\/product_tag?post=57980"}],"curies":[{"name":"wp","href":"https:\/\/api.w.org\/{rel}","templated":true}]}}