{"id":58006,"date":"2021-01-08T02:40:17","date_gmt":"2021-01-08T01:40:17","guid":{"rendered":"https:\/\/eiriu-eolas.org\/?post_type=product&#038;p=58006"},"modified":"2021-01-08T02:40:17","modified_gmt":"2021-01-08T01:40:17","slug":"tasse-eiriu-eolas","status":"publish","type":"product","link":"https:\/\/eiriu-eolas.org\/de\/produkt\/tasse-eiriu-eolas\/","title":{"rendered":"Tasse \u2013 \u00c9iri\u00fa Eolas"},"content":{"rendered":"<p>Diese kunstvoll gestaltete Tasse ist mit verschiedenen Farbt\u00f6nen in Apricot, Rosa und Rot verziert. Ein echter Blickfang im Regal, der schon bald zu Ihrer Lieblingstasse f\u00fcr Tee oder Kaffee werden k\u00f6nnte. Gibt es eine bessere Art, den Tag zu starten, als mit einem Gef\u00fchl von Frieden und Ruhe, weil man an den Atem des Lebens erinnert wird?<\/p>\n<p>\u00c9iri\u00fa Eolas ist ein g\u00e4lisches Wort, das \u201eWachstum des Wissens\u201c bedeutet. Es bezieht sich auf ein Tiefenatmungs- und Meditationsprogramm, das bereits tausenden Menschen dabei half zu lernen, wie sie ihre Atmung benutzen, um zu entspannen, Stress loszuwerden und den K\u00f6rper ins Gleichgewicht zu bringen.<\/p>\n<p>Abmessungen: 9.5cm x 8cm<\/p>\n<p>Material: Keramisches, hitzebest\u00e4ndiges Design, geeignet f\u00fcr Sp\u00fclmaschine und Mikrowelle, ideal f\u00fcr hei\u00dfe und kalte Getr\u00e4nke.<\/p>\n","protected":false},"excerpt":{"rendered":"<p>Diese kunstvoll gestaltete Tasse ist mit verschiedenen Farbt\u00f6nen in Apricot, Rosa und Rot verziert. Ein echter Blickfang im Regal, der schon bald zu Ihrer Lieblingstasse f\u00fcr Tee oder Kaffee werden k\u00f6nnte. Gibt es eine bessere Art, den Tag zu starten, als mit einem Gef\u00fchl von Frieden und Ruhe, weil man an den Atem des Lebens [&hellip;]<\/p>\n","protected":false},"featured_media":58007,"comment_status":"open","ping_status":"closed","template":"","meta":[],"product_brand":[],"product_cat":[183,184],"product_tag":[],"class_list":{"0":"post-58006","1":"product","2":"type-product","3":"status-publish","4":"has-post-thumbnail","6":"product_cat-bedruckte-artikel","7":"product_cat-tassen","9":"first","10":"instock","11":"shipping-taxable","12":"purchasable","13":"product-type-simple"},"_links":{"self":[{"href":"https:\/\/eiriu-eolas.org\/de\/wp-json\/wp\/v2\/product\/58006","targetHints":{"allow":["GET"]}}],"collection":[{"href":"https:\/\/eiriu-eolas.org\/de\/wp-json\/wp\/v2\/product"}],"about":[{"href":"https:\/\/eiriu-eolas.org\/de\/wp-json\/wp\/v2\/types\/product"}],"replies":[{"embeddable":true,"href":"https:\/\/eiriu-eolas.org\/de\/wp-json\/wp\/v2\/comments?post=58006"}],"wp:featuredmedia":[{"embeddable":true,"href":"https:\/\/eiriu-eolas.org\/de\/wp-json\/wp\/v2\/media\/58007"}],"wp:attachment":[{"href":"https:\/\/eiriu-eolas.org\/de\/wp-json\/wp\/v2\/media?parent=58006"}],"wp:term":[{"taxonomy":"product_brand","embeddable":true,"href":"https:\/\/eiriu-eolas.org\/de\/wp-json\/wp\/v2\/product_brand?post=58006"},{"taxonomy":"product_cat","embeddable":true,"href":"https:\/\/eiriu-eolas.org\/de\/wp-json\/wp\/v2\/product_cat?post=58006"},{"taxonomy":"product_tag","embeddable":true,"href":"https:\/\/eiriu-eolas.org\/de\/wp-json\/wp\/v2\/product_tag?post=58006"}],"curies":[{"name":"wp","href":"https:\/\/api.w.org\/{rel}","templated":true}]}}