{"id":14133,"date":"2019-01-03T19:36:33","date_gmt":"2019-01-03T19:36:33","guid":{"rendered":"https:\/\/eiriu-eolas.org\/?page_id=14133"},"modified":"2019-01-03T19:39:52","modified_gmt":"2019-01-03T19:39:52","slug":"opciones-de-pago","status":"publish","type":"page","link":"https:\/\/eiriu-eolas.org\/es\/opciones-de-pago\/","title":{"rendered":"Opciones de pago"},"content":{"rendered":"\n<p>Existen varias opciones de pago disponibles dependiendo del lugar \ndonde usted viva. Para la mayor\u00eda de la gente, PayPal es la mejor opci\u00f3n\n ya que es el m\u00e9todo de pago m\u00e1s f\u00e1cil y m\u00e1s flexible.<\/p>\n\n\n\n<p>Rogamos tenga en cuenta que en muchos casos, PayPal le permite \nrealizar compras de hasta cientos de euros\/d\u00f3lares sin que se requiera \nabrir una cuenta en PayPal. Todo lo que necesita es una tarjeta de \ncr\u00e9dito\/d\u00e9bito. PayPal tambi\u00e9n convierte autom\u00e1ticamente en euros su \ndivisa local, por lo que su pago funcionar\u00e1 \u2013 \u00a1y listo!<\/p>\n\n\n\n<p>Si decide abrir una cuenta en PayPal, tambi\u00e9n vale informarle que los\n requisitos en muchos pa\u00edses son mucho menos estrictos de lo que sol\u00edan \nser. Por lo general, todo lo que necesita es un nombre, una direcci\u00f3n y \nuna tarjeta de cr\u00e9dito\/d\u00e9bito para poder inscribirse y obtener una \ncuenta b\u00e1sica de PayPal, que le permitir\u00e1 realizar todas las compras que\n desee.<\/p>\n\n\n\n<p>En el caso de que PayPal no sea una opci\u00f3n viable para usted, le ofrecemos otras opciones de pago:<\/p>\n\n\n\n<h3 class=\"wp-block-heading\">Clientes en EE.UU.:<\/h3>\n\n\n\n<p>Los clientes en EE.UU. pueden optar por:<\/p>\n\n\n\n<ul class=\"wp-block-list\"><li>PayPal<\/li><li>Cheque<\/li><li>Giro postal<\/li><\/ul>\n\n\n\n<p>Todos los cheques tienen que ser <strong>emitidos por un banco de EE.UU.<\/strong>. Los giros postales deben poder <strong>cobrarse en d\u00f3lares estadounidenses<\/strong>.\n Visite la p\u00e1gina de \u00c9iri\u00fa Eolas para conocer el precio actual en \nd\u00f3lares estadounidenses. Usted puede enviar por correo su cheque o giro \npostal a la siguiente direcci\u00f3n:<\/p>\n\n\n\n<pre class=\"wp-block-preformatted\">FOTCM, Inc.\nPO Box 292\nAlmond, NC 28702\nUSA<\/pre>\n\n\n\n<h3 class=\"wp-block-heading\">Clientes en la Uni\u00f3n Europea:<\/h3>\n\n\n\n<p>Los clientes que residen en la UE pueden optar por:<\/p>\n\n\n\n<ul class=\"wp-block-list\"><li>PayPal<\/li><li>Cheque o Transferencia bancaria: Por favor visite <a href=\"https:\/\/es.pilulerouge.com\/\">PiluleRouge.com<\/a><\/li><\/ul>\n\n\n\n<p>Para los clientes de otras zonas que no pueden utilizar PayPal, por favor p\u00f3nganse en <a href=\"http:\/\/es.eiriu-eolas.org\/contact\">contacto<\/a> con nosotros.<\/p>\n\n\n\n<p>Por \u00faltimo, tenga en cuenta que los mismos m\u00e9todos de pago descritos \npreviamente pueden utilizarse para efectuar una donaci\u00f3n y ayudarnos a \nofrecer \u00c9iri\u00fa Eolas a tantas personas como sea posible. Para realizar \nuna donaci\u00f3n o comprar el programa \u00c9iri\u00fa Eolas, por favor visite la <a href=\"http:\/\/es.eiriu-eolas.org\/store\">p\u00e1gina principal de la <strong>Tienda<\/strong><\/a>.<\/p>\n\n\n\n<p>\u00a1Gracias!<\/p>\n","protected":false},"excerpt":{"rendered":"<p>Existen varias opciones de pago disponibles dependiendo del lugar donde usted viva. Para la mayor\u00eda de la gente, PayPal es la mejor opci\u00f3n ya que es el m\u00e9todo de pago m\u00e1s f\u00e1cil y m\u00e1s flexible. Rogamos tenga en cuenta que en muchos casos, PayPal le permite realizar compras de hasta cientos de euros\/d\u00f3lares sin que [&hellip;]<\/p>\n","protected":false},"author":1,"featured_media":0,"parent":0,"menu_order":0,"comment_status":"closed","ping_status":"closed","template":"","meta":{"footnotes":""},"class_list":["post-14133","page","type-page","status-publish","hentry"],"_links":{"self":[{"href":"https:\/\/eiriu-eolas.org\/es\/wp-json\/wp\/v2\/pages\/14133","targetHints":{"allow":["GET"]}}],"collection":[{"href":"https:\/\/eiriu-eolas.org\/es\/wp-json\/wp\/v2\/pages"}],"about":[{"href":"https:\/\/eiriu-eolas.org\/es\/wp-json\/wp\/v2\/types\/page"}],"author":[{"embeddable":true,"href":"https:\/\/eiriu-eolas.org\/es\/wp-json\/wp\/v2\/users\/1"}],"replies":[{"embeddable":true,"href":"https:\/\/eiriu-eolas.org\/es\/wp-json\/wp\/v2\/comments?post=14133"}],"version-history":[{"count":0,"href":"https:\/\/eiriu-eolas.org\/es\/wp-json\/wp\/v2\/pages\/14133\/revisions"}],"wp:attachment":[{"href":"https:\/\/eiriu-eolas.org\/es\/wp-json\/wp\/v2\/media?parent=14133"}],"curies":[{"name":"wp","href":"https:\/\/api.w.org\/{rel}","templated":true}]}}