{"id":14155,"date":"2019-01-03T20:15:21","date_gmt":"2019-01-03T20:15:21","guid":{"rendered":"https:\/\/eiriu-eolas.org\/?page_id=14155"},"modified":"2019-01-03T20:15:22","modified_gmt":"2019-01-03T20:15:22","slug":"condiciones-de-envio","status":"publish","type":"page","link":"https:\/\/eiriu-eolas.org\/es\/condiciones-de-envio\/","title":{"rendered":"Condiciones de env\u00edo"},"content":{"rendered":"\n<p>Con el fin de asegurarnos de que usted reciba su copia de \u00c9iri\u00fa Eolas\n r\u00e1pidamente, hemos establecido el centro de distribuci\u00f3n que mejor \npuede servir a las necesidades de todos.<\/p>\n\n\n\n<p>Todos los pedidos son enviados desde Francia. Esto nos permite \nmantener un bajo coste en los env\u00edos y asegurar una demora de entrega \nr\u00e1pida a la mayor\u00eda de los pa\u00edses.<\/p>\n\n\n\n<p>Los pedidos se env\u00edan en el plazo de 48 horas, y la mayor\u00eda de los \nenv\u00edos a la Uni\u00f3n Europea, EE.UU., Canada y Australia se demoran entre 3\n y 5 d\u00edas en llegar a destino. Para otras destinaciones, el tiempo de \ndemora oscila entre 7 y 10 d\u00edas, o m\u00e1s. Sin embargo, el mal tiempo, las \nhuelgas de correos, la temporada de vacaciones y otros imprevistos o \nconflictos pueden aumentar considerablemente los tiempos de env\u00edo. Por \nconsiguiente, rogamos espere hasta 14 d\u00edas para la entrega.<\/p>\n\n\n\n<p>\u00a1Mientras tanto, si\u00e9ntase libre de ver la versi\u00f3n en l\u00ednea de \u00c9iri\u00fa Eolas tantas veces como le sea necesario!<\/p>\n\n\n\n<p>Estamos trabajando arduamente para aumentar la distribuci\u00f3n y la \ndisponibilidad de \u00c9iri\u00fa Eolas. Vuelva a visitar esta p\u00e1gina para \ninformarse acerca de los nuevos progresos!<\/p>\n","protected":false},"excerpt":{"rendered":"<p>Con el fin de asegurarnos de que usted reciba su copia de \u00c9iri\u00fa Eolas r\u00e1pidamente, hemos establecido el centro de distribuci\u00f3n que mejor puede servir a las necesidades de todos. Todos los pedidos son enviados desde Francia. Esto nos permite mantener un bajo coste en los env\u00edos y asegurar una demora de entrega r\u00e1pida a [&hellip;]<\/p>\n","protected":false},"author":1,"featured_media":0,"parent":0,"menu_order":0,"comment_status":"closed","ping_status":"closed","template":"","meta":{"footnotes":""},"class_list":["post-14155","page","type-page","status-publish","hentry"],"_links":{"self":[{"href":"https:\/\/eiriu-eolas.org\/es\/wp-json\/wp\/v2\/pages\/14155","targetHints":{"allow":["GET"]}}],"collection":[{"href":"https:\/\/eiriu-eolas.org\/es\/wp-json\/wp\/v2\/pages"}],"about":[{"href":"https:\/\/eiriu-eolas.org\/es\/wp-json\/wp\/v2\/types\/page"}],"author":[{"embeddable":true,"href":"https:\/\/eiriu-eolas.org\/es\/wp-json\/wp\/v2\/users\/1"}],"replies":[{"embeddable":true,"href":"https:\/\/eiriu-eolas.org\/es\/wp-json\/wp\/v2\/comments?post=14155"}],"version-history":[{"count":0,"href":"https:\/\/eiriu-eolas.org\/es\/wp-json\/wp\/v2\/pages\/14155\/revisions"}],"wp:attachment":[{"href":"https:\/\/eiriu-eolas.org\/es\/wp-json\/wp\/v2\/media?parent=14155"}],"curies":[{"name":"wp","href":"https:\/\/api.w.org\/{rel}","templated":true}]}}