{"id":511,"date":"2018-08-31T04:19:34","date_gmt":"2018-08-31T04:19:34","guid":{"rendered":"https:\/\/eiriu-eolas.org\/?page_id=511"},"modified":"2021-05-26T23:41:26","modified_gmt":"2021-05-26T21:41:26","slug":"homepage","status":"publish","type":"page","link":"https:\/\/eiriu-eolas.org\/es\/","title":{"rendered":"Homepage"},"content":{"rendered":"\n\n\n<section id=\"ee-container-28tq6d\" class=\"bg-homepage-hero h-screen  flex flex-col\">\n\n\n    \n<header id=\"masthead\" class=\"site-header flex flex-col justify-start max-w-full m-0 tablet:pt-16\">\n\t<section class=\"grid grid-cols-mobile tablet:grid-cols-tablet desktop:grid-cols-desktop max-w-full\">\n\t\t<div class=\"col-span-one tablet:col-span-three w-full flex justify-between w-full items-center p-8\">\n\t\t\t<div class=\"site-branding flex flex-col z-20\">\n\t\t\t\t<a href=\"https:\/\/eiriu-eolas.org\/es\/\" class=\"custom-logo-link\" rel=\"home\"><img decoding=\"async\" src=\"https:\/\/eiriu-eolas.org\/wp-content\/uploads\/2021\/05\/eiriu-eolas-logo.svg\" class=\"custom-logo\" alt=\"\u00c9iri\u00fa Eolas\" \/><\/a>\t\t\t\t\t<p class=\"site-title\"><a href=\"https:\/\/eiriu-eolas.org\/es\/\" rel=\"home\">\u00c9iri\u00fa Eolas<\/a><\/p>\n\t\t\t\t\t\t\t\t\t\t<p class=\"site-description\">Growth of Knowledge<\/p>\n\t\t\t\t\t\t\t<\/div><!-- .site-branding -->\n\n\t\t\t<nav id=\"site-navigation\" class=\"main-navigation\">\n\t\t\t\t<button class=\"menu-toggle block tablet:hidden text-primary-default text-6xl z-50 relative\" aria-controls=\"primary-menu\" aria-expanded=\"false\"><i class=\"icon-segment\"><\/i><\/button>\n\t\t\t\t\n\t\t\t\t<div class=\"menu-encabezado-container\"><ul id=\"primary-menu\" class=\"menu fixed top-0 h-screen w-full bg-white tablet:bg-transparent pt-36 tablet:pt-0 max-w-3xl right-0 p-12 transform translate-x-full tablet:max-w-full tablet:p-0 tablet:translate-x-0 tablet:mt-0 tablet:p-0 tablet:relative tablet:flex tablet:h-auto z-10\"><li id=\"menu-item-524\" class=\"menu-item menu-item-type-post_type menu-item-object-page menu-item-524\"><a href=\"https:\/\/eiriu-eolas.org\/es\/quienes-somos\/\">Quienes somos<\/a><\/li>\n<li id=\"menu-item-530\" class=\"menu-item menu-item-type-post_type menu-item-object-page menu-item-530\"><a href=\"https:\/\/eiriu-eolas.org\/es\/version-en-linea\/\">Versi\u00f3n en l\u00ednea<\/a><\/li>\n<li id=\"menu-item-543\" class=\"menu-item menu-item-type-post_type menu-item-object-page menu-item-543\"><a href=\"https:\/\/eiriu-eolas.org\/es\/testimonios\/\">Testimonios<\/a><\/li>\n<li id=\"menu-item-6056\" class=\"menu-item menu-item-type-post_type menu-item-object-page menu-item-6056\"><a href=\"https:\/\/eiriu-eolas.org\/es\/tienda\/\">Tienda<\/a><\/li>\n<hr class=\"h-px my-8 overflow-auto tablet:hidden\" \/><li class=\"my-account-link menu-item menu-item-type-post_type menu-item-object-page\"><a href=\"https:\/\/eiriu-eolas.org\/my-account-2\/\"><i class=\"icon-user-circle-o\"><\/i><span class=\"tablet:hidden\">   P\u00e1gina de mi cuenta<\/span><\/a><\/li>\n                    <hr class=\"h-px my-8 overflow-auto tablet:hidden\" \/>\n                        <div class=\"flex flex-wrap mr-8 tablet:hidden\">\n\n                <li><a class=\"text-heading-100 p-2 m-1\" href=\"https:\/\/eiriu-eolas.org\/\">English<\/a><\/li><li><a class=\"text-heading-100 p-2 m-1\" href=\"https:\/\/eiriu-eolas.org\/fr\/\">Fran\u00e7ais<\/a><\/li><li><a class=\"text-heading-100 p-2 m-1\" href=\"https:\/\/eiriu-eolas.org\/de\/\">Deutsch<\/a><\/li><li><a class=\"text-heading-100 p-2 m-1\" href=\"https:\/\/eiriu-eolas.org\/hr\/\">Hrvatski<\/a><\/li><\/div><\/ul><\/div>\n\t\t\t<\/nav><!-- #site-navigation -->\n\t\t<\/div>\n\t<\/section>\n<\/header><!-- #masthead -->\n\n\n<div id=\"ee-feature-21CjTd\" class=\"ee-feature flex flex-col justify-center flex-grow\">\n\t<section class=\"grid-container\">\n\t\t<div class=\"grid-section-wide grid-item\">\n\t\t\t<figure class=\"flex tablet:justify-between flex-row \">\n\n\t\t\t\t<section class=\"w-full tablet:w-2\/5 flex flex-col justify-center\">\n\t\t\t\t\t<header class=\"mb-4\">\n\n\t\t\t\t\t\t<h1 class=\"text-primary-default heading-big\">\u00c9iri\u00fa Eolas<\/h1>\n\t\t\t\t\t\t<h2 class=\"text-primary-default heading-small\">Expansi\u00f3n del conocimiento<\/h2>\t\t\t\t\t<\/header>\n\n\n\t\t\t\t\t<main><p>El programa incre\u00edble que le permitir\u00e1 controlar el estr\u00e9s, curarse, desintoxicarse y rejuvenecer. Es <span class=\"highlighter-red\">LA CLAVE<\/span> que le ayudar\u00e1 a cambiar REALMENTE su vida de un modo inmediatamente perceptible.<\/p><\/main>\n\n\t\t\t\t\t\t\t\t\t\t<footer class=\"mt-16 flex flex-col tablet:flex-row items-center\">\n\t\t\t\t\t\t\t\t\t\t\t\t<a href=\"https:\/\/eiriu-eolas.org\/es\/version-en-linea\/\" class=\"button px-20 py-4 bg-secondary-default text-white rounded-2xl\">Ver programa<\/a>\n\t\t\t\t\t\t\n\t\t\t\t\t\t\t\t\t\t\t<\/footer>\n\t\t\t\t\t\t\t\t\t<\/section>\n\t\t\t\t<figure class=\"hidden tablet:flex flex-col justify-center\">\n\t\t\t\t\t<img decoding=\"async\" src=\"https:\/\/eiriu-eolas.org\/wp-content\/uploads\/2021\/05\/eiriu-eolas-hero-image.png\" \/>\n\t\t\t\t<\/figure>\n\t\t\t<\/figure>\n\t\t<\/div>\n\t<\/section>\n<\/div>\n<\/section>\n\n\n<section id=\"ee-container-ZKRS9a\" class=\"bg-transparent  py-32 flex flex-col\">\n\n\n    \n\n<div id=\"ee-feature-Ulitv\" class=\"ee-feature flex flex-col justify-center flex-grow\">\n\t<section class=\"grid-container\">\n\t\t<div class=\"grid-section-x-wide grid-item\">\n\t\t\t<figure class=\"flex tablet:justify-between flex-row \">\n\n\t\t\t\t<section class=\"w-full tablet:w-1\/2 flex flex-col justify-center\">\n\t\t\t\t\t<header class=\"mb-4\">\n\n\t\t\t\t\t\t<h2 class=\"text-primary-default heading-medium\">\u00bfSe encuentra usted estresado?<\/h2>\n\t\t\t\t\t\t\t\t\t\t\t<\/header>\n\n\n\t\t\t\t\t<main><p>\u00bfSufre de fatiga cr\u00f3nica, o de alguna condici\u00f3n que su m\u00e9dico no logra diagnosticar? \u00bfO le dicen que \u201ctodo est\u00e1 en su cabeza\u201d? \u00bfSiente dolores f\u00edsicos durante la mayor parte del tiempo? \u00bfEst\u00e1 su cuerpo intoxicado por el entorno contaminado al que nos expone nuestro modo de vida? \u00bfDesea afrontar los retos de la vida con una gran calma y paz mental? <span class=\"highlighter-red\">\u00bfLe gustar\u00eda realmente sentirse saludable, feliz y sin dolor todos los d\u00edas?<\/span><\/p><\/main>\n\n\t\t\t\t\t\t\t\t\t<\/section>\n\t\t\t\t<figure class=\"hidden tablet:flex flex-col justify-center\">\n\t\t\t\t\t<img decoding=\"async\" src=\"https:\/\/eiriu-eolas.org\/wp-content\/uploads\/2021\/05\/eiriu-eolas-are-you-stressed-image.png\" \/>\n\t\t\t\t<\/figure>\n\t\t\t<\/figure>\n\t\t<\/div>\n\t<\/section>\n<\/div>\n<\/section>\n\n\n<section id=\"ee-container-1UcyGp\" class=\"bg-introduction  py-32 flex flex-col\">\n\n\n            <div class=\"grid-container\">\n            <div class=\"grid-section-wide grid-item\">\n\n        \n\n<div class=\"wp-block-image\"><figure class=\"aligncenter size-large\"><img loading=\"lazy\" decoding=\"async\" width=\"144\" height=\"141\" src=\"https:\/\/eiriu-eolas.org\/wp-content\/uploads\/2021\/05\/eiriu-eolas-rounded-logo.png\" alt=\"\" class=\"wp-image-58677\" srcset=\"https:\/\/eiriu-eolas.org\/wp-content\/uploads\/2021\/05\/eiriu-eolas-rounded-logo.png 144w, https:\/\/eiriu-eolas.org\/wp-content\/uploads\/2021\/05\/eiriu-eolas-rounded-logo-61x60.png 61w, https:\/\/eiriu-eolas.org\/wp-content\/uploads\/2021\/05\/eiriu-eolas-rounded-logo-92x90.png 92w\" sizes=\"auto, (max-width: 144px) 100vw, 144px\" \/><\/figure><\/div>\n\n\n\n\n<h2 class=\"text-center text-primary-default heading-medium pb-24\">Presentamos \u00c9iri\u00fa Eolas<\/h2>\n\n\n<p class=\"has-text-align-center\">\u00c9iri\u00fa Eolas le permitir\u00e1 acceder y liberar r\u00e1pida y suavemente las capas de toxicidad mental, emocional y f\u00edsica que se interponen entre usted y un cuerpo sano, que se sienta m\u00e1s joven y tenga un aspecto m\u00e1s juvenil.<\/p>\n\n\n\n<p><\/p>\n\n\n\n<p class=\"has-text-align-center\">Control instant\u00e1neo del stress en situaciones que requieren un alto consumo de energ\u00eda<br\/>Desintoxicaci\u00f3n del cuerpo, lo cual lleva a aliviar el dolor<br\/>Relajaci\u00f3n y un trabajo suave con traumas psicol\u00f3gicos y el pasado emocional<br\/>Regeneraci\u00f3n y rejuvenecemiento del cuerpo y la mente<\/p>\n\n\n            <\/div>\n        <\/div>\n    \n\n    <\/section>\n\n\n<section id=\"ee-container-2p9WlJ\" class=\"bg-transparent  py-32 flex flex-col\">\n\n\n    \n\n<div id=\"ee-feature-ZMLUVa\" class=\"ee-feature flex flex-col justify-center flex-grow\">\n\t<section class=\"grid-container\">\n\t\t<div class=\"grid-section-x-wide grid-item\">\n\t\t\t<figure class=\"flex tablet:justify-between flex-row-reverse \">\n\n\t\t\t\t<section class=\"w-full tablet:w-1\/2 flex flex-col justify-center\">\n\t\t\t\t\t<header class=\"mb-4\">\n\n\t\t\t\t\t\t<h2 class=\"text-primary-default heading-medium\">El programa<\/h2>\n\t\t\t\t\t\t\t\t\t\t\t<\/header>\n\n\n\t\t\t\t\t<main><p>El programa consiste en:<\/p>\r\n<p>\u00a0<\/p>\r\n<ul>\r\n<li>Video introductorio<\/li>\r\n<\/ul>\r\n<p style=\"padding-left: 40px;\">Una visi\u00f3n general detallada de las teor\u00edas cient\u00edficas y filos\u00f3ficas detr\u00e1s de la respiraci\u00f3n y la acci\u00f3n de respirar, as\u00ed como su importancia para el bienestar f\u00edsico, emocional y espiritual.<\/p>\r\n<p>\u00a0<\/p>\r\n<ul>\r\n<li>Video explicativo<\/li>\r\n<\/ul>\r\n<p style=\"padding-left: 40px;\">Una demostraci\u00f3n en v\u00eddeo de los sencillos ejercicios de calentamiento de \u00c9iri\u00fa Eolas y de t\u00e9cnicas adicionales de respiraci\u00f3n, incluida la respiraci\u00f3n bioenerg\u00e9tica que, cuando se practica regularmente, puede dar lugar a una profunda sanaci\u00f3n emocional, mental y ps\u00edquica. <\/p><\/main>\n\n\t\t\t\t\t\t\t\t\t\t<footer class=\"mt-16 flex flex-col tablet:flex-row items-center\">\n\t\t\t\t\t\t\t\t\t\t\t\t<a href=\"https:\/\/eiriu-eolas.org\/es\/version-en-linea\/\" class=\"button px-20 py-4 bg-secondary-default text-white rounded-2xl\">Ver programa<\/a>\n\t\t\t\t\t\t\n\t\t\t\t\t\t\t\t\t\t\t\t\t<a class=\"flex-grow text-center pt-8 tablet:p-0\" href=\"https:\/\/eiriu-eolas.org\/es\/quienes-somos\/\">Conozca mas<\/a>\n\t\t\t\t\t\t\t\t\t\t\t<\/footer>\n\t\t\t\t\t\t\t\t\t<\/section>\n\t\t\t\t<figure class=\"hidden tablet:flex flex-col justify-center\">\n\t\t\t\t\t<img decoding=\"async\" src=\"https:\/\/eiriu-eolas.org\/wp-content\/uploads\/2021\/05\/eiriu-eolas-the-program.png\" \/>\n\t\t\t\t<\/figure>\n\t\t\t<\/figure>\n\t\t<\/div>\n\t<\/section>\n<\/div>\n<\/section>\n\n\n<section id=\"ee-container-22lIws\" class=\"bg-secondary-light  py-32 flex flex-col\">\n\n\n            <div class=\"grid-container\">\n            <div class=\"grid-section-wide grid-item\">\n\n        \n\n\n<h2 class=\"text-center text-secondary-default heading-medium pb-24\">Nuestros instructores<\/h2>\n\n<section id=\"ee-instructors-container-YJE6X\" class=\"grid grid-cols-1 tablet:grid-cols-3 gap-16\">\n\n\n<figure class=\"text-center\">\n    <header class=\"flex flex-col items-center\">\n        <img decoding=\"async\" class=\"w-36 rounded-2xl\" src=\"https:\/\/eiriu-eolas.org\/wp-content\/uploads\/2018\/11\/juliana-barembuem-80x80-1.png\" \/>\n        <p class=\"font-bold mt-4\">Juliana Barembuem<\/p>\n    <\/header>\n    <main class=\"mt-8\">\n        <p>Juliana es de ascendencia argentino-italiana, Licenciada en Ling\u00fc\u00edstica y traductora e int\u00e9rprete multiling\u00fce. Ha practicado t\u00e9cnicas de yoga, respiraci\u00f3n y meditaci\u00f3n durante varios a\u00f1os antes de convertirse en instructora de \u00c9iri\u00fa Eolas en 2009. Desde entonces, ha ense\u00f1ado a cientos de estudiantes en Francia y Espa\u00f1a, tanto clases individuales como grupales, en l\u00ednea y durante talleres semanales y de mayor duraci\u00f3n. Actualmente est\u00e1 a cargo de la formaci\u00f3n de nuevos instructores.<\/p>    <\/main>\n<\/figure>\n\n\n<figure class=\"text-center\">\n    <header class=\"flex flex-col items-center\">\n        <img decoding=\"async\" class=\"w-36 rounded-2xl\" src=\"https:\/\/eiriu-eolas.org\/wp-content\/uploads\/2018\/11\/gabriela-segura-80x80-1.png\" \/>\n        <p class=\"font-bold mt-4\">Gabriela Segura<\/p>\n    <\/header>\n    <main class=\"mt-8\">\n        <p>La Dra. Gaby naci\u00f3 en el seno de una familia oriental-occidental en Costa Rica y es doctora de medicina familiar y ex-cirujana card\u00edaca. Su investigaci\u00f3n en el campo m\u00e9dico, la verdadera naturaleza de nuestro mundo y todo lo relacionado con la curaci\u00f3n la han llevado a Italia, Canad\u00e1, Francia y Espa\u00f1a. Gaby es co-anfitriona del programa \u201cThe Health and Wellness Show\u201d en SOTT.net, y sus art\u00edculos est\u00e1n publicados en el sitio health-matrix.net.<\/p>    <\/main>\n<\/figure>\n\n\n<figure class=\"text-center\">\n    <header class=\"flex flex-col items-center\">\n        <img decoding=\"async\" class=\"w-36 rounded-2xl\" src=\"https:\/\/eiriu-eolas.org\/wp-content\/uploads\/2018\/11\/irini-gregoriou-80x80-1.png\" \/>\n        <p class=\"font-bold mt-4\">Irini Gregoriu<\/p>\n    <\/header>\n    <main class=\"mt-8\">\n        <p>Irini tiene una maestr\u00eda en arteterapia y amplia experiencia cl\u00ednica en el campo de la salud mental, lo que la vuelve una persona ideal para compartir los beneficios de EE. Es instructora  desde 2010, ha ense\u00f1ado el programa a un gran n\u00famero de estudiantes, y actualmente est\u00e1 a cargo de la formaci\u00f3n de nuevos instructores. Irini es originaria de Chipre y ahora vive en Francia. Sus viajes ha diversos pa\u00edses y sus interacciones con otras culturas le han permitido comunicarse eficazmente con personas de todo el mundo.<\/p>    <\/main>\n<\/figure>\n\n\n<\/section>\n\n\n<p class=\"has-text-align-center\"><a href=\"https:\/\/eiriu-eolas.org\/es\/instructores\/\" data-type=\"page\" data-id=\"116\">Conozca todos los instructores<\/a><\/p>\n\n\n            <\/div>\n        <\/div>\n    \n\n    <\/section>\n\n\n<section id=\"ee-container-25mjmG\" class=\"bg-secondary-default  py-32 flex flex-col\">\n\n\n            <div class=\"grid-container\">\n            <div class=\"grid-section-wide grid-item\">\n\n        \n\n\n<h2 class=\"text-center text-white heading-medium pb-24\">Reservar una cita<\/h2>\n\n<div class=\"text-center w-full\">\n<a href=\"https:\/\/eiriu-eolas.org\/contact\/\" class=\"button px-20 py-4 bg-secondary-default text-white rounded-2xl secondary\">\u00a1P\u00f3ngase en contacto!<\/a>\n<\/div>\n\n            <\/div>\n        <\/div>\n    \n\n    <\/section>\n\n\n<section id=\"ee-container-Z26uDV\" class=\"bg-transparent  py-32 flex flex-col\">\n\n\n            <div class=\"grid-container\">\n            <div class=\"grid-section-x-wide grid-item\">\n\n        \n\n\n<h2 class=\"text-center text-primary-default heading-medium \">Testimonios<\/h2>\n\n<figure class=\"text-center py-20\">\n\t<blockquote class=\"italic font-bold\"><p>\u00c9iri\u00fa Eolas ha cambiado mi vida. <span class=\"highlighter-red\">Me siento m\u00e1s relajado y en control, m\u00e1s motivado e inspirado.<\/span>. Duermo mucho mejor. Este programa es ahora una parte esencial de mi vida.<\/p><\/blockquote>\n\t<figcaption>\u2014 Mike Ditka<\/figcaption>\n<\/figure>\n\n<figure class=\"text-center py-20\">\n\t<blockquote class=\"italic font-bold\"><p>El v\u00eddeo de introducci\u00f3n est\u00e1 muy bien hecho. Todas estas explicaciones y animaciones en 3D me han quedado grabados en la mente. Cada vez que respiro de la forma equivocada recuerdo la animaci\u00f3n. La informaci\u00f3n, junto con las im\u00e1genes se quedan conmigo.<\/p><\/blockquote>\n\t<figcaption>\u2014 Frank, Consultor en Inform\u00e1tica \u2014 California<\/figcaption>\n<\/figure>\n\n<figure class=\"text-center py-20\">\n\t<blockquote class=\"italic font-bold\"><p>El programa \u00c9iri\u00fa Eolas me ha ayudado a revivir y a  <span class=\"highlighter-red\">liberar gran cantidad de carga emocional.<\/span><\/p><\/blockquote>\n\t<figcaption>\u2014 Brent, T\u00e9cnico de investigaci\u00f3n gen\u00e9tica \u2014 Nueva York<\/figcaption>\n<\/figure>\n\n\n<div style=\"height:35px\" aria-hidden=\"true\" class=\"wp-block-spacer\"><\/div>\n\n\n\n<p class=\"has-text-align-center\"><a href=\"https:\/\/eiriu-eolas.org\/es\/testimonios\/\" data-type=\"URL\" data-id=\"https:\/\/eiriu-eolas.org\/testimonials\/\">Ver todos los testimonios<\/a><\/p>\n\n\n            <\/div>\n        <\/div>\n    \n\n    <\/section>\n\n\n<section id=\"ee-container-2e8DAo\" class=\"bg-primary-lightest  py-32 flex flex-col\">\n\n\n            <div class=\"grid-container\">\n            <div class=\"grid-section-x-wide grid-item\">\n\n        \n\n\n<h2 class=\"text-center text-primary-default heading-medium \">Preguntas frecuentes<\/h2>\n\n<figure class=\"text-center py-24\">\n    <div class=\"font-bold heading-x-small\">\u00bfCon qu\u00e9 frecuencia deber\u00eda practicar E\u00edri\u00fa-Eolas?<\/div>\n    <div class=\"mt-10\"><p>Generalmente se recomienda que complete el programa entero dos veces por semana y la meditaci\u00f3n diariamente, preferiblemente antes de dormir. Esto permite a su subconsciente procesarlo mientras descansa. Tambi\u00e9n, podr\u00eda practicar la Respiraci\u00f3n Tubular diariamente, si lo desea.<\/p><\/div>\n<\/figure>\n\n<figure class=\"text-center py-24\">\n    <div class=\"font-bold heading-x-small\">No puedo seguir el ritmo del conteo, \u00bfqu\u00e9 podr\u00eda hacer?<\/div>\n    <div class=\"mt-10\"><p>Si el conteo es demasiado largo o demasiado corto para usted, aj\u00fastelo a lo que le resulte m\u00e1s c\u00f3modo. Conforme llegue a ser m\u00e1s h\u00e1bil encontrar\u00e1 m\u00e1s f\u00e1cil seguir el conteo. Lo importante cuando se hace la Respiraci\u00f3n Tubular es hacer la exhalaci\u00f3n m\u00e1s larga que la inhalaci\u00f3n, y vaciar sus pulmones tan completamente como sea posible. Las pausas breves entre la inhalaci\u00f3n y la exhalaci\u00f3n son tambi\u00e9n importantes porque permiten un intercambio de gases completo en los pulmones.<\/p><\/div>\n<\/figure>\n\n<figure class=\"text-center py-24\">\n    <div class=\"font-bold heading-x-small\">\u00bfPuedo acostarme para el ejercicio de respiraci\u00f3n?<\/div>\n    <div class=\"mt-10\"><p>Acostarse est\u00e1 bien. La cuesti\u00f3n es estar tan c\u00f3modo como sea posible.<\/p><\/div>\n<\/figure>\n\n\n<div style=\"height:41px\" aria-hidden=\"true\" class=\"wp-block-spacer\"><\/div>\n\n\n\n<p class=\"has-text-align-center\"><a href=\"https:\/\/eiriu-eolas.org\/es\/preguntas-frecuentes\/\" data-type=\"page\" data-id=\"265\">Ver la guia r\u00e1pida<\/a><\/p>\n\n\n            <\/div>\n        <\/div>\n    \n\n    <\/section>","protected":false},"excerpt":{"rendered":"","protected":false},"author":1,"featured_media":0,"parent":0,"menu_order":0,"comment_status":"closed","ping_status":"open","template":"homepage-page.php","meta":{"footnotes":""},"class_list":["post-511","page","type-page","status-publish","hentry"],"_links":{"self":[{"href":"https:\/\/eiriu-eolas.org\/es\/wp-json\/wp\/v2\/pages\/511","targetHints":{"allow":["GET"]}}],"collection":[{"href":"https:\/\/eiriu-eolas.org\/es\/wp-json\/wp\/v2\/pages"}],"about":[{"href":"https:\/\/eiriu-eolas.org\/es\/wp-json\/wp\/v2\/types\/page"}],"author":[{"embeddable":true,"href":"https:\/\/eiriu-eolas.org\/es\/wp-json\/wp\/v2\/users\/1"}],"replies":[{"embeddable":true,"href":"https:\/\/eiriu-eolas.org\/es\/wp-json\/wp\/v2\/comments?post=511"}],"version-history":[{"count":3,"href":"https:\/\/eiriu-eolas.org\/es\/wp-json\/wp\/v2\/pages\/511\/revisions"}],"predecessor-version":[{"id":59004,"href":"https:\/\/eiriu-eolas.org\/es\/wp-json\/wp\/v2\/pages\/511\/revisions\/59004"}],"wp:attachment":[{"href":"https:\/\/eiriu-eolas.org\/es\/wp-json\/wp\/v2\/media?parent=511"}],"curies":[{"name":"wp","href":"https:\/\/api.w.org\/{rel}","templated":true}]}}