{"id":520,"date":"2018-08-31T05:00:17","date_gmt":"2018-08-31T05:00:17","guid":{"rendered":"https:\/\/eiriu-eolas.org\/?page_id=520"},"modified":"2021-05-13T20:00:01","modified_gmt":"2021-05-13T18:00:01","slug":"quienes-somos","status":"publish","type":"page","link":"https:\/\/eiriu-eolas.org\/es\/quienes-somos\/","title":{"rendered":"Expansi\u00f3n del conocimiento"},"content":{"rendered":"\n<p>\u201cExpansi\u00f3n del conocimiento\u201d en ga\u00e9lico irland\u00e9s<\/p>\n\n<div style=\"height:40px\" aria-hidden=\"true\" class=\"wp-block-spacer\"><\/div>\n\n<p>\u00c9iri\u00fa Eolas, el programa para el control del estr\u00e9s, la sanaci\u00f3n y el rejuvenecimiento, es el renacimiento de un antiguo programa de respiraci\u00f3n y meditaci\u00f3n que es aclamado en todo el mundo como LA HERRAMIENTA que le ayudar\u00e1 a:<\/p>\n\n<div style=\"height:40px\" aria-hidden=\"true\" class=\"wp-block-spacer\"><\/div>\n\n<ul class=\"wp-block-list\"><li>Relajarse del estr\u00e9s de la vida cotidiana<\/li><li>Procesar suavemente traumas emocionales y psicol\u00f3gicos pasados<\/li><li>Liberar emociones reprimidas y bloqueos mentales<\/li><li>Rejuvenecer y desintoxicar el cuerpo y la mente<\/li><\/ul>\n\n<div style=\"height:40px\" aria-hidden=\"true\" class=\"wp-block-spacer\"><\/div>\n\n<p>\u00c9iri\u00fa Eolas elimina las barreras que se interponen entre usted y la paz verdadera, la felicidad y, en \u00faltima instancia, una vida plena y existosa.<\/p>\n\n<div style=\"height:40px\" aria-hidden=\"true\" class=\"wp-block-spacer\"><\/div>\n\n<p>La t\u00e9cnica \u00c9iri\u00fa Eolas est\u00e1 disponible gratuitamente aqu\u00ed. Una vez que usted haya empezado a practicar \u00c9iri\u00fa Eolas, querr\u00e1 adquirir su propia copia impresa del programa. Adem\u00e1s, rogamos considere realizar una donac\u00f3n del monto que le sea posible. Para ello, visite nuestra <a href=\"http:\/\/es.eiriu-eolas.org\/store\">Tienda<\/a>. Si desea una copia impresa del programa, pero no se lo puede permitir, s\u00f3lo tiene que utilizar el <a href=\"http:\/\/es.eiriu-eolas.org\/contact\">formulario de contacto<\/a> y veremos qu\u00e9 podemos hacer para ayudarle. \u00a1Todos estamos en la misma situaci\u00f3n!<\/p>\n\n<div style=\"height:52px\" aria-hidden=\"true\" class=\"wp-block-spacer\"><\/div>\n\n\n<h2 class=\"text-center text-primary-default heading-medium pb-24\">Video introductorio<\/h2>\n<div style=\"height:20px\" aria-hidden=\"true\" class=\"wp-block-spacer\"><\/div>\n\n<p>Una visi\u00f3n general detallada de las teor\u00edas cient\u00edficas y filos\u00f3ficas detr\u00e1s de la respiraci\u00f3n y la acci\u00f3n de respirar, as\u00ed como su importancia para el bienestar f\u00edsico, emocional y espiritual. Al final de la introducci\u00f3n, usted aprender\u00e1 una antigua t\u00e9cnica de respiraci\u00f3n que lo conducir\u00e1 tan r\u00e1pida y f\u00e1cilmente a sentirse tranquilo y relajado que cualquiera puede practicarla -desde pilotos de l\u00edneas a\u00e9reas hasta camareras, desde ejecutivos de empresas hasta maestros de preescolar- en todo lugar, en todo momento. Esta t\u00e9cnica de repiraci\u00f3n es la Llave M\u00e1gica para reducir y controlar el stress de forma instant\u00e1nea.<\/p>\n\n<div style=\"height:40px\" aria-hidden=\"true\" class=\"wp-block-spacer\"><\/div>\n\n\n<h2 class=\"text-center text-primary-default heading-medium pb-24\">Video explicativo<\/h2>\n<p>Una demostraci\u00f3n en v\u00eddeo de los sencillos ejercicios de calentamiento de \u00c9iri\u00fa Eolas y de t\u00e9cnicas adicionales de respiraci\u00f3n, incluida la respiraci\u00f3n bioenerg\u00e9tica que, cuando se practica regularmente, puede dar lugar a una profunda sanaci\u00f3n emocional, mental y ps\u00edquica. Usted tambi\u00e9n aprender\u00e1 La respiraci\u00f3n en tres etapas y La Oraci\u00f3n del Alma. Durante a\u00f1os, estas t\u00e9cnicas constituyeron el secreto de los yoguis y de los terapeutas que trataban heridas profundas -dos tipos de profesionales que podr\u00edamos considerar como los precursores de m\u00e9todos cuya eficacia se ha realmente demostrado. Este es un programa para todo el mundo: \u00a1tiene fundamentos cient\u00edficos, est\u00e1 comprobado, y funciona!<\/p>\n\n<div style=\"height:40px\" aria-hidden=\"true\" class=\"wp-block-spacer\"><\/div>\n\n\n<h2 class=\"text-center text-primary-default heading-medium pb-24\">Audio<\/h2>\n<p>Una pista de audio (en versi\u00f3n original, con im\u00e1genes relajantes y subt\u00edtulos, o bien en su versi\u00f3n doblada al espa\u00f1ol) dise\u00f1ada para guiarlo en la pr\u00e1ctica de la respiraci\u00f3n que le cambiar\u00e1 la vida. Este audio culmina en La Oraci\u00f3n del Alma: no-confesional, no-sectaria, la oraci\u00f3n cient\u00edfica \u2013 un logro extraordinario en nuestros tiempos.<\/p>\n\n<div style=\"height:40px\" aria-hidden=\"true\" class=\"wp-block-spacer\"><\/div>\n\n<p class=\"has-text-align-center\"><strong><a href=\"https:\/\/eiriu-eolas.org\/es\/version-en-linea\/\">Para ver la versi\u00f3n en l\u00ednea, \u00a1haga click aqu\u00ed!<\/a><\/strong><\/p>\n\n<div style=\"height:40px\" aria-hidden=\"true\" class=\"wp-block-spacer\"><\/div>\n\n<p>Te invitamos a compartir este programa y estas t\u00e9cnicas de respiraci\u00f3n con todas las personas que quieras.<\/p>\n\n<div style=\"height:40px\" aria-hidden=\"true\" class=\"wp-block-spacer\"><\/div>\n","protected":false},"excerpt":{"rendered":"<p>\u201cExpansi\u00f3n del conocimiento\u201d en ga\u00e9lico irland\u00e9s \u00c9iri\u00fa Eolas, el programa para el control del estr\u00e9s, la sanaci\u00f3n y el rejuvenecimiento, es el renacimiento de un antiguo programa de respiraci\u00f3n y meditaci\u00f3n que es aclamado en todo el mundo como LA HERRAMIENTA que le ayudar\u00e1 a: Relajarse del estr\u00e9s de la vida cotidiana Procesar suavemente traumas [&hellip;]<\/p>\n","protected":false},"author":1,"featured_media":0,"parent":0,"menu_order":0,"comment_status":"closed","ping_status":"closed","template":"","meta":{"footnotes":""},"class_list":["post-520","page","type-page","status-publish","hentry"],"_links":{"self":[{"href":"https:\/\/eiriu-eolas.org\/es\/wp-json\/wp\/v2\/pages\/520","targetHints":{"allow":["GET"]}}],"collection":[{"href":"https:\/\/eiriu-eolas.org\/es\/wp-json\/wp\/v2\/pages"}],"about":[{"href":"https:\/\/eiriu-eolas.org\/es\/wp-json\/wp\/v2\/types\/page"}],"author":[{"embeddable":true,"href":"https:\/\/eiriu-eolas.org\/es\/wp-json\/wp\/v2\/users\/1"}],"replies":[{"embeddable":true,"href":"https:\/\/eiriu-eolas.org\/es\/wp-json\/wp\/v2\/comments?post=520"}],"version-history":[{"count":2,"href":"https:\/\/eiriu-eolas.org\/es\/wp-json\/wp\/v2\/pages\/520\/revisions"}],"predecessor-version":[{"id":58988,"href":"https:\/\/eiriu-eolas.org\/es\/wp-json\/wp\/v2\/pages\/520\/revisions\/58988"}],"wp:attachment":[{"href":"https:\/\/eiriu-eolas.org\/es\/wp-json\/wp\/v2\/media?parent=520"}],"curies":[{"name":"wp","href":"https:\/\/api.w.org\/{rel}","templated":true}]}}