{"id":537,"date":"2018-09-02T04:05:33","date_gmt":"2018-09-02T04:05:33","guid":{"rendered":"https:\/\/eiriu-eolas.org\/?page_id=537"},"modified":"2021-05-13T21:24:28","modified_gmt":"2021-05-13T19:24:28","slug":"preguntas-frecuentes","status":"publish","type":"page","link":"https:\/\/eiriu-eolas.org\/es\/preguntas-frecuentes\/","title":{"rendered":"La guia r\u00e1pida de \u00c9iri\u00fa Eolas"},"content":{"rendered":"\n<p><strong>Renuncia de responsabilidad legal:<\/strong><\/p>\n\n<p>La respiraci\u00f3n bio-energ\u00e9tica (respiraci\u00f3n circular), o Beatha, est\u00e1 contraindicada en casos de embarazo, epilepsia, trastornos bipolares u otros desequilibrios qu\u00edmicos. Todas las dem\u00e1s partes del programa de Respiraci\u00f3n y Meditaci\u00f3n E\u00edri\u00fa Eolas pueden ser practicadas con estas condiciones.<\/p>\n\n\n<h2 class=\"text-center text-primary-default heading-medium pb-24\">Introducci\u00f3n<\/h2>\n<p>Bienvenido al sistema de Respiraci\u00f3n y Meditaci\u00f3n E\u00edri\u00fa Eolas. Practicando esta antigua t\u00e9cnica de respiraci\u00f3n y meditaci\u00f3n revivida en el siglo 21, usted se est\u00e1 embarcando en un excitante viaje de descubrimiento. E\u00edri\u00fa-Eolas es la principal herramienta de esta \u00e9poca que le ayudar\u00e1 a relajarse y a trabajar suavemente a trav\u00e9s de traumas psicol\u00f3gicos y emocionales, liberando las emociones reprimidas y los bloqueos mentales que se interponen entre usted y una exitosa, vida plena.<\/p>\n\n<p>Es importante llevar a cabo los ejercicios de calentamiento tal y como son dados en el Disco 2. Estos incrementan la capacidad pulmonar, su circulaci\u00f3n y mejorar\u00e1n enormemente su experiencia con E\u00edri\u00fa-Eolas. Si usted est\u00e1 actualmente siguiendo un sistema de actividad f\u00edsica que incorpore estiramientos y flexibilidad, como el yoga, esta parte podr\u00eda ser modificada a conveniencia o podr\u00eda ser eliminada.<\/p>\n\n\n<h2 class=\"text-center text-primary-default heading-medium pb-24\">Respiraci\u00f3n Tubular<\/h2>\n<p>La Respiraci\u00f3n Tubular es usada para estimular el nervio vago y es practicada en tres etapas con el fin de usar todos los pulmones. Estimular el nervio vago es como pulsar el interruptor de apagado para su respuesta de stress. La constricci\u00f3n de la glotis (caja de voz), casi pero no hasta el punto de producir sonido, causa la estimulaci\u00f3n de la parte del nervio vago que pasa entre la traquea y el es\u00f3fago. Practique de modo que usted pueda llegar a esa constricci\u00f3n de la glotis mientras inhala para conseguir una mayor relajaci\u00f3n. La estimulaci\u00f3n mayor del nervio vago ocurre durante la exhalaci\u00f3n siendo este el motivo por el cual la Respiraci\u00f3n Tubular de E\u00edri\u00fa-Eolas requiere una extensa exhalaci\u00f3n.<\/p>\n\n\n<h2 class=\"text-center text-primary-default heading-medium pb-24\">La Respiraci\u00f3n del Guerrero<\/h2>\n<p>Con la Respiraci\u00f3n del Guerrero se busca limpiar los pulmones de viejo, aire estancado. Fortalece los m\u00fasculos involucrados en hacer una buena exhalaci\u00f3n como preparaci\u00f3n para la siguiente parte del programa. Podr\u00eda encontrar sus lados un poco doloridos la primera vez que practique este ejercicio. Los m\u00fasculos se fortalecer\u00e1n r\u00e1pidamente y este dolor pasar\u00e1. Vocalizar \u201cJa!\u201d ayuda a hacer la exhalaci\u00f3n m\u00e1s completa. Tambi\u00e9n es buena para salir de la frustraci\u00f3n. \u00a1A los ni\u00f1os les encanta hacer la Respiraci\u00f3n del Guerrero!<\/p>\n\n\n<h2 class=\"text-center text-primary-default heading-medium pb-24\">Respiraci\u00f3n Bio-energ\u00e9tica<\/h2>\n<p>La Respiraci\u00f3n Bio-energ\u00e9tica, o respiraci\u00f3n circular, es utilizada a nivel f\u00edsico oxigenando su cuerpo para procesar mejor las toxinas f\u00edsicas. A nivel emocional, la Respiraci\u00f3n Bio-energ\u00e9tica comienza delicadamente el proceso de liberaci\u00f3n de capas de toxicidad emocional. Conforme estas capas se vayan limpiando, se encontrar\u00e1 a usted mismo capaz de pensar m\u00e1s claramente y permanecer en calma en situaciones estresantes, permiti\u00e9ndole responder de una forma eficiente y armoniosa.<\/p>\n\n\n<h2 class=\"text-center text-primary-default heading-medium pb-24\">Meditaci\u00f3n (Oraci\u00f3n del Alma)<\/h2>\n<p>Los ejercicios de respiraci\u00f3n son una preparaci\u00f3n deliberada para la meditaci\u00f3n, la cual es el coraz\u00f3n del sistema E\u00edri\u00fa-Eolas. La meditaci\u00f3n se realiza con \u201csemilla\u201d, lo cual significa que no es autom\u00e1tica ni carece de objetivo. La semilla, titulada \u201cOraci\u00f3n del Alma\u201d, ha sido cuidadosamente compuesta para ser ilimitada en su aplicaci\u00f3n en la vida y crear una base subconsciente positiva, pensamientos alentadores que afirman la vida en su mente aquietada.La oraci\u00f3n se refiere a la Divina Mente C\u00f3smica, que es existencia en si misma. Si usted desea referirse a la Divina Mente C\u00f3smica en t\u00e9rminos m\u00e1s familiares como Jes\u00fas, Buda, Al\u00e1, Krisna etc. tambi\u00e9n esta bien.<\/p>\n\n<p>Una personificaci\u00f3n divina podr\u00eda no ser parte de su visi\u00f3n, usted podr\u00eda incluso mirar su propio \u201cmejor yo\u201d como referencia. La Oraci\u00f3n del Alma esta deliberadamente confeccionada para ser universalmente aplicable a todas las filosof\u00edas personales.&#13;\n<\/p>\n\n<p>Es mejor practicar primero ejercitando su diafragma y efectuar la Respiraci\u00f3n Tubular. Entonces a\u00f1ada m\u00e1s al programa conforme usted se vaya sintiendo c\u00f3modo. Mantenga en mente que usted inspira a trav\u00e9s de la nariz y exhala por la boca. Esto se aplica al programa entero!<\/p>\n\n\n<h2 class=\"text-center text-primary-default heading-medium pb-24\">Preguntas frecuentes<\/h2><figure class=\"text-center py-24\">\n    <div class=\"font-bold heading-x-small\">\u00bfCon qu\u00e9 frecuencia deber\u00eda practicar E\u00edri\u00fa-Eolas?<\/div>\n    <div class=\"mt-10\"><p>Generalmente se recomienda que complete el programa entero dos veces por semana y la meditaci\u00f3n diariamente, preferiblemente antes de dormir. Esto permite a su subconsciente procesarlo mientras descansa. Tambi\u00e9n, podr\u00eda practicar la Respiraci\u00f3n Tubular diariamente, si lo desea. La comunidad mundial E\u00edri\u00fa-Eolas ha elegido las tardes de los lunes y jueves para practicar el programa completo, cada uno en su propia franja horaria. Si est\u00e1 enfermo o tratando con un problema espec\u00edfico, usted podr\u00eda querer completar el programa diariamente durante un tiempo.<\/p><\/div>\n<\/figure><figure class=\"text-center py-24\">\n    <div class=\"font-bold heading-x-small\">No puedo seguir el ritmo del conteo, \u00bfqu\u00e9 podr\u00eda hacer?<<\/div>\n    <div class=\"mt-10\"><p>Si el conteo es demasiado largo o demasiado corto para usted, aj\u00fastelo a lo que le resulte m\u00e1s c\u00f3modo. Conforme llegue a ser m\u00e1s h\u00e1bil encontrar\u00e1 m\u00e1s f\u00e1cil seguir el conteo. Lo importante cuando se hace la Respiraci\u00f3n Tubular es hacer la exhalaci\u00f3n m\u00e1s larga que la inhalaci\u00f3n, y vaciar sus pulmones tan completamente como sea posible. Las pausas breves entre la inhalaci\u00f3n y la exhalaci\u00f3n son tambi\u00e9n importantes porque permiten un intercambio de gases completo en los pulmones.<\/p><\/div>\n<\/figure><figure class=\"text-center py-24\">\n    <div class=\"font-bold heading-x-small\">\u00bfPuedo acostarme para el ejercicio de respiraci\u00f3n?<\/div>\n    <div class=\"mt-10\"><p>Acostarse est\u00e1 bien. La cuesti\u00f3n es estar tan c\u00f3modo como sea posible.<\/p><\/div>\n<\/figure><figure class=\"text-center py-24\">\n    <div class=\"font-bold heading-x-small\">\u00bfPuede hacerse la respiraci\u00f3n en tres-etapas sin las posiciones de los brazos?<\/div>\n    <div class=\"mt-10\"><p>Las tres posiciones de los brazos para la Respiraci\u00f3n Tubular le permite progresivamente usar la totalidad de los pulmones.<\/p><\/div>\n<\/figure><figure class=\"text-center py-24\">\n    <div class=\"font-bold heading-x-small\">He tenido problemas principalmente al sentarme con las piernas cruzadas durante un largo periodo de tiempo. Mis piernas se duermen y empiezan a molestarme. \u00bfPuedo hacer el programa en otra posici\u00f3n?<\/div>\n    <div class=\"mt-10\"><p>Seguro. Puede intentar sentarse en una silla, por ejemplo. Lo importante es encontrar una posici\u00f3n que sea c\u00f3moda para usted. Las chicas del video practican Yoga e incluso ellas en algunas ocasiones hacen el programa en una silla o tumbadas.<\/p><\/div>\n<\/figure><figure class=\"text-center py-24\">\n    <div class=\"font-bold heading-x-small\">Tengo dificultades respirando con el est\u00f3mago y no se eleva como deber\u00eda. \u00bfAlg\u00fan consejo?<\/div>\n    <div class=\"mt-10\"><p>Compruebe que est\u00e1 moviendo el diafragma correctamente. Es necesario empujar hacia abajo cuando inspira mientras sus costillas se elevan, entonces se relaja y sube (se destensa) adoptando la forma de un domo cuando exhala para expulsar el aire viejo acumulado. Deber\u00eda venir naturalmente una vez usted practique la respiraci\u00f3n durante un tiempo y usted haya llegado a estar familiarizado con el movimiento. Vea las im\u00e1genes del diafragma en el DVD introductorio e intente conseguir la sensaci\u00f3n de la posici\u00f3n, acci\u00f3n, y sentimiento de su diafragma. Con un poco de pr\u00e1ctica, deber\u00eda ser capaz de sentir su diafragma presionando hacia abajo y aplan\u00e1ndose conforme inspira.<\/p>\r\n<p>Otro problema podr\u00eda ser su postura. Intente hacer algunos ejercicios simples de respiraci\u00f3n mientras est\u00e1 de pie. Recuerde mantener sus hombros relajados.<\/p>\r\n<p>Si usted siente sobre tensi\u00f3n en sus costillas, cuello, espalda u otra \u00e1rea mientras hace la respiraci\u00f3n, esto significa que est\u00e1 haciendo m\u00e1s de lo que su cuerpo puede manejar en estos momentos. Si no ha practicado este tipo de respiraci\u00f3n con anterioridad, deber\u00eda ser cuidadoso y suavemente facilitarse su introducci\u00f3n a la pr\u00e1ctica.<\/p><\/div>\n<\/figure><figure class=\"text-center py-24\">\n    <div class=\"font-bold heading-x-small\">Estoy teniendo problemas inhalando durante todo el conteo. \u00bfNecesito hacer esto?<\/div>\n    <div class=\"mt-10\"><p>Si la cuenta no es demasiado larga para usted entonces si, intente inspirar durante toda la cuenta. Si no es as\u00ed h\u00e1galo lo mejor que pueda de modo que usted pueda trabajar gradualmente sobre el tiempo a su propia forma hasta que llegue al conteo completo. Los ni\u00f1os, por ejemplo, tienen una menor capacidad pulmonar y podr\u00edan no ser capaces de inhalar durante todo el conteo.<\/p><\/div>\n<\/figure><figure class=\"text-center py-24\">\n    <div class=\"font-bold heading-x-small\">\u00bfPorqu\u00e9 es importante inspirar por la nariz y exhalar por la boca durante todo el programa?<\/div>\n    <div class=\"mt-10\"><p>Hay terminaciones nerviosas en la parte superior del paso de la faringe que, cuando son acariciadas con el aire que viaja en la misma direcci\u00f3n, sincronizar\u00e1n ambas mitades del cerebro. Entonces si usted exhala y el aire cambia de direcci\u00f3n a trav\u00e9s de esas terminaciones nerviosas, se interrumpe la sincron\u00eda. Esta es una t\u00e9cnica que es usada en la hipnoterapia para calmar y tranquilizar el cerebro.<\/p><\/div>\n<\/figure><figure class=\"text-center py-24\">\n    <div class=\"font-bold heading-x-small\">No parece estar ocurriendo nada. \u00bfEstoy haci\u00e9ndolo correctamente?<\/div>\n    <div class=\"mt-10\"><p>Los beneficios y efectos del sistema E\u00edri\u00fa-Eolas pueden estar ocurriendo bajo la superficie durante alg\u00fan tiempo antes de que las cosas sean procesadas, sea o no consciente de ello. Si usted intenta tener otra \u201cintenci\u00f3n\u201d que la de asimilar los conceptos de la oraci\u00f3n (los cuales est\u00e1n dise\u00f1ados para no constre\u00f1ir la actividad del subconsciente) o si usted intenta a\u00f1adir \u201caccesorios y florituras\u201d, usted podr\u00eda estar eludiendo los beneficios positivos del sistema de respiraci\u00f3n y meditaci\u00f3n E\u00edri\u00fa-Eolas.<\/p><\/div>\n<\/figure>\n\n<h2 class=\"text-center text-primary-default heading-medium pb-24\">S\u00edntomas comunes y experiencias<\/h2>\n<ul class=\"wp-block-list\"><li>Disminuci\u00f3n del dolor en las articulaciones<\/li><li>Disminuci\u00f3n de espasmos musculares<\/li><li>Sentirse refrescado y\/o sue\u00f1o profundo<\/li><li>Sentirse energetizado<\/li><li>Aumento de la relajaci\u00f3n<\/li><li>Experimentar sensaci\u00f3n de calor<\/li><li>Experimentar sensaci\u00f3n de una luz blanca rodeando a uno<\/li><li>Disminuci\u00f3n del ritmo cardiaco<\/li><li>Sue\u00f1os intensos y detallados (ver m\u00e1s adelante para detalles)<\/li><li>Evagaci\u00f3n, dificultad para permanecer despierto durante los ejercicios de respiraci\u00f3n y editaci\u00f3n (ver m\u00e1s adelante para detalles)<\/li><li>Sensaci\u00f3n en el plexo solar<\/li><li>umbido en los o\u00eddos<\/li><li>Cosquilleo o entumecimiento en brazos, piernas, labios (efectos laterales comunes de la hiperventilaci\u00f3n)<\/li><li>Sentimientos de alegr\u00eda y euforia<\/li><li>Cambio en el apetito (reducci\u00f3n del deseo de comidas que son incompatibles con su cuerpo)<\/li><li>Hambre despu\u00e9s de la respiraci\u00f3n y meditaci\u00f3n<\/li><li>Estallidos de risa inesperados<\/li><li>Dolor abdominal, dolores agudos en el cuerpo (s\u00edntoma de \u00f3rganos que est\u00e1n llegando a ser m\u00e1s funcionales de nuevo)<\/li><li>Aumento de la frecuencia cardiaca<\/li><li>Interrupciones internas y externas durante la respiraci\u00f3n y la meditaci\u00f3n<\/li><li>Sudar<\/li><li>Ojos acuosos<\/li><li>Deseo de llorar (ver m\u00e1s alante para detalles)<\/li><li>Depresi\u00f3n (puede durar un par de semanas, s\u00f3lo temporalmente)<\/li><li>Ira, desproporcionada hacia situaciones (ver m\u00e1s adelante para detalles)<\/li><li>Sentimientos de desconexi\u00f3n del mundo (temporal)<\/li><li>Confusi\u00f3n, irritaci\u00f3n (temporal)<\/li><li>Percibir im\u00e1genes durante la meditaci\u00f3n (intente no estar demasiado distra\u00eddo por esto, es su mente expresando simb\u00f3licamente lo que estaba suprimido en su subconsciente)<\/li><li>Consciencia, sentidos y pensamientos m\u00e1s agudos; percepci\u00f3n de estar en el presente.<\/li><\/ul>\n\n<div style=\"height:48px\" aria-hidden=\"true\" class=\"wp-block-spacer\"><\/div>\n\n\n<h2 class=\"text-center text-primary-default heading-medium pb-24\">Preguntas sobre s\u00edntomas y experiencias<\/h2><figure class=\"text-center py-24\">\n    <div class=\"font-bold heading-x-small\">\u00bfPor qu\u00e9 estoy tan hambriento?<\/div>\n    <div class=\"mt-10\"><p>La Respiraci\u00f3n Tubular estimula el nervio vago, el cual a su vez afecta su hambre.\r\n\r\nComo el cerebro sabe cuando parar de comer \u2013 el nervio vago responde de forma distinta a cada nutriente para decodificar qu\u00e9 y cuanto ha sido ingerido:\r\n\r\nGary J. Schwartz de las instituciones m\u00e9dicas de Johns Hopkins en Baltimore encuentra que el nervio vago, que lleva la comunicaci\u00f3n de dos v\u00edas entre el intestino y el cerebro, transmite de forma diferente los distintos patrones de se\u00f1ales el\u00e9ctricas en respuesta a carbohidratos y a prote\u00ednas en el intestino.<\/p>\r\n<p>ay otro componente de la reacci\u00f3n del nervio vago a las prote\u00ednas. Schwartz sospecha que hormonas como los p\u00e9ptidos producidos en el intestino como respuesta a la comida son responsables de amplificar las se\u00f1ales provocadas por los movimientos del est\u00f3mago y el intestino delgado.\r\n<p> How the brain knows when eating must stop, <a href=\"http:\/\/findarticles.com\/p\/articles\/mi_m1200\/is_n22_v150\/ai_18947098\/\">Janet Raloff, Science News,<\/a><br data-rich-text-line-break=\"true\" \/>1996<\/p><\/div>\n<\/figure><figure class=\"text-center py-24\">\n    <div class=\"font-bold heading-x-small\">Durante la respiraci\u00f3n y meditaci\u00f3n, s\u00fabitamente entro en un estado de sue\u00f1o donde ya no oigo el audio. Tan pronto como me doy cuenta de ello instant\u00e1neamente salgo de ese estado. \u00bfDeber\u00eda volver a empezar el programa cuando esto ocurre?<\/div>\n    <div class=\"mt-10\"><p>No necesita volver a empezar el programa. Esto es llamado Evagaci\u00f3n . Es perfectamente normal y una buena se\u00f1al de que algo est\u00e1 ocurriendo. Es una buena se\u00f1al de que su subconsciente est\u00e1 empezando a procesar y curar.<\/p><\/div>\n<\/figure><figure class=\"text-center py-24\">\n    <div class=\"font-bold heading-x-small\">Estoy experimentando fr\u00edo y s\u00edntomas como de gripe (fiebre, escalofr\u00edos, dolores, fatiga) como resultado de practicar el programa. \u00bfPor qu\u00e9 est\u00e1 ocurriendo esto?<\/div>\n    <div class=\"mt-10\"><p>El programa desintoxica no s\u00f3lo emocionalmente sino f\u00edsicamente. Al poner en marcha el nervio vago y empezar a poner las cosas en movimiento despu\u00e9s de a\u00f1os respaldando un pozo ciego f\u00edsico, puede ser como un agujero en el dique que se hace muy grande muy r\u00e1pidamente. Si est\u00e1 sufriendo s\u00edntomas f\u00edsicos es posible que sea una reacci\u00f3n Herxheimer. Esto ocurre cuando su cuerpo est\u00e1 desalojando toxinas a una velocidad m\u00e1s r\u00e1pida de lo que puede.<\/p>\r\n<p>Si est\u00e1 experimentando s\u00edntomas que son demasiado para lo que usted puede soportar, entonces le recomendamos no realizar el programa m\u00e1s de dos veces por semana y practicar solamente la Respiraci\u00f3n Tubular y la meditaci\u00f3n por ahora, omitiendo la Respiraci\u00f3n del Guerrero y la Respiraci\u00f3n Bio-energ\u00e9tica.\r\n\r\nComo la ingesti\u00f3n de su dieta y complementos ayudar\u00e1 en este proceso, recomendamos altamente los siguientes libros de Dieta y Salud:<\/p>\r\n<ul>\r\n<li>The Ultra Simple Diet, Mark Hyman<\/li>\r\n<li>Detoxify or Die, Sherry Rogers<\/li>\r\n<li>What Your Doctor May Not Tell You About Autoimmune Disorders, Stephen B. Edelson<br \/>and Deborah Mitchell<\/li>\r\n<li>Treating and Beating Fibromyalgia and Chronic Fatigue Syndrome, Rodger Murphree<\/li>\r\n<\/ul>\r\n\r\n(Libros en ingles)<\/div>\n<\/figure><figure class=\"text-center py-24\">\n    <div class=\"font-bold heading-x-small\">\u00bfPor qu\u00e9 estoy experimentando tanta ira y tristeza?<\/div>\n    <div class=\"mt-10\"><p>Esto es bastante normal y es una se\u00f1al de que el programa est\u00e1 funcionando. Si usted est\u00e1 experimentando ira, mantenga una almohada cerca mientras hace el programa de modo que pueda golpearla cuando se sienta as\u00ed. Recuerde, usted est\u00e1 sacando a la superficie y procesando antiguas emociones que est\u00e1n atascadas en su subconsciente y tejidos corporales. Una vez sean liberadas, ya no controlar\u00e1n su pensamiento y\/o elecciones de su vida. Tambi\u00e9n tenga en mente que el sistema de respiraci\u00f3n y&nbsp; meditaci\u00f3n E\u00edri\u00fa-Eolas es la manera m\u00e1s eficiente, efectiva y menos dolorosa de tratar con estos aspectos, al utilizar retroactivamente el propio mecanismo del cuerpo para controlar el estr\u00e9s<strong>.<\/strong>. Usted podr\u00eda pasar a\u00f1os en psicoterapia y nunca tener los mismos resultados que puede conseguir simplemente con unos pocos meses de pr\u00e1ctica del sistema E\u00edri\u00fa-Eolas.<\/p><\/div>\n<\/figure><figure class=\"text-center py-24\">\n    <div class=\"font-bold heading-x-small\">\u00bfC\u00f3mo puedo continuar con el sistema cuando comienzo a llorar?. Mi reacci\u00f3n normal es aguantar la respiraci\u00f3n.<\/div>\n    <div class=\"mt-10\"><p>Usted puede llorar tanto como necesite, entonces reanude el programa una vez haya terminado de llorar.<\/p><\/div>\n<\/figure><figure class=\"text-center py-24\">\n    <div class=\"font-bold heading-x-small\">\u00bfPor qu\u00e9 experimento sue\u00f1os terror\u00edficos despu\u00e9s de hacer el programa?<\/div>\n    <div class=\"mt-10\"><p>Es su centro emocional que sue\u00f1a. Los sue\u00f1os terror\u00edficos o desagradables son de hecho sus emociones negativas suprimidas saliendo a la superficie. Bastante a menudo procesar\u00e1 esto so\u00f1\u00e1ndolo, aunque esta es una entre algunas de las formas en las que podr\u00eda ser procesado. Lo que funciona bien para un individuo podr\u00eda diferir respecto a lo que funciona mejor para otro. Todo el mundo es diferente y tiene cosas distintas enterradas en su interior.<\/p><\/div>\n<\/figure>\n\n<h2 class=\"text-center text-primary-default heading-medium pb-24\">Beneficios a largo plazo<\/h2>\n<p>Conforme continua practicando el sistema E\u00edri\u00fa-Eolas, usted abrazar\u00e1 una nueva cualidad de energ\u00eda, rango e iniciativa. Usted llegar\u00e1 a ser fuerte en \u00e1reas donde una vez fue d\u00e9bil. Experimentar\u00e1 la gu\u00eda constante de su yo superior. Esta gu\u00eda ser\u00e1 activa en el trabajo de sus manos y las palabras de su boca. Sentir\u00e1 esta gu\u00eda en forma de protecci\u00f3n, aso como tambi\u00e9n tendr\u00e1 la habilidad para percibir el peligro con una mayor capacidad que antes. Su yo superior le guiar\u00e1 para adquirir el conocimiento que necesita a nivel pr\u00e1ctico para protegerse a si mismo de da\u00f1o innecesario.&#13;\n&#13;\nUsted es bienvenido a visitar el sitio web de E\u00edri\u00fa-Eolas para acceder al foro de discusi\u00f3n, donde usted puede conocer e interactuar con otros en este mismo excitante camino. Profesores de E\u00edri\u00fa-Eolas est\u00e1n siempre disponibles para responder sus preguntas tanto en su comunidad local como en l\u00ednea.<\/p>\n","protected":false},"excerpt":{"rendered":"<p>Renuncia de responsabilidad legal: La respiraci\u00f3n bio-energ\u00e9tica (respiraci\u00f3n circular), o Beatha, est\u00e1 contraindicada en casos de embarazo, epilepsia, trastornos bipolares u otros desequilibrios qu\u00edmicos. Todas las dem\u00e1s partes del programa de Respiraci\u00f3n y Meditaci\u00f3n E\u00edri\u00fa Eolas pueden ser practicadas con estas condiciones. Bienvenido al sistema de Respiraci\u00f3n y Meditaci\u00f3n E\u00edri\u00fa Eolas. Practicando esta antigua t\u00e9cnica [&hellip;]<\/p>\n","protected":false},"author":1,"featured_media":0,"parent":0,"menu_order":0,"comment_status":"closed","ping_status":"closed","template":"","meta":{"footnotes":""},"class_list":["post-537","page","type-page","status-publish","hentry"],"_links":{"self":[{"href":"https:\/\/eiriu-eolas.org\/es\/wp-json\/wp\/v2\/pages\/537","targetHints":{"allow":["GET"]}}],"collection":[{"href":"https:\/\/eiriu-eolas.org\/es\/wp-json\/wp\/v2\/pages"}],"about":[{"href":"https:\/\/eiriu-eolas.org\/es\/wp-json\/wp\/v2\/types\/page"}],"author":[{"embeddable":true,"href":"https:\/\/eiriu-eolas.org\/es\/wp-json\/wp\/v2\/users\/1"}],"replies":[{"embeddable":true,"href":"https:\/\/eiriu-eolas.org\/es\/wp-json\/wp\/v2\/comments?post=537"}],"version-history":[{"count":2,"href":"https:\/\/eiriu-eolas.org\/es\/wp-json\/wp\/v2\/pages\/537\/revisions"}],"predecessor-version":[{"id":58990,"href":"https:\/\/eiriu-eolas.org\/es\/wp-json\/wp\/v2\/pages\/537\/revisions\/58990"}],"wp:attachment":[{"href":"https:\/\/eiriu-eolas.org\/es\/wp-json\/wp\/v2\/media?parent=537"}],"curies":[{"name":"wp","href":"https:\/\/api.w.org\/{rel}","templated":true}]}}