{"id":540,"date":"2018-09-02T04:14:51","date_gmt":"2018-09-02T04:14:51","guid":{"rendered":"https:\/\/eiriu-eolas.org\/?page_id=540"},"modified":"2021-05-12T03:49:00","modified_gmt":"2021-05-12T01:49:00","slug":"testimonios","status":"publish","type":"page","link":"https:\/\/eiriu-eolas.org\/es\/testimonios\/","title":{"rendered":"Testimonios"},"content":{"rendered":"<figure class=\"text-center py-20\">\n\t<blockquote class=\"italic font-bold\"><p>El v\u00eddeo de introducci\u00f3n est\u00e1 muy bien hecho. Todas estas explicaciones y animaciones en 3D me han quedado grabados en la mente. Cada vez que respiro de la forma equivocada recuerdo la animaci\u00f3n. La informaci\u00f3n, junto con las im\u00e1genes se quedan conmigo<\/p><\/blockquote>\n\t<figcaption>\u2014 Frank, consultor en Inform\u00e1tica \u2014 California<\/figcaption>\n<\/figure><figure class=\"text-center py-20\">\n\t<blockquote class=\"italic font-bold\"><p>El programa \u00c9iri\u00fa Eolas me ha ayudado a revivir y a liberar gran cantidad de carga emocional..<\/p><\/blockquote>\n\t<figcaption>\u2014 Brent, t\u00e9cnico de investigaci\u00f3n gen\u00e9tica \u2014 New York<\/figcaption>\n<\/figure><figure class=\"text-center py-20\">\n\t<blockquote class=\"italic font-bold\"><p>Mi enojo se ha mitigado MUCHO. \u00a1Buen\u00edsimo! Mi o\u00eddo parece haber mejorado tambi\u00e9n. Mi apetito ha aumentado sin ning\u00fan aumento de peso (otro \u00a1Buen\u00edsimo!).<\/p><\/blockquote>\n\t<figcaption>\u2014 Margaret, auxiliar administrativa \u2014 Texas<\/figcaption>\n<\/figure><figure class=\"text-center py-20\">\n\t<blockquote class=\"italic font-bold\"><p>Es como sentirse \u201cm\u00e1s limpio\u201d; es la expresi\u00f3n m\u00e1s cercana que pude encontrar para describir esta sensaci\u00f3n.<\/p><\/blockquote>\n\t<figcaption>\u2014 Amokrane, astr\u00f3nomo \u2014 Chile<\/figcaption>\n<\/figure><figure class=\"text-center py-20\">\n\t<blockquote class=\"italic font-bold\"><p>Hoy, el proceso incluy\u00f3 l\u00e1grimas sanadoras al recordar ciertos patrones en mi vida de sucesos en los que sufr\u00ed alguna p\u00e9rdida y abandono. Todo acerca de la experiencia fue totalmente misericordioso. Me siento tan bendecida por haberme topado con el regalo de \u00c9iri\u00fa Eolas<\/p><\/blockquote>\n\t<figcaption>\u2014 Elizabeth, estudiante \u2014 Missouri<\/figcaption>\n<\/figure><figure class=\"text-center py-20\">\n\t<blockquote class=\"italic font-bold\"><p>La t\u00e9cnica de respiraci\u00f3n es una gran herramienta para los ni\u00f1os, porque pueden practicarla en todo lugar y parece funcionar de verdad.<\/p><\/blockquote>\n\t<figcaption>\u2014 Jane, Smaestra de escuela de segundo grado\u2014 Carolina del Norte<\/figcaption>\n<\/figure><figure class=\"text-center py-20\">\n\t<blockquote class=\"italic font-bold\"><p>Estoy tanto alerta como relajado la mayor parte del tiempo<\/p><\/blockquote>\n\t<figcaption>\u2014 Mike, cineasta \u2014 Armenia<\/figcaption>\n<\/figure><figure class=\"text-center py-20\">\n\t<blockquote class=\"italic font-bold\"><p>Mi experiencia al practicar <\/em><em>\u00c9iri\u00fa Eolas<\/em><em> es siempre dichosa, en especial la respiraci\u00f3n circular, a tal punto que me encuentro en un estado de meditaci\u00f3n profunda \u2026 Yo conduje grupos de meditaci\u00f3n y kirtans (canto devocional) durante muchos a\u00f1os. <\/em><em>\u00c9iri\u00fa Eolas <\/em><em>produce resultados en tan s\u00f3lo unos minutos aunque uno practique solo. Eso es algo que s\u00f3lo he visto en grupos de meditaci\u00f3n despu\u00e9s de una hora o m\u00e1s. \u00a1Es una experiencia tan hermosa!<\/p><\/blockquote>\n\t<figcaption>\u2014 Chris, programador de computadoras \u2014 New Jersey<\/figcaption>\n<\/figure><figure class=\"text-center py-20\">\n\t<blockquote class=\"italic font-bold\"><p>La m\u00e1s profunda pr\u00e1ctica de curaci\u00f3n que he encontrado. Ninguna otra pr\u00e1ctica ha tenido un efecto tan positivo y duradero en mi mente, cuerpo y alma.<\/p><\/blockquote>\n\t<figcaption>\u2014 Tom, Reino Unido<\/figcaption>\n<\/figure><figure class=\"text-center py-20\">\n\t<blockquote class=\"italic font-bold\"><p>En el pasado prob\u00e9 hacer un poco de yoga, pero simplemente no em serv\u00eda, ya que no ten\u00eda ese \u201cpoder\u201d para relajarme de la forma en que el programa \u00c9iri\u00fa Eolas lo hace. \u00a1La estimulaci\u00f3n del nervio vago y las t\u00e9cnicas de respiraci\u00f3n con base cient\u00edfica realmente hacen la diferencia!<\/p><\/blockquote>\n\t<figcaption>\u2014 Ken, Estados Unidos<\/figcaption>\n<\/figure><figure class=\"text-center py-20\">\n\t<blockquote class=\"italic font-bold\"><p>He practicado yoga y meditaci\u00f3n a trav\u00e9s de la respiraci\u00f3n a lo largo de los a\u00f1os, pero no se los compara en absoluto con esta experiencia<\/p><\/blockquote>\n\t<figcaption>\u2014 Elaine, asistente ejecutiva\u2014 Arizona<\/figcaption>\n<\/figure><figure class=\"text-center py-20\">\n\t<blockquote class=\"italic font-bold\"><p>He notado muchas mejor\u00edas en mi vida desde que comenc\u00e9 a practicar el programa: por primera vez en mi vida, no me gustar\u00eda estar en otro lugar, haciendo otra cosa. Me siento tan fuerte y optimista, es un sentimiento maravilloso. Les propongo un eslogan: \u201c\u00bfSu alma necesita un d\u00eda de fiesta? \u00a1Nuestro programa \u00c9iri\u00fa Eolas muy bien puede ser la soluci\u00f3n!<\/p><\/blockquote>\n\t<figcaption>\u2014 Aude, practicante de salud y kinesiolog\u00eda \u2014 Belgium<\/figcaption>\n<\/figure><figure class=\"text-center py-20\">\n\t<blockquote class=\"italic font-bold\"><p>He estado practicando el programa desde junio de 2010. Antes de describir mi experiencia personal en lo que respecta a la salud, primero me gustar\u00eda felicitar cari\u00f1osamente a mis instructores que me han ayudado inmensmente en el proceso gratificante y agotador de cambiar mi punto de vista mental, f\u00edsico y emocional en la vida y en mi ser. Juntos, Ingrid y Elan forman un equipo formidable y est\u00e1n convirtiendo E.E. en New York en un oasis de aprendizaje, crecimiento y evoluci\u00f3n.<\/p>\r\n<p>\u00a0<\/p>\r\n<p>Uno de los resultados m\u00e1s obvios y que contin\u00faa ocurriendo ha sido una p\u00e9rdida de exceso de peso de m\u00e1s de veinte libras (aprox.11 kilos), y no de cualquier tipo de peso. Parece ser que el peso con el que estaba cargando, estaba literalmente repleto de toxinas y pesadez espiritual, cortes\u00eda de un modo de vida moderno poco saludable, sumado a persistentes problemas emocionales de la infancia y al haber respirado humos t\u00f3xicos de la r\u00e1faga del choque en el World Trade Center en mi apartamento en el centro de Brooklyn durante varios meses. Despu\u00e9s del acontecimento en las Torres Gemelas desarroll\u00e9 graves problemas inmunol\u00f3gicos en seis meses y llegu\u00e9 a sentirme cada vez m\u00e1s frustrado por los m\u00e9todos que hab\u00eda estado empleando para intentar centrarme en mis problemas de salud. Afortunadamente, ahora s\u00e9 que no tengo que renunciar y puedo trabajar honestamente con un grupo de gente que busca, como yo, una mejor salud y existencia.<\/p>\r\n<p>\u00a0<\/p>\r\n<p>Otro resultado importante ha sido una marcada reducci\u00f3n de los patrones de pensamiento adictivo y la ansiedad producida por mis decisiones en cuanto a un estilo de vida poco saludable. El canto de sirena del az\u00facar y las opciones de alimentos poco saludables no es tan atractivo o necesario ahora. Ah, y he dejado de morderme las u\u00f1as, algo que de alg\u00fan modo resulta embarazoso para mi, y que llevaba haciendo desde que era un ni\u00f1o, pero ya no m\u00e1s.\r\n<\/p>\r\n<p>\u00a0<\/p>\r\n<p>A diferencia de otros programas, \u00c9iri\u00fa Eolas no implica objetivos predeterminados, basados en la culpa, la verg\u00fcenza metaf\u00f3rica detr\u00e1s del sobrepeso o expectativas poco realistas, aunque se obtienen muchos cambios positivos en corto plazo. Como Gore Vidal escribi\u00f3, y que voy a poner en el contexto completamente diferente de \u00c9iri\u00fa Eolas, &#8216;No hay fines Joe, s\u00f3lo medios&#8217;.<\/p><\/blockquote>\n\t<figcaption>\u2014 Joe, Nueva York<\/figcaption>\n<\/figure><figure class=\"text-center py-20\">\n\t<blockquote class=\"italic font-bold\"><p>\u00a1He estado haciendo EE durante m\u00e1s de 6 meses y he tenido unos resultados estupendos! Llevar un estilo de vida &#8216;moderno&#8217; me dej\u00f3 r\u00e1pidamente totalmente estresado&#8230; un entorno de trabajo muy ocupado con largas horas y plazos cortos, tres hijos adolescentes y en general tratando de salir adelante en la vida. Ten\u00eda sobrepeso y no era capaz de dormir m\u00e1s de 4 horas seguidas.<\/p> <p>\r\n<p> <\/p> <p>\r\n<p>Despu\u00e9s de practicar EE durante un corto per\u00edodo de tiempo, me encontr\u00e9 m\u00e1s relajado y tranquilo. Me resultaba mucho m\u00e1s f\u00e1cil poner la vida en perspectiva por as\u00ed decirlo. \u00a1Encontr\u00e9 la voluntad de ponerme en la dieta Ultra-Mind y r\u00e1pidamente perd\u00ed 6 Kilos! Mi sue\u00f1o es ahora mucho mejor y ahora soy capaz de dormir durante 6-7 horas sin despertarme. Recientemente, mientras hablaba con un grupo de nuevos amigos, les ped\u00ed que adivinaran mi edad. Me sorprendi\u00f3 que los que m\u00e1s se acercaron me pusieran 5 a\u00f1os menos. Me imagino que eso debe ser rejuvenecimiento!!<\/p> <p>\r\n<p> <\/p> <p>\r\n<p>De lejos, el mejor beneficio de EE ha sido la capacidad de poner mi vida en perspectiva. Siento que ahora estoy de vuelta en el camino y mejor equipado para averiguar lo que es realmente importante en la vida. Me gustar\u00eda agradecer a todos los que desarrollaron y est\u00e1n ayudando a compartir este incre\u00edble programa.<\/p> <p><\/blockquote>\n\t<figcaption>\u2014 Kinyash, Kenia<\/figcaption>\n<\/figure><figure class=\"text-center py-20\">\n\t<blockquote class=\"italic font-bold\"><p>No se imaginan lo agradecido que estoy por este programa. Es sorprendente \u2013 realmente no puedo describirlo. \u00a1Lo que tengo aqu\u00ed en las manos es un milagro!<\/p><\/blockquote>\n\t<figcaption>\u2014 Jim, on el conjunto de DVDs \u00c9iri\u00fa Eolas en mano\u2014 Reino Unido<\/figcaption>\n<\/figure>","protected":false},"excerpt":{"rendered":"","protected":false},"author":1,"featured_media":0,"parent":0,"menu_order":0,"comment_status":"closed","ping_status":"closed","template":"","meta":{"footnotes":""},"class_list":["post-540","page","type-page","status-publish","hentry"],"_links":{"self":[{"href":"https:\/\/eiriu-eolas.org\/es\/wp-json\/wp\/v2\/pages\/540","targetHints":{"allow":["GET"]}}],"collection":[{"href":"https:\/\/eiriu-eolas.org\/es\/wp-json\/wp\/v2\/pages"}],"about":[{"href":"https:\/\/eiriu-eolas.org\/es\/wp-json\/wp\/v2\/types\/page"}],"author":[{"embeddable":true,"href":"https:\/\/eiriu-eolas.org\/es\/wp-json\/wp\/v2\/users\/1"}],"replies":[{"embeddable":true,"href":"https:\/\/eiriu-eolas.org\/es\/wp-json\/wp\/v2\/comments?post=540"}],"version-history":[{"count":2,"href":"https:\/\/eiriu-eolas.org\/es\/wp-json\/wp\/v2\/pages\/540\/revisions"}],"predecessor-version":[{"id":58971,"href":"https:\/\/eiriu-eolas.org\/es\/wp-json\/wp\/v2\/pages\/540\/revisions\/58971"}],"wp:attachment":[{"href":"https:\/\/eiriu-eolas.org\/es\/wp-json\/wp\/v2\/media?parent=540"}],"curies":[{"name":"wp","href":"https:\/\/api.w.org\/{rel}","templated":true}]}}