{"id":230,"date":"2018-08-17T01:09:53","date_gmt":"2018-08-17T01:09:53","guid":{"rendered":"https:\/\/eiriu-eolas.org\/?post_type=product&#038;p=230"},"modified":"2025-04-01T15:23:09","modified_gmt":"2025-04-01T13:23:09","slug":"taza-eiriu-eolas","status":"publish","type":"product","link":"https:\/\/eiriu-eolas.org\/es\/producto\/taza-eiriu-eolas\/","title":{"rendered":"Taza \u2013 \u00c9iri\u00fa Eolas"},"content":{"rendered":"<p>Esta taza con dise\u00f1o art\u00edstico, adornada con tonos durazno, rosa y rojo, resaltar\u00e1 en la repisa y podr\u00eda r\u00e1pidamente convertirse en su modo favorito de disfrutar de una taza de caf\u00e9 o de t\u00e9. \u00bfY qu\u00e9 mejor manera de iniciar el d\u00eda que con una sensaci\u00f3n de paz y calma, recordando que respirar es vivir?<\/p>\n<p>\u00c9iri\u00fa Eolas es un t\u00e9rmino en ga\u00e9lico irland\u00e9s que significa \u00abexpansi\u00f3n del conocimiento\u00bb. Se refiere a un programa revolucionario de respiraci\u00f3n profunda y meditaci\u00f3n que ha beneficiado a miles de personas al ayudarles a aprender a usar su respiraci\u00f3n para relajarse, eliminar el estr\u00e9s y sanar su cuerpo.<\/p>\n<p><strong>Dimensiones:<\/strong> 9.5cm x 8cm.<\/p>\n<p><strong>Volumen:<\/strong> 325ml \/10oz<\/p>\n<p><strong>Material:<\/strong> Cer\u00e1mica, dise\u00f1o resistente al calor, apropiado para lavaplatos y microondas, ideal para bebidas calientes y fr\u00edas.<\/p>\n","protected":false},"excerpt":{"rendered":"<p>Esta taza con dise\u00f1o art\u00edstico, adornada con tonos durazno, rosa y rojo, resaltar\u00e1 en la repisa y podr\u00eda r\u00e1pidamente convertirse en su modo favorito de disfrutar de una taza de caf\u00e9 o de t\u00e9. \u00bfY qu\u00e9 mejor manera de iniciar el d\u00eda que con una sensaci\u00f3n de paz y calma, recordando que respirar es vivir? [&hellip;]<\/p>\n","protected":false},"featured_media":57671,"comment_status":"open","ping_status":"closed","template":"","meta":[],"product_brand":[],"product_cat":[157,158],"product_tag":[],"class_list":{"0":"post-230","1":"product","2":"type-product","3":"status-publish","4":"has-post-thumbnail","6":"product_cat-articulos-impresos","7":"product_cat-tazas","9":"first","10":"instock","11":"shipping-taxable","12":"purchasable","13":"product-type-simple"},"_links":{"self":[{"href":"https:\/\/eiriu-eolas.org\/es\/wp-json\/wp\/v2\/product\/230","targetHints":{"allow":["GET"]}}],"collection":[{"href":"https:\/\/eiriu-eolas.org\/es\/wp-json\/wp\/v2\/product"}],"about":[{"href":"https:\/\/eiriu-eolas.org\/es\/wp-json\/wp\/v2\/types\/product"}],"replies":[{"embeddable":true,"href":"https:\/\/eiriu-eolas.org\/es\/wp-json\/wp\/v2\/comments?post=230"}],"wp:featuredmedia":[{"embeddable":true,"href":"https:\/\/eiriu-eolas.org\/es\/wp-json\/wp\/v2\/media\/57671"}],"wp:attachment":[{"href":"https:\/\/eiriu-eolas.org\/es\/wp-json\/wp\/v2\/media?parent=230"}],"wp:term":[{"taxonomy":"product_brand","embeddable":true,"href":"https:\/\/eiriu-eolas.org\/es\/wp-json\/wp\/v2\/product_brand?post=230"},{"taxonomy":"product_cat","embeddable":true,"href":"https:\/\/eiriu-eolas.org\/es\/wp-json\/wp\/v2\/product_cat?post=230"},{"taxonomy":"product_tag","embeddable":true,"href":"https:\/\/eiriu-eolas.org\/es\/wp-json\/wp\/v2\/product_tag?post=230"}],"curies":[{"name":"wp","href":"https:\/\/api.w.org\/{rel}","templated":true}]}}