{"id":57159,"date":"2018-08-17T02:09:38","date_gmt":"2020-10-01T02:01:31","guid":{"rendered":"https:\/\/eiriu-eolas.org\/product\/eiriu-eolas-2-dvds-cd\/"},"modified":"2020-12-31T20:51:56","modified_gmt":"2020-12-31T20:51:56","slug":"eiriu-eolas-2-dvd-y-cd","status":"publish","type":"product","link":"https:\/\/eiriu-eolas.org\/es\/producto\/eiriu-eolas-2-dvd-y-cd\/","title":{"rendered":"\u00c9iri\u00fa Eolas 2 DVDs y CD"},"content":{"rendered":"<p>\u00c9iri\u00fa Eolas es el renacimiento moderno de un antiguo programa de control del estr\u00e9s, curaci\u00f3n y rejuvenecimiento. Esta es LA HERRAMIENTA que le ayudar\u00e1 a trabajar suavemente a trav\u00e9s de los traumas emocionales y psicol\u00f3gicos del pasado y a liberar las emociones reprimidas que se interponen entre usted y la verdadera paz, la felicidad y, en \u00faltima instancia, una vida satisfactoria.<\/p>\n<p>Este programa es un resultado del trabajo de la historiadora y autora Laura Knight-Jadczyk y su esposo, el f\u00edsico Arkadiusz Jadczyk. This program is a result of the work of historian and author Laura Knight-Jadczyk and her husband, physicist Arkadiusz Jadczyk. Pero no creas en nuestra palabra:<a href=\"\/testimonials\">\u00a1Lea los tesimonios!<\/a><\/p>\n<p>En esta serie de 3 discos, Laura explica estas t\u00e9cnicas secretas de forma clara y accesible. El programa \u00c9iri\u00fa Eolas consiste en 2 DVDs de pantalla ancha, sin regi\u00f3n, y 1 CD de audio.<\/p>\n<p>Este es un programa para todos: \u00a1Es cient\u00edfico y funciona!<\/p>\n","protected":false},"excerpt":{"rendered":"<p>\u00c9iri\u00fa Eolas es el renacimiento moderno de un antiguo programa de control del estr\u00e9s, curaci\u00f3n y rejuvenecimiento. Esta es LA HERRAMIENTA que le ayudar\u00e1 a trabajar suavemente a trav\u00e9s de los traumas emocionales y psicol\u00f3gicos del pasado y a liberar las emociones reprimidas que se interponen entre usted y la verdadera paz, la felicidad y, [&hellip;]<\/p>\n","protected":false},"featured_media":17928,"comment_status":"open","ping_status":"closed","template":"","meta":[],"product_brand":[],"product_cat":[52,150,151],"product_tag":[],"class_list":{"0":"post-57159","1":"product","2":"type-product","3":"status-publish","4":"has-post-thumbnail","6":"product_cat-audio-es","7":"product_cat-eiriu-eolas-es","8":"product_cat-video-es","10":"first","11":"instock","12":"shipping-taxable","13":"purchasable","14":"product-type-simple"},"_links":{"self":[{"href":"https:\/\/eiriu-eolas.org\/es\/wp-json\/wp\/v2\/product\/57159","targetHints":{"allow":["GET"]}}],"collection":[{"href":"https:\/\/eiriu-eolas.org\/es\/wp-json\/wp\/v2\/product"}],"about":[{"href":"https:\/\/eiriu-eolas.org\/es\/wp-json\/wp\/v2\/types\/product"}],"replies":[{"embeddable":true,"href":"https:\/\/eiriu-eolas.org\/es\/wp-json\/wp\/v2\/comments?post=57159"}],"wp:featuredmedia":[{"embeddable":true,"href":"https:\/\/eiriu-eolas.org\/es\/wp-json\/wp\/v2\/media\/17928"}],"wp:attachment":[{"href":"https:\/\/eiriu-eolas.org\/es\/wp-json\/wp\/v2\/media?parent=57159"}],"wp:term":[{"taxonomy":"product_brand","embeddable":true,"href":"https:\/\/eiriu-eolas.org\/es\/wp-json\/wp\/v2\/product_brand?post=57159"},{"taxonomy":"product_cat","embeddable":true,"href":"https:\/\/eiriu-eolas.org\/es\/wp-json\/wp\/v2\/product_cat?post=57159"},{"taxonomy":"product_tag","embeddable":true,"href":"https:\/\/eiriu-eolas.org\/es\/wp-json\/wp\/v2\/product_tag?post=57159"}],"curies":[{"name":"wp","href":"https:\/\/api.w.org\/{rel}","templated":true}]}}