{"id":57668,"date":"2020-12-31T20:32:04","date_gmt":"2020-12-31T20:32:04","guid":{"rendered":"https:\/\/eiriu-eolas.org\/?post_type=product&#038;p=57668"},"modified":"2020-12-31T20:43:57","modified_gmt":"2020-12-31T20:43:57","slug":"eiru-eolas-descarga-de-audio","status":"publish","type":"product","link":"https:\/\/eiriu-eolas.org\/es\/producto\/eiru-eolas-descarga-de-audio\/","title":{"rendered":"\u00c9ir\u00fa Eolas \u2013 Descarga de audio"},"content":{"rendered":"<p><em>El idioma de este archivo de audio es el espa\u00f1ol<\/em><\/p>\n<p>\u00c9iri\u00fa Eolas es el renacimiento moderno de un antiguo programa de control del estr\u00e9s, curaci\u00f3n y rejuvenecimiento. Esta es LA HERRAMIENTA que le ayudar\u00e1 a trabajar suavemente a trav\u00e9s de traumas emocionales y psicol\u00f3gicos pasados y a liberar las emociones reprimidas que se interponen entre usted y la verdadera paz, la felicidad y, en \u00faltima instancia, una vida satisfactoria.<\/p>\n<p>Este programa es un resultado del trabajo de la historiadora y autora Laura Knight-Jadczyk y su esposo, el f\u00edsico Arkadiusz Jadczyk. La pr\u00e1ctica ha sido investigada cient\u00edficamente y miles de personas ya se est\u00e1n beneficiando de esta revelaci\u00f3n \u00fanica en nuestro tiempo. Pero no se f\u00ede de nuestra palabra: <a href=\"\/testimonios\"> \u00a1Lea las rese\u00f1as!<\/a><\/p>\n<p>Esta es la versi\u00f3n descargable de la gu\u00eda con s\u00f3lo el programa \u00c9iri\u00fa Eolas. Puede subirlos a su ordenador, smartphone, tableta o cualquier dispositivo.<\/p>\n<p>Este es un programa para todos: \u00a1Es cient\u00edfico y funciona!<\/p>\n","protected":false},"excerpt":{"rendered":"<p>El idioma de este archivo de audio es el espa\u00f1ol \u00c9iri\u00fa Eolas es el renacimiento moderno de un antiguo programa de control del estr\u00e9s, curaci\u00f3n y rejuvenecimiento. Esta es LA HERRAMIENTA que le ayudar\u00e1 a trabajar suavemente a trav\u00e9s de traumas emocionales y psicol\u00f3gicos pasados y a liberar las emociones reprimidas que se interponen entre [&hellip;]<\/p>\n","protected":false},"featured_media":18016,"comment_status":"open","ping_status":"closed","template":"","meta":[],"product_brand":[],"product_cat":[52],"product_tag":[],"class_list":{"0":"post-57668","1":"product","2":"type-product","3":"status-publish","4":"has-post-thumbnail","6":"product_cat-audio-es","8":"first","9":"instock","10":"downloadable","11":"virtual","12":"purchasable","13":"product-type-simple"},"_links":{"self":[{"href":"https:\/\/eiriu-eolas.org\/es\/wp-json\/wp\/v2\/product\/57668","targetHints":{"allow":["GET"]}}],"collection":[{"href":"https:\/\/eiriu-eolas.org\/es\/wp-json\/wp\/v2\/product"}],"about":[{"href":"https:\/\/eiriu-eolas.org\/es\/wp-json\/wp\/v2\/types\/product"}],"replies":[{"embeddable":true,"href":"https:\/\/eiriu-eolas.org\/es\/wp-json\/wp\/v2\/comments?post=57668"}],"wp:featuredmedia":[{"embeddable":true,"href":"https:\/\/eiriu-eolas.org\/es\/wp-json\/wp\/v2\/media\/18016"}],"wp:attachment":[{"href":"https:\/\/eiriu-eolas.org\/es\/wp-json\/wp\/v2\/media?parent=57668"}],"wp:term":[{"taxonomy":"product_brand","embeddable":true,"href":"https:\/\/eiriu-eolas.org\/es\/wp-json\/wp\/v2\/product_brand?post=57668"},{"taxonomy":"product_cat","embeddable":true,"href":"https:\/\/eiriu-eolas.org\/es\/wp-json\/wp\/v2\/product_cat?post=57668"},{"taxonomy":"product_tag","embeddable":true,"href":"https:\/\/eiriu-eolas.org\/es\/wp-json\/wp\/v2\/product_tag?post=57668"}],"curies":[{"name":"wp","href":"https:\/\/api.w.org\/{rel}","templated":true}]}}