{"id":57958,"date":"2021-01-04T02:41:28","date_gmt":"2021-01-04T02:41:28","guid":{"rendered":"https:\/\/eiriu-eolas.org\/?post_type=product&#038;p=57958"},"modified":"2021-01-04T02:43:35","modified_gmt":"2021-01-04T02:43:35","slug":"mousepad-eiriu-eolas","status":"publish","type":"product","link":"https:\/\/eiriu-eolas.org\/es\/producto\/mousepad-eiriu-eolas\/","title":{"rendered":"Mousepad \u2013 \u00c9iri\u00fa Eolas"},"content":{"rendered":"<p>Una rosa dentro de un c\u00edrculo rojo es el elemento central de este atractivo dise\u00f1o. Con un fondo c\u00e1lido de color durazno, el logo de \u00c9iri\u00fa Eolas flota con delicadeza sobre un estanque ondulante, llen\u00e1ndonos de una sensaci\u00f3n de paz y tranquilidad.<\/p>\n<p>\u00c9iri\u00fa Eolas es un t\u00e9rmino en ga\u00e9lico irland\u00e9s que significa \u00abexpansi\u00f3n del conocimiento\u00bb. Se refiere a un programa de respiraci\u00f3n profunda y meditaci\u00f3n que ha beneficiado a miles de personas al ayudarles a aprender a usar su respiraci\u00f3n para relajarse, eliminar el estr\u00e9s y sanar su cuerpo.<\/p>\n","protected":false},"excerpt":{"rendered":"<p>Mousepad (alfombrilla para el rat\u00f3n) de primera calidad, impreso con gr\u00e1ficos de resoluci\u00f3n asombrosamente alta.<\/p>\n","protected":false},"featured_media":57955,"comment_status":"open","ping_status":"closed","template":"","meta":[],"product_brand":[],"product_cat":[157,182],"product_tag":[],"class_list":{"0":"post-57958","1":"product","2":"type-product","3":"status-publish","4":"has-post-thumbnail","6":"product_cat-articulos-impresos","7":"product_cat-mousepads-2","9":"first","10":"instock","11":"shipping-taxable","12":"purchasable","13":"product-type-simple"},"_links":{"self":[{"href":"https:\/\/eiriu-eolas.org\/es\/wp-json\/wp\/v2\/product\/57958","targetHints":{"allow":["GET"]}}],"collection":[{"href":"https:\/\/eiriu-eolas.org\/es\/wp-json\/wp\/v2\/product"}],"about":[{"href":"https:\/\/eiriu-eolas.org\/es\/wp-json\/wp\/v2\/types\/product"}],"replies":[{"embeddable":true,"href":"https:\/\/eiriu-eolas.org\/es\/wp-json\/wp\/v2\/comments?post=57958"}],"wp:featuredmedia":[{"embeddable":true,"href":"https:\/\/eiriu-eolas.org\/es\/wp-json\/wp\/v2\/media\/57955"}],"wp:attachment":[{"href":"https:\/\/eiriu-eolas.org\/es\/wp-json\/wp\/v2\/media?parent=57958"}],"wp:term":[{"taxonomy":"product_brand","embeddable":true,"href":"https:\/\/eiriu-eolas.org\/es\/wp-json\/wp\/v2\/product_brand?post=57958"},{"taxonomy":"product_cat","embeddable":true,"href":"https:\/\/eiriu-eolas.org\/es\/wp-json\/wp\/v2\/product_cat?post=57958"},{"taxonomy":"product_tag","embeddable":true,"href":"https:\/\/eiriu-eolas.org\/es\/wp-json\/wp\/v2\/product_tag?post=57958"}],"curies":[{"name":"wp","href":"https:\/\/api.w.org\/{rel}","templated":true}]}}