{"id":14135,"date":"2019-01-03T19:37:43","date_gmt":"2019-01-03T19:37:43","guid":{"rendered":"https:\/\/eiriu-eolas.org\/?page_id=14135"},"modified":"2019-01-03T19:37:44","modified_gmt":"2019-01-03T19:37:44","slug":"modes-de-paiement","status":"publish","type":"page","link":"https:\/\/eiriu-eolas.org\/fr\/modes-de-paiement\/","title":{"rendered":"Modes de paiement"},"content":{"rendered":"\n<p>Plusieurs modes de paiement s\u2019offrent \u00e0 vous en, fonction de votre \nlocalisation g\u00e9ographique. Pour la plupart, PayPal constitue la \nmeilleure solution, puisque c\u2019est la m\u00e9thode de paiement la plus facile \net la plus souple.<\/p>\n\n\n\n<p>Notez bien que g\u00e9n\u00e9ralement, PayPal vous autorise \u00e0 effectuer pour plusieurs centaines d\u2019euros d\u2019achats<em> sans<\/em>\n que vous aillez besoin d\u2019ouvrir un compte PayPal. Il vous suffit de \nposs\u00e9der une carte de paiement\/cr\u00e9dit. En outre, PayPal convertit \nautomatiquement vos devises en euros, ce qui permettra \u00e0 votre \ntransaction d\u2019aboutir \u2013 et le tour est jou\u00e9 !<\/p>\n\n\n\n<p>Si vous d\u00e9cidez d\u2019ouvrir un compte PayPal, sachez que dans de \nnombreux pays les conditions sont beaucoup moins contraignantes \nqu\u2019auparavant. Habituellement, on vous demandera simplement votre nom, \nadresse et carte de paiement\/cr\u00e9dit afin d\u2019ouvrir un compte PayPal \nsimple qui vous permettra d\u2019effectuer autant d\u2019achats que vous le \nsouhaitez.<\/p>\n\n\n\n<p>Dans le cas o\u00f9 vous ne pouvez opter pour PayPal, nous proposons d\u2019autres modes de paiement :<\/p>\n\n\n\n<h3 class=\"wp-block-heading\">Si vous \u00eates aux Etats-Unis :<\/h3>\n\n\n\n<p>Vous disposez des options suivantes :<\/p>\n\n\n\n<ul class=\"wp-block-list\"><li>PayPal<\/li><li>Ch\u00e8que<\/li><li>Mandat<\/li><\/ul>\n\n\n\n<p>Tout ch\u00e8que doit \u00eatre <strong>\u00e9mis par une banque \u00e9tasunienne<\/strong>. Les mandats doivent \u00eatre <strong>payables en dollars<\/strong>.\n Consultez la page produits pour conna\u00eetre les prix en dollars. Vous \npouvez envoer votre ch\u00e8que ou votre mandat par courrier \u00e0 l\u2019adresse \nsuivante :<\/p>\n\n\n\n<pre class=\"wp-block-preformatted\">FOTCM, Inc.\nPO Box 292\nAlmond, NC 28702\nUSA<\/pre>\n\n\n\n<h3 class=\"wp-block-heading\">Si vous vous trouvez dans l\u2019Union Europ\u00e9enne :<\/h3>\n\n\n\n<p>Vous disposez des options suivantes :<\/p>\n\n\n\n<ul class=\"wp-block-list\"><li>PayPal<\/li><li>Cheque ou Virement \u00e9lectronique: SVP visitez <a href=\"https:\/\/pilulerouge.com\">PiluleRouge.com<\/a><\/li><\/ul>\n\n\n\n<p>Si vous vous trouvez dans une autre zone g\u00e9ographique, veuillez nous <strong>contacter<\/strong>.<\/p>\n\n\n\n<p>Pour conclure, veuillez noter que vous pouvez \u00e9galement utiliser les \nm\u00e9thodes de paiement d\u00e9crites ci-dessus pour effectuer une donation afin\n de promouvoir \u00c9iri\u00fa Eolas le plus largement possible. Afin d\u2019effectuer \nun achat ou une donation, veuillez visiter notre page de <a href=\"https:\/\/fr.eiriu-eolas.org\/vente-en-ligne\">vente en ligne<\/a>.<\/p>\n\n\n\n<p>Merci !<\/p>\n","protected":false},"excerpt":{"rendered":"<p>Plusieurs modes de paiement s\u2019offrent \u00e0 vous en, fonction de votre localisation g\u00e9ographique. Pour la plupart, PayPal constitue la meilleure solution, puisque c\u2019est la m\u00e9thode de paiement la plus facile et la plus souple. Notez bien que g\u00e9n\u00e9ralement, PayPal vous autorise \u00e0 effectuer pour plusieurs centaines d\u2019euros d\u2019achats sans que vous aillez besoin d\u2019ouvrir un [&hellip;]<\/p>\n","protected":false},"author":1,"featured_media":0,"parent":0,"menu_order":0,"comment_status":"closed","ping_status":"closed","template":"","meta":{"footnotes":""},"class_list":["post-14135","page","type-page","status-publish","hentry"],"_links":{"self":[{"href":"https:\/\/eiriu-eolas.org\/fr\/wp-json\/wp\/v2\/pages\/14135","targetHints":{"allow":["GET"]}}],"collection":[{"href":"https:\/\/eiriu-eolas.org\/fr\/wp-json\/wp\/v2\/pages"}],"about":[{"href":"https:\/\/eiriu-eolas.org\/fr\/wp-json\/wp\/v2\/types\/page"}],"author":[{"embeddable":true,"href":"https:\/\/eiriu-eolas.org\/fr\/wp-json\/wp\/v2\/users\/1"}],"replies":[{"embeddable":true,"href":"https:\/\/eiriu-eolas.org\/fr\/wp-json\/wp\/v2\/comments?post=14135"}],"version-history":[{"count":0,"href":"https:\/\/eiriu-eolas.org\/fr\/wp-json\/wp\/v2\/pages\/14135\/revisions"}],"wp:attachment":[{"href":"https:\/\/eiriu-eolas.org\/fr\/wp-json\/wp\/v2\/media?parent=14135"}],"curies":[{"name":"wp","href":"https:\/\/api.w.org\/{rel}","templated":true}]}}