{"id":14157,"date":"2019-01-03T20:16:15","date_gmt":"2019-01-03T20:16:15","guid":{"rendered":"https:\/\/eiriu-eolas.org\/?page_id=14157"},"modified":"2019-01-03T20:16:16","modified_gmt":"2019-01-03T20:16:16","slug":"livraison","status":"publish","type":"page","link":"https:\/\/eiriu-eolas.org\/fr\/livraison\/","title":{"rendered":"Livraison"},"content":{"rendered":"\n<p>Afin de nous assurer que vous receviez rapidement votre coffret \u00c9iri\u00fa\n Eolas, nous avons mis en place deux centres logistiques principaux, et \nd\u2019autre devraient arriver bient\u00f4t !<\/p>\n\n\n\n<p>Voici la localisation de nos centres logistiques :<\/p>\n\n\n\n<ul class=\"wp-block-list\"><li>Massachusetts \u2013 Etats-Unis<\/li><li>France<\/li><\/ul>\n\n\n\n<p>Toutes les commandes provenant des \u00c9tats-Unis sont exp\u00e9di\u00e9es depuis \nnotre centre bas\u00e9 dans le Massachusetts. Toutes les autres commandes \nsont exp\u00e9di\u00e9es depuis notre centre bas\u00e9 en France.<\/p>\n\n\n\n<p>Les commandes sont trait\u00e9es sous 48 heures, et la plupart des \nexp\u00e9ditions ne prennent que quelques jours. N\u00e9anmoins les conditions \nm\u00e9t\u00e9orologiques, les gr\u00e8ves postales, les p\u00e9riodes de vacances, et \ndiff\u00e9rents autres dysfonctionnements peuvent entra\u00eener des retards \nsensibles. Par cons\u00e9quent veuillez compter 14 jours entre le passage de \nvotre commande et la r\u00e9ception de votre colis.<\/p>\n\n\n\n<p>En attendant vous pouvez visionner le programme <a href=\"https:\/\/fr.eiriu-eolas.org\/a-propos\">\u00c9iri\u00fa Eolas<\/a> en ligne aussi souvent que vous le souhaitez !<\/p>\n\n\n\n<p>Nous mettons tout en \u0153uvre pour d\u00e9velopper la distribution et la \ndisponibilit\u00e9 d\u2019\u00c9iri\u00fa Eolas. Consultez cette page dans le futur pour \nprendre connaissance des derni\u00e8res mises \u00e0 jour !<\/p>\n","protected":false},"excerpt":{"rendered":"<p>Afin de nous assurer que vous receviez rapidement votre coffret \u00c9iri\u00fa Eolas, nous avons mis en place deux centres logistiques principaux, et d\u2019autre devraient arriver bient\u00f4t ! Voici la localisation de nos centres logistiques : Massachusetts \u2013 Etats-Unis France Toutes les commandes provenant des \u00c9tats-Unis sont exp\u00e9di\u00e9es depuis notre centre bas\u00e9 dans le Massachusetts. Toutes [&hellip;]<\/p>\n","protected":false},"author":1,"featured_media":0,"parent":0,"menu_order":0,"comment_status":"closed","ping_status":"closed","template":"","meta":{"footnotes":""},"class_list":["post-14157","page","type-page","status-publish","hentry"],"_links":{"self":[{"href":"https:\/\/eiriu-eolas.org\/fr\/wp-json\/wp\/v2\/pages\/14157","targetHints":{"allow":["GET"]}}],"collection":[{"href":"https:\/\/eiriu-eolas.org\/fr\/wp-json\/wp\/v2\/pages"}],"about":[{"href":"https:\/\/eiriu-eolas.org\/fr\/wp-json\/wp\/v2\/types\/page"}],"author":[{"embeddable":true,"href":"https:\/\/eiriu-eolas.org\/fr\/wp-json\/wp\/v2\/users\/1"}],"replies":[{"embeddable":true,"href":"https:\/\/eiriu-eolas.org\/fr\/wp-json\/wp\/v2\/comments?post=14157"}],"version-history":[{"count":0,"href":"https:\/\/eiriu-eolas.org\/fr\/wp-json\/wp\/v2\/pages\/14157\/revisions"}],"wp:attachment":[{"href":"https:\/\/eiriu-eolas.org\/fr\/wp-json\/wp\/v2\/media?parent=14157"}],"curies":[{"name":"wp","href":"https:\/\/api.w.org\/{rel}","templated":true}]}}