{"id":1768,"date":"2018-11-14T23:19:32","date_gmt":"2018-11-14T23:19:32","guid":{"rendered":"https:\/\/eiriu-eolas.org\/?page_id=1768"},"modified":"2021-10-03T21:05:48","modified_gmt":"2021-10-03T19:05:48","slug":"temoignages","status":"publish","type":"page","link":"https:\/\/eiriu-eolas.org\/fr\/temoignages\/","title":{"rendered":"T\u00e9moignages"},"content":{"rendered":"<figure class=\"text-center py-20\">\n\t<blockquote class=\"italic font-bold\"><p>La vid\u00e9o de pr\u00e9sentation est si bien faite. Tous ces sch\u00e9mas explicatifs en 3D sont d\u00e9sormais grav\u00e9s dans mon esprit. A chaque fois que je ne respire pas correctement, je m\u2019en rends compte gr\u00e2ce \u00e0 l\u2019animation. Les textes combin\u00e9s aux graphiques sont tr\u00e8s facile \u00e0 m\u00e9moriser.<\/p><\/blockquote>\n\t<figcaption>\u2014 Frank, consultant en informatique \u2014 Californie<\/figcaption>\n<\/figure><figure class=\"text-center py-20\">\n\t<blockquote class=\"italic font-bold\"><p>Le programme EE m\u2019a aid\u00e9 \u00e0 vivre et me lib\u00e9rer d\u2019une grande partie de mon bagage \u00e9motionnel.<\/p><\/blockquote>\n\t<figcaption>\u2014 Brent, technicien en Recherche g\u00e9n\u00e9tique \u2014 New York<\/figcaption>\n<\/figure><figure class=\"text-center py-20\">\n\t<blockquote class=\"italic font-bold\"><p>Ma col\u00e8re a \u00c9NORM\u00c9MENT diminu\u00e9. YES! Apparemment, Mon ou\u00efe a \u00e9galement progress\u00e9. Je mange davantage mais je n\u2019ai pas pris de poids. (RE YES).<\/p><\/blockquote>\n\t<figcaption>\u2014 Margareth, assistante administrative \u2014 Texas<\/figcaption>\n<\/figure><figure class=\"text-center py-20\">\n\t<blockquote class=\"italic font-bold\"><p>C\u2019est comme si on se sentait plus \u00ab propre \u00bb, le terme le plus proche que j\u2019aie pu trouver pour d\u00e9crire cette sensation.<\/p><\/blockquote>\n\t<figcaption>\u2014 Amokrane, astronome \u2014 Chili<\/figcaption>\n<\/figure><figure class=\"text-center py-20\">\n\t<blockquote class=\"italic font-bold\"><p>Aujourd\u2019hui, la s\u00e9ance a provoqu\u00e9 des larmes lib\u00e9ratrices lorsque je me suis rem\u00e9mor\u00e9 ces sentiments de perte et d\u2019abandon qui ont jalonn\u00e9 mon pass\u00e9. Tout dans ce programme est absolument b\u00e9n\u00e9fique. Je me sens si chanceuse d\u2019avoir re\u00e7u ce cadeau qu\u2019est \u00c9iri\u00fa Eolas.<\/p><\/blockquote>\n\t<figcaption>\u2014 Elizabeth, \u00e9tudiante \u2014 Missouri<\/figcaption>\n<\/figure><figure class=\"text-center py-20\">\n\t<blockquote class=\"italic font-bold\"><p>La technique de respiration est un outil tr\u00e8s utile pour les enfants car ils peuvent la pratiquer partout et manifestement \u00e7a marche !<\/p><\/blockquote>\n\t<figcaption>\u2014 Jane, enseignante en CE1 \u2014 Caroline du Nord<\/figcaption>\n<\/figure><figure class=\"text-center py-20\">\n\t<blockquote class=\"italic font-bold\"><p>Je suis alerte et d\u00e9tendu la plupart du temps.<\/p><\/blockquote>\n\t<figcaption>\u2014 Mike, r\u00e9alisateur \u2014 Arm\u00e9nie<\/figcaption>\n<\/figure><figure class=\"text-center py-20\">\n\t<blockquote class=\"italic font-bold\"><p>Ma pratique d\u2019EE est toujours merveilleuse, en particulier la respiration circulaire qui me permet d\u2019atteindre un \u00e9tat m\u00e9ditatif profond\u2026 J\u2019ai dirig\u00e9 des m\u00e9ditations de groupe et des kirtans (chants de mantras) pendant de nombreuses ann\u00e9es. En seulement quelques minutes de pratique individuelle, EE produit les r\u00e9sultats que je n\u2019obtenais qu\u2019au bout d\u2019une heure de m\u00e9ditation de groupe voire plus. C\u2019est une exp\u00e9rience formidable.<\/p><\/blockquote>\n\t<figcaption>\u2014 Chris, programmeur informatique \u2014 New Jersey<\/figcaption>\n<\/figure><figure class=\"text-center py-20\">\n\t<blockquote class=\"italic font-bold\"><p>La technique offrant la gu\u00e9rison la plus profonde que j\u2019aie jamais rencontr\u00e9e !\r\n\r\nAucune autre technique n\u2019a eu d\u2019effet aussi positif et durable sur mon esprit, mon corps et mon \u00e2me.<\/p><\/blockquote>\n\t<figcaption>\u2014 Tom, UK<\/figcaption>\n<\/figure><figure class=\"text-center py-20\">\n\t<blockquote class=\"italic font-bold\"><p>J&rsquo;ai d\u00e9j\u00e0 essay\u00e9 le yoga, mais je n&rsquo;y suis pas arriv\u00e9e, car il n&rsquo;avait pas le pouvoir de me d\u00e9tendre comme le fait le programme EE. La stimulation du nerf vague et les techniques de respiration tr\u00e8s efficaces et sans prise de t\u00eate font vraiment la diff\u00e9rence !<\/p><\/blockquote>\n\t<figcaption>\u2014 Ken, \u00c9tats-Unis<\/figcaption>\n<\/figure><figure class=\"text-center py-20\">\n\t<blockquote class=\"italic font-bold\"><p>J\u2019ai plusieurs ann\u00e9es d\u2019exp\u00e9rience en yoga et en m\u00e9ditation, mais rien de comparable \u00e0 cette exp\u00e9rience.<\/p><\/blockquote>\n\t<figcaption>\u2014 Elaine, Secr\u00e9taire de direction \u2014 Arizona<\/figcaption>\n<\/figure><figure class=\"text-center py-20\">\n\t<blockquote class=\"italic font-bold\"><p>Des gens de tous horizons \u2013 et venant des quatre coins de la plan\u00e8te \u2013 pratiquent d\u2019ores et d\u00e9j\u00e0 \u00c9iri\u00fa Eolas et connaissent des r\u00e9sultats exceptionnels. Voici quelques-uns des t\u00e9moignages que nous avons re\u00e7us sur les r\u00e9sultats v\u00e9ritablement fabuleux que quiconque peut obtenir gr\u00e2ce \u00e0 ce nouveau programme r\u00e9volutionnaire :\r\n\r\nIl y a eu de nombreuses am\u00e9liorations dans ma vie depuis que j\u2019ai commenc\u00e9 ce programme. Pour la premi\u00e8re fois, je ne d\u00e9sire plus \u00eatre quelqu\u2019un d\u2019autre, faisant quelque chose d\u2019autre \u2013 je me sens si forte et optimiste, c\u2019est une sensation merveilleuse. Voici un bon slogan : \u201cvotre \u00e2me a besoin de vacances ? Alors le programme EE pourrait bien \u00eatre la solution !\u201d<\/p><\/blockquote>\n\t<figcaption>\u2014 Aude, praticienne en Kin\u00e9siologie\u2014 Belgique<\/figcaption>\n<\/figure><figure class=\"text-center py-20\">\n\t<blockquote class=\"italic font-bold\"><p>Je travaille avec le programme depuis juin 2010. Avant de plonger dans des exp\u00e9riences de sant\u00e9 sp\u00e9cifiques, je voudrais d&rsquo;abord f\u00e9liciter affectueusement mes instructeurs, car ils ont \u00e9t\u00e9 les premiers \u00e0 m&rsquo;aider dans le processus enrichissant et \u00e9reintant de changement de ma vision mentale, physique et \u00e9motionnelle de la vie et de l&rsquo;\u00eatre. Ensemble, Ingrid et Elan forment une \u00e9quipe formidable et font de E.E. New York une oasis d&rsquo;apprentissage, de croissance et d&rsquo;\u00e9volution.\r\n<\/p>\r\n\r\n<p>L&rsquo;un de mes r\u00e9sultats \u00e9vidents et continus a \u00e9t\u00e9 la perte de plus de vingt kilos en trop, et pas n&rsquo;importe quel type de poids. Il semble que le poids que je portais \u00e9tait litt\u00e9ralement charg\u00e9 de toxines et de lourdeurs spirituelles dues \u00e0 un mode de vie moderne d\u00e9j\u00e0 malsain, \u00e0 des probl\u00e8mes \u00e9motionnels persistants durant l&rsquo;enfance et \u00e0 la pr\u00e9sence des fum\u00e9es nocives du World Trade Center dans mon appartement du centre-ville de Brooklyn pendant plusieurs mois. Apr\u00e8s le WTC, j&rsquo;ai d\u00e9velopp\u00e9 plusieurs probl\u00e8mes immunitaires graves en l&rsquo;espace de six mois et je suis devenu de plus en plus frustr\u00e9 par les m\u00e9thodes que j&rsquo;ai employ\u00e9es pour tenter de faire face \u00e0 mes probl\u00e8mes de sant\u00e9. Heureusement, je sais maintenant que je n&rsquo;ai pas besoin d&rsquo;abandonner et que je peux honn\u00eatement travailler avec un groupe de personnes qui sont pareillement inclin\u00e9es vers une meilleure sant\u00e9 et une meilleure existence.<\/p>\r\n\r\n<p>Un autre r\u00e9sultat important a \u00e9t\u00e9 une r\u00e9duction marqu\u00e9e des sch\u00e9mas de pens\u00e9e addictifs et de l&rsquo;anxi\u00e9t\u00e9 produite par des d\u00e9cisions de style de vie malsain. L&rsquo;appel des sir\u00e8nes du sucre et des choix alimentaires malsains n&rsquo;est plus aussi s\u00e9duisant ou n\u00e9cessaire maintenant. Oh, et c&rsquo;est un peu embarrassant, mais j&rsquo;ai arr\u00eat\u00e9 de me ronger les ongles. Depuis l&rsquo;enfance, j&rsquo;ai toujours rong\u00e9 mes ongles, mais maintenant je ne le fais plus.<\/p>\r\n\r\n<p>Contrairement \u00e0 d&rsquo;autres programmes, Eiriu Eolas n&rsquo;a pas d&rsquo;objectifs pr\u00e9d\u00e9termin\u00e9s fond\u00e9s sur la culpabilit\u00e9, la honte m\u00e9taphorique ou des attentes irr\u00e9alistes, et pourtant de nombreux changements positifs se produisent en un rien de temps. Comme l&rsquo;a \u00e9crit Gore Vidal, et je le placerai dans le contexte enti\u00e8rement diff\u00e9rent d&rsquo;Eiriu Eolas, \u00ab\u00a0Il n&rsquo;y a pas de fin Joe, seulement des moyens\u00a0\u00bb.<\/p><\/blockquote>\n\t<figcaption>\u2014 Joe, New York<\/figcaption>\n<\/figure><figure class=\"text-center py-20\">\n\t<blockquote class=\"italic font-bold\"><p>Je fais de l&rsquo;EE depuis plus de 6 mois maintenant et j&rsquo;ai obtenu d&rsquo;excellents r\u00e9sultats ! Le mode de vie \u00ab\u00a0moderne\u00a0\u00bb m&rsquo;a rapidement laiss\u00e9 totalement stress\u00e9&#8230; un environnement de travail charg\u00e9 avec de longues heures et des d\u00e9lais courts, trois enfants adolescents et, plus g\u00e9n\u00e9ralement, la volont\u00e9 d&rsquo;avancer dans la vie. J&rsquo;\u00e9tais en surpoids et je ne pouvais pas dormir plus de 4 heures d&rsquo;affil\u00e9e.<\/p>\r\n\r\n<p>Apr\u00e8s avoir pratiqu\u00e9 l&rsquo;EE pendant une courte p\u00e9riode, j&rsquo;ai constat\u00e9 que j&rsquo;\u00e9tais plus d\u00e9tendue et plus calme. Il m&rsquo;\u00e9tait beaucoup plus facile de mettre la vie en perspective, pour ainsi dire. J&rsquo;ai trouv\u00e9 la volont\u00e9 de suivre le r\u00e9gime Ultra-Mind et j&rsquo;ai rapidement perdu 6 kilos ! Mon sommeil est maintenant bien meilleur et je suis maintenant capable de dormir pendant 6-7 heures sans me r\u00e9veiller. R\u00e9cemment, en discutant avec un groupe de nouveaux amis, je leur ai demand\u00e9 de deviner mon \u00e2ge. J&rsquo;ai \u00e9t\u00e9 surpris de voir que la r\u00e9ponse la plus proche me donnait 5 ans de moins. Je me dis que cela doit \u00eatre le rajeunissement !<\/p>\r\n\r\n<p>Le meilleur b\u00e9n\u00e9fice de l&rsquo;EE a \u00e9t\u00e9, de loin, la capacit\u00e9 de mettre ma vie en perspective. J&rsquo;ai le sentiment d&rsquo;\u00eatre \u00e0 nouveau sur la bonne voie et d&rsquo;\u00eatre mieux \u00e9quip\u00e9 pour d\u00e9terminer ce qui est vraiment important dans la vie. J&rsquo;aimerais remercier tous ceux qui ont d\u00e9velopp\u00e9 et qui aident \u00e0 partager ce programme \u00e9tonnant.<\/p><\/blockquote>\n\t<figcaption>\u2014 Kinyash, Kenya<\/figcaption>\n<\/figure><figure class=\"text-center py-20\">\n\t<blockquote class=\"italic font-bold\"><p>Je ne peux pas vous dire \u00e0 quel point je suis reconnaissant pour \u00e7a. C&rsquo;est incroyable &#8211; je ne peux vraiment pas le d\u00e9crire. Ce que je tiens l\u00e0 est un miracle !<\/p><\/blockquote>\n\t<figcaption>\u2014 Jim, avec le jeu de DVD en main \u2014 Royaume-Uni<\/figcaption>\n<\/figure>","protected":false},"excerpt":{"rendered":"","protected":false},"author":1,"featured_media":0,"parent":0,"menu_order":0,"comment_status":"closed","ping_status":"closed","template":"","meta":{"footnotes":""},"class_list":["post-1768","page","type-page","status-publish","hentry"],"_links":{"self":[{"href":"https:\/\/eiriu-eolas.org\/fr\/wp-json\/wp\/v2\/pages\/1768","targetHints":{"allow":["GET"]}}],"collection":[{"href":"https:\/\/eiriu-eolas.org\/fr\/wp-json\/wp\/v2\/pages"}],"about":[{"href":"https:\/\/eiriu-eolas.org\/fr\/wp-json\/wp\/v2\/types\/page"}],"author":[{"embeddable":true,"href":"https:\/\/eiriu-eolas.org\/fr\/wp-json\/wp\/v2\/users\/1"}],"replies":[{"embeddable":true,"href":"https:\/\/eiriu-eolas.org\/fr\/wp-json\/wp\/v2\/comments?post=1768"}],"version-history":[{"count":2,"href":"https:\/\/eiriu-eolas.org\/fr\/wp-json\/wp\/v2\/pages\/1768\/revisions"}],"predecessor-version":[{"id":59039,"href":"https:\/\/eiriu-eolas.org\/fr\/wp-json\/wp\/v2\/pages\/1768\/revisions\/59039"}],"wp:attachment":[{"href":"https:\/\/eiriu-eolas.org\/fr\/wp-json\/wp\/v2\/media?parent=1768"}],"curies":[{"name":"wp","href":"https:\/\/api.w.org\/{rel}","templated":true}]}}