{"id":666,"date":"2018-11-02T20:16:52","date_gmt":"2018-11-02T20:16:52","guid":{"rendered":"https:\/\/eiriu-eolas.org\/?page_id=666"},"modified":"2021-10-03T22:55:16","modified_gmt":"2021-10-03T20:55:16","slug":"a-propos","status":"publish","type":"page","link":"https:\/\/eiriu-eolas.org\/fr\/a-propos\/","title":{"rendered":"Accroissement de la Connaissance"},"content":{"rendered":"\n<p>\u00c9iri\u00fa Eolas \u2013 \u201cAccroissement de la Connaissance\u201d, en ga\u00e9lique irlandais<\/p>\n\n<div style=\"height:40px\" aria-hidden=\"true\" class=\"wp-block-spacer\"><\/div>\n\n<p>Le programme de contr\u00f4le du stress, de gu\u00e9rison et de rajeunissement d&rsquo;\u00c9iri\u00fa Eolas est la renaissance moderne d&rsquo;un ancien programme de respiration et de m\u00e9ditation qui est acclam\u00e9 dans le monde entier comme L&rsquo;OUTIL qui vous aidera \u00e0.. :<\/p>\n\n<div style=\"height:40px\" aria-hidden=\"true\" class=\"wp-block-spacer\"><\/div>\n\n<ul class=\"wp-block-list\"><li>vous relaxer<\/li><li>surmonter en douceur les traumatismes \u00e9motionnels et psychologiques du pass\u00e9<\/li><li>lib\u00e9rer les \u00e9motions refoul\u00e9es et les blocages mentaux<\/li><li>d\u00e9toxifier votre corps et votre esprit<\/li><\/ul>\n\n<div style=\"height:40px\" aria-hidden=\"true\" class=\"wp-block-spacer\"><\/div>\n\n<p>\u00c9iri\u00fa Eolas fait dispara\u00eetre les blocages qui vous emp\u00eachent d\u2019acc\u00e9der \u00e0 la V\u00e9ritable Paix, au Bonheur, et, en fin de compte, \u00e0 une vie riche et \u00e9panouie.<\/p>\n\n<div style=\"height:40px\" aria-hidden=\"true\" class=\"wp-block-spacer\"><\/div>\n\n<p>Dans ce site, vous pouvez acc\u00e9der gratuitement au programme \u00c9iri\u00fa Eolas. Lorsque vous aurez commenc\u00e9 \u00e0 pratiquer, vous voudrez disposer de votre propre coffret DVD \u00c9iri\u00fa Eolas. En outre, vous pouvez effectuer une donation du montant qui vous convient via notre <a title=\"Buy Eiriu Eolas\" href=\"https:\/\/eiriu-eolas.org\/fr\/boutique\/\" target=\"_self\" rel=\"noopener\">page de vente en ligne<\/a>. Si vous voulez le coffret DVD \u00c9iri\u00fa Eolas, mais que vous ne pouvez vous le permettre financi\u00e8rement, <a title=\"Contact Us\" href=\"https:\/\/eiriu-eolas.org\/fr\/contact\/\">contactez-nous<\/a> et nous tenterons de trouver une solution pour vous aider. Nous sommes tous ensemble dans le m\u00eame bateau !<\/p>\n\n<div style=\"height:52px\" aria-hidden=\"true\" class=\"wp-block-spacer\"><\/div>\n\n\n<h2 class=\"text-center text-primary-default heading-medium pb-24\">Vid\u00e9o d\u2019introduction:<\/h2>\n<div style=\"height:20px\" aria-hidden=\"true\" class=\"wp-block-spacer\"><\/div>\n\n<p>Laura Knight-Jadczyk donne un aper\u00e7u d\u00e9taill\u00e9 des th\u00e9ories scientifiques et philosophiques concernant la respiration, l\u2019acte de respirer, et leur importance pour notre bien-\u00eatre physique, \u00e9motionnel et spirituel. \u00c0 la fin de cette introduction, Laura enseigne \u00e0 l\u2019auditeur une technique ancestrale de respiration capable de provoquer un \u00e9tat mental calme et d\u00e9tendu si rapidement que tout le monde peut la pratiquer \u2013 des pilotes de l\u2019air aux serveuses en passant par les directeurs d\u2019entreprises et les institutrices de maternelles \u2013 n\u2019importe o\u00f9, n\u2019importe quand.<\/p>\n\n<div style=\"height:40px\" aria-hidden=\"true\" class=\"wp-block-spacer\"><\/div>\n\n\n<h2 class=\"text-center text-primary-default heading-medium pb-24\">Vid\u00e9o d\u2019instructions<\/h2>\n<p>Pr\u00e9sentation vid\u00e9o d\u2019exercices d\u2019\u00e9chauffement et de techniques de respiration suppl\u00e9mentaires du programme \u00c9iri\u00fa Eolas, comprenant la respiration bio\u00e9nerg\u00e9tique qui, pratiqu\u00e9e r\u00e9guli\u00e8rement, peut apporter une profonde gu\u00e9rison \u00e9motionnelle, mentale et psychologique. Pendant des ann\u00e9es, ces techniques furent les secrets des yogis et des psychologues des profondeurs \u2013 deux domaines professionnels qui, sans conteste, promeuvent des m\u00e9thodes dont l\u2019efficacit\u00e9 n\u2019est plus \u00e0 d\u00e9montrer : elles font bien ce qu\u2019elles sont pr\u00e9tendues faire. Laura explique ces techniques secr\u00e8tes de fa\u00e7on claire et agr\u00e9able. Ce programme s\u2019adresse \u00e0 tous : il est scientifique, et il fonctionne.<\/p>\n\n<div style=\"height:40px\" aria-hidden=\"true\" class=\"wp-block-spacer\"><\/div>\n\n\n<h2 class=\"text-center text-primary-default heading-medium pb-24\">Audio<\/h2>\n<p>Programme audio qui vous guidera \u00e0 travers la technique de respiration elle-m\u00eame ; une technique r\u00e9volutionnaire, dont le point d\u2019orgue est la puissante Pri\u00e8re de l\u2019\u00c2me, une pri\u00e8re non-confessionnelle, non-sectaire, et scientifique \u2013 une r\u00e9alisation extraordinaire \u00e0 notre \u00e9poque, o\u00f9 le programme que vous tenez entre vos mains s\u2019av\u00e8re \u00e9minemment n\u00e9cessaire.<\/p>\n\n<div style=\"height:40px\" aria-hidden=\"true\" class=\"wp-block-spacer\"><\/div>\n\n<p class=\"has-text-align-center\"><strong><a href=\"https:\/\/eiriu-eolas.org\/fr\/version-en-ligne\/\">Cliquer ici pour regarder \u00c9iri\u00fa Eolas en ligne!!<\/a><\/strong><\/p>\n\n<div style=\"height:40px\" aria-hidden=\"true\" class=\"wp-block-spacer\"><\/div>\n\n<p>Nous vous invitons \u00e0 partager ce programme et ces techniques secr\u00e8tes de respiration avec tous ceux qui vous sont chers \u2013 la vie que vous sauverez sera <\/p>\n\n<div style=\"height:40px\" aria-hidden=\"true\" class=\"wp-block-spacer\"><\/div>\n","protected":false},"excerpt":{"rendered":"<p>\u00c9iri\u00fa Eolas \u2013 \u201cAccroissement de la Connaissance\u201d, en ga\u00e9lique irlandais Le programme de contr\u00f4le du stress, de gu\u00e9rison et de rajeunissement d&rsquo;\u00c9iri\u00fa Eolas est la renaissance moderne d&rsquo;un ancien programme de respiration et de m\u00e9ditation qui est acclam\u00e9 dans le monde entier comme L&rsquo;OUTIL qui vous aidera \u00e0.. : vous relaxer surmonter en douceur les [&hellip;]<\/p>\n","protected":false},"author":1,"featured_media":0,"parent":0,"menu_order":0,"comment_status":"closed","ping_status":"closed","template":"","meta":{"footnotes":""},"class_list":["post-666","page","type-page","status-publish","hentry"],"_links":{"self":[{"href":"https:\/\/eiriu-eolas.org\/fr\/wp-json\/wp\/v2\/pages\/666","targetHints":{"allow":["GET"]}}],"collection":[{"href":"https:\/\/eiriu-eolas.org\/fr\/wp-json\/wp\/v2\/pages"}],"about":[{"href":"https:\/\/eiriu-eolas.org\/fr\/wp-json\/wp\/v2\/types\/page"}],"author":[{"embeddable":true,"href":"https:\/\/eiriu-eolas.org\/fr\/wp-json\/wp\/v2\/users\/1"}],"replies":[{"embeddable":true,"href":"https:\/\/eiriu-eolas.org\/fr\/wp-json\/wp\/v2\/comments?post=666"}],"version-history":[{"count":2,"href":"https:\/\/eiriu-eolas.org\/fr\/wp-json\/wp\/v2\/pages\/666\/revisions"}],"predecessor-version":[{"id":59047,"href":"https:\/\/eiriu-eolas.org\/fr\/wp-json\/wp\/v2\/pages\/666\/revisions\/59047"}],"wp:attachment":[{"href":"https:\/\/eiriu-eolas.org\/fr\/wp-json\/wp\/v2\/media?parent=666"}],"curies":[{"name":"wp","href":"https:\/\/api.w.org\/{rel}","templated":true}]}}