{"id":693,"date":"2018-11-02T20:23:49","date_gmt":"2018-11-02T20:23:49","guid":{"rendered":"https:\/\/eiriu-eolas.org\/?page_id=693"},"modified":"2021-10-03T23:25:19","modified_gmt":"2021-10-03T21:25:19","slug":"homepage","status":"publish","type":"page","link":"https:\/\/eiriu-eolas.org\/fr\/","title":{"rendered":"Homepage"},"content":{"rendered":"\n\n\n<section id=\"ee-container-28tq6d\" class=\"bg-homepage-hero h-screen  flex flex-col\">\n\n\n    \n<header id=\"masthead\" class=\"site-header flex flex-col justify-start max-w-full m-0 tablet:pt-16\">\n\t<section class=\"grid grid-cols-mobile tablet:grid-cols-tablet desktop:grid-cols-desktop max-w-full\">\n\t\t<div class=\"col-span-one tablet:col-span-three w-full flex justify-between w-full items-center p-8\">\n\t\t\t<div class=\"site-branding flex flex-col z-20\">\n\t\t\t\t<a href=\"https:\/\/eiriu-eolas.org\/fr\/\" class=\"custom-logo-link\" rel=\"home\"><img decoding=\"async\" src=\"https:\/\/eiriu-eolas.org\/wp-content\/uploads\/2021\/05\/eiriu-eolas-logo.svg\" class=\"custom-logo\" alt=\"\u00c9iri\u00fa Eolas\" \/><\/a>\t\t\t\t\t<p class=\"site-title\"><a href=\"https:\/\/eiriu-eolas.org\/fr\/\" rel=\"home\">\u00c9iri\u00fa Eolas<\/a><\/p>\n\t\t\t\t\t\t\t\t\t\t<p class=\"site-description\">Growth of Knowledge<\/p>\n\t\t\t\t\t\t\t<\/div><!-- .site-branding -->\n\n\t\t\t<nav id=\"site-navigation\" class=\"main-navigation\">\n\t\t\t\t<button class=\"menu-toggle block tablet:hidden text-primary-default text-6xl z-50 relative\" aria-controls=\"primary-menu\" aria-expanded=\"false\"><i class=\"icon-segment\"><\/i><\/button>\n\t\t\t\t\n\t\t\t\t<div class=\"menu-main-menu-container\"><ul id=\"primary-menu\" class=\"menu fixed top-0 h-screen w-full bg-white tablet:bg-transparent pt-36 tablet:pt-0 max-w-3xl right-0 p-12 transform translate-x-full tablet:max-w-full tablet:p-0 tablet:translate-x-0 tablet:mt-0 tablet:p-0 tablet:relative tablet:flex tablet:h-auto z-10\"><li id=\"menu-item-1587\" class=\"menu-item menu-item-type-post_type menu-item-object-page menu-item-1587\"><a href=\"https:\/\/eiriu-eolas.org\/fr\/a-propos\/\">A propos<\/a><\/li>\n<li id=\"menu-item-1585\" class=\"menu-item menu-item-type-post_type menu-item-object-page menu-item-1585\"><a href=\"https:\/\/eiriu-eolas.org\/fr\/version-en-ligne\/\">Version en ligne<\/a><\/li>\n<li id=\"menu-item-5893\" class=\"menu-item menu-item-type-post_type menu-item-object-page menu-item-5893\"><a href=\"https:\/\/eiriu-eolas.org\/fr\/temoignages\/\">T\u00e9moignages<\/a><\/li>\n<li id=\"menu-item-5892\" class=\"menu-item menu-item-type-post_type menu-item-object-page menu-item-5892\"><a href=\"https:\/\/eiriu-eolas.org\/fr\/boutique\/\">Boutique<\/a><\/li>\n<hr class=\"h-px my-8 overflow-auto tablet:hidden\" \/><li class=\"my-account-link menu-item menu-item-type-post_type menu-item-object-page\"><a href=\"https:\/\/eiriu-eolas.org\/my-account-2\/\"><i class=\"icon-user-circle-o\"><\/i><span class=\"tablet:hidden\">   Page Mon compte<\/span><\/a><\/li>\n                    <hr class=\"h-px my-8 overflow-auto tablet:hidden\" \/>\n                        <div class=\"flex flex-wrap mr-8 tablet:hidden\">\n\n                <li><a class=\"text-heading-100 p-2 m-1\" href=\"https:\/\/eiriu-eolas.org\/\">English<\/a><\/li><li><a class=\"text-heading-100 p-2 m-1\" href=\"https:\/\/eiriu-eolas.org\/es\/\">Espa\u00f1ol<\/a><\/li><li><a class=\"text-heading-100 p-2 m-1\" href=\"https:\/\/eiriu-eolas.org\/de\/\">Deutsch<\/a><\/li><li><a class=\"text-heading-100 p-2 m-1\" href=\"https:\/\/eiriu-eolas.org\/hr\/\">Hrvatski<\/a><\/li><\/div><\/ul><\/div>\n\t\t\t<\/nav><!-- #site-navigation -->\n\t\t<\/div>\n\t<\/section>\n<\/header><!-- #masthead -->\n\n\n<div id=\"ee-feature-21CjTd\" class=\"ee-feature flex flex-col justify-center flex-grow\">\n\t<section class=\"grid-container\">\n\t\t<div class=\"grid-section-wide grid-item\">\n\t\t\t<figure class=\"flex tablet:justify-between flex-row \">\n\n\t\t\t\t<section class=\"w-full tablet:w-2\/5 flex flex-col justify-center\">\n\t\t\t\t\t<header class=\"mb-4\">\n\n\t\t\t\t\t\t<h1 class=\"text-primary-default heading-big\">\u00c9iri\u00fa Eolas<\/h1>\n\t\t\t\t\t\t<h2 class=\"text-primary-default heading-small\">Accroissement de la Connaissance<\/h2>\t\t\t\t\t<\/header>\n\n\n\t\t\t\t\t<main><p>Le programme r\u00e9volutionnaire, scientifiquement prouv\u00e9 et offrant des b\u00e9n\u00e9fices exceptionnels : contr\u00f4le du stress, gu\u00e9rison, d\u00e9toxification et rajeunissement, qui constitue la <span class=\"highlighter-red\">CLEF<\/span> pour changer votre vie imm\u00e9diatement et efficacement.<\/p><\/main>\n\n\t\t\t\t\t\t\t\t\t\t<footer class=\"mt-16 flex flex-col tablet:flex-row items-center\">\n\t\t\t\t\t\t\t\t\t\t\t\t<a href=\"https:\/\/eiriu-eolas.org\/fr\/online-version\/\" class=\"button px-20 py-4 bg-secondary-default text-white rounded-2xl\">Voir le programme<\/a>\n\t\t\t\t\t\t\n\t\t\t\t\t\t\t\t\t\t\t<\/footer>\n\t\t\t\t\t\t\t\t\t<\/section>\n\t\t\t\t<figure class=\"hidden tablet:flex flex-col justify-center\">\n\t\t\t\t\t<img decoding=\"async\" src=\"https:\/\/eiriu-eolas.org\/wp-content\/uploads\/2021\/05\/eiriu-eolas-hero-image.png\" \/>\n\t\t\t\t<\/figure>\n\t\t\t<\/figure>\n\t\t<\/div>\n\t<\/section>\n<\/div>\n<\/section>\n\n\n<section id=\"ee-container-ZKRS9a\" class=\"bg-transparent  py-32 flex flex-col\">\n\n\n    \n\n<div id=\"ee-feature-Ulitv\" class=\"ee-feature flex flex-col justify-center flex-grow\">\n\t<section class=\"grid-container\">\n\t\t<div class=\"grid-section-x-wide grid-item\">\n\t\t\t<figure class=\"flex tablet:justify-between flex-row \">\n\n\t\t\t\t<section class=\"w-full tablet:w-1\/2 flex flex-col justify-center\">\n\t\t\t\t\t<header class=\"mb-4\">\n\n\t\t\t\t\t\t<h2 class=\"text-primary-default heading-medium\">Vous \u00eates stress\u00e9?<\/h2>\n\t\t\t\t\t\t\t\t\t\t\t<\/header>\n\n\n\t\t\t\t\t<main><p>Vous souffrez de fatigue chronique? Vous souffrez de maladies que votre m\u00e9decin n\u2019arrive pas \u00e0 diagnostiquer et qu\u2019il qualifie de psychosomatiques? Vous ressentez des douleurs la plupart du temps? Votre organisme souffre de cet environnement satur\u00e9 de pollution? Vous voulez faire face aux challenges de la vie avec plus de calme et de s\u00e9r\u00e9nit\u00e9? <span class=\"highlighter-red\">Vous voulez retrouver votre sant\u00e9, la joie de vivre, une existence sans douleur?<\/span><\/p><\/main>\n\n\t\t\t\t\t\t\t\t\t<\/section>\n\t\t\t\t<figure class=\"hidden tablet:flex flex-col justify-center\">\n\t\t\t\t\t<img decoding=\"async\" src=\"https:\/\/eiriu-eolas.org\/wp-content\/uploads\/2021\/05\/eiriu-eolas-are-you-stressed-image.png\" \/>\n\t\t\t\t<\/figure>\n\t\t\t<\/figure>\n\t\t<\/div>\n\t<\/section>\n<\/div>\n<\/section>\n\n\n<section id=\"ee-container-1UcyGp\" class=\"bg-introduction  py-32 flex flex-col\">\n\n\n            <div class=\"grid-container\">\n            <div class=\"grid-section-wide grid-item\">\n\n        \n\n<div class=\"wp-block-image\"><figure class=\"aligncenter size-large\"><img loading=\"lazy\" decoding=\"async\" width=\"144\" height=\"141\" src=\"https:\/\/eiriu-eolas.org\/wp-content\/uploads\/2021\/05\/eiriu-eolas-rounded-logo.png\" alt=\"\" class=\"wp-image-58677\" srcset=\"https:\/\/eiriu-eolas.org\/wp-content\/uploads\/2021\/05\/eiriu-eolas-rounded-logo.png 144w, https:\/\/eiriu-eolas.org\/wp-content\/uploads\/2021\/05\/eiriu-eolas-rounded-logo-61x60.png 61w, https:\/\/eiriu-eolas.org\/wp-content\/uploads\/2021\/05\/eiriu-eolas-rounded-logo-92x90.png 92w\" sizes=\"auto, (max-width: 144px) 100vw, 144px\" \/><\/figure><\/div>\n\n\n\n\n<h2 class=\"text-center text-primary-default heading-medium pb-24\">Pr\u00e9sentation d&rsquo;\u00c9iri\u00fa Eolas<\/h2>\n\n\n<p class=\"has-text-align-center\">\u00c9iri\u00fa Eolas vous permettra d&rsquo;acc\u00e9der rapidement et en douceur aux couches de toxicit\u00e9 mentale, \u00e9motionnelle et physique qui vous emp\u00eachent d&rsquo;avoir un corps sain, plus jeune et d&rsquo;apparence plus jeune.&#13;\n<\/p>\n\n\n\n<p><\/p>\n\n\n\n<p class=\"has-text-align-center\">Contr\u00f4lez instantan\u00e9ment le stress et les situations \u00e0 haute \u00e9nergie<br\/>D\u00e9toxifiez votre corps, ce qui permet de soulager la douleur<br\/>Relaxez et travaillez en douceur sur les traumatismes \u00e9motionnels et psychologiques du pass\u00e9<br\/>R\u00e9g\u00e9n\u00e9rez et rajeunissez votre corps\/esprit.<\/p>\n\n\n            <\/div>\n        <\/div>\n    \n\n    <\/section>\n\n\n<section id=\"ee-container-2p9WlJ\" class=\"bg-transparent  py-32 flex flex-col\">\n\n\n    \n\n<div id=\"ee-feature-ZMLUVa\" class=\"ee-feature flex flex-col justify-center flex-grow\">\n\t<section class=\"grid-container\">\n\t\t<div class=\"grid-section-x-wide grid-item\">\n\t\t\t<figure class=\"flex tablet:justify-between flex-row-reverse \">\n\n\t\t\t\t<section class=\"w-full tablet:w-1\/2 flex flex-col justify-center\">\n\t\t\t\t\t<header class=\"mb-4\">\n\n\t\t\t\t\t\t<h2 class=\"text-primary-default heading-medium\">Le programme<\/h2>\n\t\t\t\t\t\t\t\t\t\t\t<\/header>\n\n\n\t\t\t\t\t<main><p>Le programme se compose de<\/p>\r\n<p>\u00a0<\/p>\r\n<ul>\r\n<li>Introduction vid\u00e9o<\/li>\r\n<\/ul>\r\n<p style=\"padding-left: 40px;\">Un aper\u00e7u d\u00e9taill\u00e9 des th\u00e9ories scientifiques et philosophiques qui sous-tendent la respiration et l&rsquo;action de respirer, ainsi que son importance pour le bien-\u00eatre physique, \u00e9motionnel et spirituel.<\/p>\r\n<p>\u00a0<\/p>\r\n<ul>\r\n<li>Vid\u00e9o d&rsquo;instruction<\/li>\r\n<\/ul>\r\n<p style=\"padding-left: 40px;\">Une d\u00e9monstration vid\u00e9o des exercices d&rsquo;\u00e9chauffement simples d&rsquo;\u00c9iri\u00fa Eolas et des techniques de respiration suppl\u00e9mentaires, notamment la respiration bio\u00e9nerg\u00e9tique qui, lorsqu&rsquo;elle est pratiqu\u00e9e r\u00e9guli\u00e8rement, peut apporter une profonde gu\u00e9rison \u00e9motionnelle, mentale et psychique.<\/p><\/main>\n\n\t\t\t\t\t\t\t\t\t\t<footer class=\"mt-16 flex flex-col tablet:flex-row items-center\">\n\t\t\t\t\t\t\t\t\t\t\t\t<a href=\"https:\/\/eiriu-eolas.org\/fr\/online-version\/\" class=\"button px-20 py-4 bg-secondary-default text-white rounded-2xl\">Voir le programme<\/a>\n\t\t\t\t\t\t\n\t\t\t\t\t\t\t\t\t\t\t\t\t<a class=\"flex-grow text-center pt-8 tablet:p-0\" href=\"\/fr\/about-us\">En savoir plus<\/a>\n\t\t\t\t\t\t\t\t\t\t\t<\/footer>\n\t\t\t\t\t\t\t\t\t<\/section>\n\t\t\t\t<figure class=\"hidden tablet:flex flex-col justify-center\">\n\t\t\t\t\t<img decoding=\"async\" src=\"https:\/\/eiriu-eolas.org\/wp-content\/uploads\/2021\/05\/eiriu-eolas-the-program.png\" \/>\n\t\t\t\t<\/figure>\n\t\t\t<\/figure>\n\t\t<\/div>\n\t<\/section>\n<\/div>\n<\/section>\n\n\n<section id=\"ee-container-22lIws\" class=\"bg-secondary-light  py-32 flex flex-col\">\n\n\n            <div class=\"grid-container\">\n            <div class=\"grid-section-wide grid-item\">\n\n        \n\n\n<h2 class=\"text-center text-secondary-default heading-medium pb-24\">Nos instructeurs<\/h2>\n\n<section id=\"ee-instructors-container-YJE6X\" class=\"grid grid-cols-1 tablet:grid-cols-3 gap-16\">\n\n\n<figure class=\"text-center\">\n    <header class=\"flex flex-col items-center\">\n        <img decoding=\"async\" class=\"w-36 rounded-2xl\" src=\"https:\/\/eiriu-eolas.org\/wp-content\/uploads\/2018\/11\/juliana-barembuem-80x80-1.png\" \/>\n        <p class=\"font-bold mt-4\">Juliana Barembuem<\/p>\n    <\/header>\n    <main class=\"mt-8\">\n        <p>Argentino-italien, ma\u00eetrise en linguistique, traductrice et interpr\u00e8te multilingue. Juliana a pratiqu\u00e9 le yoga, la respiration et les techniques de m\u00e9ditation pendant plusieurs ann\u00e9es avant de devenir instructrice d\u2019\u00c9iri\u00fa Eolas en 2009.<\/p>    <\/main>\n<\/figure>\n\n\n<figure class=\"text-center\">\n    <header class=\"flex flex-col items-center\">\n        <img decoding=\"async\" class=\"w-36 rounded-2xl\" src=\"https:\/\/eiriu-eolas.org\/wp-content\/uploads\/2018\/11\/gabriela-segura-80x80-1.png\" \/>\n        <p class=\"font-bold mt-4\">Gabriela Segura<\/p>\n    <\/header>\n    <main class=\"mt-8\">\n        <p>Dre Gaby est n\u00e9e au Costa Rica dans une famille mixte de l\u2019Est et de l\u2019Ouest et elle est m\u00e9decin de famille en m\u00e9decine rurale et ancienne chirurgienne cardiaque. Ses recherches dans le domaine m\u00e9dical, la vraie nature de notre monde et tout ce qui touche \u00e0 la gu\u00e9rison l\u2019ont amen\u00e9e en Italie, au Canada, en France et en Espagne.<\/p>    <\/main>\n<\/figure>\n\n\n<figure class=\"text-center\">\n    <header class=\"flex flex-col items-center\">\n        <img decoding=\"async\" class=\"w-36 rounded-2xl\" src=\"https:\/\/eiriu-eolas.org\/wp-content\/uploads\/2018\/11\/irini-gregoriou-80x80-1.png\" \/>\n        <p class=\"font-bold mt-4\">Irini Gregoriu<\/p>\n    <\/header>\n    <main class=\"mt-8\">\n        <p>D\u00e9tentrice d\u2019une ma\u00eetrise en art-th\u00e9rapie, Irini poss\u00e8de une vaste exp\u00e9rience clinique dans le domaine de la sant\u00e9 mentale, ce qui la rend id\u00e9ale pour partager les bienfaits de l\u2019\u00e9ducation environnementale avec les autres. Elle est instructrice en EE depuis 2010.<\/p>    <\/main>\n<\/figure>\n\n\n<\/section>\n\n\n<p class=\"has-text-align-center\"><a href=\"https:\/\/eiriu-eolas.org\/fr\/instructeurs\/\" data-type=\"page\" data-id=\"116\">Rencontrez tous<\/a><\/p>\n\n\n            <\/div>\n        <\/div>\n    \n\n    <\/section>\n\n\n<section id=\"ee-container-25mjmG\" class=\"bg-secondary-default  py-32 flex flex-col\">\n\n\n            <div class=\"grid-container\">\n            <div class=\"grid-section-wide grid-item\">\n\n        \n\n\n<h2 class=\"text-center text-white heading-medium pb-24\">Prendre un rendez-vous<\/h2>\n\n<div class=\"text-center w-full\">\n<a href=\"https:\/\/eiriu-eolas.org\/contact\/\" class=\"button px-20 py-4 bg-secondary-default text-white rounded-2xl secondary\">Contactez nous !<\/a>\n<\/div>\n\n            <\/div>\n        <\/div>\n    \n\n    <\/section>\n\n\n<section id=\"ee-container-Z26uDV\" class=\"bg-transparent  py-32 flex flex-col\">\n\n\n            <div class=\"grid-container\">\n            <div class=\"grid-section-x-wide grid-item\">\n\n        \n\n\n<h2 class=\"text-center text-primary-default heading-medium \">T\u00e9moignages<\/h2>\n\n<figure class=\"text-center py-20\">\n\t<blockquote class=\"italic font-bold\"><p>\u00c9iri\u00fa Eolas a chang\u00e9 ma vie. <span class=\"highlighter-red\">Je me sens plus d\u00e9tendue et en contr\u00f4le<\/span>, plus motiv\u00e9e et inspir\u00e9e. Mon sommeil s\u2019est beaucoup am\u00e9lior\u00e9. Ce programme est maintenant une partie essentielle de ma vie<\/p><\/blockquote>\n\t<figcaption>\u2014 David Ditka<\/figcaption>\n<\/figure>\n\n<figure class=\"text-center py-20\">\n\t<blockquote class=\"italic font-bold\"><p>La vid\u00e9o de pr\u00e9sentation est si bien faite. Tous ces sch\u00e9mas explicatifs en 3D sont d\u00e9sormais grav\u00e9s dans mon esprit. A chaque fois que je ne respire pas correctement, je m\u2019en rends compte gr\u00e2ce \u00e0 l\u2019animation. Les textes combin\u00e9s aux graphiques sont tr\u00e8s facile \u00e0 m\u00e9moriser.<\/p><\/blockquote>\n\t<figcaption>\u2014 Frank, consultant en informatique \u2014 Californie<\/figcaption>\n<\/figure>\n\n<figure class=\"text-center py-20\">\n\t<blockquote class=\"italic font-bold\"><p>Le programme EE m\u2019a aid\u00e9 \u00e0 vivre et me <span class=\"highlighter-red\">lib\u00e9rer d\u2019une grande partie de mon bagage \u00e9motionnel.<\/span><\/p><\/blockquote>\n\t<figcaption>\u2014 Brent, technicien en Recherche g\u00e9n\u00e9tique \u2014 New York<\/figcaption>\n<\/figure>\n\n\n<div style=\"height:35px\" aria-hidden=\"true\" class=\"wp-block-spacer\"><\/div>\n\n\n\n<p class=\"has-text-align-center\"><a href=\"https:\/\/eiriu-eolas.org\/fr\/temoignages\/\" data-type=\"URL\" data-id=\"https:\/\/eiriu-eolas.org\/fr\/testimonials\/\">Voir tous les t\u00e9moignages<\/a><\/p>\n\n\n            <\/div>\n        <\/div>\n    \n\n    <\/section>\n\n\n<section id=\"ee-container-2e8DAo\" class=\"bg-primary-lightest  py-32 flex flex-col\">\n\n\n            <div class=\"grid-container\">\n            <div class=\"grid-section-x-wide grid-item\">\n\n        \n\n\n<h2 class=\"text-center text-primary-default heading-medium \">FAQs<\/h2>\n\n<figure class=\"text-center py-24\">\n    <div class=\"font-bold heading-x-small\">A quelle fr\u00e9quence dois je pratiquer l\u2019E\u00edri\u00fa-Eolas?<\/div>\n    <div class=\"mt-10\"><p>Il est en g\u00e9n\u00e9ral recommand\u00e9 de faire le programme complet deux fois par semaine et la m\u00e9ditation chaque jour, de pr\u00e9f\u00e9rence avant de dormir. Cela permet \u00e0 votre subconscient de travailler pendant que vous dormez. Vous pouvez \u00e9galement effectuer la Respiration resserr\u00e9e chaque jour, quand vous le voulez.<\/p><\/div>\n<\/figure>\n\n<figure class=\"text-center py-24\">\n    <div class=\"font-bold heading-x-small\">Je ne sais pas suivre le d\u00e9compte, que dois je faire?<\/div>\n    <div class=\"mt-10\"><p>Si le d\u00e9compte est trop long ou trop court pour vous, suivez votre rythme. Quand vous serez plus exp\u00e9riment\u00e9, il vous sera plus facile de suivre le d\u00e9compte. Le plus important lorsque vous faites la Respiration resserr\u00e9e est que l\u2019expiration soit plus longue que l\u2019inspiration et de vider vos poumons aussi compl\u00e8tement que possible. Les courtes pauses entre l\u2019inspiration et l\u2019expiration sont \u00e9galement importantes, parce qu\u2019elles permettent aux \u00e9changes gazeux d\u2019\u00eatre bien effectu\u00e9s dans les poumons.<\/p><\/div>\n<\/figure>\n\n<figure class=\"text-center py-24\">\n    <div class=\"font-bold heading-x-small\">Puis je m\u2019allonger pour faire l\u2019exercice de respiration?<\/div>\n    <div class=\"mt-10\"><p>S\u2019allonger ne pose aucun probl\u00e8me. L\u2019essentiel est d\u2019\u00eatre aussi \u00e0 l\u2019aise que possible.<\/p><\/div>\n<\/figure>\n\n\n<div style=\"height:41px\" aria-hidden=\"true\" class=\"wp-block-spacer\"><\/div>\n\n\n\n<p class=\"has-text-align-center\"><a href=\"https:\/\/eiriu-eolas.org\/fr\/faqs\/\" data-type=\"page\" data-id=\"265\">Voir le guide rapide<\/a><\/p>\n\n\n            <\/div>\n        <\/div>\n    \n\n    <\/section>","protected":false},"excerpt":{"rendered":"","protected":false},"author":1,"featured_media":0,"parent":0,"menu_order":0,"comment_status":"closed","ping_status":"open","template":"homepage-page.php","meta":{"footnotes":""},"class_list":["post-693","page","type-page","status-publish","hentry"],"_links":{"self":[{"href":"https:\/\/eiriu-eolas.org\/fr\/wp-json\/wp\/v2\/pages\/693","targetHints":{"allow":["GET"]}}],"collection":[{"href":"https:\/\/eiriu-eolas.org\/fr\/wp-json\/wp\/v2\/pages"}],"about":[{"href":"https:\/\/eiriu-eolas.org\/fr\/wp-json\/wp\/v2\/types\/page"}],"author":[{"embeddable":true,"href":"https:\/\/eiriu-eolas.org\/fr\/wp-json\/wp\/v2\/users\/1"}],"replies":[{"embeddable":true,"href":"https:\/\/eiriu-eolas.org\/fr\/wp-json\/wp\/v2\/comments?post=693"}],"version-history":[{"count":3,"href":"https:\/\/eiriu-eolas.org\/fr\/wp-json\/wp\/v2\/pages\/693\/revisions"}],"predecessor-version":[{"id":59058,"href":"https:\/\/eiriu-eolas.org\/fr\/wp-json\/wp\/v2\/pages\/693\/revisions\/59058"}],"wp:attachment":[{"href":"https:\/\/eiriu-eolas.org\/fr\/wp-json\/wp\/v2\/media?parent=693"}],"curies":[{"name":"wp","href":"https:\/\/api.w.org\/{rel}","templated":true}]}}