{"id":740,"date":"2018-11-02T21:18:38","date_gmt":"2018-11-02T21:18:38","guid":{"rendered":"https:\/\/eiriu-eolas.org\/?page_id=740"},"modified":"2021-10-03T22:39:34","modified_gmt":"2021-10-03T20:39:34","slug":"faqs","status":"publish","type":"page","link":"https:\/\/eiriu-eolas.org\/fr\/faqs\/","title":{"rendered":"Le guide rapide d&rsquo;E\u00edri\u00fa-Eolas"},"content":{"rendered":"\n<p><strong>Avertissement:<\/strong><\/p>\n\n<p>La Respiration Bio\u00e9nerg\u00e9tique (Respiration circulaire) est contre indiqu\u00e9e en cas de grossesse, d\u2019\u00e9pilepsie, de trouble bipolaire et autres d\u00e9s\u00e9quilibres chimiques. Toutes les autres  parties du programme de Respirat ion et de M\u00e9ditation E\u00edri\u00fa-Eolas peuvent \u00eatre utilis\u00e9es.<\/p>\n\n\n<h2 class=\"text-center text-primary-default heading-medium pb-24\">Introduction<\/h2>\n<p>Bienvenue dans le syst\u00e8me de Respiration et de M\u00e9ditation E\u00edri\u00fa-Eolas. En utilisant cette  technique ancienne de respiration et de m\u00e9ditation red\u00e9couverte au 21e si\u00e8cle, vous vous  embar quer pour un voyage excitant plein de d\u00e9couvertes. E\u00edri\u00fa-Eolas est un outil in\u00e9dit pour  vous aider \u00e0 vous relaxer et travailler en douceur sur vos traumatismes \u00e9motionnels et psychologiques, en lib\u00e9rant les \u00e9motions r\u00e9prim\u00e9es et les blocages mentaux qui vous emp\u00eachent de mener une vie \u00e9panouie et accomplie.<\/p>\n\n<p>Il est important d\u2019effectuer les exercices d\u2019\u00e9chauffement repris sur le Disque 2. Ils augmentent la capacit\u00e9 pulmonaire, la circulation et enrichiront votre exp\u00e9rience E\u00edri\u00fa-Eolas.&#13;\n&#13;\nSi vous suivez d\u00e9j\u00e0  un programme d\u2019activit\u00e9 physique qui comprend stretching et assouplissement comme le yoga, cette partie peut \u00eatre modifi\u00e9e ou saut\u00e9e.&#13;\n<\/p>\n\n\n<h2 class=\"text-center text-primary-default heading-medium pb-24\">Respiration resserr\u00e9e<\/h2>\n<p>La Respiration resserr\u00e9e est utilis\u00e9e pour stimuler le nerf vague et est effectu\u00e9e en trois \u00e9tapes afin d\u2019utiliser compl\u00e8tement les poumons. Stimuler le nerf vague, c\u2019est appuyer sur le bouton  \u00aboff\u00bb de votre stress. La constriction de la glotte (larynx) de fa\u00e7on \u00e0 presque \u00e9mettre un son,  stimule la partie du nerf vague qui passe entre la trach\u00e9e et l\u2019\u0153sophage. Entra\u00eenez vous de sorte \u00e0 \u00eatre capable de tenir la constriction glottale en inhalant pour parvenir \u00e0 une relaxation encore plus profonde. La stimulation principale du nerf vague a lieu lors de l\u2019expiration et c\u2019est la raison pour laquelle la Respiration resserr\u00e9e de l\u2019E\u00edri\u00fa-Eolas n\u00e9cessite que celleci soit prolong\u00e9e.<\/p>\n\n\n<h2 class=\"text-center text-primary-default heading-medium pb-24\">Le Souffle du Guerrier<\/h2>\n<p>Le Souffle du Guerrier a pour but de vider les poumons de l\u2019air vici\u00e9 et usag\u00e9. Elle renforce les muscles utilis\u00e9s lors d\u2019une expiration compl\u00e8te et pr\u00e9pare \u00e0 la suite du programme. Vos c\u00f4t\u00e9s vous feront peut\u00eatre un peu mal la premi\u00e8re fois que vous ferez cet exercice. Vos muscles se renforceront rapidement et vous ne sentirez tr\u00e8s vite plus rien. Vocaliser en faisant \u00abha!\u00bb vient compl\u00e9ter l\u2019expiration. C\u2019est \u00e9galement un bon exercice pour se d\u00e9barrasser des frustrations. Les enfants adorent faire le Souffle du Guerrier!&#13;\n<\/p>\n\n\n<h2 class=\"text-center text-primary-default heading-medium pb-24\">La Respiration bio\u00e9nerg\u00e9tique<\/h2>\n<p>La Respiration bio\u00e9nerg\u00e9tique ou Respiration circulaire est utilis\u00e9e au niveau physique pour l\u2019oxyg\u00e9nation de votre corps afin de traiter les toxines physiques. Au niveau \u00e9motionnel, elle commence le processus de lib\u00e9ration des couches de toxicit\u00e9 \u00e9motionnelle. Au fur et \u00e0 mesure de ce nettoyage, vous serez capable de penser de mani\u00e8re plus claire et de rester calme dans les situations stressantes, vous permettant ainsi de faire face de mani\u00e8re efficace et&#13;\nharmonieuse.<\/p>\n\n\n<h2 class=\"text-center text-primary-default heading-medium pb-24\">M\u00e9ditation (Pri\u00e8re de l\u2019\u00c2me)<\/h2>\n<p>Les exercices de respiration sont destin\u00e9s \u00e0 vous pr\u00e9parer \u00e0 la m\u00e9ditation, qui est le c\u0153ur du programme E\u00edri\u00fa-Eolas. La m\u00e9ditation est effectu\u00e9e avec \u00absemence\u00bb, ce qui signifie qu\u2019elle n\u2019est pas machinale ni sans but. La semence, appel\u00e9e \u00abPri\u00e8re de l\u2019\u00c2me\u00bb, a \u00e9t\u00e9 compos\u00e9e avec soin afin d\u2019\u00eatre illimit\u00e9e dans les applications que l\u2019on peut en faire dans la vie et afin de cr\u00e9er un terrain subconscient de pens\u00e9es positives et d\u2019espoir dans votre esprit apais\u00e9. La pri\u00e8re s\u2019adresse au Divin Esprit Cosmique, qui est existence en soi. Si vous souhaitez vous adresser au Divin Esprit Cosmique en des termes plus familiers comme J\u00e9sus, Bouddha, Allah, Krishna, etc., vous le pouvez \u00e9galement. <\/p>\n\n<p>Si une personnification divine ne fait pas partie de votre fa\u00e7on de penser, vous pouvez m\u00eame vous adresser \u00e0 votre \u00abMoi sup\u00e9rieur\u00bb. La Pri\u00e8re de l\u2019\u00c2me peut \u00eatre appliqu\u00e9e de mani\u00e8re universelle \u00e0 toutes les philosophies.<\/p>\n\n<p>L\u2019id\u00e9al est de d\u2019abord vous entra\u00eener \u00e0 exercer votre diaphragme et \u00e0 effectuer la Respiration resserr\u00e9e. Etoffez ensuite le programme en respectant votre rythme. Gardez \u00e0 l\u2019esprit qu\u2019il faut inspirer par le nez et expirer par la bouche. Ceci est valable pour l\u2019enti\u00e8ret\u00e9 du programme!<\/p>\n\n\n<h2 class=\"text-center text-primary-default heading-medium pb-24\">Questions fr\u00e9quentes<\/h2><figure class=\"text-center py-24\">\n    <div class=\"font-bold heading-x-small\">A quelle fr\u00e9quence dois je pratiquer l\u2019E\u00edri\u00fa-Eolas ?<\/div>\n    <div class=\"mt-10\"><p>Il est en g\u00e9n\u00e9ral recommand\u00e9 de faire le programme complet deux fois par semaine et la m\u00e9ditation chaque jour, de pr\u00e9f\u00e9rence avant de dormir. Cela permet \u00e0 votre subconscient de travailler pendant que vous dormez. Vous pouvez \u00e9galement effectuer la Respiration resserr\u00e9e chaque jour, quand vous le voulez.\r\n\r\nLa communaut\u00e9 mondiale de l\u2019E\u00edri\u00fa-Eolas a choisi les lundis et jeudis soirs pour faire le programme complet, chacun dans son fuseau horaire. Si vous \u00eates malade ou si avez un probl\u00e8me particulier, peut\u00eatre estil utile d\u2019effectuer le programme complet chaque jour pendant quelque temps.<\/p><\/div>\n<\/figure><figure class=\"text-center py-24\">\n    <div class=\"font-bold heading-x-small\">Je ne sais pas suivre le d\u00e9compte, que dois je faire?<\/div>\n    <div class=\"mt-10\"><p>Si le d\u00e9compte est trop long ou trop court pour vous, suivez votre rythme. Quand vous serez plus exp\u00e9riment\u00e9, il vous sera plus facile de suivre le d\u00e9compte. Le plus important lorsque vous faites la Respiration resserr\u00e9e est que l\u2019expiration soit plus longue que l\u2019inspiration et de vider vos poumons aussi compl\u00e8tement que possible. Les courtes pauses entre l\u2019inspiration et l\u2019expiration sont \u00e9galement importantes, parce qu\u2019elles permettent aux \u00e9changes gazeux d\u2019\u00eatre bien effectu\u00e9s dans les poumons.<\/p><\/div>\n<\/figure><figure class=\"text-center py-24\">\n    <div class=\"font-bold heading-x-small\">Puis je m\u2019allonger pour faire l\u2019exercice de respiration?<\/div>\n    <div class=\"mt-10\"><p>S\u2019allonger ne pose aucun probl\u00e8me. L\u2019essentiel est d\u2019\u00eatre aussi \u00e0 l\u2019aise que possible.<\/p><\/div>\n<\/figure><figure class=\"text-center py-24\">\n    <div class=\"font-bold heading-x-small\">La respiration en trois \u00e9tapes peutelle \u00eatre effectu\u00e9e sans utiliser le positionnement des bras?<\/div>\n    <div class=\"mt-10\"><p>Le positionnement des bras de la Respiration resserr\u00e9e vous permet d\u2019utiliser progressivement toute la capacit\u00e9 de vos poumons.<\/p><\/div>\n<\/figure><figure class=\"text-center py-24\">\n    <div class=\"font-bold heading-x-small\">Mon seul probl\u00e8me est de rester jambes crois\u00e9es pendant une p\u00e9riode prolong\u00e9e. Mes jambes s\u2019engourdissent et me g\u00eanent. Puis je faire le programme dans une autre position?<\/div>\n    <div class=\"mt-10\"><p>Bien s\u00fbr. Vous pouvez \u00eatre assis dans un fauteuil, par exemple. L\u2019important est de trouver une position qui vous permette d\u2019\u00eatre \u00e0 l\u2019aise. Les filles du DVD font du yoga et elles font parfois le programme dans un fauteuil ou allong\u00e9es.<\/p><\/div>\n<\/figure><figure class=\"text-center py-24\">\n    <div class=\"font-bold heading-x-small\">J\u2019ai du mal \u00e0 respirer par le ventre et il ne se l\u00e8ve pas de mani\u00e8re ad\u00e9quate. Un conseil?<\/div>\n    <div class=\"mt-10\"><p>V\u00e9rifiez que vous bougez votre diaphragme convenablement. Il doit s\u2019abaisser lorsque  vous inspirez et que vos c\u00f4tes se soul\u00e8vent et revenir \u00e0 sa forme de d\u00f4me lorsque vous expirez l\u2019air vici\u00e9. Cela devrait venir naturellement une fois que vous avez suffisamment pratiqu\u00e9 la respiration et que vous vous \u00eates habitu\u00e9 au mouvement. Observez les images du diaphragme sur le DVD d\u2019introduction et essayez de visualiser la position, l\u2019action et la sensation de votre diaphragme. Avec un peu d\u2019entra\u00eenement, vous devriez pouvoir le sentir s\u2019abaisser et s\u2019aplatir quand vous inspirez. Peut\u00eatre avez vous aussi un probl\u00e8me de posture.<\/p>\r\n<p>Essayez quelques exercices simples de respiration en \u00e9tant debout. Gardez bien vos \u00e9paules rel\u00e2ch\u00e9es.<\/p>\r\n<p>Si vous vous sentez trop tendu dans votre cage thoracique, votre cou, votre dos ou dans une autre partie du corps lorsque vous faites la respiration, cela signifie que vous en faites trop par rapport \u00e0 ce que votre corps peut supporter. Si vous n\u2019avez jamais pratiqu\u00e9 ce genre de respiration auparavant, vous devriez \u00eatre prudent et aborder le programme \u00e9tape par \u00e9tape.<\/p><\/div>\n<\/figure><figure class=\"text-center py-24\">\n    <div class=\"font-bold heading-x-small\">J\u2019ai de la difficult\u00e9 \u00e0 inspirer pendant le d\u00e9compte complet. Dois je le faire?<\/div>\n    <div class=\"mt-10\"><p>Si le d\u00e9compte n\u2019est pas impossible, essayez d\u2019inspirer pendant tout le d\u00e9compte. Sinon, faites de votre mieux pour qu\u2019avec la pratique, vous parveniez \u00e0 suivre. Les enfants, par exemple, ont une capacit\u00e9 pulmonaire r\u00e9duite et peuvent \u00e9prouver des difficult\u00e9s.<\/p><\/div>\n<\/figure><figure class=\"text-center py-24\">\n    <div class=\"font-bold heading-x-small\">Pourquoi est ce important de respirer par le nez et d\u2019expirer par la bouche pendant le programme?<\/div>\n    <div class=\"mt-10\"><p>Il y a des terminaisons nerveuses en haut du canal pharyng\u00e9 qui, lorsqu\u2019elles sont fr\u00f4l\u00e9es par l\u2019air qui passe dans la m\u00eame direction, synchronisent les deux h\u00e9misph\u00e8res du cerveau. Si vous expirez et que l\u2019air repasse par ces terminaisons nerveuses, cette harmonie est interrompue. C\u2019est une technique utilis\u00e9e en hypnoth\u00e9rapie pour calmer et tranquiliser le cerveau.<\/p><\/div>\n<\/figure><figure class=\"text-center py-24\">\n    <div class=\"font-bold heading-x-small\">Rien ne semble se passer. Fais je ce qu\u2019il faut?<\/div>\n    <div class=\"mt-10\"><p>Les b\u00e9n\u00e9fices et les effets du programme E\u00edri\u00fa-Eolas peuvent avoir lieu sous la surface\r\npendant quelque temps avant que les choses ne soient travaill\u00e9es, que vous en soyez conscient ou non. Si vous essayez d\u2019avoir une \u00abintention\u00bb autre que celle d\u2019assimiler les concepts de la pri\u00e8re (qui est destin\u00e9e \u00e0 ne pas contraindre l\u2019activit\u00e9 du subconscient) ou si vous essayez d\u2019y ajouter des choses inutiles, vous pourriez passer \u00e0 c\u00f4t\u00e9 des effets b\u00e9n\u00e9fiques du programme de\r\nrespiration et de m\u00e9ditation E\u00edri\u00fa-Eolas.<\/p><\/div>\n<\/figure>\n\n<h2 class=\"text-center text-primary-default heading-medium pb-24\">Sympt\u00f4mes et exp\u00e9riences fr\u00e9quents<\/h2>\n<ul class=\"wp-block-list\"><li>Diminution des douleurs articulaires<\/li><li>Diminution des spasmes musculaires<\/li><li>Sommeil r\u00e9parateur et\/ou profond<\/li><li>Sensation de tonus\/Dynamisme<\/li><li>Relaxation plus profonde<\/li><li>Sensation de chaleur<\/li><li>Sensation de lumi\u00e8re blanche autour de soi<\/li><li>Ralentissement du rythme cardiaque<\/li><li>R\u00eaves intenses et d\u00e9taill\u00e9s (voir plus bas pour d\u00e9tails)<\/li><li>Dissociation, difficult\u00e9 \u00e0 rester \u00e9veill\u00e9 pendant les exercices de respiration et de m\u00e9ditation (voir plus bas pour d\u00e9tails)<\/li><li>Sensation dans le plexus solaire<\/li><li>Bourdonnement dans les oreilles<\/li><li>Picotement ou engourdissement des bras, jambes, l\u00e8vres (effets secondaires communs de l\u2019hyperventilation)<\/li><li>Sentiment de joie et d\u2019exaltation<\/li><li>Changement d\u2019app\u00e9tit (aversion pour les aliments incompatibles avec le corps)<\/li><li>Faim apr\u00e8s la respiration et la m\u00e9ditation<\/li><li>Eclats de rire spontan\u00e9s<\/li><li>Douleurs abdominales, douleurs aigues dans le corps (sympt\u00f4m es d\u2019organes redevenant plus fonctionnels<\/li><li>Rythme cardiaque acc\u00e9l\u00e9r\u00e9<\/li><li>Interruptions internes ou externes durant la respiration et la m\u00e9ditation<\/li><li>Transpiration<\/li><li>Larmoiements<\/li><li>Envie de pleurer (voir plus bas pour d\u00e9tails)<\/li><li>D\u00e9pression (peut durer quelques semaines, temporaire)<\/li><li>Col\u00e8re, sans proportion avec la situation (voir plus bas pour d\u00e9tails)<\/li><li>Sensations de d\u00e9connection avec le monde (temporaire)<\/li><li>Confusion, irritation (temporaire)<\/li><li>Vision d\u2019images durant la m\u00e9ditation (essayez de ne pas vous laisser distraire, c\u2019estvotre esprit qui exprime de mani\u00e8re symbolique ce qui a \u00e9t\u00e9 r\u00e9prim\u00e9 dans votre subconscient)<\/li><li>Conscience, sens et pens\u00e9es d\u00e9velopp\u00e9s; sensation d\u2019\u00eatre dans le moment pr\u00e9sent<\/li><\/ul>\n\n<div style=\"height:48px\" aria-hidden=\"true\" class=\"wp-block-spacer\"><\/div>\n\n\n<h2 class=\"text-center text-primary-default heading-medium pb-24\">Questions concernant les sympt\u00f4mes et les exp\u00e9riences<\/h2><figure class=\"text-center py-24\">\n    <div class=\"font-bold heading-x-small\">Pourquoi ai je si faim?<\/div>\n    <div class=\"mt-10\"><p>La Respiration resserr\u00e9e stimule le nerf vague, qui stimule \u00e0 son tour la sensation de faim.\r\nComment le cerveau sait il que l\u2019alimentation doit s\u2019arr\u00eater \u2013 Le nerf vague r\u00e9pond demani\u00e8re diff\u00e9rente \u00e0 chaque nutriment afin de d\u00e9coder ce qui a\u00e9t\u00e9 mang\u00e9 et en quelle quantit\u00e9:\r\n\r\nLe nerf vague, qui participe \u00e0 la communication bilat\u00e9rale entre le cerveau et les intestins, transmet sch\u00e9mas de signaux \u00e9lectriques nettement diff\u00e9rents en r\u00e9ponse aux glucides et aux prot\u00e9ines dans les intestins, selon Gary J. Schwartz du Johns Hopkins Medical Institutions \u00e0 Baltimore.<\/p>\r\n<p>Il y a une autre composante dans la r\u00e9action du nerf vague aux prot\u00e9ines. Schwartz pense que  des peptides semblables aux hormones sont produites par les intestins en r\u00e9ponse \u00e0 la  nourrit ure et sont responsables de l\u2019amplification des signaux d\u00e9clench\u00e9s par les mouvements  de l\u2019estomac et de l\u2019intestin gr\u00eale. How the brain knows when eating must stop, <a href=\"http:\/\/findarticles.com\/p\/articles\/mi_m1200\/is_n22_v150\/ai_18947098\/\">Janet Raloff, Science News,<\/a><br data-rich-text-line-break=\"true\" \/>1996<\/p><\/div>\n<\/figure><figure class=\"text-center py-24\">\n    <div class=\"font-bold heading-x-small\">Pendant la respiration et la m\u00e9ditation, je passe \u00e0 un \u00e9tat de r\u00eave durant lequel je n\u2019entends plus l\u2019enregistrement. D\u00e8s que je m\u2019en rends compte, je reviens \u00e0 moi-m\u00eame. Dois-je recommencer depuis le d\u00e9but quand \u00e7a m\u2019arrive?<\/div>\n    <div class=\"mt-10\"><p>Il ne faut pas recommencer le programme. Cela s\u2019appelle \u00abdissocier\u00bb. C\u2019est tout \u00e0 fait normal et c\u2019est un signe positif que quelque chose se passe, c\u2019est un signe positif que votre subconscient commence \u00e0 faire son travail et \u00e0 gu\u00e9rir.<\/p><\/div>\n<\/figure><figure class=\"text-center py-24\">\n    <div class=\"font-bold heading-x-small\">J\u2019ai des sympt\u00f4mes ressemblant \u00e0 ceux de la grippe et du rhume (fi\u00e8vre, frissons, douleurs, courbatures, fatigue) depuis que je fais le programme. Pourquoi?<\/div>\n    <div class=\"mt-10\"><p>Le programme d\u00e9toxifie non seulement \u00e9motionnellement mais aussi physiquement. Quand vous relancez le nerf vague et le remettez en marche apr\u00e8s des ann\u00e9es d\u2019endiguement des probl\u00e8mes physiques, cela peut faire l\u2019effet d\u2019un trou dans la digue qui s\u2019agrandit tr\u00e8s rapidement. Si vous souffrez de sympt\u00f4mes physiques, il s\u2019agit probablement d\u2019une r\u00e9action de Herxheimer. Cela arrive quand votre corps d\u00e9loge des toxines plus vite qu\u2019il ne peut les \u00e9liminer. <\/p>\r\n<p>Si vous pr\u00e9sentez des sympt\u00f4mes difficiles \u00e0 supporter, nous vous recommandons de ne pratiquer le programme que deux fois par semaine maximum et de n\u2019effectuer que la Respiration resserr\u00e9e et la m\u00e9ditation pour l\u2019instant, en \u00e9vitant le Souffle du Guerrier et la Respiration bio\u00e9nerg\u00e9tique. Etant donn\u00e9 que votre alimentation et votre prise de compl\u00e9ments alimentaires vous aidera dans ce processus, nous vous recommandons les livres suivants:<\/p>\r\n<ul>\r\n<li>The Ultra Simple Diet, Mark Hyman<\/li>\r\n<li>Detoxify or Die, Sherry Rogers<\/li>\r\n<li>What Your Doctor May Not Tell You About Autoimmune Disorders, Stephen B. Edelson<br \/>and Deborah Mitchell<\/li>\r\n<li>Treating and Beating Fibromyalgia and Chronic Fatigue Syndrome, Rodger Murphree<\/li>\r\n<\/ul><\/div>\n<\/figure><figure class=\"text-center py-24\">\n    <div class=\"font-bold heading-x-small\">Pourquoi ai je tant de col\u00e8re et de tristesse?<\/div>\n    <div class=\"mt-10\"><p>C\u2019est tout \u00e0 fait normal et c\u2019est un signe que le programme fonctionne. Si vous ressentez de la col\u00e8re, gardez un coussin \u00e0 proximit\u00e9 lorsque vous faites le programme pour que vous puissiez y donner des coups de poing quand vous en aurez envie. Rappelez vous, des \u00e9motions anciennes remontent \u00e0 la surface pour \u00eatre travaill\u00e9es, qui \u00e9taient coinc\u00e9es dans votre subconscient ou dans les tissus de votre corps. Une fois rel\u00e2ch\u00e9es, elles ne contr\u00f4leront plus vos pens\u00e9es et\/ou vos choix de vie. Gardez aussi \u00e0 l\u2019esprit que le programme de respiration et de m\u00e9ditation E\u00edri\u00fa-Eolas est la mani\u00e8re la plus efficace, la plus utile et la moins\r\ndouloureuse de traiter ces choses en utilisant r\u00e9troactivement le m\u00e9canisme de gestion du stress du corps. Vous pourriez passer des ann\u00e9es en psychoth\u00e9rapie et ne jamais obtenir les r\u00e9sultats que vous pouvez obtenir en ne pratiquant le programme E\u00edri\u00fa-Eolas que quelques mois.<\/p><\/div>\n<\/figure><figure class=\"text-center py-24\">\n    <div class=\"font-bold heading-x-small\">Comment continuer le programme quand je commence \u00e0 pleurer? Ma r\u00e9action normale est de retenir ma respiration.<\/div>\n    <div class=\"mt-10\"><p>Vous pouvez pleurer autant que n\u00e9cessaire, et reprenez ensuite le programme l\u00e0 o\u00f9 vous l\u2019aviez laiss\u00e9.<\/p><\/div>\n<\/figure><figure class=\"text-center py-24\">\n    <div class=\"font-bold heading-x-small\">Pourquoi ai je des r\u00eaves effrayants apr\u00e8s avoir fait le programme?<\/div>\n    <div class=\"mt-10\"><p>C\u2019est votre centre \u00e9motionnel qui r\u00eave. Les r\u00eaves d\u00e9plaisants ou effrayants sont en fait vos \u00e9motions n\u00e9gatives r\u00e9prim\u00e9es venant \u00e0 la surface. Souvent, vous les traiterez en r\u00eavant, tout simplement, mais elles peuvent \u00eatre trait\u00e9es de plusieurs fa\u00e7ons. Ce qui fonctionne le mieux peut diff\u00e9rer d\u2019un individu \u00e0 l\u2019autre. Chaque personne est diff\u00e9rente et a des \u00e9motions diff\u00e9rentes enfouies au fond d\u2019elle.<\/p><\/div>\n<\/figure>\n\n<h2 class=\"text-center text-primary-default heading-medium pb-24\">B\u00e9n\u00e9fices \u00e0 long terme<\/h2>\n<p>Au fur et \u00e0 mesure que vous pratiquerez le programme E\u00edri\u00fa-Eolas, vous b\u00e9n\u00e9ficierez d\u2019une nouvelle qualit\u00e9 d\u2019\u00e9nergie, de choix et d\u2019initiatives. Vous deviendrez fort dans des domain es dans lesquels vous \u00e9tiez devenu faible. Vous b\u00e9n\u00e9ficierez de l\u2019assistance de votre Moi sup\u00e9rieur. Cette assistance se ressentira dans vos actions et dans vos paroles. Vous la vivrez comme une protection, car vous aurez la capacit\u00e9 de percevoir le danger de mani\u00e8re accrue.&#13;\n&#13;\nVotre Moi sup\u00e9rieur vous guidera dans l\u2019acquisition de la connaissance dont vous avez besoin \u00e0 un niveau pratique pour vous prot\u00e9ger de tout mal inutile.<\/p>\n","protected":false},"excerpt":{"rendered":"<p>Avertissement: La Respiration Bio\u00e9nerg\u00e9tique (Respiration circulaire) est contre indiqu\u00e9e en cas de grossesse, d\u2019\u00e9pilepsie, de trouble bipolaire et autres d\u00e9s\u00e9quilibres chimiques. Toutes les autres parties du programme de Respirat ion et de M\u00e9ditation E\u00edri\u00fa-Eolas peuvent \u00eatre utilis\u00e9es. Bienvenue dans le syst\u00e8me de Respiration et de M\u00e9ditation E\u00edri\u00fa-Eolas. En utilisant cette technique ancienne de respiration et [&hellip;]<\/p>\n","protected":false},"author":1,"featured_media":0,"parent":0,"menu_order":0,"comment_status":"closed","ping_status":"closed","template":"","meta":{"footnotes":""},"class_list":["post-740","page","type-page","status-publish","hentry"],"_links":{"self":[{"href":"https:\/\/eiriu-eolas.org\/fr\/wp-json\/wp\/v2\/pages\/740","targetHints":{"allow":["GET"]}}],"collection":[{"href":"https:\/\/eiriu-eolas.org\/fr\/wp-json\/wp\/v2\/pages"}],"about":[{"href":"https:\/\/eiriu-eolas.org\/fr\/wp-json\/wp\/v2\/types\/page"}],"author":[{"embeddable":true,"href":"https:\/\/eiriu-eolas.org\/fr\/wp-json\/wp\/v2\/users\/1"}],"replies":[{"embeddable":true,"href":"https:\/\/eiriu-eolas.org\/fr\/wp-json\/wp\/v2\/comments?post=740"}],"version-history":[{"count":2,"href":"https:\/\/eiriu-eolas.org\/fr\/wp-json\/wp\/v2\/pages\/740\/revisions"}],"predecessor-version":[{"id":59045,"href":"https:\/\/eiriu-eolas.org\/fr\/wp-json\/wp\/v2\/pages\/740\/revisions\/59045"}],"wp:attachment":[{"href":"https:\/\/eiriu-eolas.org\/fr\/wp-json\/wp\/v2\/media?parent=740"}],"curies":[{"name":"wp","href":"https:\/\/api.w.org\/{rel}","templated":true}]}}