{"id":57773,"date":"2021-01-10T22:48:22","date_gmt":"2021-01-10T21:48:22","guid":{"rendered":"https:\/\/eiriu-eolas.org\/?post_type=product&#038;p=57773"},"modified":"2021-01-10T22:48:22","modified_gmt":"2021-01-10T21:48:22","slug":"mug-eiriu-eolas-accroissement-de-la-connaissance","status":"publish","type":"product","link":"https:\/\/eiriu-eolas.org\/fr\/produit\/mug-eiriu-eolas-accroissement-de-la-connaissance\/","title":{"rendered":"Mug &#8211; \u00c9iri\u00fa Eolas, Accroissement de la connaissance"},"content":{"rendered":"<p>Ce mug au design artistique, aux douces nuances p\u00eache, rouges et ros\u00e9es, fera sensation sur votre \u00e9tag\u00e8re et deviendra probablement votre moyen favori de savourer votre caf\u00e9 ou votre th\u00e9. D\u00e9marrez votre journ\u00e9e dans la paix et la s\u00e9r\u00e9nit\u00e9, en vous rappelant que le souffle, c\u2019est la vie\u00a0!<\/p>\n<p>\u00c9iri\u00fa Eolas signifie Accroissement de la Connaissance en ga\u00e9lique. Ce terme se r\u00e9f\u00e8re \u00e0 une technique de respiration profonde et de m\u00e9ditation dont des milliers de personnes ont d\u00e9j\u00e0 pu constater les effets b\u00e9n\u00e9fiques. Elle vous apprend \u00e0 utiliser la respiration de mani\u00e8re \u00e0 vous d\u00e9tendre, \u00e9liminer le stress et gu\u00e9rir le corps.<\/p>\n<p><strong>Dimensions<\/strong> : 9,5cm x 8cm.<\/p>\n<p><strong>Capacit\u00e9 :<\/strong> 325ml<\/p>\n<p><strong>Mat\u00e9riau :<\/strong> c\u00e9ramique, design r\u00e9sistant \u00e0 la chaleur, compatible lave-vaisselle et micro-ondes, id\u00e9al pour boissons chaudes et froides.<\/p>\n","protected":false},"excerpt":{"rendered":"<p>Ce mug au design artistique, aux douces nuances p\u00eache, rouges et ros\u00e9es, fera sensation sur votre \u00e9tag\u00e8re et deviendra probablement votre moyen favori de savourer votre caf\u00e9 ou votre th\u00e9. D\u00e9marrez votre journ\u00e9e dans la paix et la s\u00e9r\u00e9nit\u00e9, en vous rappelant que le souffle, c\u2019est la vie\u00a0! \u00c9iri\u00fa Eolas signifie Accroissement de la Connaissance [&hellip;]<\/p>\n","protected":false},"featured_media":57775,"comment_status":"open","ping_status":"closed","template":"","meta":[],"product_brand":[],"product_cat":[161,162],"product_tag":[],"class_list":{"0":"post-57773","1":"product","2":"type-product","3":"status-publish","4":"has-post-thumbnail","6":"product_cat-articles-imprimes","7":"product_cat-mugs-articles-imprimes","9":"first","10":"instock","11":"shipping-taxable","12":"purchasable","13":"product-type-simple"},"_links":{"self":[{"href":"https:\/\/eiriu-eolas.org\/fr\/wp-json\/wp\/v2\/product\/57773","targetHints":{"allow":["GET"]}}],"collection":[{"href":"https:\/\/eiriu-eolas.org\/fr\/wp-json\/wp\/v2\/product"}],"about":[{"href":"https:\/\/eiriu-eolas.org\/fr\/wp-json\/wp\/v2\/types\/product"}],"replies":[{"embeddable":true,"href":"https:\/\/eiriu-eolas.org\/fr\/wp-json\/wp\/v2\/comments?post=57773"}],"wp:featuredmedia":[{"embeddable":true,"href":"https:\/\/eiriu-eolas.org\/fr\/wp-json\/wp\/v2\/media\/57775"}],"wp:attachment":[{"href":"https:\/\/eiriu-eolas.org\/fr\/wp-json\/wp\/v2\/media?parent=57773"}],"wp:term":[{"taxonomy":"product_brand","embeddable":true,"href":"https:\/\/eiriu-eolas.org\/fr\/wp-json\/wp\/v2\/product_brand?post=57773"},{"taxonomy":"product_cat","embeddable":true,"href":"https:\/\/eiriu-eolas.org\/fr\/wp-json\/wp\/v2\/product_cat?post=57773"},{"taxonomy":"product_tag","embeddable":true,"href":"https:\/\/eiriu-eolas.org\/fr\/wp-json\/wp\/v2\/product_tag?post=57773"}],"curies":[{"name":"wp","href":"https:\/\/api.w.org\/{rel}","templated":true}]}}