{"id":57811,"date":"2021-01-10T22:52:04","date_gmt":"2021-01-10T21:52:04","guid":{"rendered":"https:\/\/eiriu-eolas.org\/?post_type=product&#038;p=57811"},"modified":"2021-01-10T22:52:05","modified_gmt":"2021-01-10T21:52:05","slug":"tapis-de-souris-eiriu-eolas-accroissement-de-la-connaissance","status":"publish","type":"product","link":"https:\/\/eiriu-eolas.org\/fr\/produit\/tapis-de-souris-eiriu-eolas-accroissement-de-la-connaissance\/","title":{"rendered":"Tapis de souris \u2013 \u00c9iri\u00fa Eolas, Accroissement de la connaissance"},"content":{"rendered":"<p>Tapis de souris Premium, impression graphique haute r\u00e9solution.<\/p>\n<p><strong>Dimensions<\/strong> : 22cm x 18cm<\/p>\n<p>Un design attrayant, avec au centre une adorable rose \u00e0 l\u2019int\u00e9rieur d\u2019un cercle rouge. Sur un fond chaleureux aux teintes pastel, le logo \u00c9iri\u00fa Eolas flotte d\u00e9licatement au-dessus d\u2019un \u00e9tang berc\u00e9 de vagues ondoyantes \u2013 une vision qui invite \u00e0 la paix et la s\u00e9r\u00e9nit\u00e9.<\/p>\n<p>\u00c9iri\u00fa Eolas signifie Accroissement de la Connaissance en ga\u00e9lique. Ce terme se r\u00e9f\u00e8re \u00e0 une technique de respiration profonde et de m\u00e9ditation dont des milliers de personnes ont d\u00e9j\u00e0 pu constater les effets b\u00e9n\u00e9fiques. Elle vous apprend \u00e0 utiliser la respiration de mani\u00e8re \u00e0 vous d\u00e9tendre, \u00e9liminer le stress et gu\u00e9rir le corps.<\/p>\n","protected":false},"excerpt":{"rendered":"<p>Tapis de souris Premium, impression graphique haute r\u00e9solution. Dimensions : 22cm x 18cm Un design attrayant, avec au centre une adorable rose \u00e0 l\u2019int\u00e9rieur d\u2019un cercle rouge. Sur un fond chaleureux aux teintes pastel, le logo \u00c9iri\u00fa Eolas flotte d\u00e9licatement au-dessus d\u2019un \u00e9tang berc\u00e9 de vagues ondoyantes \u2013 une vision qui invite \u00e0 la paix [&hellip;]<\/p>\n","protected":false},"featured_media":57812,"comment_status":"open","ping_status":"closed","template":"","meta":[],"product_brand":[],"product_cat":[161,160],"product_tag":[],"class_list":{"0":"post-57811","1":"product","2":"type-product","3":"status-publish","4":"has-post-thumbnail","6":"product_cat-articles-imprimes","7":"product_cat-tapis-de-souris","9":"first","10":"instock","11":"shipping-taxable","12":"purchasable","13":"product-type-simple"},"_links":{"self":[{"href":"https:\/\/eiriu-eolas.org\/fr\/wp-json\/wp\/v2\/product\/57811","targetHints":{"allow":["GET"]}}],"collection":[{"href":"https:\/\/eiriu-eolas.org\/fr\/wp-json\/wp\/v2\/product"}],"about":[{"href":"https:\/\/eiriu-eolas.org\/fr\/wp-json\/wp\/v2\/types\/product"}],"replies":[{"embeddable":true,"href":"https:\/\/eiriu-eolas.org\/fr\/wp-json\/wp\/v2\/comments?post=57811"}],"wp:featuredmedia":[{"embeddable":true,"href":"https:\/\/eiriu-eolas.org\/fr\/wp-json\/wp\/v2\/media\/57812"}],"wp:attachment":[{"href":"https:\/\/eiriu-eolas.org\/fr\/wp-json\/wp\/v2\/media?parent=57811"}],"wp:term":[{"taxonomy":"product_brand","embeddable":true,"href":"https:\/\/eiriu-eolas.org\/fr\/wp-json\/wp\/v2\/product_brand?post=57811"},{"taxonomy":"product_cat","embeddable":true,"href":"https:\/\/eiriu-eolas.org\/fr\/wp-json\/wp\/v2\/product_cat?post=57811"},{"taxonomy":"product_tag","embeddable":true,"href":"https:\/\/eiriu-eolas.org\/fr\/wp-json\/wp\/v2\/product_tag?post=57811"}],"curies":[{"name":"wp","href":"https:\/\/api.w.org\/{rel}","templated":true}]}}