{"id":57836,"date":"2018-08-17T02:09:38","date_gmt":"2018-08-17T02:09:38","guid":{"rendered":"https:\/\/eiriu-eolas.org\/product\/eiriu-eolas-2-dvd-kit-cd\/"},"modified":"2021-01-10T22:53:55","modified_gmt":"2021-01-10T21:53:55","slug":"eiriu-eolas-2-dvd-kit-cd","status":"publish","type":"product","link":"https:\/\/eiriu-eolas.org\/fr\/produit\/eiriu-eolas-2-dvd-kit-cd\/","title":{"rendered":"\u00c9iri\u00fa Eolas 2 DVD + Kit CD"},"content":{"rendered":"<p>\u00c9iri\u00fa Eolas est la renaissance moderne d&rsquo;un ancien programme de contr\u00f4le du stress, de gu\u00e9rison et de rajeunissement. C&rsquo;est L&rsquo;OUTIL qui vous aidera \u00e0 surmonter d\u00e9licatement les traumatismes \u00e9motionnels et psychologiques du pass\u00e9 et \u00e0 lib\u00e9rer les \u00e9motions refoul\u00e9es qui se trouvent entre vous et la paix v\u00e9ritable, le bonheur et, finalement, une vie \u00e9panouie et r\u00e9ussie.<\/p>\n<p>Ce programme est le fruit du travail de l&rsquo;historienne et auteur Laura Knight-Jadczyk et de son mari, le physicien Arkadiusz Jadczyk. La pratique a \u00e9t\u00e9 minutieusement \u00e9tudi\u00e9e scientifiquement et des milliers de personnes b\u00e9n\u00e9ficient d\u00e9j\u00e0 de cette r\u00e9v\u00e9lation unique \u00e0 notre \u00e9poque. Mais ne nous croyez pas sur parole : Lisez les <a href=\"https:\/\/eiriu-eolas.org\/fr\/temoignages\/\">t\u00e9moignages<\/a> !<\/p>\n<p>Dans cette s\u00e9rie de 3 disques, Laura explique ces techniques secr\u00e8tes de fa\u00e7on claire et accessible. Le programme \u00c9iri\u00fa Eolas est compos\u00e9 de 2 DVD grand \u00e9cran, sans r\u00e9gion, et d&rsquo;un CD audio.<\/p>\n<p>C&rsquo;est un programme pour tout le monde : il est scientifique et il fonctionne !<\/p>\n","protected":false},"excerpt":{"rendered":"<p>\u00c9iri\u00fa Eolas est la renaissance moderne d&rsquo;un ancien programme de contr\u00f4le du stress, de gu\u00e9rison et de rajeunissement. C&rsquo;est L&rsquo;OUTIL qui vous aidera \u00e0 surmonter d\u00e9licatement les traumatismes \u00e9motionnels et psychologiques du pass\u00e9 et \u00e0 lib\u00e9rer les \u00e9motions refoul\u00e9es qui se trouvent entre vous et la paix v\u00e9ritable, le bonheur et, finalement, une vie \u00e9panouie [&hellip;]<\/p>\n","protected":false},"featured_media":17923,"comment_status":"open","ping_status":"closed","template":"","meta":[],"product_brand":[],"product_cat":[163,164],"product_tag":[],"class_list":{"0":"post-57836","1":"product","2":"type-product","3":"status-publish","4":"has-post-thumbnail","6":"product_cat-audio-fr","7":"product_cat-video-fr","9":"first","10":"instock","11":"shipping-taxable","12":"purchasable","13":"product-type-simple"},"_links":{"self":[{"href":"https:\/\/eiriu-eolas.org\/fr\/wp-json\/wp\/v2\/product\/57836","targetHints":{"allow":["GET"]}}],"collection":[{"href":"https:\/\/eiriu-eolas.org\/fr\/wp-json\/wp\/v2\/product"}],"about":[{"href":"https:\/\/eiriu-eolas.org\/fr\/wp-json\/wp\/v2\/types\/product"}],"replies":[{"embeddable":true,"href":"https:\/\/eiriu-eolas.org\/fr\/wp-json\/wp\/v2\/comments?post=57836"}],"wp:featuredmedia":[{"embeddable":true,"href":"https:\/\/eiriu-eolas.org\/fr\/wp-json\/wp\/v2\/media\/17923"}],"wp:attachment":[{"href":"https:\/\/eiriu-eolas.org\/fr\/wp-json\/wp\/v2\/media?parent=57836"}],"wp:term":[{"taxonomy":"product_brand","embeddable":true,"href":"https:\/\/eiriu-eolas.org\/fr\/wp-json\/wp\/v2\/product_brand?post=57836"},{"taxonomy":"product_cat","embeddable":true,"href":"https:\/\/eiriu-eolas.org\/fr\/wp-json\/wp\/v2\/product_cat?post=57836"},{"taxonomy":"product_tag","embeddable":true,"href":"https:\/\/eiriu-eolas.org\/fr\/wp-json\/wp\/v2\/product_tag?post=57836"}],"curies":[{"name":"wp","href":"https:\/\/api.w.org\/{rel}","templated":true}]}}