{"id":13824,"date":"2019-01-03T00:10:35","date_gmt":"2019-01-03T00:10:35","guid":{"rendered":"https:\/\/eiriu-eolas.org\/?page_id=13824"},"modified":"2022-05-03T10:59:02","modified_gmt":"2022-05-03T08:59:02","slug":"iskustva","status":"publish","type":"page","link":"https:\/\/eiriu-eolas.org\/hr\/iskustva\/","title":{"rendered":"Svjedo\u010danstva"},"content":{"rendered":"<figure class=\"text-center py-20\">\n\t<blockquote class=\"italic font-bold\">Uvodni video je jako lijepo napravljen. Sva ta 3D obja\u0161njenja su mi sada samo ostala u mislima. Svaki put kad di\u0161em na pogre\u0161an na\u010din, na to me podsjeti animacija. Informacije zajedno s vizualnom predod\u017ebom mi jednostavno ostaju u sje\u0107anju.<\/blockquote>\n\t<figcaption>\u2014 Frank, ra\u010dunalni savjetnik \u2014 California<\/figcaption>\n<\/figure><figure class=\"text-center py-20\">\n\t<blockquote class=\"italic font-bold\">Program EE pomogao mi je iskusiti i osloboditi mnogo emocionalne prtljage.<\/blockquote>\n\t<figcaption>\u2014 Brent, tehni\u010dar za geneti\u010dka istra\u017eivanja \u2014 New York<\/figcaption>\n<\/figure><figure class=\"text-center py-20\">\n\t<blockquote class=\"italic font-bold\">Moj bijes je PUNO popustio. JUPI! \u010cini se da je i moj sluh postao bolji. Moj apetit se pove\u0107ao bez pove\u0107anja te\u017eine (jo\u0161 jedan JUPI).<\/blockquote>\n\t<figcaption>\u2014 Margaret, upravna tajnica \u2014 Texas<\/figcaption>\n<\/figure><figure class=\"text-center py-20\">\n\t<blockquote class=\"italic font-bold\">Kao da se osje\u0107am &#8216;\u010di\u0161\u0107e&#8217;, ovo je najbli\u017ei opis koji mogu na\u0107i za opisati ovu senzaciju.<\/blockquote>\n\t<figcaption>\u2014 Amokrane, astronom \u2014 Chile<\/figcaption>\n<\/figure><figure class=\"text-center py-20\">\n\t<blockquote class=\"italic font-bold\">Dana\u0161nji je proces uklju\u010divao pro\u010di\u0161\u0107avaju\u0107e suze jer sam se prisjetio \u017eivotnih situacija u kojima sam iskusio gubitak i napu\u0161tanje. No, sve vezano za do\u017eivljaj je bilo krajnje milostivo. Osje\u0107am se tako blagoslovljeno \u0161to sam dobio ovaj \u00c9iri\u00fa Eolas dar.<\/blockquote>\n\t<figcaption>\u2014 Elizabeth, student \u2014 Missouri<\/figcaption>\n<\/figure><figure class=\"text-center py-20\">\n\t<blockquote class=\"italic font-bold\">Tehnika disanja izvrstan je alat za djecu jer to mogu raditi bilo gdje i \u010dini se da stvarno djeluje.<\/blockquote>\n\t<figcaption>\u2014 Jane, srednjo\u0161kolska profesorica \u2014 North Carolina<\/figcaption>\n<\/figure><figure class=\"text-center py-20\">\n\t<blockquote class=\"italic font-bold\">Ve\u0107inu sam vremena sam istovremeno i pozorna i opu\u0161tena<\/blockquote>\n\t<figcaption>\u2014 Mike, filma\u0161 \u2014 Armenia<\/figcaption>\n<\/figure><figure class=\"text-center py-20\">\n\t<blockquote class=\"italic font-bold\">Moje iskustvo bavljenja EE uvijek je bla\u017eeno, posebno kru\u017eno disanje, kada sam u dubokom meditativnom stanju&#8230; Puno sam godina vodio grupne meditacije i &#8216;kirtane&#8217; (religiozna pjevanja) dugi niz godina. EE daje rezultate u samo nekoliko minuta, samostalnim radom, koje sam iskusio samo u grupnim meditacijama tek nakon sat vremena ili vi\u0161e vje\u017ebanja. To je tako lijepo iskustvo.<\/blockquote>\n\t<figcaption>\u2014 Chris, ra\u010dunalni programer \u2014 New Jersey<\/figcaption>\n<\/figure><figure class=\"text-center py-20\">\n\t<blockquote class=\"italic font-bold\">Najdublji ozdravljaju\u0107i postupak s kojim sam se ikada susreo. Niti jedna druga praksa nije imala tako pozitivan i trajan u\u010dinak na moj um, tijelo i du\u0161u.<\/blockquote>\n\t<figcaption>\u2014 Tom, Velika Britanija<\/figcaption>\n<\/figure><figure class=\"text-center py-20\">\n\t<blockquote class=\"italic font-bold\">Probao sam malo joge prije, ali to jednostavno nije bilo to jer nije imala tu &#8216;mo\u0107&#8217; da me opusti kao \u0161to to \u010dini program EE. Stimulacija nervusa vagusa (lutaju\u0107eg \u017eivca) i vrlo u\u010dinkovite, a ne besmislene tehnike disanja stvarno \u010dine bitnu razliku.<\/blockquote>\n\t<figcaption>\u2014 Ken, Sjedinjene Ameri\u010dke Dr\u017eave<\/figcaption>\n<\/figure><figure class=\"text-center py-20\">\n\t<blockquote class=\"italic font-bold\">Vje\u017ebao sam jogu i meditacije disanja tijekom godina, ali to se apsolutno ne mo\u017ee usporediti s ovim iskustvom<\/blockquote>\n\t<figcaption>\u2014 Elaine, izvr\u0161ni asistent \u2014 Arizona<\/figcaption>\n<\/figure><figure class=\"text-center py-20\">\n\t<blockquote class=\"italic font-bold\">Otkad sam po\u010dela s programom u mom se \u017eivotu dogodilo mnogo pobolj\u0161anja: Po prvi put u \u017eivotu ne \u017eelim biti netko drugi, raditi ne\u0161to drugo. Osje\u0107am se tako sna\u017eno i optimisti\u010dno, to je predivan osje\u0107aj. Evo jednog sjajnog slogana: \u201cTreba li Va\u0161a du\u0161a odmor? U tom slu\u010daju bi na\u0161 EE program mogao biti ba\u0161 pravo rje\u0161enje za Vas!\u201d<\/blockquote>\n\t<figcaption>\u2014 Aude, zdravstveni kineziolog \u2014 Belgium<\/figcaption>\n<\/figure><figure class=\"text-center py-20\">\n\t<blockquote class=\"italic font-bold\">S programom radim od lipnja 2010. Prije nego \u0161to se upustim u bilo kakva specifi\u010dna zdravstvena iskustva, prvo bih \u017eelio od srca pohvaliti svoje instruktore jer su mi bili primarni u pomo\u0107i u nagra\u0111iva\u010dkom i iscrpljuju\u0107em procesu promjene mog mentalnog, fizi\u010dkog i emocionalnog pogleda na \u017eivot i \u017eivljenje. Zajedno, Ingrid i Elan su impresivan tim i grade E.E. New York u oazu u\u010denja, rasta i razvoja.\r\n\r\nJedan od mojih o\u010ditih i stalnih rezultata bio je gubitak vi\u0161e od dvadeset kilograma vi\u0161ka, i to ne bilo koja vrsta te\u017eine. \u010cinilo se da je te\u017eina koju sam nosio doslovno optere\u0107ena toksinima i duhovnom te\u017einom zahvaljuju\u0107i ve\u0107 nezdravom modernom na\u010dinu \u017eivota, stalnim emocionalnim problemima iz djetinjstva i \u0161tetnim isparenjima Svjetskog trgova\u010dkog centra koji su se nekoliko mjeseci \u0161irili mojim stanom u centru Brooklyna. Nakon WTC-a razvio sam razne te\u0161ke imunolo\u0161ke probleme u roku od \u0161est mjeseci i postajao sam sve vi\u0161e frustriran metodama koje sam koristio da se izborim sa svojim zdravstvenim problemima. Sre\u0107om, sada znam da ne moram odustati i da mogu po\u0161teno raditi s grupom ljudi koji su na sli\u010dan na\u010din skloni boljem zdravlju i egzistenciji.\r\n\r\nDrugi va\u017ean rezultat je zna\u010dajno smanjenje ovisni\u010dkih misaonih obrazaca i tjeskobe uzrokovane nezdravim \u017eivotnim odlukama. Ovisnost o \u0161e\u0107eru i nezdravom izboru hrane sada nije tako primamljiv niti potreban. Oh, i ovo je pomalo neugodno, ali prestao sam gristi nokte. Od djetinjstva sam uvijek grickao nokte, ali sada ne.\r\n\r\nZa razliku od drugih programa, Eiriu Eolas nema unaprijed odre\u0111ene ciljeve temeljene na krivnji, metafori\u010dkom vaganju na temelju srama ili nerealnim o\u010dekivanjima, ali brojne pozitivne promjene dolaze vrlo brzo. Kao \u0161to je Gore Vidal napisao, a ja \u0107u staviti u potpuno druga\u010diji kontekst Eiriu Eolas, &lt;em&gt;Nema krajeva Joe, samo zna\u010di&lt;\/em&gt;<\/blockquote>\n\t<figcaption>\u2014 Joe, New York<\/figcaption>\n<\/figure><figure class=\"text-center py-20\">\n\t<blockquote class=\"italic font-bold\">Radim EE vi\u0161e od 6 mjeseci i imao sam sjajne rezultate! Vo\u0111enje &#8216;modernog&#8217; na\u010dina \u017eivota brzo me dovelo do potpunog stresa&#8230; u\u017eurbano radno okru\u017eenje s dugim satima i kratkim rokovima, troje djece tinejd\u017eera i op\u0107enito poku\u0161ajem napredovanja u \u017eivotu. Imao sam prekomjernu te\u017einu i nisam mogao spavati vi\u0161e od 4 sata odjednom.\r\n\r\nNakon \u0161to sam kratko prakticirao EE, otkrio sam da sam opu\u0161teniji i smireniji. Bilo mi je puno lak\u0161e staviti \u017eivot u perspektivu da tako ka\u017eem. Prona\u0161ao sam volju da u\u0111em na Ultra-Mind dijetu i brzo sam izgubio 6 kg! San mi je sada puno bolji i sada mogu spavati 6-7 sati bez bu\u0111enja. Nedavno sam u razgovoru s grupom novih prijatelja zamolio ih da pogode moje godine. Iznenadilo me kad su mi rekli da sam 5 godina mla\u0111i.\u00a0 Mislim da to mora biti pomla\u0111ivanje!!\r\n\r\nDaleko najbolja korist od EE bila je mogu\u0107nost da svoj \u017eivot stavim u perspektivu. Osje\u0107am da sam se sada vratio na pravi put i bolje opremljen da shvatim \u0161to je stvarno va\u017eno u \u017eivotu. \u017delio bih zahvaliti svima koji su razvili i koji poma\u017eu podijeliti ovaj nevjerojatan program.<\/blockquote>\n\t<figcaption>\u2014 Kinyash, Kenija<\/figcaption>\n<\/figure><figure class=\"text-center py-20\">\n\t<blockquote class=\"italic font-bold\">Ne mogu vam re\u0107i koliko sam zahvalan na ovome. Nevjerojatno je &#8211; stvarno to ne mogu opisati. Ovo \u0161to ovdje dr\u017eim je \u010dudo!<\/blockquote>\n\t<figcaption>\u2014 Jim, s DVD-om u rukama \u2014 UK<\/figcaption>\n<\/figure>","protected":false},"excerpt":{"rendered":"","protected":false},"author":1,"featured_media":0,"parent":0,"menu_order":0,"comment_status":"closed","ping_status":"closed","template":"","meta":{"footnotes":""},"class_list":["post-13824","page","type-page","status-publish","hentry"],"_links":{"self":[{"href":"https:\/\/eiriu-eolas.org\/hr\/wp-json\/wp\/v2\/pages\/13824","targetHints":{"allow":["GET"]}}],"collection":[{"href":"https:\/\/eiriu-eolas.org\/hr\/wp-json\/wp\/v2\/pages"}],"about":[{"href":"https:\/\/eiriu-eolas.org\/hr\/wp-json\/wp\/v2\/types\/page"}],"author":[{"embeddable":true,"href":"https:\/\/eiriu-eolas.org\/hr\/wp-json\/wp\/v2\/users\/1"}],"replies":[{"embeddable":true,"href":"https:\/\/eiriu-eolas.org\/hr\/wp-json\/wp\/v2\/comments?post=13824"}],"version-history":[{"count":2,"href":"https:\/\/eiriu-eolas.org\/hr\/wp-json\/wp\/v2\/pages\/13824\/revisions"}],"predecessor-version":[{"id":62889,"href":"https:\/\/eiriu-eolas.org\/hr\/wp-json\/wp\/v2\/pages\/13824\/revisions\/62889"}],"wp:attachment":[{"href":"https:\/\/eiriu-eolas.org\/hr\/wp-json\/wp\/v2\/media?parent=13824"}],"curies":[{"name":"wp","href":"https:\/\/api.w.org\/{rel}","templated":true}]}}