{"id":14143,"date":"2019-01-03T19:43:17","date_gmt":"2019-01-03T19:43:17","guid":{"rendered":"https:\/\/eiriu-eolas.org\/?page_id=14143"},"modified":"2022-05-03T12:39:04","modified_gmt":"2022-05-03T10:39:04","slug":"mogucnosti-placanja","status":"publish","type":"page","link":"https:\/\/eiriu-eolas.org\/hr\/mogucnosti-placanja\/","title":{"rendered":"Mogu\u0107nosti pla\u0107anja"},"content":{"rendered":"\n<p>Postoji nekoliko dostupnih opcija pla\u0107anja ovisno o tome gdje se nalazite.&#13;\nZa ve\u0107inu ljudi PayPal je najbolja opcija jer je najjednostavniji&#13;\n  i najfleksibilniji na\u010din pla\u0107anja.<\/p>\n\n<p>Imajte na umu da \u0107e vam u mnogim slu\u010dajevima PayPal omogu\u0107iti kupnju do nekoliko stotina eura\/dolara <em>bez<\/em>&#13;\notvaranja PayPal ra\u010duna. Sve \u0161to trebate je kreditna\/debitna kartica.&#13;\nPayPal \u0107e tako\u0111er automatski pretvoriti iz eura u va\u0161 lokalni&#13;\n&#13;\nvalutu, tako da \u0107e va\u0161e pla\u0107anje funkcionirati \u2013 to\u010dka!<\/p>\n\n<p>Ako ipak odlu\u010dite otvoriti PayPal ra\u010dun, tako\u0111er biste trebali biti svjesni&#13;\nda su njihovi zahtjevi u mnogim zemljama mnogo manje strogi kao \u0161to su&#13;\nnekad bili. Obi\u010dno sve \u0161to trebate je ime, adresa i&#13;\nkreditnu\/debitnu karticu kako biste se prijavili za osnovni PayPal ra\u010dun koji&#13;\n\u0107e vam omogu\u0107iti kupovanje stvari koliko god \u017eelite.<\/p>\n\n<p>U slu\u010daju da PayPal nije opcija za vas, nudimo druge opcije pla\u0107anja:<\/p>\n\n<h3 class=\"wp-block-heading\">Kupci iz SAD-a<\/h3>\n\n<p>Kupci iz SAD-a imaju sljede\u0107e opcije<\/p>\n\n<ul class=\"wp-block-list\"><li>PayPal<\/li><li>\u010cek<\/li><li>Po\u0161tanska uputnica<\/li><\/ul>\n\n<p>Svi \u010dekovi se <strong>moraju mo\u0107i podi\u0107i u samo ameri\u010dkoj banci<\/strong>. Uplatnice se moraju <strong>platiti u ameri\u010dkim dolarima.<\/strong>&#13;\nPogledajte stranicu proizvoda \u00c9iri\u00fa Eolas za trenutnu cijenu u ameri\u010dkim dolarima. Mo\u017eete poslati\u00a0\u010dek ili uplatnicu po\u0161tom na sljede\u0107u adresu:<\/p>\n\n<pre class=\"wp-block-preformatted\">FOTCM, Inc.&#13;\n295 Scratch Branch Rd&#13;\nOtto, NC 28763&#13;\nUSA<\/pre>\n\n<h3 class=\"wp-block-heading\">Kupci iz EU<\/h3>\n\n<p>Kupci iz EU imaju sljede\u0107e opcije<\/p>\n\n<ul class=\"wp-block-list\"><li>PayPal<\/li><li>\u010cek ili bankovni prijenos: posjetite <a href=\"https:\/\/en.pilulerouge.com\/\">PiluleRouge.com<\/a><\/li><\/ul>\n\n<p>Za kupce u drugim podru\u010djima koji ne mogu koristiti PayPal, <strong>kontaktirajte<\/strong> nas.<\/p>\n\n<p>Kona\u010dno, imajte na umu da se isti na\u010dini pla\u0107anja mogu koristiti za izvr\u0161enje&#13;\ndonacija za podr\u0161ku distribuciji \u00c9iri\u00fa Eolas \u0161to ve\u0107em broju ljudi&#13;\nkoliko je mogu\u0107e. Da biste donirali ili kupili \u00c9iri\u00fa Eolas, posjetite&#13;\nglavnu stranicu <strong>trgovine<\/strong>.<\/p>\n\n<p>Thank you!<\/p>\n","protected":false},"excerpt":{"rendered":"<p>Postoji nekoliko dostupnih opcija pla\u0107anja ovisno o tome gdje se nalazite.&#13; Za ve\u0107inu ljudi PayPal je najbolja opcija jer je najjednostavniji&#13; i najfleksibilniji na\u010din pla\u0107anja. Imajte na umu da \u0107e vam u mnogim slu\u010dajevima PayPal omogu\u0107iti kupnju do nekoliko stotina eura\/dolara bez&#13; otvaranja PayPal ra\u010duna. Sve \u0161to trebate je kreditna\/debitna kartica.&#13; PayPal \u0107e tako\u0111er automatski [&hellip;]<\/p>\n","protected":false},"author":1,"featured_media":0,"parent":0,"menu_order":0,"comment_status":"closed","ping_status":"closed","template":"","meta":{"footnotes":""},"class_list":["post-14143","page","type-page","status-publish","hentry"],"_links":{"self":[{"href":"https:\/\/eiriu-eolas.org\/hr\/wp-json\/wp\/v2\/pages\/14143","targetHints":{"allow":["GET"]}}],"collection":[{"href":"https:\/\/eiriu-eolas.org\/hr\/wp-json\/wp\/v2\/pages"}],"about":[{"href":"https:\/\/eiriu-eolas.org\/hr\/wp-json\/wp\/v2\/types\/page"}],"author":[{"embeddable":true,"href":"https:\/\/eiriu-eolas.org\/hr\/wp-json\/wp\/v2\/users\/1"}],"replies":[{"embeddable":true,"href":"https:\/\/eiriu-eolas.org\/hr\/wp-json\/wp\/v2\/comments?post=14143"}],"version-history":[{"count":2,"href":"https:\/\/eiriu-eolas.org\/hr\/wp-json\/wp\/v2\/pages\/14143\/revisions"}],"predecessor-version":[{"id":62896,"href":"https:\/\/eiriu-eolas.org\/hr\/wp-json\/wp\/v2\/pages\/14143\/revisions\/62896"}],"wp:attachment":[{"href":"https:\/\/eiriu-eolas.org\/hr\/wp-json\/wp\/v2\/media?parent=14143"}],"curies":[{"name":"wp","href":"https:\/\/api.w.org\/{rel}","templated":true}]}}