{"id":14165,"date":"2019-01-03T20:36:02","date_gmt":"2019-01-03T20:36:02","guid":{"rendered":"https:\/\/eiriu-eolas.org\/?page_id=14165"},"modified":"2022-05-04T11:46:16","modified_gmt":"2022-05-04T09:46:16","slug":"dostava","status":"publish","type":"page","link":"https:\/\/eiriu-eolas.org\/hr\/dostava\/","title":{"rendered":"Dostava"},"content":{"rendered":"<\/p>\n\n<p>U svrhu omogu\u0107avanja \u0161to br\u017ee dostave \u00c9iri\u00fa Eolas programa, ustanovili smo glavno distribucijsko sredi\u0161te koje najbolje zadovoljava sve potrebe korisnika.<\/p>\n\n<p>Sve sjeverno-ameri\u010dke narud\u017ebe se \u0161alju iz SAD-a. Sve ostale narud\u017ebe se \u0161alju iz Francuske.&#13;\nTo nam omogu\u0107uje da smanjimo tro\u0161kove dostave dok&#13;\nistovremeno utje\u010de na prili\u010dno brzu dostavu na ve\u0107inu lokacija u svijetu.<\/p>\n\n<p>Narud\u017ebe se \u0161alju unutar 48 sati, a ve\u0107ina po\u0161iljki u EU,&#13;\nSAD, Kanada i Australija sti\u0107i \u0107e za 3 do 5 dana. Za druge&#13;\nlokacije, vrijeme dostave mo\u017ee biti 7 do 10 dana ili dulje. \u0160tovi\u0161e,&#13;\nlo\u0161e vrijeme, \u0161trajkovi po\u0161te, blagdanska sezona i niz drugih&#13;\nproblemi mogu zna\u010dajno pove\u0107ati vrijeme dostave. Kao rezultat, molim&#13;\ndopustite nam vrijeme za isporuku do 14 dana.<\/p>\n\n<p>U me\u0111uvremenu, slobodno\u00a0<a href=\"https:\/\/eiriu-eolas.org\/online-version\/\">pogledajte online verziju \u00c9iri\u00fa Eolas<\/a> programa\u00a0koliko god puta \u017eelite!<\/p>\n\n<p>Marljivo radimo na \u0161irenju distribucije i dostupnosti \u00c9iri\u00fa Eolas programa. Provjerite ovu stranicu za nove mogu\u0107nosti!<\/p>\n<\/p>\n","protected":false},"excerpt":{"rendered":"<p>U svrhu omogu\u0107avanja \u0161to br\u017ee dostave \u00c9iri\u00fa Eolas programa, ustanovili smo glavno distribucijsko sredi\u0161te koje najbolje zadovoljava sve potrebe korisnika. Sve sjeverno-ameri\u010dke narud\u017ebe se \u0161alju iz SAD-a. Sve ostale narud\u017ebe se \u0161alju iz Francuske.&#13; To nam omogu\u0107uje da smanjimo tro\u0161kove dostave dok&#13; istovremeno utje\u010de na prili\u010dno brzu dostavu na ve\u0107inu lokacija u svijetu. Narud\u017ebe se [&hellip;]<\/p>\n","protected":false},"author":1,"featured_media":0,"parent":0,"menu_order":0,"comment_status":"closed","ping_status":"closed","template":"","meta":{"footnotes":""},"class_list":["post-14165","page","type-page","status-publish","hentry"],"_links":{"self":[{"href":"https:\/\/eiriu-eolas.org\/hr\/wp-json\/wp\/v2\/pages\/14165","targetHints":{"allow":["GET"]}}],"collection":[{"href":"https:\/\/eiriu-eolas.org\/hr\/wp-json\/wp\/v2\/pages"}],"about":[{"href":"https:\/\/eiriu-eolas.org\/hr\/wp-json\/wp\/v2\/types\/page"}],"author":[{"embeddable":true,"href":"https:\/\/eiriu-eolas.org\/hr\/wp-json\/wp\/v2\/users\/1"}],"replies":[{"embeddable":true,"href":"https:\/\/eiriu-eolas.org\/hr\/wp-json\/wp\/v2\/comments?post=14165"}],"version-history":[{"count":2,"href":"https:\/\/eiriu-eolas.org\/hr\/wp-json\/wp\/v2\/pages\/14165\/revisions"}],"predecessor-version":[{"id":62901,"href":"https:\/\/eiriu-eolas.org\/hr\/wp-json\/wp\/v2\/pages\/14165\/revisions\/62901"}],"wp:attachment":[{"href":"https:\/\/eiriu-eolas.org\/hr\/wp-json\/wp\/v2\/media?parent=14165"}],"curies":[{"name":"wp","href":"https:\/\/api.w.org\/{rel}","templated":true}]}}