{"id":668,"date":"2018-11-02T20:17:59","date_gmt":"2018-11-02T20:17:59","guid":{"rendered":"https:\/\/eiriu-eolas.org\/?page_id=668"},"modified":"2022-05-05T09:52:21","modified_gmt":"2022-05-05T07:52:21","slug":"o-nama","status":"publish","type":"page","link":"https:\/\/eiriu-eolas.org\/hr\/o-nama\/","title":{"rendered":"O nama"},"content":{"rendered":"\n<p>\u00c9iri\u00fa Eolas u prijevodu s irsko-galskog zna\u010di  &#8220;Rast Znanja&#8221;<\/p>\n\n<div style=\"height:40px\" aria-hidden=\"true\" class=\"wp-block-spacer\"><\/div>\n\n<p>\u00c9iri\u00fa Eolas program kontrole stresa, iscjeljivanja i pomla\u0111ivanja moderno je o\u017eivljavanje drevnog programa disanja i meditacije koji je cijenjen \u0161irom svijeta kao ALAT koji \u0107e vam pomo\u0107i da:<\/p>\n\n<div style=\"height:40px\" aria-hidden=\"true\" class=\"wp-block-spacer\"><\/div>\n\n<ul class=\"wp-block-list\"><li>Opustite se od stresa svakodnevnog \u017eivota<\/li><li>Nje\u017eno se probijajte kroz pro\u017eivljenu emocionalnu i psiholo\u0161ku traumu<\/li><li>Oslobodite potisnute emocije i mentalne blokade<\/li><li>Pomladite i napravite detoksikaciju svog tijela i uma<\/li><\/ul>\n\n<div style=\"height:40px\" aria-hidden=\"true\" class=\"wp-block-spacer\"><\/div>\n\n<p>\u00c9iri\u00fa Eolas uklanja prepreke koje stoje izme\u0111u vas i pravog mira, sre\u0107e i na kraju uspje\u0161nog, ispunjenog \u017eivota.<\/p>\n\n<div style=\"height:40px\" aria-hidden=\"true\" class=\"wp-block-spacer\"><\/div>\n\n<p>Tehnika \u00c9iri\u00fa Eolas dostupna je ovdje besplatno. Nakon \u0161to po\u010dnete prakticirati \u00c9iri\u00fa Eolas, po\u017eeljeti \u0107ete imati vlastitu\u00a0 kopiju programa na DVD-u. Osim toga, razmislite o doniranju svega \u0161to si mo\u017eete priu\u0161titi putem na\u0161e <a href=\"https:\/\/eiriu-eolas.org\/hr\/shop\/\">stranice<\/a> svih na\u0161ih proizvoda. Ako \u017eelite DVD primjerak programa, ali si to ne mo\u017eete priu\u0161titi, samo upotrijebite kontakt obrazac i vidjet \u0107emo \u0161to mo\u017eemo u\u010diniti da vam pomognemo. Svi smo zajedno u ovome!<\/p>\n\n<div style=\"height:52px\" aria-hidden=\"true\" class=\"wp-block-spacer\"><\/div>\n\n\n<h2 class=\"text-center text-primary-default heading-medium pb-24\">Uvodni video<\/h2>\n<div style=\"height:20px\" aria-hidden=\"true\" class=\"wp-block-spacer\"><\/div>\n\n<p>Detaljan pregled znanstvenih i filozofskih teorija koje se bave disanjem i njegovom va\u017enosti za fizi\u010dko, emocionalno i duhovno zdravlje. Na kraju uvoda, nau\u010dit \u0107ete drevnu tehniku disanja koja Vas mo\u017ee tako brzo i jednostavno dovesti do smirenog i opu\u0161tenog stanja uma da ju svatko mo\u017ee koristiti \u2013 od pilota do konobarica, od korporacijskih menad\u017eera do odgajateljica u vrti\u0107u \u2013 bilo gdje, bilo kada. Ta drevna tehnika je magi\u010dni klju\u010d za trenutno smanjenje stresa i njegovo dr\u017eanje pod kontrolom.<\/p>\n\n<div style=\"height:40px\" aria-hidden=\"true\" class=\"wp-block-spacer\"><\/div>\n\n\n<h2 class=\"text-center text-primary-default heading-medium pb-24\">Video s uputama<\/h2>\n<p>Video demonstracija jednostavnih \u00c9iri\u00fa Eolas vje\u017ebi za zagrijavanje i dodatnih tehnika disanja, uklju\u010duju\u0107i i bioenergetsko disanje koje, kad se redovito prakticira, mo\u017ee dovesti do dubokog emocionalnog, mentalnog i duhovnog ozdravljenja. Tako\u0111er \u0107ete nau\u010diti o Trodijelnom disanju i Molitvi du\u0161e. Te tehnike su godinama bile tajne jogija i terapeuta \u2013 dvaju tipova profesionalaca koji uvjerljivo predstavljaju metode za koje se zbilja pokazuje da su u\u010dinkovite. Ovo je program za svakoga: bazira se na znanosti, potvr\u0111en je i u\u010dinkovit je!<\/p>\n\n<div style=\"height:40px\" aria-hidden=\"true\" class=\"wp-block-spacer\"><\/div>\n\n\n<h2 class=\"text-center text-primary-default heading-medium pb-24\">Audio<\/h2>\n<p>Audio snimka osmi\u0161ljena da Vas provede kroz sam program disanja koji \u0107e Vam promijeniti \u017eivot, svoj vrhunac dose\u017ee u Molitvi du\u0161e: ne-religijskoj, ne-sekta\u0161koj, znanstvenoj molitvi \u2013 izuzetnom dostignu\u0107u u na\u0161em vremenu.<\/p>\n\n<div style=\"height:40px\" aria-hidden=\"true\" class=\"wp-block-spacer\"><\/div>\n\n<p class=\"has-text-align-center\"><strong><a href=\"https:\/\/eiriu-eolas.org\/hr\/online-verzija\/\">Da biste pogledali \u00c9iri\u00fa Eolas online, kliknite ovdje!<\/a><\/strong><\/p>\n\n<div style=\"height:40px\" aria-hidden=\"true\" class=\"wp-block-spacer\"><\/div>\n\n<p>Pozivamo Vas da podijelite ovaj program i ove tehnike disanja sa svima do kojih Vam je stalo!<\/p>\n\n<div style=\"height:40px\" aria-hidden=\"true\" class=\"wp-block-spacer\"><\/div>\n","protected":false},"excerpt":{"rendered":"<p>\u00c9iri\u00fa Eolas u prijevodu s irsko-galskog zna\u010di &#8220;Rast Znanja&#8221; \u00c9iri\u00fa Eolas program kontrole stresa, iscjeljivanja i pomla\u0111ivanja moderno je o\u017eivljavanje drevnog programa disanja i meditacije koji je cijenjen \u0161irom svijeta kao ALAT koji \u0107e vam pomo\u0107i da: Opustite se od stresa svakodnevnog \u017eivota Nje\u017eno se probijajte kroz pro\u017eivljenu emocionalnu i psiholo\u0161ku traumu Oslobodite potisnute emocije [&hellip;]<\/p>\n","protected":false},"author":1,"featured_media":0,"parent":0,"menu_order":0,"comment_status":"closed","ping_status":"closed","template":"","meta":{"footnotes":""},"class_list":["post-668","page","type-page","status-publish","hentry"],"_links":{"self":[{"href":"https:\/\/eiriu-eolas.org\/hr\/wp-json\/wp\/v2\/pages\/668","targetHints":{"allow":["GET"]}}],"collection":[{"href":"https:\/\/eiriu-eolas.org\/hr\/wp-json\/wp\/v2\/pages"}],"about":[{"href":"https:\/\/eiriu-eolas.org\/hr\/wp-json\/wp\/v2\/types\/page"}],"author":[{"embeddable":true,"href":"https:\/\/eiriu-eolas.org\/hr\/wp-json\/wp\/v2\/users\/1"}],"replies":[{"embeddable":true,"href":"https:\/\/eiriu-eolas.org\/hr\/wp-json\/wp\/v2\/comments?post=668"}],"version-history":[{"count":3,"href":"https:\/\/eiriu-eolas.org\/hr\/wp-json\/wp\/v2\/pages\/668\/revisions"}],"predecessor-version":[{"id":62914,"href":"https:\/\/eiriu-eolas.org\/hr\/wp-json\/wp\/v2\/pages\/668\/revisions\/62914"}],"wp:attachment":[{"href":"https:\/\/eiriu-eolas.org\/hr\/wp-json\/wp\/v2\/media?parent=668"}],"curies":[{"name":"wp","href":"https:\/\/api.w.org\/{rel}","templated":true}]}}