{"id":682,"date":"2018-11-02T20:22:17","date_gmt":"2018-11-02T20:22:17","guid":{"rendered":"https:\/\/eiriu-eolas.org\/?page_id=682"},"modified":"2022-05-05T14:19:45","modified_gmt":"2022-05-05T12:19:45","slug":"homepage","status":"publish","type":"page","link":"https:\/\/eiriu-eolas.org\/hr\/","title":{"rendered":"Po\u010detna stranica"},"content":{"rendered":"\n\n\n<section id=\"ee-container-28tq6d\" class=\"bg-homepage-hero h-screen  flex flex-col\">\n\n\n    \n<header id=\"masthead\" class=\"site-header flex flex-col justify-start max-w-full m-0 tablet:pt-16\">\n\t<section class=\"grid grid-cols-mobile tablet:grid-cols-tablet desktop:grid-cols-desktop max-w-full\">\n\t\t<div class=\"col-span-one tablet:col-span-three w-full flex justify-between w-full items-center p-8\">\n\t\t\t<div class=\"site-branding flex flex-col z-20\">\n\t\t\t\t<a href=\"https:\/\/eiriu-eolas.org\/hr\/\" class=\"custom-logo-link\" rel=\"home\"><img decoding=\"async\" src=\"https:\/\/eiriu-eolas.org\/wp-content\/uploads\/2021\/05\/eiriu-eolas-logo.svg\" class=\"custom-logo\" alt=\"\u00c9iri\u00fa Eolas\" \/><\/a>\t\t\t\t\t<p class=\"site-title\"><a href=\"https:\/\/eiriu-eolas.org\/hr\/\" rel=\"home\">\u00c9iri\u00fa Eolas<\/a><\/p>\n\t\t\t\t\t\t\t\t\t\t<p class=\"site-description\">Growth of Knowledge<\/p>\n\t\t\t\t\t\t\t<\/div><!-- .site-branding -->\n\n\t\t\t<nav id=\"site-navigation\" class=\"main-navigation\">\n\t\t\t\t<button class=\"menu-toggle block tablet:hidden text-primary-default text-6xl z-50 relative\" aria-controls=\"primary-menu\" aria-expanded=\"false\"><i class=\"icon-segment\"><\/i><\/button>\n\t\t\t\t\n\t\t\t\t<div class=\"menu-izbornik-zaglavlja-container\"><ul id=\"primary-menu\" class=\"menu fixed top-0 h-screen w-full bg-white tablet:bg-transparent pt-36 tablet:pt-0 max-w-3xl right-0 p-12 transform translate-x-full tablet:max-w-full tablet:p-0 tablet:translate-x-0 tablet:mt-0 tablet:p-0 tablet:relative tablet:flex tablet:h-auto z-10\"><li id=\"menu-item-13849\" class=\"menu-item menu-item-type-post_type menu-item-object-page menu-item-13849\"><a href=\"https:\/\/eiriu-eolas.org\/hr\/o-nama\/\">O nama<\/a><\/li>\n<li id=\"menu-item-13848\" class=\"menu-item menu-item-type-post_type menu-item-object-page menu-item-13848\"><a href=\"https:\/\/eiriu-eolas.org\/hr\/online-verzija\/\">Online verzija<\/a><\/li>\n<li id=\"menu-item-14779\" class=\"menu-item menu-item-type-custom menu-item-object-custom menu-item-14779\"><a href=\"\/hr\/events\">Doga\u0111aji<\/a><\/li>\n<li id=\"menu-item-13846\" class=\"menu-item menu-item-type-post_type menu-item-object-page menu-item-13846\"><a href=\"https:\/\/eiriu-eolas.org\/hr\/iskustva\/\">Svjedo\u010danstva<\/a><\/li>\n<li id=\"menu-item-13850\" class=\"menu-item menu-item-type-post_type menu-item-object-page menu-item-13850\"><a href=\"https:\/\/eiriu-eolas.org\/hr\/shop\/\">Shop<\/a><\/li>\n<hr class=\"h-px my-8 overflow-auto tablet:hidden\" \/><li class=\"my-account-link menu-item menu-item-type-post_type menu-item-object-page\"><a href=\"https:\/\/eiriu-eolas.org\/my-account-2\/\"><i class=\"icon-user-circle-o\"><\/i><span class=\"tablet:hidden\">   Stranica Moj ra\u010dun<\/span><\/a><\/li>\n                    <hr class=\"h-px my-8 overflow-auto tablet:hidden\" \/>\n                        <div class=\"flex flex-wrap mr-8 tablet:hidden\">\n\n                <li><a class=\"text-heading-100 p-2 m-1\" href=\"https:\/\/eiriu-eolas.org\/\">English<\/a><\/li><li><a class=\"text-heading-100 p-2 m-1\" href=\"https:\/\/eiriu-eolas.org\/es\/\">Espa\u00f1ol<\/a><\/li><li><a class=\"text-heading-100 p-2 m-1\" href=\"https:\/\/eiriu-eolas.org\/fr\/\">Fran\u00e7ais<\/a><\/li><li><a class=\"text-heading-100 p-2 m-1\" href=\"https:\/\/eiriu-eolas.org\/de\/\">Deutsch<\/a><\/li><\/div><\/ul><\/div>\n\t\t\t<\/nav><!-- #site-navigation -->\n\t\t<\/div>\n\t<\/section>\n<\/header><!-- #masthead -->\n\n\n<div id=\"ee-feature-21CjTd\" class=\"ee-feature flex flex-col justify-center flex-grow\">\n\t<section class=\"grid-container\">\n\t\t<div class=\"grid-section-wide grid-item\">\n\t\t\t<figure class=\"flex tablet:justify-between flex-row \">\n\n\t\t\t\t<section class=\"w-full tablet:w-2\/5 flex flex-col justify-center\">\n\t\t\t\t\t<header class=\"mb-4\">\n\n\t\t\t\t\t\t<h1 class=\"text-primary-default heading-big\">\u00c9iri\u00fa Eolas<\/h1>\n\t\t\t\t\t\t<h2 class=\"text-primary-default heading-small\">Rast znanja<\/h2>\t\t\t\t\t<\/header>\n\n\n\t\t\t\t\t<main>Nevjerojatan znanstveni program kontrole stresa, iscjeljivanja, detoksikacije i pomla\u0111ivanja je KLJU\u010c koji \u0107e vam pomo\u0107i da promijenite svoj \u017eivot na PRAVI i odmah uo\u010dljiv na\u010din.<\/main>\n\n\t\t\t\t\t\t\t\t\t\t<footer class=\"mt-16 flex flex-col tablet:flex-row items-center\">\n\t\t\t\t\t\t\t\t\t\t\t\t<a href=\"https:\/\/eiriu-eolas.org\/online-version\/\" class=\"button px-20 py-4 bg-secondary-default text-white rounded-2xl\">Pogledajte program<\/a>\n\t\t\t\t\t\t\n\t\t\t\t\t\t\t\t\t\t\t<\/footer>\n\t\t\t\t\t\t\t\t\t<\/section>\n\t\t\t\t<figure class=\"hidden tablet:flex flex-col justify-center\">\n\t\t\t\t\t<img decoding=\"async\" src=\"https:\/\/eiriu-eolas.org\/wp-content\/uploads\/2021\/05\/eiriu-eolas-hero-image.png\" \/>\n\t\t\t\t<\/figure>\n\t\t\t<\/figure>\n\t\t<\/div>\n\t<\/section>\n<\/div>\n<\/section>\n\n\n<section id=\"ee-container-ZKRS9a\" class=\"bg-transparent  py-32 flex flex-col\">\n\n\n    \n\n<div id=\"ee-feature-Ulitv\" class=\"ee-feature flex flex-col justify-center flex-grow\">\n\t<section class=\"grid-container\">\n\t\t<div class=\"grid-section-x-wide grid-item\">\n\t\t\t<figure class=\"flex tablet:justify-between flex-row \">\n\n\t\t\t\t<section class=\"w-full tablet:w-1\/2 flex flex-col justify-center\">\n\t\t\t\t\t<header class=\"mb-4\">\n\n\t\t\t\t\t\t<h2 class=\"text-primary-default heading-medium\">Jeste li pod stresom?<\/h2>\n\t\t\t\t\t\t\t\t\t\t\t<\/header>\n\n\n\t\t\t\t\t<main>Patite li od kroni\u010dnog umora, stanja koja va\u0161 lije\u010dnik ne mo\u017ee dijagnosticirati ili za koja tvrdi da je to sve &#8220;samo u va\u0161oj glavi?&#8221; Imate li fizi\u010dke bolove \u010de\u0161\u0107e nego ina\u010de? Je li va\u0161 sustav otrovan \u017eivotom u dana\u0161njem zaga\u0111enom okoli\u0161u? \u017delite li se sa \u017eivotnim izazovima suo\u010diti s ve\u0107om smireno\u0161\u0107u i unutarnjim mirom? \u017delite li se doista osje\u0107ati zdravo, sretno i bezbolno svaki dan?<\/main>\n\n\t\t\t\t\t\t\t\t\t<\/section>\n\t\t\t\t<figure class=\"hidden tablet:flex flex-col justify-center\">\n\t\t\t\t\t<img decoding=\"async\" src=\"https:\/\/eiriu-eolas.org\/wp-content\/uploads\/2021\/05\/eiriu-eolas-are-you-stressed-image.png\" \/>\n\t\t\t\t<\/figure>\n\t\t\t<\/figure>\n\t\t<\/div>\n\t<\/section>\n<\/div>\n<\/section>\n\n\n<section id=\"ee-container-1UcyGp\" class=\"bg-introduction  py-32 flex flex-col\">\n\n\n            <div class=\"grid-container\">\n            <div class=\"grid-section-wide grid-item\">\n\n        \n\n<div class=\"wp-block-image\"><figure class=\"aligncenter size-large\"><img loading=\"lazy\" decoding=\"async\" width=\"144\" height=\"141\" src=\"https:\/\/eiriu-eolas.org\/wp-content\/uploads\/2021\/05\/eiriu-eolas-rounded-logo.png\" alt=\"\" class=\"wp-image-58677\" srcset=\"https:\/\/eiriu-eolas.org\/wp-content\/uploads\/2021\/05\/eiriu-eolas-rounded-logo.png 144w, https:\/\/eiriu-eolas.org\/wp-content\/uploads\/2021\/05\/eiriu-eolas-rounded-logo-61x60.png 61w, https:\/\/eiriu-eolas.org\/wp-content\/uploads\/2021\/05\/eiriu-eolas-rounded-logo-92x90.png 92w\" sizes=\"auto, (max-width: 144px) 100vw, 144px\" \/><\/figure><\/div>\n\n\n\n\n<h2 class=\"text-center text-primary-default heading-medium pb-24\">\u0160to je \u00c9iri\u00fa Eolas?<\/h2>\n\n\n<p class=\"has-text-align-center\">\u00c9iri\u00fa Eolas \u0107e vam omogu\u0107iti da brzo i nje\u017eno pristupite i oslobodite slojeve mentalne, emocionalne i fizi\u010dke toksi\u010dnosti koja stoji izme\u0111u vas i zdravog,  osje\u0107aja mladosti i tijela mla\u0111eg izgleda!<\/p>\n\n\n\n<p><\/p>\n\n\n\n<p class=\"has-text-align-center\">Trenuta\u010dno kontrolirajte stres i situacije visoke energije;&#13;\n&#13;\nDetoksikacija va\u0161eg tijela rezultira ubla\u017eavanjem boli;&#13;\n&#13;\nOpustite se i nje\u017eno pro\u0111ite kroz pro\u0161le emocionalne i psihi\u010dke traume;&#13;\n&#13;\nRegenerirajte i pomladite svoje tijelo\/um<\/p>\n\n\n            <\/div>\n        <\/div>\n    \n\n    <\/section>\n\n\n<section id=\"ee-container-2p9WlJ\" class=\"bg-transparent  py-32 flex flex-col\">\n\n\n    \n\n<div id=\"ee-feature-ZMLUVa\" class=\"ee-feature flex flex-col justify-center flex-grow\">\n\t<section class=\"grid-container\">\n\t\t<div class=\"grid-section-x-wide grid-item\">\n\t\t\t<figure class=\"flex tablet:justify-between flex-row-reverse \">\n\n\t\t\t\t<section class=\"w-full tablet:w-1\/2 flex flex-col justify-center\">\n\t\t\t\t\t<header class=\"mb-4\">\n\n\t\t\t\t\t\t<h2 class=\"text-primary-default heading-medium\">Program<\/h2>\n\t\t\t\t\t\t\t\t\t\t\t<\/header>\n\n\n\t\t\t\t\t<main>Program se sastoji od:\r\n<ul>\r\n \t<li>Uvodnog videa<\/li>\r\n<\/ul>\r\n<p style=\"padding-left: 40px;\">Detaljnog pregleda znanstvenih i filozofskih teorija koja se kriju iza disanja i djelovanja disanja kao i njegove va\u017enosti za tjelesnu, emocionalnu i duhovnu dobrobit.<\/p>\r\n\r\n<ul>\r\n \t<li>Video s uputama<\/li>\r\n<\/ul>\r\n<p style=\"padding-left: 40px;\">Video demonstracija jednostavnih vje\u017ebi zagrijavanja \u00c9iri\u00fa Eolas i dodatnih tehnika disanja uklju\u010duju\u0107i bioenergetsko disanje koje, kada se prakticira redovito, mo\u017ee dovesti do dubokog emocionalnog, mentalnog i psihi\u010dkog ozdravljenja.<\/p><\/main>\n\n\t\t\t\t\t\t\t\t\t\t<footer class=\"mt-16 flex flex-col tablet:flex-row items-center\">\n\t\t\t\t\t\t\t\t\t\t\t\t<a href=\"https:\/\/eiriu-eolas.org\/online-version\/\" class=\"button px-20 py-4 bg-secondary-default text-white rounded-2xl\">Pogledajte program<\/a>\n\t\t\t\t\t\t\n\t\t\t\t\t\t\t\t\t\t\t\t\t<a class=\"flex-grow text-center pt-8 tablet:p-0\" href=\"O nama\">Nau\u010dite vi\u0161e<\/a>\n\t\t\t\t\t\t\t\t\t\t\t<\/footer>\n\t\t\t\t\t\t\t\t\t<\/section>\n\t\t\t\t<figure class=\"hidden tablet:flex flex-col justify-center\">\n\t\t\t\t\t<img decoding=\"async\" src=\"https:\/\/eiriu-eolas.org\/wp-content\/uploads\/2021\/05\/eiriu-eolas-the-program.png\" \/>\n\t\t\t\t<\/figure>\n\t\t\t<\/figure>\n\t\t<\/div>\n\t<\/section>\n<\/div>\n<\/section>\n\n\n<section id=\"ee-container-22lIws\" class=\"bg-secondary-light  py-32 flex flex-col\">\n\n\n            <div class=\"grid-container\">\n            <div class=\"grid-section-wide grid-item\">\n\n        \n\n\n<h2 class=\"text-center text-secondary-default heading-medium pb-24\">Na\u0161i instruktori<\/h2>\n\n<section id=\"ee-instructors-container-YJE6X\" class=\"grid grid-cols-1 tablet:grid-cols-3 gap-16\">\n\n\n<figure class=\"text-center\">\n    <header class=\"flex flex-col items-center\">\n        <img decoding=\"async\" class=\"w-36 rounded-2xl\" src=\"https:\/\/eiriu-eolas.org\/wp-content\/uploads\/2018\/11\/juliana-barembuem-80x80-1.png\" \/>\n        <p class=\"font-bold mt-4\">Juliana Barembuem<\/p>\n    <\/header>\n    <main class=\"mt-8\">\n        Argentinsko-talijanski magistar lingvistike, vi\u0161ejezi\u010dni prevoditelj i tuma\u010d. Juliana je nekoliko godina prakticirala jogu, tehnike disanja i meditacije prije nego \u0161to je 2009. postala instruktorica \u00c9iri\u00fa Eolas.    <\/main>\n<\/figure>\n\n\n<figure class=\"text-center\">\n    <header class=\"flex flex-col items-center\">\n        <img decoding=\"async\" class=\"w-36 rounded-2xl\" src=\"https:\/\/eiriu-eolas.org\/wp-content\/uploads\/2018\/11\/gabriela-segura-80x80-1.png\" \/>\n        <p class=\"font-bold mt-4\">Gabriela Segura<\/p>\n    <\/header>\n    <main class=\"mt-8\">\n        Doktorica Gaby je ro\u0111ena u mje\u0161ovitoj isto\u010dno-zapadnoj obitelji u Kostariki, lije\u010dnica je obiteljske medicine a prije se bavila i kardiokirurgijom. Njezina istra\u017eivanja na podru\u010dju medicine, prave prirode na\u0161eg svijeta i svega vezanog uz lije\u010denje odvela su je u Italiju, Kanadu, Francusku i \u0160panjolsku.    <\/main>\n<\/figure>\n\n\n<figure class=\"text-center\">\n    <header class=\"flex flex-col items-center\">\n        <img decoding=\"async\" class=\"w-36 rounded-2xl\" src=\"https:\/\/eiriu-eolas.org\/wp-content\/uploads\/2018\/11\/irini-gregoriou-80x80-1.png\" \/>\n        <p class=\"font-bold mt-4\">Irini Gregoriu<\/p>\n    <\/header>\n    <main class=\"mt-8\">\n        S magisterijem iz Art terapije, Irini ima veliko klini\u010dko iskustvo u podru\u010dju mentalnog zdravlja, \u0161to je \u010dini idealnom za dijeljenje prednosti EE s drugima. Instruktorica je EE od 2010. godine, predavala je program velikom broju studenata, a trenutno je zadu\u017eena za obuku novih instruktora.    <\/main>\n<\/figure>\n\n\n<\/section>\n\n\n<p class=\"has-text-align-center\"><a href=\"https:\/\/eiriu-eolas.org\/hr\/instruktori\/\" data-type=\"page\" data-id=\"116\">Upoznajte sve instruktore<\/a><\/p>\n\n\n            <\/div>\n        <\/div>\n    \n\n    <\/section>\n\n\n<section id=\"ee-container-25mjmG\" class=\"bg-secondary-default  py-32 flex flex-col\">\n\n\n            <div class=\"grid-container\">\n            <div class=\"grid-section-wide grid-item\">\n\n        \n\n\n<h2 class=\"text-center text-white heading-medium pb-24\">Rezervirajte termin<\/h2>\n\n<div class=\"text-center w-full\">\n<a href=\"https:\/\/eiriu-eolas.org\/contact\/\" class=\"button px-20 py-4 bg-secondary-default text-white rounded-2xl secondary\">Kontaktirajte nas!<\/a>\n<\/div>\n\n            <\/div>\n        <\/div>\n    \n\n    <\/section>\n\n\n<section id=\"ee-container-Z26uDV\" class=\"bg-transparent  py-32 flex flex-col\">\n\n\n            <div class=\"grid-container\">\n            <div class=\"grid-section-x-wide grid-item\">\n\n        \n\n\n<h2 class=\"text-center text-primary-default heading-medium \">Svjedo\u010danstva<\/h2>\n\n<figure class=\"text-center py-20\">\n\t<blockquote class=\"italic font-bold\">\u00c9iri\u00fa Eolas mi je promijenio \u017eivot. Osje\u0107am se opu\u0161tenije i pod kontrolom, motiviranije i nadahnutije. Moj san se dosta popravio. Ovaj program je sada bitan dio mog \u017eivota.<\/blockquote>\n\t<figcaption>\u2014 David Ditka<\/figcaption>\n<\/figure>\n\n<figure class=\"text-center py-20\">\n\t<blockquote class=\"italic font-bold\">Uvodni video je jako lijepo napravljen. Sva ta 3D obja\u0161njenja su mi sada samo ostala u mislima. Svaki put kad di\u0161em na pogre\u0161an na\u010din, animacija me podsjeti na to. Informacije zajedno s vizualnim dijelom jednostavno ostaju sa mnom.<\/blockquote>\n\t<figcaption>\u2014 Frank, ra\u010dunalno savjetovanje \u2014 California<\/figcaption>\n<\/figure>\n\n<figure class=\"text-center py-20\">\n\t<blockquote class=\"italic font-bold\">Program EE pomogao mi je iskusiti i osloboditi mnogo emocionalne prtljage.<\/blockquote>\n\t<figcaption>\u2014 Brent, tehni\u010dar za geneti\u010dko istra\u017eivanje \u2014 New York<\/figcaption>\n<\/figure>\n\n\n<div style=\"height:35px\" aria-hidden=\"true\" class=\"wp-block-spacer\"><\/div>\n\n\n\n<p class=\"has-text-align-center\"><a href=\"https:\/\/eiriu-eolas.org\/hr\/iskustva\/\" data-type=\"URL\" data-id=\"https:\/\/eiriu-eolas.org\/testimonials\/\">Pogledajte sva svjedo\u010danstva<\/a><\/p>\n\n\n            <\/div>\n        <\/div>\n    \n\n    <\/section>\n\n\n<section id=\"ee-container-2e8DAo\" class=\"bg-primary-lightest  py-32 flex flex-col\">\n\n\n            <div class=\"grid-container\">\n            <div class=\"grid-section-x-wide grid-item\">\n\n        \n\n\n<h2 class=\"text-center text-primary-default heading-medium \">\u010cesto postavljana pitanja<\/h2>\n\n<figure class=\"text-center py-24\">\n    <div class=\"font-bold heading-x-small\">Koliko \u010desto bi trebalo vje\u017ebati \u00c9iri\u00fa Eolas?<\/div>\n    <div class=\"mt-10\">Op\u0107enito se preporu\u010duje da cijeli program zavr\u0161ite dva puta tjedno, a meditaciju svakodnevno, po mogu\u0107nosti prije spavanja. To omogu\u0107uje va\u0161oj podsvijesti da procesuira dok se odmarate. Tako\u0111er, po \u017eelji mo\u017eete svakodnevno izvoditi cijevno disanje.<\/div>\n<\/figure>\n\n<figure class=\"text-center py-24\">\n    <div class=\"font-bold heading-x-small\">Ne mogu pratiti brojanje, \u0161to da radim?<\/div>\n    <div class=\"mt-10\">Ako vam je brojanje predugo ili prekratko, prilagodite se onome \u0161to vam je ugodno. Kako postanete vje\u0161tiji, lak\u0161e \u0107ete se dr\u017eati brojanja. Najva\u017enija stvar kod izvo\u0111enja cijevnog disanja je da izdisaj bude du\u017ei od udisaja, te da \u0161to potpunije ispraznite plu\u0107a. Kratke pauze izme\u0111u udisaja i izdisaja tako\u0111er su va\u017ene jer omogu\u0107uju potpunu izmjenu plinova unutar plu\u0107a.<\/div>\n<\/figure>\n\n<figure class=\"text-center py-24\">\n    <div class=\"font-bold heading-x-small\">Je li u redu ako legnem dok vje\u017ebam disanje?<\/div>\n    <div class=\"mt-10\">Le\u017eanje je u redu. Poanta je da vam bude \u0161to udobnije.<\/div>\n<\/figure>\n\n\n<div style=\"height:41px\" aria-hidden=\"true\" class=\"wp-block-spacer\"><\/div>\n\n\n\n<p class=\"has-text-align-center\"><a href=\"https:\/\/eiriu-eolas.org\/hr\/faqs\/\">Pogledajte brzi vodi\u010d<\/a><\/p>\n\n\n            <\/div>\n        <\/div>\n    \n\n    <\/section>","protected":false},"excerpt":{"rendered":"","protected":false},"author":1,"featured_media":0,"parent":0,"menu_order":0,"comment_status":"closed","ping_status":"open","template":"homepage-page.php","meta":{"footnotes":""},"class_list":["post-682","page","type-page","status-publish","hentry"],"_links":{"self":[{"href":"https:\/\/eiriu-eolas.org\/hr\/wp-json\/wp\/v2\/pages\/682","targetHints":{"allow":["GET"]}}],"collection":[{"href":"https:\/\/eiriu-eolas.org\/hr\/wp-json\/wp\/v2\/pages"}],"about":[{"href":"https:\/\/eiriu-eolas.org\/hr\/wp-json\/wp\/v2\/types\/page"}],"author":[{"embeddable":true,"href":"https:\/\/eiriu-eolas.org\/hr\/wp-json\/wp\/v2\/users\/1"}],"replies":[{"embeddable":true,"href":"https:\/\/eiriu-eolas.org\/hr\/wp-json\/wp\/v2\/comments?post=682"}],"version-history":[{"count":3,"href":"https:\/\/eiriu-eolas.org\/hr\/wp-json\/wp\/v2\/pages\/682\/revisions"}],"predecessor-version":[{"id":62922,"href":"https:\/\/eiriu-eolas.org\/hr\/wp-json\/wp\/v2\/pages\/682\/revisions\/62922"}],"wp:attachment":[{"href":"https:\/\/eiriu-eolas.org\/hr\/wp-json\/wp\/v2\/media?parent=682"}],"curies":[{"name":"wp","href":"https:\/\/api.w.org\/{rel}","templated":true}]}}