{"id":735,"date":"2018-11-02T20:47:01","date_gmt":"2018-11-02T20:47:01","guid":{"rendered":"https:\/\/eiriu-eolas.org\/?page_id=735"},"modified":"2022-05-04T11:37:32","modified_gmt":"2022-05-04T09:37:32","slug":"faqs","status":"publish","type":"page","link":"https:\/\/eiriu-eolas.org\/hr\/faqs\/","title":{"rendered":"Brzi vodi\u010d za EE"},"content":{"rendered":"\n<p><strong>Upozorenje:<\/strong><\/p>\n\n<p>Mogu\u0107e su nuspojave prilikom uporabe Bioenergetskog Disanja (kru\u017enog disanja) u slu\u010daju trudno\u0107e, padavice, bipolarnog poreme\u0107aja i drugih kemijskih neravnote\u017ea. Svi ostali dijelovi \u00c9iri\u00fa-Eolas programa za kontrolu stresa, ozdravljenje i pomla\u0111ivanje se mogu koristiti i u navedenim slu\u010dajevima.<\/p>\n\n<div style=\"height:40px\" aria-hidden=\"true\" class=\"wp-block-spacer\"><\/div>\n\n\n<h2 class=\"text-center text-primary-default heading-medium pb-24\">Uvod<\/h2>\n<p>Dobrodo\u0161li u \u00c9iri\u00fa-Eolas program za kontrolu stresa, ozdravljenje i pomla\u0111ivanje. Kori\u0161tenjem ovog o\u017eivotvorenja 21. stolje\u0107a drevne tehnike disanja i meditacije, upravo kre\u0107ete na uzbudljivo istra\u017eiva\u010dko putovanje. \u00c9iri\u00fa-Eolas je prvorazredno oru\u0111e na\u0161eg doba koje Vam poma\u017ee da se opustite i nje\u017eno poradite na emocionalnim i psiholo\u0161kim traumama, otpu\u0161taju\u0107i potisnute emocije i mentalne blokade koje stoje izme\u0111u Vas i uspje\u0161nog, ispunjenog \u017eivota.<\/p>\n\n<p>Va\u017eno je da izvodite vje\u017ebe zagrijavanja koje su prikazane na Disku 2. One pove\u0107avaju kapacitet plu\u0107a, cirkulaciju i uvelike \u0107e pove\u0107ati Va\u0161 do\u017eivljaj \u00c9iri\u00fa-Eolas-a. U slu\u010daju da ve\u0107 koristite neki oblik fizi\u010dkih vje\u017ebi koje sadr\u017eavaju rastezanje i pove\u0107anje fleksibilnosti, na primjer jogu, ovaj dio se mo\u017ee promijeniti kako Vam odgovara ili se mo\u017ee presko\u010diti.<\/p>\n\n<div style=\"height:40px\" aria-hidden=\"true\" class=\"wp-block-spacer\"><\/div>\n\n\n<h2 class=\"text-center text-primary-default heading-medium pb-24\">Cijevno disanje<\/h2>\n<p>Cijevno Disanje se koristi za stimulaciju lutaju\u0107eg \u017eivca (nervus vagus) i radi se u tri faze kako bi se iskoristila cijela plu\u0107a. Stimuliranje nervusa vagusa je poput isklju\u010divanja reakcije na stres. Stezanje glasnica (glottis) gotovo do to\u010dke produciranja zvuka, stimulira onaj dio kranijalnog vagusa koji prolazi izme\u0111u du\u0161nika i jednjaka. Vje\u017ebajte da mo\u017eete zadr\u017eati to stezanje glasnica prilikom udaha kako biste postigli ve\u0107u opu\u0161tenost. Glavna stimulacija vagusa \u017eivca se doga\u0111a za vrijeme izdaha i to je razlog za\u0161to Cijevno Disanje u \u00c9iri\u00fa-Eolas-u zahtijeva produ\u017eeni izdah.<\/p>\n\n<div style=\"height:40px\" aria-hidden=\"true\" class=\"wp-block-spacer\"><\/div>\n\n\n<h2 class=\"text-center text-primary-default heading-medium pb-24\">Dah Ratnika<\/h2>\n<p>Dah Ratnika slu\u017ei \u010di\u0161\u0107enju plu\u0107a od starog, ustajalog zraka. Ja\u010da mi\u0161i\u0107e koji se koriste pri pravilnom izdahu te slu\u017ei kao priprema za sljede\u0107i dio programa. Nakon prvog vje\u017ebanja ove vje\u017ebe, mogu\u0107e je da \u0107e Vam se upaliti mi\u0161i\u0107i sa strane prsnog ko\u0161a i trbuha. No, ti mi\u0161i\u0107i \u0107e vrlo brzo oja\u010dati i upala \u0107e pro\u0107i. Glasno izgovaranje \u201cHa!\u201d poma\u017ee da izdah bude cjelovitiji. Tako\u0111er poma\u017ee za izbacivanje frustracija. Djeca vole raditi Dah Ratnika!<\/p>\n\n<div style=\"height:40px\" aria-hidden=\"true\" class=\"wp-block-spacer\"><\/div>\n\n\n<h2 class=\"text-center text-primary-default heading-medium pb-24\">Bioenergetsko disanje<\/h2>\n<p>Bioenergetsko disanje, ili kru\u017eno disanje, se na fizi\u010dkom nivou koristi za punjenje tijela kisikom, kako bi ono bolje prera\u0111ivalo fizi\u010dke toksine. Na emocionalnom nivou zapo\u010dinje proces nje\u017enog otpu\u0161tanja slojeva emocionalnih toksina. Kako se ovi slojevi budu \u010distili, primijetit \u0107ete da mo\u017eete jasnije razmi\u0161ljati i ostati smireni u stresnim situacijama, \u0161to Vam omogu\u0107uje da na njih reagirate efikasnije i skladnije.<\/p>\n\n<div style=\"height:40px\" aria-hidden=\"true\" class=\"wp-block-spacer\"><\/div>\n\n\n<h2 class=\"text-center text-primary-default heading-medium pb-24\">Meditacija (Molitva Du\u0161e)<\/h2>\n<p>Vje\u017ebe disanja namijenjene su kao priprema za meditaciju, koja je sama sr\u017e \u00c9iri\u00fa-Eolas programa. Meditacija se izvodi sa \u201csjemenom\u201d, \u0161to zna\u010di da nije bezumna ni bez cilja. Sjeme, imena \u201cMolitva Du\u0161e\u201d, je pa\u017eljivo sastavljeno na na\u010din da ima neograni\u010dene \u017eivotne primjene i da stvara podsvjesne temelje pozitivnih misli, \u017eivotnih afirmacija, u Va\u0161em smirenom umu. Molitva se obra\u0107a Bo\u017eanskom Kozmi\u010dkom Umu, koji je svo Postojanje. Ako se \u017eelite obratiti Bo\u017eanskom Kozmi\u010dkom Umu na na\u010din koji Vam je vi\u0161e prihvatljiv, tipa Isus, Buda, Alah, Kri\u0161na itd., to je tako\u0111er u redu.<\/p>\n\n<p>U slu\u010daju da bo\u017eanska personifikacija nije dio Va\u0161ih nazora, mo\u017eete uzeti kao da se obra\u0107ate svom \u201cnajboljem ja\u201d. Molitva Du\u0161e je namijenjena da bude univerzalno primjenjiva na sve osobne filozofije.<\/p>\n\n<p>Najbolje bi bilo da prvo istrenirate svoju dijafragmu i izvodite cijevno disanje. Zatim dodajte dijelove programa onako kako Vam odgovara. Imajte na umu da udah ide kroz nos, a izdah kroz usta. To se odnosi na cijeli program!<\/p>\n\n<div style=\"height:40px\" aria-hidden=\"true\" class=\"wp-block-spacer\"><\/div>\n\n\n<h2 class=\"text-center text-primary-default heading-medium pb-24\">Uobi\u010dajena pitanja<\/h2><figure class=\"text-center py-24\">\n    <div class=\"font-bold heading-x-small\">Koliko \u010desto trebamo vje\u017ebati E\u00edri\u00fa-Eolas?<\/div>\n    <div class=\"mt-10\">Op\u0107enito se preporu\u010da odraditi cijeli program dva puta tjedno, a meditaciju svakodnevno, najbolje prije spavanja. To omogu\u0107uje da podsvijest odradi svoj dio dok se Vi odmarate. Tako\u0111er, ako to \u017eelite, mo\u017eete svakodnevno raditi i cijevno disanje.<\/div>\n<\/figure><figure class=\"text-center py-24\">\n    <div class=\"font-bold heading-x-small\">Ne mogu pratiti brojanje, \u0161to da radim?<\/div>\n    <div class=\"mt-10\">Ako Vam je brojanje predugo ili prekratko, slobodno ga prilagodite kako Vam to odgovara. Kako budete vi\u0161e vje\u017ebali tako \u0107ete lak\u0161e pratiti brojanje. Va\u017eno je da pri cijevnom disanju izdah traje du\u017ee od udaha te da se plu\u0107a isprazne \u0161to je vi\u0161e mogu\u0107e. Kratke pauze izme\u0111u udaha i izdaha su tako\u0111er bitne, jer omogu\u0107uju potpunu izmjenu zraka u plu\u0107ima.<\/div>\n<\/figure><figure class=\"text-center py-24\">\n    <div class=\"font-bold heading-x-small\">Mogu li vje\u017ebe disanja raditi le\u017ee\u0107i?<\/div>\n    <div class=\"mt-10\">Sasvim je u redu le\u017eati. Glavno je da Vam bude \u0161to udobnije.<\/div>\n<\/figure><figure class=\"text-center py-24\">\n    <div class=\"font-bold heading-x-small\">Mo\u017ee li se Trodijelno disanje raditi bez mijenjanja polo\u017eaja ruku?<\/div>\n    <div class=\"mt-10\">Tri polo\u017eaja ruku u Cijevnom disanju omogu\u0107uju postupno iskori\u0161tavanje cijelih plu\u0107a.<\/div>\n<\/figure><figure class=\"text-center py-24\">\n    <div class=\"font-bold heading-x-small\">Te\u0161ko mi je dugo sjediti prekri\u017eenih nogu. Noge mi utrnu i po\u010dnu me smetati. Mogu li odraditi program u druk\u010dijem polo\u017eaju.<\/div>\n    <div class=\"mt-10\">Naravno. Mo\u017eete, na primjer, probati sjediti na stolcu. Va\u017eno je da na\u0111ete polo\u017eaj koji Vam je najudobniji. Djevojke s videa prakticiraju jogu, pa \u010dak i one ponekad rade program sjede\u0107i na stolcu ili u le\u017ee\u0107em polo\u017eaju.<\/div>\n<\/figure><figure class=\"text-center py-24\">\n    <div class=\"font-bold heading-x-small\">Imam problema s trbu\u0161nim disanjem, moj trbuh se ne podi\u017ee pravilno. Imate li savjet za ovaj problem?<\/div>\n    <div class=\"mt-10\">Provjerite da Vam se dijafragma pravilno pomi\u010de. Ona se treba pomicati prema dolje dok udi\u0161ete i dok vam se rebra \u0161ire, a kad izdi\u0161ete dijafragma se mora opustiti i vratiti nazad u oblik kupole da izbacite stari zrak iz plu\u0107a. To bi Vam trebalo postati normalno kad istrenirate disanje i kad se naviknete na micanje dijafragme. Pogledajte slike dijafragme na uvodnom DVD-u i poku\u0161ajte dobiti osje\u0107aj za polo\u017eaj, radnju i osjetite Va\u0161u dijafragmu. Nakon malo vje\u017ebe, trebali biste biti u stanju osjetiti kako se dijafragma pomi\u010de prema dolje i izravnava dok udi\u0161ete.\r\n\r\nDrugi problem bi Vam mogao biti polo\u017eaj tijela. Poku\u0161ajte odraditi jednostavne vje\u017ebe disanja dok stojite. Upamtite da ramena dr\u017eite opu\u0161tena.\r\n\r\nAko osje\u0107ate pretjerani pritisak u prsnom ko\u0161u, vratu, le\u0111ima ili nekom drugom dijelu tijela, to zna\u010di da radite vi\u0161e nego \u0161to Va\u0161e tijelo trenutno mo\u017ee podnijeti. Ako niste prije imali priliku prakticirati ovakvo disanje, trebali biste pripaziti na sebe i nje\u017eno krenuti s disanjem.<\/div>\n<\/figure><figure class=\"text-center py-24\">\n    <div class=\"font-bold heading-x-small\">Imam problema udi\u0161u\u0107i toliko dugo koliko traje brojanje. Da li trebam to raditi?<\/div>\n    <div class=\"mt-10\">Ako Vam brojanje nije predugo onda da, poku\u0161ajte udisati toliko dugo koliko traje brojanje. U drugom slu\u010daju u\u010dinite najbolje \u0161to mo\u017eete tako da postepeno tijekom vremena mo\u017eete pratiti cijelo brojanje. Djeca, na primjer, imaju manji kapacitet plu\u0107a i mo\u017eda nisu u stanju da pri udahu prate trajanje brojanja.<\/div>\n<\/figure><figure class=\"text-center py-24\">\n    <div class=\"font-bold heading-x-small\">Za\u0161to je va\u017eno da udi\u0161emo kroz nos i izdi\u0161emo kroz usta za vrijeme cijelog programa?<\/div>\n    <div class=\"mt-10\">Zrak koji prolazi du\u0161i\u010dnim prolazom, udara u \u017eiv\u010dane zavr\u0161etke na vrhu du\u0161i\u010dnog prolaza, kre\u0107e se istim smjerom kao i \u017eivci i na takav na\u010din se uskla\u0111uju obje polovice mozga. Ako onda izdahnete, zrak \u0107e krenuti obrnutim smjerom kroz te \u017eiv\u010dane zavr\u0161etke i poremetiti uskla\u0111enost. Ovo je tehnika koja se koristi u hipnoterapiji da smiri i sti\u0161a mozak.<\/div>\n<\/figure><figure class=\"text-center py-24\">\n    <div class=\"font-bold heading-x-small\">\u010cini se da se ni\u0161ta ne doga\u0111a? Da li radim pravilno?<\/div>\n    <div class=\"mt-10\">Blagodati i efekti \u00c9iri\u00fa-Eolas sustava mogu se odvijati ispod povr\u0161ine na neko vrijeme prije nego se stvari procesiraju, bili Vi toga svjesni ili ne. Ako poku\u0161ate imati drugu \u201enamjeru\u201c osim asimilacije koncepta molitve (koji su dizajnirani da ne ograni\u010davaju aktivnost podsvijesti) ili ako poku\u0161ate dodati \u201eukrase\u201c, onda bi se moglo dogoditi da zaobi\u0111ete pozitivne u\u010dinke \u00c9iri\u00fa-Eolas sustava za kontrolu stresa, ozdravljenje i pomla\u0111ivanje.<\/div>\n<\/figure>\n\n<h2 class=\"text-center text-primary-default heading-medium pb-24\">Uobi\u010dajeni simptomi i iskustva<\/h2>\n<ul class=\"wp-block-list\"><li>Ubla\u017eavanje boli u zglobovima<\/li><li>Ubla\u017eavanje gr\u010denja mi\u0161i\u0107a<\/li><li>Osvje\u017eavaju\u0107i i\/ili duboki san<\/li><li>Osje\u0107aj pove\u0107ane energije<\/li><li>Pove\u0107ano opu\u0161tanje<\/li><li>Osje\u0107aj vru\u0107ine<\/li><li>Osje\u0107aj da vas okru\u017euje bijelo svijetlo<\/li><li>Smanjenje broja sr\u010danih otkucaja<\/li><li>Intenzivni i detaljni snovi (\u010ditajte vi\u0161e u nastavku)<\/li><li>&#8220;Zoning out&#8221;, te\u0161ko\u0107a ostajanja budnim za vrijeme vje\u017ebi i meditacije (\u010ditajte vi\u0161e u nastavku)<\/li><li>Senzacije u solarnom pleksusu<\/li><li>Zvonjenje u u\u0161ima<\/li><li>Trnci ili osje\u0107aj utrnutosti u rukama, nogama, usnama (uobi\u010dajeni simptomi hiperventilacije)<\/li><li>Osje\u0107aj sre\u0107e i ushi\u0107enja<\/li><li>Promjena apetita (smanjena potreba za hranom koja nije u skladu s va\u0161im tijelom)<\/li><li>Osje\u0107aj gladi nakon vje\u017ebi disanja i meditacije<\/li><li>Neo\u010dekivani ispadi smijeha<\/li><li>Bolovi u trbu\u0161noj \u0161upljini, o\u0161tri bolovi u tijelu (simptomati\u010dno za organe koji postaju ponovo funkcionalni)<\/li><li>Pove\u0107an broj otkucaja srca<\/li><li>Vanjske i unutarnje smetnje za vrijeme disanja i meditacije<\/li><li>Znojenje<\/li><li>Suzne o\u010di<\/li><li>\u017delja za plakanjem (\u010ditajte vi\u0161e u nastavku)<\/li><li>Depresija (mo\u017ee trajati nekoliko tjedana, to je samo privremeno)<\/li><li>Ljutnja, nesrazmjerna situaciji (\u010ditajte vi\u0161e u nastavku)<\/li><li>Osje\u0107aj nepovezanosti sa svijetom (traje privremeno)<\/li><li>Zbunjenost, iritacija (privremena)<\/li><li>Mentalne slike za vrijeme meditacije (neka vam to ne smeta, jer tada va\u0161 um simboli\u010dki izra\u017eava potisnute osje\u0107aje u va\u0161oj podsvijesti)<\/li><li>Pove\u0107ana svjesnost, osjeti, misli, percepcija da se nalazite u sada\u0161njosti<\/li><\/ul>\n\n<div style=\"height:40px\" aria-hidden=\"true\" class=\"wp-block-spacer\"><\/div>\n\n\n<h2 class=\"text-center text-primary-default heading-medium pb-24\">Pitanja o simptomima i iskustvima<\/h2><figure class=\"text-center py-24\">\n    <div class=\"font-bold heading-x-small\">Za\u0161to sam tako gladan\/gladna?<\/div>\n    <div class=\"mt-10\">Cijevno disanje stimulira lutaju\u0107i \u017eivac-nervus vagus, koji utje\u010de na va\u0161 osje\u0107aj gladi.\r\n\r\nKako mozak zna kad treba prestati s jelom? \u2013 nervus vagus reagira razli\u010dito na svaku hranjivu tvar tako da dekodira \u0161to i koliko se pojelo:\r\n\r\nNervus vagus (lutaju\u0107i \u017eivac), koji prenosi dvosmjernu komunikaciju izme\u0111u trbuha i mozga, prenosi izrazito razli\u010dite obrasce elektri\u010dnih signala kao odgovor na ugljikohidrate i bjelan\u010devine u crijevima, to je otkri\u0107e Garya J. Schwartza s Johns Hopkins Medicinskog Instituta u Baltimore, SAD.\r\n\r\nPostoji jo\u0161 jedna komponenta u reakciji vagusa\u00a0na proteine. Schwartz pretpostavlja da su peptidi, supstance sli\u010dne hormonima, koji se proizvode u trbuhu kao odgovor na hranu, odgovorni za poja\u010davanje signala, koji nastaju gibanjem \u017eeluca i tankog crijeva.\r\n\r\nHow the brain knows when eating must stop, [Kako mozak zna kad je vrijeme da prestanete jesti, op. prev.] <a href=\"http:\/\/findarticles.com\/p\/articles\/mi_m1200\/is_n22_v150\/ai_18947098\/\">Janet Raloff, Science News,<\/a><br data-rich-text-line-break=\"true\" \/>1996<\/div>\n<\/figure><figure class=\"text-center py-24\">\n    <div class=\"font-bold heading-x-small\">Za vrijeme disanja i meditacije sam u\u0161ao u stanje sli\u010dno snu gdje vi\u0161e nisam \u010duo audio zapis. \u010cim sam shvatio \u0161to se doga\u0111a, uspio sam iza\u0107i iz tog stanja. Da li bi trebao ponoviti program od po\u010detka kad god se to dogodi?<\/div>\n    <div class=\"mt-10\">Ne trebate ponovo zapo\u010dinjati s programom. Ova pojava se zove \u201czoning\u201d. To je potpuno prirodna reakcija i dobar znak da se ne\u0161to doga\u0111a. To je pozitivan signal da Va\u0161a podsvijest zapo\u010dinje proces ozdravljenja.<\/div>\n<\/figure><figure class=\"text-center py-24\">\n    <div class=\"font-bold heading-x-small\">Imam simptome koji nalikuju prehladi ili gripi (vru\u010dica, zimica, bolovi, umor) koji nastaju zbog kori\u0161tenja programa. Za\u0161to se to doga\u0111a?<\/div>\n    <div class=\"mt-10\">Program nas osloba\u0111a ne samo od emocionalnih ve\u0107 i od fizi\u010dkih otrova. Jednom kad pokrenete nervus vagus i po\u010dnete ponovno pokretati stvari nakon mnogo godina nagomilavanja fizi\u010dke septi\u010dke jame u Vama, to mo\u017ee izgledati kao rupa u brani koja vrlo brzo postaje vrlo velika. Ako imate fizi\u010dke simptome, onda je to najvjerojatnije Herxheimerova reakcija. To se doga\u0111a kad Va\u0161e tijelo uklanja toksine ve\u0107om brzinom nego \u0161to ih mo\u017ee eliminirati.\r\n\r\nAko Vam se ovakvi simptomi \u010dine neizdr\u017eljivima, tada Vam preporu\u010damo da program ne koristite vi\u0161e od dvaput tjedno te da koristite samo Cijevno disanje i meditaciju na neko vrijeme, te da izostavite Dah Ratnika i Bioenergetsko disanje.\r\n\r\nDijeta i uzimanje razli\u010ditih dodataka prehrani \u0107e vam pomo\u0107i u ovom procesu, toplo Vam preporu\u010damo sljede\u0107e knjige o prehrani i zdravlju:\r\n<ul>\r\n \t<li><em>The Ultra Mind Solution<\/em>, Mark Hyman<\/li>\r\n \t<li><em>The Ultra Simple Diet<\/em>, Mark Hyman<\/li>\r\n \t<li><em>Detoxify or Die<\/em>, Sherry Rogers<\/li>\r\n \t<li><em>What Your Doctor May Not Tell You About Autoimmune Disorders<\/em>, Stephen B. Edelson and Deborah Mitchell<\/li>\r\n \t<li><em>Treating and Beating Fibromyalgia and Chronic Fatigue Syndrome<\/em>, Rodger Murphree<\/li>\r\n<\/ul><\/div>\n<\/figure><figure class=\"text-center py-24\">\n    <div class=\"font-bold heading-x-small\">Za\u0161to osje\u0107am toliko mnogo ljutnje i tuge?<\/div>\n    <div class=\"mt-10\">To je potpuno normalno i znak je da program djeluje. Ako osje\u0107ate ljutnju, imajte spreman jastuk pri ruci tako da se mo\u017eete iskaliti na njemu kad god se osje\u0107ate ljutito. Zapamtite, Vi o\u017eivljavate i procesuirate stare emocije koje su zaglavljene u Va\u0161oj podsvijesti i tjelesnim tkivima. Jednom kad se otpuste, one vi\u0161e ne\u0107e kontrolirati Va\u0161 na\u010din razmi\u0161ljanja i\/ili utjecati na Va\u0161e \u017eivotne izbore. Tako\u0111er, imajte na umu da je \u00c9iri\u00fa-Eolas sustav za kontrolu stresa, ozdravljenje i pomla\u0111ivanje naju\u010dinkovitiji i najbezbolniji na\u010din da sredite sve te stvari i to na na\u010din da retroaktivno iskoristite vlastiti tjelesni sustav koji odgovara na stres. Mo\u017eete godinama i\u0107i na psihoterapije i da nikada ne dobijete iste rezultate koje \u0107ete posti\u0107i sa samo par mjeseci prakticiranja \u00c9iri\u00fa-Eolas sustava.<\/div>\n<\/figure><figure class=\"text-center py-24\">\n    <div class=\"font-bold heading-x-small\">Kako da nastavim koristiti sustav kad po\u010dnem plakati? Moja normalna reakcija na plakanje je da zadr\u017eavam dah.<\/div>\n    <div class=\"mt-10\">Mo\u017eete plakati koliko god trebate, onda nastavite s programom kad prestanete s plakanjem.<\/div>\n<\/figure><figure class=\"text-center py-24\">\n    <div class=\"font-bold heading-x-small\">Za\u0161to sanjam stra\u0161ne snove kad odradim program?<\/div>\n    <div class=\"mt-10\">To je Va\u0161 emocionalni centar koji sanja. Neugodni ili stra\u0161ni snovi su u stvari Va\u0161e potisnute negativne emocije koje izbijaju na povr\u0161inu. Vrlo \u010desto, Vi \u0107ete procesuirati sve te stvari tako \u0161to \u0107ete ih odsanjati, ali ovo je samo jedan od na\u010dina na koji to mo\u017eete procesuirati. Ono \u0161to radi najbolje za jednu osobu, mo\u017ee biti sasvim druga\u010dije za neku drugu osobu. Svatko je razli\u010dit i ima razli\u010dite stvari zakopane u sebi.<\/div>\n<\/figure>\n\n<h2 class=\"text-center text-primary-default heading-medium pb-24\">Dugoro\u010dne blagodati<\/h2>\n<p>Kako budete nastavili s vje\u017ebanjem \u00c9iri\u00fa-Eolas sustava, prihvatit \u0107ete novu vrstu energije, spektra i inicijative. Postat \u0107ete sna\u017eni u podru\u010djima u kojima ste prije bili slabi. Iskusit \u0107ete stalno vodstvo \u201cVi\u0161eg Ja\u201d. To vodstvo \u0107e biti aktivno kroz Va\u0161e rije\u010di i djela. Osjetit \u0107ete da Vas vodi na na\u010din da se osje\u0107ate za\u0161ti\u0107eno, jer \u0107ete tako\u0111er mo\u0107i osjetiti opasnost u puno vi\u0161oj mjeri nego prije. Va\u0161e \u201cVi\u0161e Ja\u201d \u0107e Vas voditi da steknete znanje koje vam je potrebno u prakti\u010dnom dijelu da biste se za\u0161titili od nepotrebne opasnosti<\/p>\n","protected":false},"excerpt":{"rendered":"<p>Upozorenje: Mogu\u0107e su nuspojave prilikom uporabe Bioenergetskog Disanja (kru\u017enog disanja) u slu\u010daju trudno\u0107e, padavice, bipolarnog poreme\u0107aja i drugih kemijskih neravnote\u017ea. Svi ostali dijelovi \u00c9iri\u00fa-Eolas programa za kontrolu stresa, ozdravljenje i pomla\u0111ivanje se mogu koristiti i u navedenim slu\u010dajevima. Dobrodo\u0161li u \u00c9iri\u00fa-Eolas program za kontrolu stresa, ozdravljenje i pomla\u0111ivanje. Kori\u0161tenjem ovog o\u017eivotvorenja 21. stolje\u0107a drevne tehnike [&hellip;]<\/p>\n","protected":false},"author":1,"featured_media":0,"parent":0,"menu_order":0,"comment_status":"closed","ping_status":"closed","template":"","meta":{"footnotes":""},"class_list":["post-735","page","type-page","status-publish","hentry"],"_links":{"self":[{"href":"https:\/\/eiriu-eolas.org\/hr\/wp-json\/wp\/v2\/pages\/735","targetHints":{"allow":["GET"]}}],"collection":[{"href":"https:\/\/eiriu-eolas.org\/hr\/wp-json\/wp\/v2\/pages"}],"about":[{"href":"https:\/\/eiriu-eolas.org\/hr\/wp-json\/wp\/v2\/types\/page"}],"author":[{"embeddable":true,"href":"https:\/\/eiriu-eolas.org\/hr\/wp-json\/wp\/v2\/users\/1"}],"replies":[{"embeddable":true,"href":"https:\/\/eiriu-eolas.org\/hr\/wp-json\/wp\/v2\/comments?post=735"}],"version-history":[{"count":2,"href":"https:\/\/eiriu-eolas.org\/hr\/wp-json\/wp\/v2\/pages\/735\/revisions"}],"predecessor-version":[{"id":62898,"href":"https:\/\/eiriu-eolas.org\/hr\/wp-json\/wp\/v2\/pages\/735\/revisions\/62898"}],"wp:attachment":[{"href":"https:\/\/eiriu-eolas.org\/hr\/wp-json\/wp\/v2\/media?parent=735"}],"curies":[{"name":"wp","href":"https:\/\/api.w.org\/{rel}","templated":true}]}}