{"id":57873,"date":"2018-08-17T02:09:38","date_gmt":"2018-08-17T02:09:38","guid":{"rendered":"https:\/\/eiriu-eolas.org\/product\/eiriu-eolas-2-dvd-cd-set\/"},"modified":"2022-05-04T12:12:33","modified_gmt":"2022-05-04T10:12:33","slug":"eiriu-eolas-2-dvd-cd-set","status":"publish","type":"product","link":"https:\/\/eiriu-eolas.org\/hr\/proizvod\/eiriu-eolas-2-dvd-cd-set\/","title":{"rendered":"\u00c9iri\u00fa Eolas 2 DVD + CD Set"},"content":{"rendered":"<p lang=\"hr-HR\">\u00c9iri\u00fa Eolas je moderno o\u017eivotvorenje drevnog programa disanja i meditacije. On je ORU\u0110E koje Vam poma\u017ee nje\u017eno poraditi na svojim emocionalnim i psiholo\u0161kim traumama iz pro\u0161losti i otpustiti potisnute emocije koje Vam stoje na putu do iskonskog Mira, Sre\u0107e i naposljetku uspje\u0161nog, ispunjenog \u017eivota.<\/p>\n<p lang=\"hr-HR\"><img loading=\"lazy\" decoding=\"async\" class=\"alignright size-full wp-image-386\" title=\"EE_thumb_1\" src=\"https:\/\/web.archive.org\/web\/20160322165250im_\/http:\/\/hr.eiriu-eolas.org\/files\/2010\/09\/EE_thumb_1.jpg\" alt=\"\" width=\"117\" height=\"66\" \/>Ovaj program je rezultat rada povjesni\u010darke i spisateljice Laure Knight-Jadczyk i njezinog supruga, fizi\u010dara Arkadiusza Jadczyka. Prakticiranje programa je temeljito znanstveno ispitano i tisu\u0107e ljudi ve\u0107 u\u017eiva blagodati ovog jedinstvenog otkri\u0107a na\u0161eg vremena. No, nemojte nam vjerovati na rije\u010d:\u00a0<a href=\"https:\/\/web.archive.org\/web\/20160322165250\/http:\/\/hr.eiriu-eolas.org\/reviews\/\">Pro\u010ditajte iskustva!<\/a><\/p>\n<p lang=\"hr-HR\">U ovom trodijelnom kompletu, Laura obja\u0161njava spomenute tajne tehnike na razumljiv i pristupa\u010dan na\u010din. \u00c9iri\u00fa Eolas program se sastoji od 2 DVD-a i 1 audio CD-a.<\/p>\n<p lang=\"hr-HR\">Ovo je program za svakoga: bazira se na znanosti i u\u010dinkovit je!<\/p>\n","protected":false},"excerpt":{"rendered":"<p>\u00c9iri\u00fa Eolas je moderno o\u017eivotvorenje drevnog programa disanja i meditacije. On je ORU\u0110E koje Vam poma\u017ee nje\u017eno poraditi na svojim emocionalnim i psiholo\u0161kim traumama iz pro\u0161losti i otpustiti potisnute emocije koje Vam stoje na putu do iskonskog Mira, Sre\u0107e i naposljetku uspje\u0161nog, ispunjenog \u017eivota. Ovaj program je rezultat rada povjesni\u010darke i spisateljice Laure Knight-Jadczyk i [&hellip;]<\/p>\n","protected":false},"featured_media":17921,"comment_status":"open","ping_status":"closed","template":"","meta":[],"product_brand":[],"product_cat":[168,169],"product_tag":[],"class_list":{"0":"post-57873","1":"product","2":"type-product","3":"status-publish","4":"has-post-thumbnail","6":"product_cat-audio-hr","7":"product_cat-video-hr","9":"first","10":"instock","11":"shipping-taxable","12":"purchasable","13":"product-type-simple"},"_links":{"self":[{"href":"https:\/\/eiriu-eolas.org\/hr\/wp-json\/wp\/v2\/product\/57873","targetHints":{"allow":["GET"]}}],"collection":[{"href":"https:\/\/eiriu-eolas.org\/hr\/wp-json\/wp\/v2\/product"}],"about":[{"href":"https:\/\/eiriu-eolas.org\/hr\/wp-json\/wp\/v2\/types\/product"}],"replies":[{"embeddable":true,"href":"https:\/\/eiriu-eolas.org\/hr\/wp-json\/wp\/v2\/comments?post=57873"}],"wp:featuredmedia":[{"embeddable":true,"href":"https:\/\/eiriu-eolas.org\/hr\/wp-json\/wp\/v2\/media\/17921"}],"wp:attachment":[{"href":"https:\/\/eiriu-eolas.org\/hr\/wp-json\/wp\/v2\/media?parent=57873"}],"wp:term":[{"taxonomy":"product_brand","embeddable":true,"href":"https:\/\/eiriu-eolas.org\/hr\/wp-json\/wp\/v2\/product_brand?post=57873"},{"taxonomy":"product_cat","embeddable":true,"href":"https:\/\/eiriu-eolas.org\/hr\/wp-json\/wp\/v2\/product_cat?post=57873"},{"taxonomy":"product_tag","embeddable":true,"href":"https:\/\/eiriu-eolas.org\/hr\/wp-json\/wp\/v2\/product_tag?post=57873"}],"curies":[{"name":"wp","href":"https:\/\/api.w.org\/{rel}","templated":true}]}}