{"id":62894,"date":"2020-12-28T17:39:17","date_gmt":"2020-12-28T16:39:17","guid":{"rendered":"https:\/\/eiriu-eolas.org\/product\/salica-eiriu-eolas-rast-znanja\/"},"modified":"2020-12-28T17:39:17","modified_gmt":"2020-12-28T16:39:17","slug":"salica-eiriu-eolas-rast-znanja","status":"publish","type":"product","link":"https:\/\/eiriu-eolas.org\/hr\/proizvod\/salica-eiriu-eolas-rast-znanja\/","title":{"rendered":"\u0160alica &#8211; \u00c9iri\u00fa Eolas, Rast Znanja"},"content":{"rendered":"<p>Ova umjetni\u010dki dizajnirana \u0161alica, ukra\u0161ena nijansama breskve, ru\u017ei\u010daste i crvene, isticati \u0107e se u ormaru i uskoro bi mogla postati va\u0161 omiljeni na\u010din u\u017eivanja u \u0161alici kave ili \u010daja. A ima li boljeg na\u010dina da zapo\u010dnete dan nego s osje\u0107ajem mira i smirenosti prisje\u0107aju\u0107i se da je dah \u017eivot?<\/p>\n<p>\u00c9iri\u00fa Eolas je galska rije\u010d koja zna\u010di &#8220;Rast znanja&#8221;. Odnosi se na revolucionarni program dubokog disanja i meditacije koji je koristio tisu\u0107ama ljudi poma\u017eu\u0107i im da nau\u010de kako koristiti dah za opu\u0161tanje, uklanjanje stresa i iscjeljenje tijela.<\/p>\n<p>Dimenzije: 9,5cm x 8cm.<\/p>\n<p>Volumen: 325ml \/10oz<\/p>\n<p>Materijal: Keramika, dizajn otporan na toplinu, pogodan za pranje u perilici posu\u0111a i mikrovalnoj pe\u0107nici, idealan za tople i hladne napitke.<\/p>\n","protected":false},"excerpt":{"rendered":"<p>Ova umjetni\u010dki dizajnirana \u0161alica, ukra\u0161ena nijansama breskve, ru\u017ei\u010daste i crvene, isticati \u0107e se u ormaru i uskoro bi mogla postati va\u0161 omiljeni na\u010din u\u017eivanja u \u0161alici kave ili \u010daja. A ima li boljeg na\u010dina da zapo\u010dnete dan nego s osje\u0107ajem mira i smirenosti prisje\u0107aju\u0107i se da je dah \u017eivot? \u00c9iri\u00fa Eolas je galska rije\u010d koja [&hellip;]<\/p>\n","protected":false},"featured_media":17791,"comment_status":"open","ping_status":"closed","template":"","meta":[],"product_brand":[],"product_cat":[22],"product_tag":[],"class_list":{"0":"post-62894","1":"product","2":"type-product","3":"status-publish","4":"has-post-thumbnail","6":"product_cat-uncategorized","8":"first","9":"instock","10":"shipping-taxable","11":"purchasable","12":"product-type-simple"},"_links":{"self":[{"href":"https:\/\/eiriu-eolas.org\/hr\/wp-json\/wp\/v2\/product\/62894","targetHints":{"allow":["GET"]}}],"collection":[{"href":"https:\/\/eiriu-eolas.org\/hr\/wp-json\/wp\/v2\/product"}],"about":[{"href":"https:\/\/eiriu-eolas.org\/hr\/wp-json\/wp\/v2\/types\/product"}],"replies":[{"embeddable":true,"href":"https:\/\/eiriu-eolas.org\/hr\/wp-json\/wp\/v2\/comments?post=62894"}],"wp:featuredmedia":[{"embeddable":true,"href":"https:\/\/eiriu-eolas.org\/hr\/wp-json\/wp\/v2\/media\/17791"}],"wp:attachment":[{"href":"https:\/\/eiriu-eolas.org\/hr\/wp-json\/wp\/v2\/media?parent=62894"}],"wp:term":[{"taxonomy":"product_brand","embeddable":true,"href":"https:\/\/eiriu-eolas.org\/hr\/wp-json\/wp\/v2\/product_brand?post=62894"},{"taxonomy":"product_cat","embeddable":true,"href":"https:\/\/eiriu-eolas.org\/hr\/wp-json\/wp\/v2\/product_cat?post=62894"},{"taxonomy":"product_tag","embeddable":true,"href":"https:\/\/eiriu-eolas.org\/hr\/wp-json\/wp\/v2\/product_tag?post=62894"}],"curies":[{"name":"wp","href":"https:\/\/api.w.org\/{rel}","templated":true}]}}