{"id":62904,"date":"2018-08-17T02:16:30","date_gmt":"2018-08-17T00:16:30","guid":{"rendered":"https:\/\/eiriu-eolas.org\/product\/preuzimanje-audio-eiriu-eolas\/"},"modified":"2018-08-17T02:16:30","modified_gmt":"2018-08-17T00:16:30","slug":"preuzimanje-audio-eiriu-eolas","status":"publish","type":"product","link":"https:\/\/eiriu-eolas.org\/hr\/proizvod\/preuzimanje-audio-eiriu-eolas\/","title":{"rendered":"Preuzimanje audio \u00c9ir\u00fa Eolas"},"content":{"rendered":"<p>\u00c9iri\u00fa Eolas moderno je o\u017eivljavanje drevnog programa kontrole stresa, lije\u010denja i pomla\u0111ivanja. Ovo je ALAT koji \u0107e vam pomo\u0107i da nje\u017eno pro\u0111ete kroz pro\u0161lu emocionalnu i psiholo\u0161ku traumu i oslobodite potisnute emocije koje stoje izme\u0111u vas i Istinskog mira, sre\u0107e i kona\u010dno, uspje\u0161nog ispunjenog \u017eivota.<\/p>\n<p>Ovaj program rezultat je rada povjesni\u010darke i spisateljice Laure Knight-Jadczyk i njenog supruga, fizi\u010dara Arkadiusza Jadczyka. Praksa je temeljito znanstveno istra\u017eena i tisu\u0107e ve\u0107 imaju koristi od ovog jedinstvenog otkri\u0107a u na\u0161e vrijeme. Ali nemojte nas vjerovati na rije\u010d: <a href=\"https:\/\/eiriu-eolas.org\/testimonials\/\">pro\u010ditajte recenzije!<\/a><\/p>\n<p>Ovo je verzija vodi\u010da za audio datoteku koju mo\u017eete preuzeti samo s programom \u00c9iri\u00fa Eolas. Mo\u017eete ih prenijeti na svoje ra\u010dunalo, pametni telefon, tablet ili bilo koji ure\u0111aj.<\/p>\n<p>Ovo je program za sve: znanstveni je i djeluje!<\/p>\n","protected":false},"excerpt":{"rendered":"<p>\u00c9iri\u00fa Eolas moderno je o\u017eivljavanje drevnog programa kontrole stresa, lije\u010denja i pomla\u0111ivanja. Ovo je ALAT koji \u0107e vam pomo\u0107i da nje\u017eno pro\u0111ete kroz pro\u0161lu emocionalnu i psiholo\u0161ku traumu i oslobodite potisnute emocije koje stoje izme\u0111u vas i Istinskog mira, sre\u0107e i kona\u010dno, uspje\u0161nog ispunjenog \u017eivota. Ovaj program rezultat je rada povjesni\u010darke i spisateljice Laure Knight-Jadczyk [&hellip;]<\/p>\n","protected":false},"featured_media":17921,"comment_status":"open","ping_status":"closed","template":"","meta":[],"product_brand":[],"product_cat":[39],"product_tag":[],"class_list":{"0":"post-62904","1":"product","2":"type-product","3":"status-publish","4":"has-post-thumbnail","6":"product_cat-audio","8":"first","9":"instock","10":"downloadable","11":"virtual","12":"purchasable","13":"product-type-simple"},"_links":{"self":[{"href":"https:\/\/eiriu-eolas.org\/hr\/wp-json\/wp\/v2\/product\/62904","targetHints":{"allow":["GET"]}}],"collection":[{"href":"https:\/\/eiriu-eolas.org\/hr\/wp-json\/wp\/v2\/product"}],"about":[{"href":"https:\/\/eiriu-eolas.org\/hr\/wp-json\/wp\/v2\/types\/product"}],"replies":[{"embeddable":true,"href":"https:\/\/eiriu-eolas.org\/hr\/wp-json\/wp\/v2\/comments?post=62904"}],"wp:featuredmedia":[{"embeddable":true,"href":"https:\/\/eiriu-eolas.org\/hr\/wp-json\/wp\/v2\/media\/17921"}],"wp:attachment":[{"href":"https:\/\/eiriu-eolas.org\/hr\/wp-json\/wp\/v2\/media?parent=62904"}],"wp:term":[{"taxonomy":"product_brand","embeddable":true,"href":"https:\/\/eiriu-eolas.org\/hr\/wp-json\/wp\/v2\/product_brand?post=62904"},{"taxonomy":"product_cat","embeddable":true,"href":"https:\/\/eiriu-eolas.org\/hr\/wp-json\/wp\/v2\/product_cat?post=62904"},{"taxonomy":"product_tag","embeddable":true,"href":"https:\/\/eiriu-eolas.org\/hr\/wp-json\/wp\/v2\/product_tag?post=62904"}],"curies":[{"name":"wp","href":"https:\/\/api.w.org\/{rel}","templated":true}]}}