{"id":62905,"date":"2018-08-17T01:01:34","date_gmt":"2018-08-16T23:01:34","guid":{"rendered":"https:\/\/eiriu-eolas.org\/product\/eiriu-eolas-podloga-za-misa\/"},"modified":"2018-08-17T01:01:34","modified_gmt":"2018-08-16T23:01:34","slug":"eiriu-eolas-podloga-za-misa","status":"publish","type":"product","link":"https:\/\/eiriu-eolas.org\/hr\/proizvod\/eiriu-eolas-podloga-za-misa\/","title":{"rendered":"\u00c9iri\u00fa Eolas podloga za mi\u0161a"},"content":{"rendered":"<p>Sublimirana podloga za mi\u0161 vrhunske kvalitete.<\/p>\n<p>Veli\u010dina: 9,8 x 7,9 x 0,1 in\u010da<\/p>\n<p>Ru\u017ei\u010dasta ru\u017ea unutar crvenog kruga slu\u017ei kao ljupki sredi\u0161nji element za ovaj privla\u010dni dizajn. S toplom pozadinom boje breskve, logotip \u00c9iri\u00fa Eolas nje\u017eno pluta na valovitom jezeru, ispunjavaju\u0107i gledatelja osje\u0107ajem mira i smirenosti.<\/p>\n<p>\u00c9iri\u00fa Eolas je galska rije\u010d koja zna\u010di &#8220;Rast znanja&#8221;. Odnosi se na program dubokog disanja i meditacije koji je koristio tisu\u0107ama ljudi poma\u017eu\u0107i im da nau\u010de kako koristiti svoj dah za opu\u0161tanje, uklanjanje stresa i iscjeljenje tijela.<\/p>\n","protected":false},"excerpt":{"rendered":"<p>Sublimirana podloga za mi\u0161 vrhunske kvalitete. Veli\u010dina: 9,8 x 7,9 x 0,1 in\u010da Ru\u017ei\u010dasta ru\u017ea unutar crvenog kruga slu\u017ei kao ljupki sredi\u0161nji element za ovaj privla\u010dni dizajn. S toplom pozadinom boje breskve, logotip \u00c9iri\u00fa Eolas nje\u017eno pluta na valovitom jezeru, ispunjavaju\u0107i gledatelja osje\u0107ajem mira i smirenosti. \u00c9iri\u00fa Eolas je galska rije\u010d koja zna\u010di &#8220;Rast znanja&#8221;. [&hellip;]<\/p>\n","protected":false},"featured_media":17813,"comment_status":"open","ping_status":"closed","template":"","meta":[],"product_brand":[],"product_cat":[107],"product_tag":[],"class_list":{"0":"post-62905","1":"product","2":"type-product","3":"status-publish","4":"has-post-thumbnail","6":"product_cat-uncategorized-hr","8":"first","9":"instock","10":"shipping-taxable","11":"purchasable","12":"product-type-simple"},"_links":{"self":[{"href":"https:\/\/eiriu-eolas.org\/hr\/wp-json\/wp\/v2\/product\/62905","targetHints":{"allow":["GET"]}}],"collection":[{"href":"https:\/\/eiriu-eolas.org\/hr\/wp-json\/wp\/v2\/product"}],"about":[{"href":"https:\/\/eiriu-eolas.org\/hr\/wp-json\/wp\/v2\/types\/product"}],"replies":[{"embeddable":true,"href":"https:\/\/eiriu-eolas.org\/hr\/wp-json\/wp\/v2\/comments?post=62905"}],"wp:featuredmedia":[{"embeddable":true,"href":"https:\/\/eiriu-eolas.org\/hr\/wp-json\/wp\/v2\/media\/17813"}],"wp:attachment":[{"href":"https:\/\/eiriu-eolas.org\/hr\/wp-json\/wp\/v2\/media?parent=62905"}],"wp:term":[{"taxonomy":"product_brand","embeddable":true,"href":"https:\/\/eiriu-eolas.org\/hr\/wp-json\/wp\/v2\/product_brand?post=62905"},{"taxonomy":"product_cat","embeddable":true,"href":"https:\/\/eiriu-eolas.org\/hr\/wp-json\/wp\/v2\/product_cat?post=62905"},{"taxonomy":"product_tag","embeddable":true,"href":"https:\/\/eiriu-eolas.org\/hr\/wp-json\/wp\/v2\/product_tag?post=62905"}],"curies":[{"name":"wp","href":"https:\/\/api.w.org\/{rel}","templated":true}]}}